{"id":50719,"date":"2019-04-26T17:35:51","date_gmt":"2019-06-28T13:38:56","guid":{"rendered":"https:\/\/www.trend-networks.com\/?post_type=product&#038;p=50719"},"modified":"2021-03-04T09:09:56","modified_gmt":"2021-03-04T09:09:56","slug":"unipro-mgig1-solo-pro","status":"publish","type":"product","link":"https:\/\/www.trend-networks.com\/es\/producto\/unipro-mgig1-solo-pro\/","title":{"rendered":"UNIPRO MGIG1 SOLO PRO"},"content":{"rendered":"<p><strong>UniPRO MGig1 Solo Pro<\/strong><\/p>\n<p>Comprobador de transmisi\u00f3n bidireccional de flujos m\u00faltiples Gigabit Ethernet con un puerto de cobre, un puerto \u00f3ptico e Y.1564<\/p>\n<p><strong>Contenido del kit<\/strong><\/p>\n<p>1 ud. UniPRO MGig1 Solo Pro, 1 ud. bater\u00eda NiMH, 2 ud. cable de interconexi\u00f3n, 1 unidad de alimentaci\u00f3n con adaptadores para UE\/Reino Unido\/EE.\u00a0UU., 1 ud. manual en CD, 1 ud. gu\u00eda de referencia r\u00e1pida en ingl\u00e9s, 1 ud. estuche de transporte, 1 ud. correa de transporte.<\/p>\n","protected":false},"excerpt":{"rendered":"<p>UniPRO MGig1 Solo Pro Comprobador de transmisi\u00f3n bidireccional de flujos m\u00faltiples Gigabit Ethernet con un&nbsp;&#8230;<\/p>\n","protected":false},"featured_media":63380,"template":"","meta":{"_acf_changed":false,"inline_featured_image":false,"_glsr_average":0,"_glsr_ranking":0,"_glsr_reviews":0},"product_brand":[],"product_cat":[473],"product_tag":[2571],"woo-feed-brand":[],"class_list":{"0":"post-50719","1":"product","2":"type-product","3":"status-publish","4":"has-post-thumbnail","6":"product_cat-comprobadores-de-red-cctv","7":"product_tag-unipro-mgig1-es","9":"first","10":"instock","11":"taxable","12":"shipping-taxable","13":"purchasable","14":"product-type-simple","15":"add-to-wishlist-before_image"},"acf":[],"_links":{"self":[{"href":"https:\/\/www.trend-networks.com\/es\/wp-json\/wp\/v2\/product\/50719","targetHints":{"allow":["GET"]}}],"collection":[{"href":"https:\/\/www.trend-networks.com\/es\/wp-json\/wp\/v2\/product"}],"about":[{"href":"https:\/\/www.trend-networks.com\/es\/wp-json\/wp\/v2\/types\/product"}],"wp:featuredmedia":[{"embeddable":true,"href":"https:\/\/www.trend-networks.com\/es\/wp-json\/wp\/v2\/media\/63380"}],"wp:attachment":[{"href":"https:\/\/www.trend-networks.com\/es\/wp-json\/wp\/v2\/media?parent=50719"}],"wp:term":[{"taxonomy":"product_brand","embeddable":true,"href":"https:\/\/www.trend-networks.com\/es\/wp-json\/wp\/v2\/product_brand?post=50719"},{"taxonomy":"product_cat","embeddable":true,"href":"https:\/\/www.trend-networks.com\/es\/wp-json\/wp\/v2\/product_cat?post=50719"},{"taxonomy":"product_tag","embeddable":true,"href":"https:\/\/www.trend-networks.com\/es\/wp-json\/wp\/v2\/product_tag?post=50719"},{"taxonomy":"woo-feed-brand","embeddable":true,"href":"https:\/\/www.trend-networks.com\/es\/wp-json\/wp\/v2\/woo-feed-brand?post=50719"}],"curies":[{"name":"wp","href":"https:\/\/api.w.org\/{rel}","templated":true}]}}