{"id":50689,"date":"2019-04-26T17:35:22","date_gmt":"2019-04-26T16:35:22","guid":{"rendered":"https:\/\/www.trend-networks.com\/?post_type=product&#038;p=50689"},"modified":"2022-06-09T21:19:52","modified_gmt":"2022-06-09T20:19:52","slug":"comprobador-de-cctv-securitest-ip","status":"publish","type":"product","link":"https:\/\/www.trend-networks.com\/es\/producto\/comprobador-de-cctv-securitest-ip\/","title":{"rendered":"COMPROBADOR DE CCTV SECURITEST IP"},"content":{"rendered":"<p><strong>Conexi\u00f3n f\u00edsica con la c\u00e1mara<\/strong><\/p>\n<p>Con\u00e9ctese a cualquier c\u00e1mara IP o anal\u00f3gica mediante conexiones RJ-45 o BNC o mediante Wi-Fi a trav\u00e9s de la red.<\/p>\n<p><img decoding=\"async\" class=\"size-full wp-image-2335 alignnone\" src=\"https:\/\/www.trend-networks.com\/wp-content\/uploads\/2019\/03\/connect_en_400.jpg\" alt=\"\" width=\"400\" height=\"226\" title=\"\" srcset=\"https:\/\/www.trend-networks.com\/wp-content\/uploads\/2019\/03\/connect_en_400.jpg 400w, https:\/\/www.trend-networks.com\/wp-content\/uploads\/2019\/03\/connect_en_400-300x170.jpg 300w\" sizes=\"(max-width: 400px) 100vw, 400px\" \/><\/p>\n<p><strong>Alimentaci\u00f3n de la c\u00e1mara<\/strong><\/p>\n<p>Ya vaya a instalar c\u00e1maras o a llevar a cabo tareas de resoluci\u00f3n de problemas de estas, SecuriTEST IP admite todos los requisitos que usted pueda tener respecto de alimentaci\u00f3n de c\u00e1maras IP y anal\u00f3gicas.<\/p>\n<p>No ser\u00e1 necesario contar con inyectores de alimentaci\u00f3n independientes: SecuriTEST IP incluye las siguientes salidas de potencia:<\/p>\n<p><img decoding=\"async\" class=\"size-full wp-image-2345 alignnone\" src=\"https:\/\/www.trend-networks.com\/wp-content\/uploads\/2019\/03\/power1_400_en.jpg\" alt=\"\" width=\"400\" height=\"226\" title=\"\" srcset=\"https:\/\/www.trend-networks.com\/wp-content\/uploads\/2019\/03\/power1_400_en.jpg 400w, https:\/\/www.trend-networks.com\/wp-content\/uploads\/2019\/03\/power1_400_en-300x170.jpg 300w\" sizes=\"(max-width: 400px) 100vw, 400px\" \/><\/p>\n<p><img decoding=\"async\" class=\"size-full wp-image-2354 alignnone\" src=\"https:\/\/www.trend-networks.com\/wp-content\/uploads\/2019\/03\/power2_400_en.jpg\" alt=\"\" width=\"400\" height=\"226\" title=\"\" srcset=\"https:\/\/www.trend-networks.com\/wp-content\/uploads\/2019\/03\/power2_400_en.jpg 400w, https:\/\/www.trend-networks.com\/wp-content\/uploads\/2019\/03\/power2_400_en-300x170.jpg 300w\" sizes=\"(max-width: 400px) 100vw, 400px\" \/><\/p>\n<p><img decoding=\"async\" class=\"size-full wp-image-2363 alignnone\" src=\"https:\/\/www.trend-networks.com\/wp-content\/uploads\/2019\/03\/power3_400_en.jpg\" alt=\"\" width=\"400\" height=\"226\" title=\"\" srcset=\"https:\/\/www.trend-networks.com\/wp-content\/uploads\/2019\/03\/power3_400_en.jpg 400w, https:\/\/www.trend-networks.com\/wp-content\/uploads\/2019\/03\/power3_400_en-300x170.jpg 300w\" sizes=\"(max-width: 400px) 100vw, 400px\" \/><\/p>\n<p><!--more--><\/p>\n<p><strong>Identificaci\u00f3n de la c\u00e1mara e inicio de sesi\u00f3n<\/strong><\/p>\n<p>QuickIP\u2122 automatiza el proceso de conexi\u00f3n a c\u00e1maras IP, permitiendo a los t\u00e9cnicos noveles configurarlas tan f\u00e1cilmente como las c\u00e1maras anal\u00f3gicas. Para casos en los que la c\u00e1mara requiera direcciones IP din\u00e1micas, SecuriTEST IP integra un servidor DHCP que facilita la configuraci\u00f3n y elimina la necesidad de hardware de red adicional. Hay disponible un conjunto de herramientas de resoluci\u00f3n de problemas de redes para identificar con exactitud y solucionar problemas de conectividad de red.<\/p>\n<p><img decoding=\"async\" class=\"size-full wp-image-2372 alignnone\" src=\"https:\/\/www.trend-networks.com\/wp-content\/uploads\/2019\/03\/cameraid_400.jpg\" alt=\"\" width=\"400\" height=\"226\" title=\"\" srcset=\"https:\/\/www.trend-networks.com\/wp-content\/uploads\/2019\/03\/cameraid_400.jpg 400w, https:\/\/www.trend-networks.com\/wp-content\/uploads\/2019\/03\/cameraid_400-300x170.jpg 300w\" sizes=\"(max-width: 400px) 100vw, 400px\" \/><\/p>\n<p><strong>Configuraci\u00f3n de c\u00e1maras IP<\/strong><\/p>\n<p>SecuriTEST IP ofrece una gama completa de herramientas de configuraci\u00f3n de c\u00e1maras ONVIF y no ONVIF para garantizar que la c\u00e1mara sea instalada correctamente.<\/p>\n<p><img decoding=\"async\" class=\"size-full wp-image-2381 alignnone\" src=\"https:\/\/www.trend-networks.com\/wp-content\/uploads\/2019\/03\/ipsetup_1_400.jpg\" alt=\"\" width=\"400\" height=\"226\" title=\"\" srcset=\"https:\/\/www.trend-networks.com\/wp-content\/uploads\/2019\/03\/ipsetup_1_400.jpg 400w, https:\/\/www.trend-networks.com\/wp-content\/uploads\/2019\/03\/ipsetup_1_400-300x170.jpg 300w\" sizes=\"(max-width: 400px) 100vw, 400px\" \/><\/p>\n<p><img decoding=\"async\" class=\"size-full wp-image-2390 alignnone\" src=\"https:\/\/www.trend-networks.com\/wp-content\/uploads\/2019\/03\/ipsetup_2_400.jpg\" alt=\"\" width=\"400\" height=\"226\" title=\"\" srcset=\"https:\/\/www.trend-networks.com\/wp-content\/uploads\/2019\/03\/ipsetup_2_400.jpg 400w, https:\/\/www.trend-networks.com\/wp-content\/uploads\/2019\/03\/ipsetup_2_400-300x170.jpg 300w\" sizes=\"(max-width: 400px) 100vw, 400px\" \/><\/p>\n<ol>\n<li>Configure la c\u00e1mara: actualice la informaci\u00f3n de la c\u00e1mara y los ajustes red<\/li>\n<li>Use el objetivo y enfoque: utilice la pantalla t\u00e1ctil de alta resoluci\u00f3n o las teclas f\u00edsicas cuando lleve guantes<\/li>\n<li>Defina ajustes previos para c\u00e1maras con PTZ: de modo que los usuarios observen autom\u00e1ticamente \u00e1reas definidas previamente<\/li>\n<li>Tome instant\u00e1neas: guarde instant\u00e1neas de v\u00eddeo, incluidas las ubicaciones predefinidas, para sus informes de instalaci\u00f3n<\/li>\n<li>Grabe clips de v\u00eddeo: para demostrar una cobertura completa de c\u00e1maras con PTZ<\/li>\n<\/ol>\n<p><strong>Configuraci\u00f3n de c\u00e1maras anal\u00f3gica y HD<\/strong><\/p>\n<p>Configure f\u00e1cilmente c\u00e1maras anal\u00f3gicas.<\/p>\n<p><img decoding=\"async\" class=\"size-full wp-image-2399 alignnone\" src=\"https:\/\/www.trend-networks.com\/wp-content\/uploads\/2019\/03\/analoque1_400.jpg\" alt=\"\" width=\"400\" height=\"226\" title=\"\" srcset=\"https:\/\/www.trend-networks.com\/wp-content\/uploads\/2019\/03\/analoque1_400.jpg 400w, https:\/\/www.trend-networks.com\/wp-content\/uploads\/2019\/03\/analoque1_400-300x170.jpg 300w\" sizes=\"(max-width: 400px) 100vw, 400px\" \/><\/p>\n<p>Ajuste de v\u00eddeo<\/p>\n<p><img decoding=\"async\" class=\"size-full wp-image-2408 alignnone\" src=\"https:\/\/www.trend-networks.com\/wp-content\/uploads\/2019\/03\/analogue2_400.jpg\" alt=\"\" width=\"400\" height=\"226\" title=\"\" srcset=\"https:\/\/www.trend-networks.com\/wp-content\/uploads\/2019\/03\/analogue2_400.jpg 400w, https:\/\/www.trend-networks.com\/wp-content\/uploads\/2019\/03\/analogue2_400-300x170.jpg 300w\" sizes=\"(max-width: 400px) 100vw, 400px\" \/><\/p>\n<p>Ajustes del protocolo PTZ<\/p>\n<p><img decoding=\"async\" class=\"size-full wp-image-2417 alignnone\" src=\"https:\/\/www.trend-networks.com\/wp-content\/uploads\/2019\/03\/analogue3_400.jpg\" alt=\"\" width=\"400\" height=\"226\" title=\"\" srcset=\"https:\/\/www.trend-networks.com\/wp-content\/uploads\/2019\/03\/analogue3_400.jpg 400w, https:\/\/www.trend-networks.com\/wp-content\/uploads\/2019\/03\/analogue3_400-300x170.jpg 300w\" sizes=\"(max-width: 400px) 100vw, 400px\" \/><\/p>\n<p>Prueba del generador de patrones para ajustar las pantallas<\/p>\n<p><strong>Informes profesionales*<\/strong><\/p>\n<ul>\n<li>Transfiera informes f\u00e1cilmente desde el centro de trabajo: env\u00ede informes de pruebas directamente desde el comprobador mediante el correo electr\u00f3nico o el m\u00e9todo de intercambio de archivos que usted prefiera ayud\u00e1ndose de la funcionalidad Wi-Fi integrada y del navegador web.<\/li>\n<li>Convierta rellamadas no pagadas en llamadas de servicio facturables: generar informes profesionales en PDF que proporcionen pruebas de instalaci\u00f3n ante el cliente.<\/li>\n<li>Se acabaron las hojas de c\u00e1lculo: en la actualidad, los ingenieros de seguridad malgastan el tiempo cumplimentando a mano documentos de Excel para crear informes. SecuriTEST IP es el primer comprobador de c\u00e1maras que capta im\u00e1genes de c\u00e1mara y<\/li>\n<li>configuraci\u00f3n de red y automatiza documentaci\u00f3n.<\/li>\n<li>Reduzca el tiempo dedicado a tareas de resoluci\u00f3n de problemas: los informes capturan ajustes tal y como est\u00e9n definidos que ayudar\u00e1n a reducir la resoluci\u00f3n de problemas en futuras rellamadas.<\/li>\n<li>Almacenamiento combinado de 18 GB: 10 GB de memoria interna y 8 GB disponibles en la tarjeta de memoria SD (incluida).<\/li>\n<\/ul>\n<p>* Solo son aplicables cuando se usa el protocolo ONVIF.<br \/>\n<!--more--><\/p>\n<p><strong>Ejemplo de informe<\/strong><\/p>\n<p><img decoding=\"async\" class=\"size-full wp-image-2426 alignnone\" src=\"https:\/\/www.trend-networks.com\/wp-content\/uploads\/2019\/03\/report_400.jpg\" alt=\"\" width=\"400\" height=\"536\" title=\"\" srcset=\"https:\/\/www.trend-networks.com\/wp-content\/uploads\/2019\/03\/report_400.jpg 400w, https:\/\/www.trend-networks.com\/wp-content\/uploads\/2019\/03\/report_400-224x300.jpg 224w\" sizes=\"(max-width: 400px) 100vw, 400px\" \/><\/p>\n<p><strong>Prueba de cable de datos (UTP): mapa de cableado<\/strong><\/p>\n<p>Despeje las dudas al realizar tareas de resoluci\u00f3n de problemas respecto de aver\u00edas de cableado: SecuriTEST IP se usa en combinaci\u00f3n con el \u201cTrazador de cables\/control remoto\u201d para identificar con exactitud aver\u00edas de cableado, tales como cables cruzados, conexiones indebidas, cortocircuitos y circuitos abiertos. Tambi\u00e9n se proporciona la longitud del cableado.<\/p>\n<p>Determine la entrada de agua en el cableado de datos: muchos cables se tienden en exteriores o dentro de conductos subterr\u00e1neos y quedan expuestos a la humedad. La entrada de humedad a trav\u00e9s de la cubierta de cable, que es imposible ver, da lugar a varios problemas de rendimiento.<\/p>\n<p><img decoding=\"async\" class=\"size-full wp-image-2435 alignnone\" src=\"https:\/\/www.trend-networks.com\/wp-content\/uploads\/2019\/03\/wiremap_400.jpg\" alt=\"\" width=\"400\" height=\"226\" title=\"\" srcset=\"https:\/\/www.trend-networks.com\/wp-content\/uploads\/2019\/03\/wiremap_400.jpg 400w, https:\/\/www.trend-networks.com\/wp-content\/uploads\/2019\/03\/wiremap_400-300x170.jpg 300w\" sizes=\"(max-width: 400px) 100vw, 400px\" \/><\/p>\n<p><strong>Trazado de cables: b\u00fasquedas de cableado<\/strong><\/p>\n<p>SecuriTEST IP incluye la capacidad de identificar y trazar cables mediante el generador de tonos digitales y el \u201cTrazador de cables\/control remoto\u201d. Elija entre cuatro tonos y utilice el \u201cTrazador de cables\/control remoto\u201d con ajustes de sensibilidad variables para trazar haces de cables de grandes dimensiones a distancia o identificar con exactitud un solo cable dentro de un haz.<\/p>\n<p>&nbsp;<\/p>\n<p><strong>SecuriTEST IP: comprobador de CCTV digitales\/anal\u00f3gicas\/HD coaxiales.<\/strong><\/p>\n<p><strong>Contenido del kit<\/strong><\/p>\n<p>1 ud. comprobador de c\u00e1maras SecuriTEST IP, 1 ud. malet\u00edn de transporte, 1 ud. correa de cuello, 1 adaptador de alimentaci\u00f3n para UE\/Reino Unido\/EE. UU.\/Australia, 1 ud. trazador de cables\/control remoto, 1 ud. cable de interconexi\u00f3n UTP CAT 5e de 3 m, 1 ud. cable coaxial de 3 m con dos conectores BNC (m) en los extremos, 1 ud. cable de alimentaci\u00f3n CC de 12 V 3.5(f) a 2.5(f) de 3 m, 2 uds. clavija RS485 hembra de color verde, 1 ud. cable RS485 de 0,5 m con clavija hembra verde y dos pinzas, 1 ud. conector de alimentaci\u00f3n macho de 0,5 m con dos pinzas en el otros extremo, 1 ud. gu\u00eda de referencia r\u00e1pida, 1 ud. tarjeta microSD de 8 GB y lector con adaptador USB.<\/p>\n<p>&nbsp;<\/p>\n<p>&nbsp;<\/p>\n<p>&nbsp;<\/p>\n","protected":false},"excerpt":{"rendered":"<h3><strong>Un \u00fanico probador de c\u00e1maras de seguridad para encender, configurar y documentar<\/strong><\/h3>\n<p>El comprobador de CCTV SecuriTEST IP es un comprobador de la instalaci\u00f3n y un solucionador de problemas para sistemas de c\u00e1maras de seguridad anal\u00f3gicas, coaxiales HD y digitales \/ IP.<\/p>\n<ul>\n<li>Con\u00e9ctese a diversas c\u00e1maras Alimente la c\u00e1mara<\/li>\n<li>con bater\u00eda de iones de litio o PoE+<\/li>\n<li>Inicio de sesi\u00f3n de c\u00e1mara m\u00e1s r\u00e1pido<\/li>\n<li>Configuraci\u00f3n completa de c\u00e1mara con objetivo; enfoque; y movimiento vertical, movimiento horizontal y zoom (PTZ)<\/li>\n<li>Aporte pruebas de instalaci\u00f3n mediante informes en PDF<\/li>\n<li>Despeje las dudas gracias a herramientas de resoluci\u00f3n de problemas<\/li>\n<\/ul>\n","protected":false},"featured_media":102224,"template":"","meta":{"_acf_changed":false,"inline_featured_image":false,"_glsr_average":4,"_glsr_ranking":3.5833333333333001746723311953246593475341796875,"_glsr_reviews":2},"product_brand":[],"product_cat":[473],"product_tag":[2565],"woo-feed-brand":[],"class_list":{"0":"post-50689","1":"product","2":"type-product","3":"status-publish","4":"has-post-thumbnail","6":"product_cat-comprobadores-de-red-cctv","7":"product_tag-securitest-ip-es","9":"first","10":"instock","11":"taxable","12":"shipping-taxable","13":"purchasable","14":"product-type-simple","15":"add-to-wishlist-before_image"},"acf":[],"_links":{"self":[{"href":"https:\/\/www.trend-networks.com\/es\/wp-json\/wp\/v2\/product\/50689","targetHints":{"allow":["GET"]}}],"collection":[{"href":"https:\/\/www.trend-networks.com\/es\/wp-json\/wp\/v2\/product"}],"about":[{"href":"https:\/\/www.trend-networks.com\/es\/wp-json\/wp\/v2\/types\/product"}],"wp:featuredmedia":[{"embeddable":true,"href":"https:\/\/www.trend-networks.com\/es\/wp-json\/wp\/v2\/media\/102224"}],"wp:attachment":[{"href":"https:\/\/www.trend-networks.com\/es\/wp-json\/wp\/v2\/media?parent=50689"}],"wp:term":[{"taxonomy":"product_brand","embeddable":true,"href":"https:\/\/www.trend-networks.com\/es\/wp-json\/wp\/v2\/product_brand?post=50689"},{"taxonomy":"product_cat","embeddable":true,"href":"https:\/\/www.trend-networks.com\/es\/wp-json\/wp\/v2\/product_cat?post=50689"},{"taxonomy":"product_tag","embeddable":true,"href":"https:\/\/www.trend-networks.com\/es\/wp-json\/wp\/v2\/product_tag?post=50689"},{"taxonomy":"woo-feed-brand","embeddable":true,"href":"https:\/\/www.trend-networks.com\/es\/wp-json\/wp\/v2\/woo-feed-brand?post=50689"}],"curies":[{"name":"wp","href":"https:\/\/api.w.org\/{rel}","templated":true}]}}