{"id":50664,"date":"2019-04-26T17:35:37","date_gmt":"2019-04-26T16:35:37","guid":{"rendered":"https:\/\/www.trend-networks.com\/?post_type=product&#038;p=50664"},"modified":"2022-04-07T11:09:20","modified_gmt":"2022-04-07T10:09:20","slug":"solucionador-de-problemas-de-redes-en-linea-lanxplorer-pro","status":"publish","type":"product","link":"https:\/\/www.trend-networks.com\/es\/producto\/solucionador-de-problemas-de-redes-en-linea-lanxplorer-pro\/","title":{"rendered":"LanXPLORER Pro &#8211; COMPROBADOR EN L\u00cdNEA DE REDES LAN"},"content":{"rendered":"<p>El solucionador de problemas LanXPLORER Pro incluye todas las funciones del NaviTEK NT Pro y bastantes m\u00e1s; cons\u00faltelas a continuaci\u00f3n:<\/p>\n<p><strong>NaviTEK NT Pro<\/strong><\/p>\n<ul>\n<li>Pantalla t\u00e1ctil<\/li>\n<li>Mapa de cableado personalizado<\/li>\n<li>Visualizaci\u00f3n de configuraci\u00f3n de red: compatible con IPv4\/IPv6<\/li>\n<li>Mapas de cableado que localizan conexiones indebidas, pares divididos, circuitos abiertos y cortocircuitos<\/li>\n<li>Distancia a circuitos abiertos y cortocircuitos (TDR)<\/li>\n<li>Detecci\u00f3n de PoE\/PoE+ y pruebas de carga<\/li>\n<li>Generador de tonos destinado al trazado de cables<\/li>\n<li>Realizaci\u00f3n de pruebas de pings y traceroute (rastreo de ruta)<\/li>\n<li>Parpadeo del concentrador o \u201chub\u201d para la identificaci\u00f3n de puertos<\/li>\n<li>Cliente DHCP<\/li>\n<li>Detecci\u00f3n de velocidad de conmutadores: 10\/100\/1000 Mbps<\/li>\n<li>Insertos RJ45 intercambiables por el usuario<\/li>\n<li>Admite hasta 12 sistemas remotos de mapas de cableado<\/li>\n<li>Pantalla en color retroiluminada<\/li>\n<li>El bot\u00f3n Autotest realiza una serie de pruebas de red La sonda de red<\/li>\n<li>proporciona informaci\u00f3n detallada sobre el puerto y la red de cada dispositivo<\/li>\n<li>Identificaci\u00f3n de puertos mediante protocolos LLDP\/CDP\/LLDP<\/li>\n<li>Detecci\u00f3n de redes VLAN<\/li>\n<li>Gr\u00e1fico de barras de utilizaci\u00f3n de tr\u00e1fico<\/li>\n<li>Genere informes de pruebas (en PDF o CSV). Env\u00ede informes de pruebas desde su dispositivo m\u00f3vil mediante la aplicaci\u00f3n gratuita TREND Networks AnyWARE<\/li>\n<li>Interfaz de cable de fibra \u00f3ptica<\/li>\n<li>Inicio de sesi\u00f3n mediante el protocolo 802.1x<\/li>\n<li>Interfaz \u00f3ptica con indicaci\u00f3n de potencia<\/li>\n<li>Modo bucle con fines de realizaci\u00f3n de pruebas de transmisi\u00f3n<\/li>\n<li>LanXPLORER Pro<\/li>\n<\/ul>\n<p>&nbsp;<\/p>\n<p><!--more--><\/p>\n<p><strong>LanXPLORER Pro<\/strong><\/p>\n<p>Incluye todas las funciones del NaviTEK NT Pro, as\u00ed como las siguientes:<\/p>\n<ul>\n<li>Monitorizaci\u00f3n del consumo de energ\u00eda de PoE en l\u00ednea<\/li>\n<li>Lista NETMAP de todos los dispositivos de las redes<\/li>\n<li>Funci\u00f3n NETVERIFY, que compara dos escaneos de NETMAP para identificar los cambios operados en la red<\/li>\n<li>Modo en l\u00ednea con fines de resoluci\u00f3n de problemas de dispositivos Ethernet (cobre)<\/li>\n<li>Realizaci\u00f3n de pruebas de se\u00f1ales y de calidad del servicio (QoS), respecto de VoIP<\/li>\n<li>Interfaz Wi-Fi de acceso a la red<\/li>\n<li>Sondeo Wi-Fi del emplazamiento a 2,4\/5 GHz conforme a la norma 802.11a\/b\/g\/n\/ac<\/li>\n<li>Lista de principales 10 transmisores y dispositivos en escucha. Descubra conflictos de direcciones IP<\/li>\n<li>Estad\u00edsticas de tr\u00e1fico: red y dispositivos Pantalla t\u00e1ctil<\/li>\n<\/ul>\n<p>&nbsp;<\/p>\n<p><strong>Contenido del kit<\/strong><\/p>\n<p>1 unidad de pruebas LanXPLORER Pro, 1 unidad remota n.\u00ba 1, 1 ud. antena Wi-Fi USB externa de alta sensibilidad, 1 ud. conjunto de bater\u00edas NiMH, 1 unidad de alimentaci\u00f3n con adaptador para UE\/Reino Unido\/EE. UU., 2 uds. cable de interconexi\u00f3n STP CAT 5e de 30 cm, 1 ud. adaptador Wi-Fi USB, 1 ud. gu\u00eda de referencia r\u00e1pida, 1 ud. malet\u00edn de transporte, 1 ud. sonda amplificadora TREND 62-164, 1 ud. herramienta de extracci\u00f3n de insertos RJ45, 10 uds. inserto RJ45 Lifejack.<\/p>\n<ul>\n<li>Identifique fuentes de congesti\u00f3n de redes<\/li>\n<li>Identifique dispositivos de red recientes, faltantes o maliciosos<\/li>\n<li>Lleve a cabo procesos de resoluci\u00f3n de problemas de dispositivos PoE<\/li>\n<li>Determine la causa de problemas de calidad de VoIP<\/li>\n<li>Localice puntos muertos de Wi-Fi<\/li>\n<li>Determine si el origen del problema de conectividad de la red es la red LAN o el PC\/dispositivo de red<\/li>\n<li>Realizaci\u00f3n de pruebas de instalaci\u00f3n de cables, es decir, mapa de cableado\/longitud<\/li>\n<li>Tareas de resoluci\u00f3n de problemas de cables (es decir, TDR\/distancia a aver\u00edas, realizaci\u00f3n de pruebas de verificaci\u00f3n de red) a ra\u00edz de la instalaci\u00f3n o la reubicaci\u00f3n de la red LAN\/Internet, adiciones a esta y cambios en la misma<\/li>\n<li>Elaboraci\u00f3n de perfiles de puertos: compruebe el identificador y los servicios proporcionados en todos los puertos de cada conmutador<\/li>\n<li>Auditor\u00eda de red, es decir, documente dispositivos conectados a cualquier red LAN<\/li>\n<\/ul>\n<p>&nbsp;<\/p>\n<p><strong>Voz sobre IP (VoIP): monitorice la calidad del servicio en tiempo real a trav\u00e9s del modo en l\u00ednea.<\/strong><\/p>\n<p>La calidad del servicio (QoS) se mide en tiempo real cuando LanXPLORER Pro est\u00e1 conectado en l\u00ednea entre un tel\u00e9fono con VoIP que emplee SIP (protocolo de iniciaci\u00f3n de sesi\u00f3n) y la red. Las m\u00e9tricas de QoS incluyen fluctuaci\u00f3n de fase, retraso, paquetes totales, p\u00e9rdida de paquetes, direcciones IP de origen\/destino y n\u00famero de puerto. Con SIP est\u00e1ndar, se muestran los procesos de se\u00f1alizaci\u00f3n, incluidos la toma de llamada, los n\u00fameros de tel\u00e9fono de dispositivos y la duraci\u00f3n.<\/p>\n<p><img decoding=\"async\" class=\"size-full wp-image-2191 alignnone\" src=\"https:\/\/www.trend-networks.com\/wp-content\/uploads\/2019\/03\/voip_screenshots.jpg\" alt=\"\" width=\"600\" height=\"236\" title=\"\" srcset=\"https:\/\/www.trend-networks.com\/wp-content\/uploads\/2019\/03\/voip_screenshots.jpg 600w, https:\/\/www.trend-networks.com\/wp-content\/uploads\/2019\/03\/voip_screenshots-300x118.jpg 300w\" sizes=\"(max-width: 600px) 100vw, 600px\" \/><\/p>\n<p><strong>Realizaci\u00f3n de pruebas de Wi-Fi: resuelva problemas en su red Wi-Fi y reduzca el tiempo de inactividad<\/strong><\/p>\n<p>Adem\u00e1s de usar la interfaz Wi-Fi (a 2,4\/5 GHz conforme a 802.11a\/b\/g\/n\/ac) para conectarse a la red y llevar a cabo procesos de resoluci\u00f3n de problemas de esta, LanXPLORER Pro es capaz de realizar una sondeo Wi-Fi del emplazamiento que muestra el identificador de punto de acceso, la intensidad de la se\u00f1al (dBm), la relaci\u00f3n se\u00f1al\/ruido (SNR), el canal y el estado de cifrado. Identifique r\u00e1pidamente las causas de la lentitud de redes Wi-Fi o de problemas de conexi\u00f3n, como el solapamiento de canales Wi-Fi o la configuraci\u00f3n incorrecta del SSID (identificaci\u00f3n de conjunto de servicios). Identifique los principales consumidores de ancho de banda inal\u00e1mbrico y el consumo total agregado de ancho de banda (punto de acceso sobrecargado) al conectar LanXPLORER Pro entre el punto de acceso inal\u00e1mbrico y la red.<\/p>\n<p><img decoding=\"async\" class=\"size-full wp-image-2200 alignnone\" src=\"https:\/\/www.trend-networks.com\/wp-content\/uploads\/2019\/03\/wifi_en.jpg\" alt=\"\" width=\"300\" height=\"228\" title=\"\"><\/p>\n<p><strong>Diagn\u00f3stico de dispositivos Ethernet y resoluci\u00f3n de problemas de estos, mediante el modo en l\u00ednea (cobre)<\/strong><br \/>\nLa funci\u00f3n en l\u00ednea permite monitorizar el tr\u00e1fico de red entre dos dispositivos cualesquiera conectados a esta para diagnosticar problemas de Ethernet que sean indetectables mediante herramientas de software que se ejecuten en un PC o en un conmutador administrado.<\/p>\n<p><img decoding=\"async\" class=\"size-full wp-image-2209 alignnone\" src=\"https:\/\/www.trend-networks.com\/wp-content\/uploads\/2019\/03\/ethernet_screenshots.jpg\" alt=\"\" width=\"600\" height=\"229\" title=\"\" srcset=\"https:\/\/www.trend-networks.com\/wp-content\/uploads\/2019\/03\/ethernet_screenshots.jpg 600w, https:\/\/www.trend-networks.com\/wp-content\/uploads\/2019\/03\/ethernet_screenshots-300x115.jpg 300w\" sizes=\"(max-width: 600px) 100vw, 600px\" \/><\/p>\n<p><strong>Los 10 principales transmisores y dispositivos en escucha<\/strong><\/p>\n<p>Identifica los primeros 10 dispositivos en consumo de ancho de banda (tanto transmitidos como recibidos) en la red para facilitar las tareas de resoluci\u00f3n de problemas, p. ej., estableciendo una conexi\u00f3n entre el conmutador principal y el router de Internet para monitorizar el consumo total de ancho de banda entrante y saliente e identificar los 10 dispositivos que m\u00e1s ancho de banda consumen.<\/p>\n<p><img decoding=\"async\" class=\"size-full wp-image-2218 alignnone\" src=\"https:\/\/www.trend-networks.com\/wp-content\/uploads\/2019\/03\/top10_screenshots.jpg\" alt=\"\" width=\"600\" height=\"233\" title=\"\" srcset=\"https:\/\/www.trend-networks.com\/wp-content\/uploads\/2019\/03\/top10_screenshots.jpg 600w, https:\/\/www.trend-networks.com\/wp-content\/uploads\/2019\/03\/top10_screenshots-300x117.jpg 300w\" sizes=\"(max-width: 600px) 100vw, 600px\" \/><\/p>\n<p><strong>Estad\u00edsticas de tr\u00e1fico<\/strong><\/p>\n<p>Monitorice el rendimiento m\u00edn.\/m\u00e1x.\/medio en MB\/s, el recuento de paquetes, el tama\u00f1o de trama y los protocolos Ethernet.<\/p>\n<p><img decoding=\"async\" class=\"size-full wp-image-2227 alignnone\" src=\"https:\/\/www.trend-networks.com\/wp-content\/uploads\/2019\/03\/traffic_statistics_screenshots.jpg\" alt=\"\" width=\"600\" height=\"236\" title=\"\" srcset=\"https:\/\/www.trend-networks.com\/wp-content\/uploads\/2019\/03\/traffic_statistics_screenshots.jpg 600w, https:\/\/www.trend-networks.com\/wp-content\/uploads\/2019\/03\/traffic_statistics_screenshots-300x118.jpg 300w\" sizes=\"(max-width: 600px) 100vw, 600px\" \/><\/p>\n<p><strong>Detecci\u00f3n de redes VLAN<\/strong><\/p>\n<p>Detecci\u00f3n autom\u00e1tica del identificador de redes VLAN.<\/p>\n<p><img decoding=\"async\" class=\"size-full wp-image-2236 alignnone\" src=\"https:\/\/www.trend-networks.com\/wp-content\/uploads\/2019\/03\/vlan_screenshot.jpg\" alt=\"\" width=\"300\" height=\"233\" title=\"\"><\/p>\n<p><strong>Diagn\u00f3stico de redes y resoluci\u00f3n de problemas de estas mediante el modo de punto extremo (cobre, fibra y Wi-Fi)<\/strong><br \/>\nLa funci\u00f3n de punto extremo se usa para monitorizar y examinar la red LAN al conectarse directamente a un puerto de red o a un puerto reflejado.<\/p>\n<p><strong>NETMAP\/NETVERIFY<\/strong><\/p>\n<p>Esta funci\u00f3n realiza un escaneado de toda su red que identifica a todos los dispositivos activos por direcci\u00f3n IP, direcci\u00f3n MAC y nombre de host y que se puede guardar para luego cotejarse con mapas de red ulteriores a fin de identificar adiciones o eliminaciones de dispositivos de red o cambios en la configuraci\u00f3n de la red.<\/p>\n<p><img decoding=\"async\" class=\"size-full wp-image-2245 alignnone\" src=\"https:\/\/www.trend-networks.com\/wp-content\/uploads\/2019\/03\/netmap_netverify_screenshots.jpg\" alt=\"\" width=\"600\" height=\"456\" title=\"\" srcset=\"https:\/\/www.trend-networks.com\/wp-content\/uploads\/2019\/03\/netmap_netverify_screenshots.jpg 600w, https:\/\/www.trend-networks.com\/wp-content\/uploads\/2019\/03\/netmap_netverify_screenshots-300x228.jpg 300w\" sizes=\"(max-width: 600px) 100vw, 600px\" \/><\/p>\n<p><strong>Conflictos de red<\/strong><\/p>\n<p>Identifica la fuente de conflictos en la red, como la adici\u00f3n involuntaria de servidores DHCP o el uso por parte de dispositivos de direcciones IP duplicadas.<\/p>\n<p><img decoding=\"async\" class=\"size-full wp-image-2254 alignnone\" src=\"https:\/\/www.trend-networks.com\/wp-content\/uploads\/2019\/03\/conflict_screenshot.jpg\" alt=\"\" width=\"300\" height=\"227\" title=\"\"><\/p>\n<p><strong>Detecci\u00f3n de redes<\/strong><\/p>\n<p>Con\u00e9ctese a puertos de red activos o dispositivos Ethernet para verificar el estado de la red y la conectividad.<\/p>\n<p>Muestra el identificador de puerto de conmutadores habilitados para el protocolo de detecci\u00f3n LLDP (Link Layer Discovery Protocol)\/CDP (Cisco Discovery Protocol), eliminando as\u00ed el trazado manual de cables<br \/>\nCompruebe que la conectividad Ethernet en la ubicaci\u00f3n del dispositivo se conforme a 10\/100\/1000 MB\/s<br \/>\nVerifique la configuraci\u00f3n de red (direcci\u00f3n IP\/direcci\u00f3n de puerta de enlace\/m\u00e1scara de subred correspondientes al dispositivo)<br \/>\nIdentifique la direcci\u00f3n IP\/el nombre del router y el n\u00famero de saltos entre puntos de red con la prueba traceroute (rastreo de ruta)<br \/>\nLleve a cabo proceso de resoluci\u00f3n de problemas de dispositivos conect\u00e1ndose directamente al puerto Ethernet de estos para comprobar los ajustes de funcionamiento, velocidad y d\u00faplex<br \/>\nHaga ping a dispositivos de la red local, tales como DNS, puerta de enlace\/router, servidores de archivos, impresoras de red, puntos de acceso inal\u00e1mbricos, etc. Ponga a prueba la conectividad a Internet haciendo ping a direcciones URL de sitios web, p. ej., www.google.com, para verificar los valores m\u00ednimo, m\u00e1ximo y medio del tiempo de respuesta<\/p>\n<p><img decoding=\"async\" class=\"size-full wp-image-2263 alignnone\" src=\"https:\/\/www.trend-networks.com\/wp-content\/uploads\/2019\/03\/discovery_screenshot.jpg\" alt=\"\" width=\"600\" height=\"230\" title=\"\" srcset=\"https:\/\/www.trend-networks.com\/wp-content\/uploads\/2019\/03\/discovery_screenshot.jpg 600w, https:\/\/www.trend-networks.com\/wp-content\/uploads\/2019\/03\/discovery_screenshot-300x115.jpg 300w\" sizes=\"(max-width: 600px) 100vw, 600px\" \/><\/p>\n<p><strong>Dispositivos maliciosos<\/strong><\/p>\n<p>Identifique dispositivos que generen errores de red o reduzcan el rendimiento de esta, p. ej., ordenadores infectados con malware que creen tormentas de emisi\u00f3n que pudieran deshabilitar o congestionar una red.<\/p>\n<p><strong>IEEE 802.1x<\/strong><\/p>\n<p>Utilice el protocolo 802.1X para conectarse a redes protegidas por esta norma, evitando complicaciones de seguridad innecesarias y prolongados retrasos en los proyectos. (802.1X es una norma destinada al control de acceso a red basado en puertos [PNAC])<\/p>\n<p><img decoding=\"async\" class=\"size-full wp-image-2272 alignnone\" src=\"https:\/\/www.trend-networks.com\/wp-content\/uploads\/2019\/03\/802_1_x_screenshot.jpg\" alt=\"\" width=\"300\" height=\"230\" title=\"\"><\/p>\n<p><strong>Realizaci\u00f3n de pruebas de alimentaci\u00f3n por Ethernet (PoE)<br \/>\nMonitorizaci\u00f3n de PoE<\/strong><\/p>\n<p>&nbsp;<\/p>\n<p><strong>Monitorice la PoE que consume el dispositivo (tensi\u00f3n e intensidad).<\/strong><\/p>\n<p><img decoding=\"async\" class=\"size-full wp-image-2281 alignnone\" src=\"https:\/\/www.trend-networks.com\/wp-content\/uploads\/2019\/03\/poe_monitoring_screenshots2.jpg\" alt=\"\" width=\"600\" height=\"229\" title=\"\" srcset=\"https:\/\/www.trend-networks.com\/wp-content\/uploads\/2019\/03\/poe_monitoring_screenshots2.jpg 600w, https:\/\/www.trend-networks.com\/wp-content\/uploads\/2019\/03\/poe_monitoring_screenshots2-300x115.jpg 300w\" sizes=\"(max-width: 600px) 100vw, 600px\" \/><\/p>\n<p><strong>Realizaci\u00f3n de pruebas de alimentaci\u00f3n por Ethernet (PoE)<\/strong><br \/>\n<strong>Prueba de carga de PoE\/PoE+<\/strong><\/p>\n<p>Realiza pruebas de carga de PoE\/PoE+ para determinar la potencia m\u00e1xima de que dispone un dispositivo de PoE en su lugar de instalaci\u00f3n.<\/p>\n<p><img decoding=\"async\" class=\"size-full wp-image-2290 alignnone\" src=\"https:\/\/www.trend-networks.com\/wp-content\/uploads\/2019\/03\/poe_load_screenshots.jpg\" alt=\"\" width=\"300\" height=\"229\" title=\"\"><\/p>\n<p><strong>Diagn\u00f3sticos de c\u00e1maras IP\/sistemas CCTV y resoluci\u00f3n de problemas de ambos, mediante el modo en l\u00ednea (cobre):<\/strong><br \/>\nEstablezca conexiones entre la red y la NVR (grabadora de v\u00eddeo en la red) para identificar la direcci\u00f3n IP, el nombre de host y el consumo de ancho de banda, correspondientes a cada c\u00e1mara. Cree conexiones entre c\u00e1maras IP concretas y la red para monitorizar el ancho de banda y la potencia consumidos mediante PoE.<\/p>\n<p><img decoding=\"async\" class=\"size-full wp-image-2299 alignnone\" src=\"https:\/\/www.trend-networks.com\/wp-content\/uploads\/2019\/03\/ip_camera_screenshots.jpg\" alt=\"\" width=\"600\" height=\"226\" title=\"\" srcset=\"https:\/\/www.trend-networks.com\/wp-content\/uploads\/2019\/03\/ip_camera_screenshots.jpg 600w, https:\/\/www.trend-networks.com\/wp-content\/uploads\/2019\/03\/ip_camera_screenshots-300x113.jpg 300w\" sizes=\"(max-width: 600px) 100vw, 600px\" \/><\/p>\n<p><strong>Realizaci\u00f3n de pruebas de cables (de cobre y de fibra)<\/strong><br \/>\nLanXPLORER Pro ofrece un conjunto de pruebas para ayudarle a llevar a cabo tareas de resoluci\u00f3n de problemas<\/p>\n<p><strong>Pruebas de cableado de cobre<\/strong><\/p>\n<ul>\n<li>Pruebas con mapas de cableado en busca de circuitos abiertos, cortocircuitos, conexiones indebidas y pares divididos conforme a la norma TIA-568<\/li>\n<li>Distancia a la aver\u00eda mediante tecnolog\u00eda TDR (solo cobre)<\/li>\n<li>Capacidad para identificar y trazar cables con una sonda amplificadora compatible (62-164)<\/li>\n<li>Parpadeo del puerto para trazar visualmente el cable desde la salida del \u00e1rea de trabajo hasta el conmutador de red<img decoding=\"async\" class=\"size-full wp-image-2308 alignnone\" src=\"https:\/\/www.trend-networks.com\/wp-content\/uploads\/2019\/03\/cabletesting_screenshots.jpg\" alt=\"\" width=\"600\" height=\"238\" title=\"\" srcset=\"https:\/\/www.trend-networks.com\/wp-content\/uploads\/2019\/03\/cabletesting_screenshots.jpg 600w, https:\/\/www.trend-networks.com\/wp-content\/uploads\/2019\/03\/cabletesting_screenshots-300x119.jpg 300w\" sizes=\"(max-width: 600px) 100vw, 600px\" \/><\/li>\n<\/ul>\n<p><strong>Pruebas de cableado de fibra<\/strong><\/p>\n<ul>\n<li>Indicaci\u00f3n de potencia \u00f3ptica (con m\u00f3dulos SFP compatibles)<\/li>\n<li>Parpadeo del puerto para trazar visualmente el cable desde la salida del \u00e1rea de trabajo hasta el conmutador de red<\/li>\n<li>Compruebe las caracter\u00edsticas de SFP (transceptor de factor de forma peque\u00f1o conectable) de la fibra, incluidos el nombre del proveedor, el n\u00famero de modelo y el nivel de potencia \u00f3ptica<\/li>\n<\/ul>\n<p><img decoding=\"async\" class=\"size-full wp-image-2317 alignnone\" src=\"https:\/\/www.trend-networks.com\/wp-content\/uploads\/2019\/03\/fibretesting_screenshots.jpg\" alt=\"\" width=\"600\" height=\"230\" title=\"\" srcset=\"https:\/\/www.trend-networks.com\/wp-content\/uploads\/2019\/03\/fibretesting_screenshots.jpg 600w, https:\/\/www.trend-networks.com\/wp-content\/uploads\/2019\/03\/fibretesting_screenshots-300x115.jpg 300w\" sizes=\"(max-width: 600px) 100vw, 600px\" \/><\/p>\n<p><strong>Mapa de cableado personalizado<\/strong><br \/>\nLanXPLORER Pro proporciona una lista ampliada de plantillas de mapa de cableado para tipos de cable Ethernet habituales, como CAT 6A\/7A\/8, y para cable ajeno a Ethernet, como Profinet, RDSI y Deutsche Bahn (sistema ferroviario alem\u00e1n).<\/p>\n<p><img decoding=\"async\" class=\"size-full wp-image-2326 alignnone\" src=\"https:\/\/www.trend-networks.com\/wp-content\/uploads\/2019\/03\/customwiremap_en.jpg\" alt=\"\" width=\"300\" height=\"228\" title=\"\"><\/p>\n","protected":false},"excerpt":{"rendered":"<h3>El comprobador de redes LanXPLORER Pro se utiliza para analizar redes, cableado y dispositivos Ethernet<\/h3>\n<p>El comprobador en l\u00ednea de redes LanXPLORER Pro se utiliza para diagnosticar problemas en redes, cableados y dispositivos Ethernet utilizando las interfaces de cobre, fibra y Wifi.<\/p>\n<ul>\n<li>Ahora incluye una antena Wi-Fi de banda de 5 GHz<\/li>\n<li>Monitorice el rendimiento total del ancho de banda de la red<\/li>\n<li>Realizaci\u00f3n de pruebas de calidad de servicio (QoS) de VoIP<\/li>\n<li>Identifica la fuente de conflictos de red (cobre)<\/li>\n<li>Identifique las direcciones MAC e IP de dispositivos conectados a la red<\/li>\n<\/ul>\n","protected":false},"featured_media":60007,"template":"","meta":{"_acf_changed":false,"inline_featured_image":false,"_glsr_average":0,"_glsr_ranking":0,"_glsr_reviews":0},"product_brand":[],"product_cat":[473,2900],"product_tag":[2526],"woo-feed-brand":[],"class_list":{"0":"post-50664","1":"product","2":"type-product","3":"status-publish","4":"has-post-thumbnail","6":"product_cat-comprobadores-de-red-cctv","7":"product_cat-comprobadores-de-redes","8":"product_tag-lanxplorer-es","10":"first","11":"instock","12":"taxable","13":"shipping-taxable","14":"product-type-grouped","15":"add-to-wishlist-before_image"},"acf":[],"_links":{"self":[{"href":"https:\/\/www.trend-networks.com\/es\/wp-json\/wp\/v2\/product\/50664","targetHints":{"allow":["GET"]}}],"collection":[{"href":"https:\/\/www.trend-networks.com\/es\/wp-json\/wp\/v2\/product"}],"about":[{"href":"https:\/\/www.trend-networks.com\/es\/wp-json\/wp\/v2\/types\/product"}],"wp:featuredmedia":[{"embeddable":true,"href":"https:\/\/www.trend-networks.com\/es\/wp-json\/wp\/v2\/media\/60007"}],"wp:attachment":[{"href":"https:\/\/www.trend-networks.com\/es\/wp-json\/wp\/v2\/media?parent=50664"}],"wp:term":[{"taxonomy":"product_brand","embeddable":true,"href":"https:\/\/www.trend-networks.com\/es\/wp-json\/wp\/v2\/product_brand?post=50664"},{"taxonomy":"product_cat","embeddable":true,"href":"https:\/\/www.trend-networks.com\/es\/wp-json\/wp\/v2\/product_cat?post=50664"},{"taxonomy":"product_tag","embeddable":true,"href":"https:\/\/www.trend-networks.com\/es\/wp-json\/wp\/v2\/product_tag?post=50664"},{"taxonomy":"woo-feed-brand","embeddable":true,"href":"https:\/\/www.trend-networks.com\/es\/wp-json\/wp\/v2\/woo-feed-brand?post=50664"}],"curies":[{"name":"wp","href":"https:\/\/api.w.org\/{rel}","templated":true}]}}