{"id":50655,"date":"2019-04-26T17:35:22","date_gmt":"2019-06-28T09:01:01","guid":{"rendered":"https:\/\/www.trend-networks.com\/?post_type=product&#038;p=50655"},"modified":"2023-05-17T14:26:50","modified_gmt":"2023-05-17T13:26:50","slug":"navitek-nt-pro","status":"publish","type":"product","link":"https:\/\/www.trend-networks.com\/es\/producto\/navitek-nt-pro\/","title":{"rendered":"NAVITEK NT PRO"},"content":{"rendered":"<p>1 unidad de pruebas NaviTEK NT PRO con pantalla t\u00e1ctil, 1 unidad remota n.\u00ba 1, 1 ud. m\u00f3dulo de alimentaci\u00f3n recargable, 1 ud. adaptador de alimentaci\u00f3n para UE\/Reino Unido\/EE. UU., 2 uds. cable de interconexi\u00f3n STP CAT 5e de 30 cm, adaptador Wi-Fi USB, 1 ud. gu\u00eda de referencia r\u00e1pida, 1 ud. malet\u00edn de transporte<\/p>\n<p>Incluye todas las caracter\u00edsticas del NaviTEK NT Plus indicadas anteriormente y, adem\u00e1s, estas otras:<\/p>\n<ul>\n<li>Interfaz de cable de fibra \u00f3ptica<\/li>\n<li>Inicio de sesi\u00f3n mediante el protocolo 802.1x<\/li>\n<li>Interfaz \u00f3ptica con indicaci\u00f3n de potencia<\/li>\n<\/ul>\n","protected":false},"excerpt":{"rendered":"<ul>\n<li>1 unidad de pruebas NaviTEK NT PRO con pantalla t\u00e1ctil, 1 unidad remota n.\u00ba 1, 1 ud. m\u00f3dulo de alimentaci\u00f3n recargable, 1 ud. adaptador de alimentaci\u00f3n para UE\/Reino Unido\/EE. UU., 2 uds. cable de interconexi\u00f3n STP CAT 5e de 30 cm, adaptador Wi-Fi USB, 1 ud. gu\u00eda de referencia r\u00e1pida, 1 ud. malet\u00edn de transporte<\/li>\n<\/ul>\n","protected":false},"featured_media":123158,"template":"","meta":{"_acf_changed":false,"inline_featured_image":false,"_glsr_average":0,"_glsr_ranking":0,"_glsr_reviews":0},"product_brand":[],"product_cat":[473],"product_tag":[2563],"woo-feed-brand":[],"class_list":{"0":"post-50655","1":"product","2":"type-product","3":"status-publish","4":"has-post-thumbnail","6":"product_cat-comprobadores-de-red-cctv","7":"product_tag-navitek-nt-es","9":"first","10":"instock","11":"taxable","12":"shipping-taxable","13":"purchasable","14":"product-type-simple","15":"add-to-wishlist-before_image"},"acf":[],"_links":{"self":[{"href":"https:\/\/www.trend-networks.com\/es\/wp-json\/wp\/v2\/product\/50655","targetHints":{"allow":["GET"]}}],"collection":[{"href":"https:\/\/www.trend-networks.com\/es\/wp-json\/wp\/v2\/product"}],"about":[{"href":"https:\/\/www.trend-networks.com\/es\/wp-json\/wp\/v2\/types\/product"}],"wp:featuredmedia":[{"embeddable":true,"href":"https:\/\/www.trend-networks.com\/es\/wp-json\/wp\/v2\/media\/123158"}],"wp:attachment":[{"href":"https:\/\/www.trend-networks.com\/es\/wp-json\/wp\/v2\/media?parent=50655"}],"wp:term":[{"taxonomy":"product_brand","embeddable":true,"href":"https:\/\/www.trend-networks.com\/es\/wp-json\/wp\/v2\/product_brand?post=50655"},{"taxonomy":"product_cat","embeddable":true,"href":"https:\/\/www.trend-networks.com\/es\/wp-json\/wp\/v2\/product_cat?post=50655"},{"taxonomy":"product_tag","embeddable":true,"href":"https:\/\/www.trend-networks.com\/es\/wp-json\/wp\/v2\/product_tag?post=50655"},{"taxonomy":"woo-feed-brand","embeddable":true,"href":"https:\/\/www.trend-networks.com\/es\/wp-json\/wp\/v2\/woo-feed-brand?post=50655"}],"curies":[{"name":"wp","href":"https:\/\/api.w.org\/{rel}","templated":true}]}}