{"id":50652,"date":"2019-04-26T17:35:22","date_gmt":"2019-06-28T08:49:46","guid":{"rendered":"https:\/\/www.trend-networks.com\/?post_type=product&#038;p=50652"},"modified":"2023-12-05T12:08:56","modified_gmt":"2023-12-05T12:08:56","slug":"navitek-nt-plus","status":"publish","type":"product","link":"https:\/\/www.trend-networks.com\/es\/producto\/navitek-nt-plus\/","title":{"rendered":"NAVITEK NT PLUS"},"content":{"rendered":"<p>1 unidad de pruebas NaviTEK NT Plus con pantalla t\u00e1ctil, 1 unidad remota n.\u00ba 1, 1 ud. m\u00f3dulo de alimentaci\u00f3n recargable, 1 ud. adaptador de alimentaci\u00f3n para UE\/Reino Unido\/EE.\u00a0UU., 2 uds. cable de interconexi\u00f3n STP CAT 5e de 30 cm, adaptador Wi-Fi USB, 1 ud. gu\u00eda de referencia r\u00e1pida, 1 ud. malet\u00edn de transporte<\/p>\n<p>&nbsp;<\/p>\n<p>Incluye todas las caracter\u00edsticas del NaviTEK NT indicadas anteriormente y, adem\u00e1s, estas otras:<\/p>\n<ul>\n<li>Ahora incluye pantalla t\u00e1ctil<\/li>\n<li>Mapa de cableado personalizado<\/li>\n<li>El bot\u00f3n Autotest realiza una serie de pruebas de red<\/li>\n<li>La sonda de red proporciona informaci\u00f3n detallada sobre el puerto y la red de cada dispositivo<\/li>\n<li>Identificaci\u00f3n de puertos mediante protocolos LLDP\/CDP\/LLDP<\/li>\n<li>Detecci\u00f3n de redes VLAN y compatibilidad con estas<\/li>\n<li>Exploraci\u00f3n de red<\/li>\n<li>Gr\u00e1fico de barras de utilizaci\u00f3n de tr\u00e1fico<\/li>\n<li>Memoria interna para 5000 informes de pruebas<\/li>\n<li>Genere informes de pruebas (en PDF o CSV)<\/li>\n<li>Env\u00ede informes de pruebas desde su dispositivo m\u00f3vil mediante la aplicaci\u00f3n gratuita TREND AnyWARE<\/li>\n<\/ul>\n<p>&nbsp;<\/p>\n<p>&nbsp;<\/p>\n","protected":false},"excerpt":{"rendered":"<p>1 unidad de pruebas NaviTEK NT Plus con pantalla t\u00e1ctil, 1 unidad remota n.\u00ba 1, 1 ud. m\u00f3dulo de alimentaci\u00f3n recargable, 1 ud. adaptador de alimentaci\u00f3n para UE\/Reino Unido\/EE.\u00a0UU., 2 uds. cable de interconexi\u00f3n STP CAT 5e de 30 cm, adaptador Wi-Fi USB, 1 ud. gu\u00eda de referencia r\u00e1pida, 1 ud. malet\u00edn de transporte<\/p>\n","protected":false},"featured_media":123158,"template":"","meta":{"_acf_changed":false,"inline_featured_image":false,"_glsr_average":0,"_glsr_ranking":0,"_glsr_reviews":0},"product_brand":[],"product_cat":[473],"product_tag":[2563],"woo-feed-brand":[],"class_list":{"0":"post-50652","1":"product","2":"type-product","3":"status-publish","4":"has-post-thumbnail","6":"product_cat-comprobadores-de-red-cctv","7":"product_tag-navitek-nt-es","9":"first","10":"instock","11":"taxable","12":"shipping-taxable","13":"purchasable","14":"product-type-simple","15":"add-to-wishlist-before_image"},"acf":[],"_links":{"self":[{"href":"https:\/\/www.trend-networks.com\/es\/wp-json\/wp\/v2\/product\/50652","targetHints":{"allow":["GET"]}}],"collection":[{"href":"https:\/\/www.trend-networks.com\/es\/wp-json\/wp\/v2\/product"}],"about":[{"href":"https:\/\/www.trend-networks.com\/es\/wp-json\/wp\/v2\/types\/product"}],"wp:featuredmedia":[{"embeddable":true,"href":"https:\/\/www.trend-networks.com\/es\/wp-json\/wp\/v2\/media\/123158"}],"wp:attachment":[{"href":"https:\/\/www.trend-networks.com\/es\/wp-json\/wp\/v2\/media?parent=50652"}],"wp:term":[{"taxonomy":"product_brand","embeddable":true,"href":"https:\/\/www.trend-networks.com\/es\/wp-json\/wp\/v2\/product_brand?post=50652"},{"taxonomy":"product_cat","embeddable":true,"href":"https:\/\/www.trend-networks.com\/es\/wp-json\/wp\/v2\/product_cat?post=50652"},{"taxonomy":"product_tag","embeddable":true,"href":"https:\/\/www.trend-networks.com\/es\/wp-json\/wp\/v2\/product_tag?post=50652"},{"taxonomy":"woo-feed-brand","embeddable":true,"href":"https:\/\/www.trend-networks.com\/es\/wp-json\/wp\/v2\/woo-feed-brand?post=50652"}],"curies":[{"name":"wp","href":"https:\/\/api.w.org\/{rel}","templated":true}]}}