{"id":50641,"date":"2019-04-26T17:35:22","date_gmt":"2019-04-26T16:35:22","guid":{"rendered":"https:\/\/www.trend-networks.com\/?post_type=product&#038;p=50641"},"modified":"2025-09-01T10:21:16","modified_gmt":"2025-09-01T09:21:16","slug":"solucionador-de-problemas-de-redes-de-cobre-y-fibra-navitek-nt","status":"publish","type":"product","link":"https:\/\/www.trend-networks.com\/es\/producto\/solucionador-de-problemas-de-redes-de-cobre-y-fibra-navitek-nt\/","title":{"rendered":"NAVITEK NT &#8211; COMPROBADOR DE CABLES Y REDES"},"content":{"rendered":"<p>&nbsp;<\/p>\n<p><img decoding=\"async\" class=\"size-full wp-image-1669 alignnone\" src=\"https:\/\/www.trend-networks.com\/wp-content\/uploads\/2019\/03\/ntnt_touchscreen_en_474by338.jpg\" alt=\"\" width=\"474\" height=\"338\" title=\"\" srcset=\"https:\/\/www.trend-networks.com\/wp-content\/uploads\/2019\/03\/ntnt_touchscreen_en_474by338.jpg 474w, https:\/\/www.trend-networks.com\/wp-content\/uploads\/2019\/03\/ntnt_touchscreen_en_474by338-300x214.jpg 300w, https:\/\/www.trend-networks.com\/wp-content\/uploads\/2019\/03\/ntnt_touchscreen_en_474by338-400x284.jpg 400w\" sizes=\"(max-width: 474px) 100vw, 474px\" \/><\/p>\n<p><strong>Selecci\u00f3n del modo de prueba<\/strong><\/p>\n<p><img decoding=\"async\" class=\"size-full wp-image-1678 alignnone\" src=\"https:\/\/www.trend-networks.com\/wp-content\/uploads\/2019\/03\/testmodeselecction_en.png\" alt=\"\" width=\"240\" height=\"320\" title=\"\" srcset=\"https:\/\/www.trend-networks.com\/wp-content\/uploads\/2019\/03\/testmodeselecction_en.png 240w, https:\/\/www.trend-networks.com\/wp-content\/uploads\/2019\/03\/testmodeselecction_en-225x300.png 225w\" sizes=\"(max-width: 240px) 100vw, 240px\" \/><\/p>\n<p>En la pantalla de inicio se muestra una selecci\u00f3n de modos de prueba que permite a los usuarios elegir f\u00e1cilmente entre detecci\u00f3n autom\u00e1tica (Auto-detect), cable (Cable), conmutador (Switch) y red (Network). Adem\u00e1s, en los casos en que se hayan configurado conmutadores de modo que denieguen acceso a cualquier dispositivo no aprobado, el NaviTEK NT muestra ahora informaci\u00f3n del puerto LLDP\/CDP cuando est\u00e9 conectado debido a su modo de realizaci\u00f3n de pruebas pasiva.<\/p>\n<p><!--more--><\/p>\n<p><strong>Estado aprobado\/error de cableado fibra<\/strong><\/p>\n<p><img decoding=\"async\" class=\"size-full wp-image-1687 alignnone\" src=\"https:\/\/www.trend-networks.com\/wp-content\/uploads\/2019\/03\/fibreoptic_passfailtesting.png\" alt=\"\" width=\"240\" height=\"320\" title=\"\" srcset=\"https:\/\/www.trend-networks.com\/wp-content\/uploads\/2019\/03\/fibreoptic_passfailtesting.png 240w, https:\/\/www.trend-networks.com\/wp-content\/uploads\/2019\/03\/fibreoptic_passfailtesting-225x300.png 225w\" sizes=\"(max-width: 240px) 100vw, 240px\" \/><\/p>\n<p>El NaviTEK NT suele indicar el estado aprobado o error al realizar pruebas de cableado de fibra. El sencillo c\u00f3digo crom\u00e1tico de las indicaciones en pantalla de aprobado (verde) y error (rojo) ayuda a los t\u00e9cnicos a juzgar el nivel de potencia \u00f3ptica de Rx con mayor facilidad, adem\u00e1s de despejar las dudas de aquellos t\u00e9cnicos cuyos conocimientos sobre niveles \u00f3pticos sean limitados. El usuario solamente tiene que definir el umbral aprobado\/error presionando en Config en la pantalla principal de pruebas de red.<\/p>\n<p><strong>Informaci\u00f3n resumida de puerto y red<\/strong><\/p>\n<p><img decoding=\"async\" class=\"size-full wp-image-1696 alignnone\" src=\"https:\/\/www.trend-networks.com\/wp-content\/uploads\/2019\/03\/naviteknt_port_network_summary_information.jpg\" alt=\"\" width=\"240\" height=\"320\" title=\"\" srcset=\"https:\/\/www.trend-networks.com\/wp-content\/uploads\/2019\/03\/naviteknt_port_network_summary_information.jpg 240w, https:\/\/www.trend-networks.com\/wp-content\/uploads\/2019\/03\/naviteknt_port_network_summary_information-225x300.jpg 225w\" sizes=\"(max-width: 240px) 100vw, 240px\" \/><\/p>\n<p>Pulse el bot\u00f3n Autotest (Comprobaci\u00f3n autom\u00e1tica) para mostrar informaci\u00f3n resumida y permitir una inspecci\u00f3n detallada de los par\u00e1metros de red.<\/p>\n<p><strong>Detecci\u00f3n y funcionamiento de redes VLAN<\/strong><\/p>\n<p><img decoding=\"async\" class=\"size-full wp-image-1705 alignnone\" src=\"https:\/\/www.trend-networks.com\/wp-content\/uploads\/2019\/03\/navitek_nt_vlan_detection_and_operation.jpg\" alt=\"\" width=\"240\" height=\"320\" title=\"\" srcset=\"https:\/\/www.trend-networks.com\/wp-content\/uploads\/2019\/03\/navitek_nt_vlan_detection_and_operation.jpg 240w, https:\/\/www.trend-networks.com\/wp-content\/uploads\/2019\/03\/navitek_nt_vlan_detection_and_operation-225x300.jpg 225w\" sizes=\"(max-width: 240px) 100vw, 240px\" \/><\/p>\n<p>La detecci\u00f3n autom\u00e1tica del identificador de red de \u00e1rea local virtual (VLAN) permite al usuario configurar NaviTEK NT para su funcionamiento en cualquier red de esa clase.<\/p>\n<p><strong>Aprovechamiento de Ethernet<\/strong><\/p>\n<p><img decoding=\"async\" class=\"size-full wp-image-1714 alignnone\" src=\"https:\/\/www.trend-networks.com\/wp-content\/uploads\/2019\/03\/navitek_nt_ethernet_utilisation.jpg\" alt=\"\" width=\"240\" height=\"320\" title=\"\" srcset=\"https:\/\/www.trend-networks.com\/wp-content\/uploads\/2019\/03\/navitek_nt_ethernet_utilisation.jpg 240w, https:\/\/www.trend-networks.com\/wp-content\/uploads\/2019\/03\/navitek_nt_ethernet_utilisation-225x300.jpg 225w\" sizes=\"(max-width: 240px) 100vw, 240px\" \/><\/p>\n<p>Visualizaci\u00f3n en tiempo real del tr\u00e1fico de red de difusi\u00f3n mostrado como porcentaje de la velocidad del puerto correspondiente a los 60 minutos anteriores.<\/p>\n<p><strong>Informaci\u00f3n del puerto CDP\/LLDP\/EDP<\/strong><\/p>\n<p><img decoding=\"async\" class=\"size-full wp-image-1723 alignnone\" src=\"https:\/\/www.trend-networks.com\/wp-content\/uploads\/2019\/03\/navitek_nt_cdp_lldp_edp_port_information.jpg\" alt=\"\" width=\"240\" height=\"320\" title=\"\" srcset=\"https:\/\/www.trend-networks.com\/wp-content\/uploads\/2019\/03\/navitek_nt_cdp_lldp_edp_port_information.jpg 240w, https:\/\/www.trend-networks.com\/wp-content\/uploads\/2019\/03\/navitek_nt_cdp_lldp_edp_port_information-225x300.jpg 225w\" sizes=\"(max-width: 240px) 100vw, 240px\" \/><\/p>\n<p>Muestre informaci\u00f3n del puerto mediante los protocolos de detecci\u00f3n Cisco Discovery Protocol (CDP), Link Layer Discovery Protocol (LLDP) y Extreme Discovery Protocol (EDP).<\/p>\n<p><strong>Netscan<\/strong><\/p>\n<p><img decoding=\"async\" class=\"size-full wp-image-1732 alignnone\" src=\"https:\/\/www.trend-networks.com\/wp-content\/uploads\/2019\/03\/navitek_nt_netscan.jpg\" alt=\"\" width=\"240\" height=\"320\" title=\"\" srcset=\"https:\/\/www.trend-networks.com\/wp-content\/uploads\/2019\/03\/navitek_nt_netscan.jpg 240w, https:\/\/www.trend-networks.com\/wp-content\/uploads\/2019\/03\/navitek_nt_netscan-225x300.jpg 225w\" sizes=\"(max-width: 240px) 100vw, 240px\" \/><\/p>\n<p>Muestre la lista de direcciones IP y MAC de todos y cada uno de los dispositivos conectados a la red.<\/p>\n<p><strong>Sonda de red<\/strong><\/p>\n<p><img decoding=\"async\" class=\"size-full wp-image-1741 alignnone\" src=\"https:\/\/www.trend-networks.com\/wp-content\/uploads\/2019\/03\/navitek_nt_network_probe.jpg\" alt=\"\" width=\"240\" height=\"320\" title=\"\" srcset=\"https:\/\/www.trend-networks.com\/wp-content\/uploads\/2019\/03\/navitek_nt_network_probe.jpg 240w, https:\/\/www.trend-networks.com\/wp-content\/uploads\/2019\/03\/navitek_nt_network_probe-225x300.jpg 225w\" sizes=\"(max-width: 240px) 100vw, 240px\" \/><\/p>\n<p>Visualice la ilustraci\u00f3n de la red para verificar los resultados de las pruebas de cada componente de red.<\/p>\n<p>En la actualidad, los t\u00e9cnicos de redes tienen una amplia gama de herramientas de resoluci\u00f3n de problemas de software a su disposici\u00f3n que, aunque \u00fatiles en determinadas situaciones y entornos, tienen limitaciones. NaviTEK NT, en cambio, ofrece un conjunto completo de funciones de realizaci\u00f3n de pruebas y resoluci\u00f3n de problemas que solo se encuentran en comprobadores port\u00e1tiles dedicados:-<\/p>\n<ul>\n<li>Interfaces de pruebas de cobre y fibra<\/li>\n<li>Detecci\u00f3n r\u00e1pida de informaci\u00f3n de enlaces e IP, incluidos d\u00faplex, velocidad, identificaci\u00f3n de puerto, VLAN, DNS (sistema de nombres de dominio), DHCP (protocolo din\u00e1mico de configuraci\u00f3n de ordenador principal), estado de puerta de enlace y direcci\u00f3n IP<\/li>\n<li>Detecta servicios como RDSI, tel\u00e9fono convencional y PoE<\/li>\n<li>Elaboraci\u00f3n precisa de mapas de cables, incluida la medici\u00f3n de longitud y la distancia a la aver\u00eda<\/li>\n<li>Dise\u00f1o resistente y compacto que posibilita el uso del dispositivo en espacios reducidos<\/li>\n<li>No es susceptible de ataques de virus ni malware<\/li>\n<\/ul>\n","protected":false},"excerpt":{"rendered":"<h3>Comprobador de cables y redes para soluccionar problemas en redes de cobre y fibra.<\/h3>\n<p>El comprobador de cables y redes NaviTEK NT se utiliza para la resoluci\u00f3n de problemas y el mantenimiento de redes de cobre y fibra. Una herramienta de prueba para identificar y resolver problemas de conectividad de red de manera m\u00e1s r\u00e1pida que nunca.<\/p>\n<ul>\n<li>Ahora incluye pantalla t\u00e1ctil<\/li>\n<li>Solucionador de problemas de redes (cobre\/fibra)<\/li>\n<li>PoE, detecci\u00f3n de servicios e informaci\u00f3n de puertos<\/li>\n<li>Visualizaci\u00f3n en tiempo real del tr\u00e1fico de red<\/li>\n<li>Almacenamiento de pruebas y elaboraci\u00f3n de informes en PDF (Modelos Plus y Pro)<\/li>\n<li>Trazado de cables\/distancia a la aver\u00eda (TDR) Compatible con la aplicaci\u00f3n TREND AnyWARE<\/li>\n<\/ul>\n","protected":false},"featured_media":137467,"template":"","meta":{"_acf_changed":false,"inline_featured_image":false,"_glsr_average":0,"_glsr_ranking":0,"_glsr_reviews":0},"product_brand":[],"product_cat":[473,2900],"product_tag":[2563],"woo-feed-brand":[],"class_list":{"0":"post-50641","1":"product","2":"type-product","3":"status-publish","4":"has-post-thumbnail","6":"product_cat-comprobadores-de-red-cctv","7":"product_cat-comprobadores-de-redes","8":"product_tag-navitek-nt-es","10":"first","11":"instock","12":"sold-individually","13":"taxable","14":"shipping-taxable","15":"product-type-grouped","16":"add-to-wishlist-before_image"},"acf":[],"_links":{"self":[{"href":"https:\/\/www.trend-networks.com\/es\/wp-json\/wp\/v2\/product\/50641","targetHints":{"allow":["GET"]}}],"collection":[{"href":"https:\/\/www.trend-networks.com\/es\/wp-json\/wp\/v2\/product"}],"about":[{"href":"https:\/\/www.trend-networks.com\/es\/wp-json\/wp\/v2\/types\/product"}],"wp:featuredmedia":[{"embeddable":true,"href":"https:\/\/www.trend-networks.com\/es\/wp-json\/wp\/v2\/media\/137467"}],"wp:attachment":[{"href":"https:\/\/www.trend-networks.com\/es\/wp-json\/wp\/v2\/media?parent=50641"}],"wp:term":[{"taxonomy":"product_brand","embeddable":true,"href":"https:\/\/www.trend-networks.com\/es\/wp-json\/wp\/v2\/product_brand?post=50641"},{"taxonomy":"product_cat","embeddable":true,"href":"https:\/\/www.trend-networks.com\/es\/wp-json\/wp\/v2\/product_cat?post=50641"},{"taxonomy":"product_tag","embeddable":true,"href":"https:\/\/www.trend-networks.com\/es\/wp-json\/wp\/v2\/product_tag?post=50641"},{"taxonomy":"woo-feed-brand","embeddable":true,"href":"https:\/\/www.trend-networks.com\/es\/wp-json\/wp\/v2\/woo-feed-brand?post=50641"}],"curies":[{"name":"wp","href":"https:\/\/api.w.org\/{rel}","templated":true}]}}