{"id":50429,"date":"2019-04-26T17:35:37","date_gmt":"2019-04-26T16:35:37","guid":{"rendered":"https:\/\/www.trend-networks.com\/?post_type=product&#038;p=50429"},"modified":"2024-02-01T12:22:49","modified_gmt":"2024-02-01T12:22:49","slug":"comprobador-de-transmision-de-redes-signaltek-nt","status":"publish","type":"product","link":"https:\/\/www.trend-networks.com\/es\/producto\/comprobador-de-transmision-de-redes-signaltek-nt\/","title":{"rendered":"SIGNALTEK NT &#8211; Comprobador de transmisi\u00f3n de red &#8211; Activa y pasiva"},"content":{"rendered":"<p><img decoding=\"async\" class=\"size-full wp-image-13843 alignnone\" src=\"https:\/\/www.trend-networks.com\/wp-content\/uploads\/2019\/04\/stnt_touchscreen_en_474by338-1.jpg\" alt=\"\" width=\"474\" height=\"338\" title=\"\" srcset=\"https:\/\/www.trend-networks.com\/wp-content\/uploads\/2019\/04\/stnt_touchscreen_en_474by338-1.jpg 474w, https:\/\/www.trend-networks.com\/wp-content\/uploads\/2019\/04\/stnt_touchscreen_en_474by338-1-300x214.jpg 300w, https:\/\/www.trend-networks.com\/wp-content\/uploads\/2019\/04\/stnt_touchscreen_en_474by338-1-400x284.jpg 400w\" sizes=\"(max-width: 474px) 100vw, 474px\" \/><\/p>\n<p><strong>Instalaci\u00f3n de cables:<\/strong><\/p>\n<p><strong>Cableado<\/strong>:<\/p>\n<ul>\n<li>Prueba de rendimiento de tr\u00e1fico de red en cobre y fibra conforme a la norma IEEE 802.3ab<\/li>\n<li>Pruebas con mapas de cableado en busca de circuitos abiertos, cortocircuitos, conexiones indebidas y pares divididos conforme a la norma TIA-568<\/li>\n<li>Verificaci\u00f3n de enlaces Gigabit para cableado de cobre y fibra<\/li>\n<\/ul>\n<p><!--more--><\/p>\n<p><strong>Red activa:<\/strong><\/p>\n<ul>\n<li>Realizaci\u00f3n de pruebas de carga de red a trav\u00e9s de conmutadores que simulan tr\u00e1fico de CCTV\/IPTV\/VoIP\/web<\/li>\n<li>Verificaci\u00f3n de PoE\/PoE+ que muestra la tensi\u00f3n disponible en la ubicaci\u00f3n del dispositivo<\/li>\n<li>Compruebe que la conectividad Ethernet en la ubicaci\u00f3n del dispositivo se conforme a 10\/100\/1000 MB\/s<\/li>\n<li>Verifique la configuraci\u00f3n de red (direcci\u00f3n IP\/direcci\u00f3n de puerta de enlace\/m\u00e1scara de subred correspondientes al dispositivo)<\/li>\n<li>Identificaci\u00f3n de puertos de conmutador mediante protocolos LLDP\/CDP<\/li>\n<\/ul>\n<p><strong>Resoluci\u00f3n de problemas\/diagn\u00f3sticos<\/strong><br \/>\n<strong>Cableado:<\/strong><\/p>\n<ul>\n<li>Distancia a la aver\u00eda mediante tecnolog\u00eda TDR (solo cobre)<\/li>\n<li>Capacidad para identificar y trazar cables con una sonda amplificadora compatible (62-164)<\/li>\n<li>Indicaci\u00f3n de potencia \u00f3ptica (con m\u00f3dulos SFP compatibles)<\/li>\n<\/ul>\n<p><strong>\u00a0Red activa:<\/strong><\/p>\n<ul>\n<li>Realizaci\u00f3n de pruebas de carga de red a trav\u00e9s de conmutadores que simulan tr\u00e1fico de CCTV\/IPTV\/VoIP\/web<\/li>\n<li>Haga pruebas de resistencia de la red antes de instalar dispositivos con consumo intensivo de ancho de banda<\/li>\n<li>Parpadeo del puerto para trazar visualmente el cable desde la salida del \u00e1rea de trabajo hasta el conmutador de red<\/li>\n<li>Muestra el identificador de puerto de conmutadores habilitados para el protocolo de detecci\u00f3n LLDP (Link Layer Discovery Protocol)\/CDP (Cisco Discovery Protocol), eliminando as\u00ed el trazado manual de cables<\/li>\n<li>Identifique problemas de conexi\u00f3n de red como aver\u00edas de hardware o de red o fallos de configuraci\u00f3n<\/li>\n<li>Haga ping a dispositivos de red locales y a direcciones URL<\/li>\n<li>Lleve un recuento del n\u00famero de saltos entre puntos de red con pruebas de tipo traceroute (rastreo de ruta)<\/li>\n<li>Realice pruebas de carga por PoE para confirmar que la potencia disponible cumple los requisitos del dispositivo PoE<\/li>\n<\/ul>\n<p>&nbsp;<\/p>\n<ul>\n<li>SignalTEK NT is used to quickly prove that Ethernet will work correctly after installation in cable installations such as SOHO or residential cabling where cable certification is cost prohibitive or where<\/li>\n<li>the end customer does not require the cable manufacturer\u2019s warranty programs.<\/li>\n<li>Workstation or Laptop has an extremely slow network access. SignalTEK NT can be used to run a simplified transmission test to check network performance.<\/li>\n<li>A 100Mb\/s LAN environment gets upgraded to 1 Gb\/s. SignalTEK NT can be used to check if the existing (old) cabling can support up to 1Gb\/s Ethernet.<\/li>\n<li>An existing LAN installation gets upgraded to VoIP. SignalTEK NT can be used to check if both the cabling as well as the active components can support VoIP traffic.<\/li>\n<li>After MACs (Moves\/Adds\/Changes) of active devices, SignalTEK NT can be used to ensure minimum bandwidth requirements are met.<\/li>\n<li>In industrial Ethernet applications, SignalTEK NT can be used to verify cabling performance to 100Mb\/s or Gigabit requirements.<\/li>\n<li>SignalTEK NT can be used to test throughput of an industrial Ethernet LAN<\/li>\n<\/ul>\n<p>&nbsp;<\/p>\n<p>SignalTEK NT sirve para demostrar r\u00e1pidamente el correcto funcionamiento de Ethernet tras la instalaci\u00f3n en instalaciones de cableado tales como SOHO (peque\u00f1as oficinas en la vivienda) o cableado residencial en los casos en que la certificaci\u00f3n del cableado sea un coste prohibitivo o en que el cliente final no necesite los programas de garant\u00eda del fabricante de cableado. La estaci\u00f3n de trabajo o el port\u00e1til tienen un acceso a red extremadamente lento. SignalTEK NT permite ejecutar una prueba de transmisi\u00f3n simplificada para verificar el rendimiento de la red.<\/p>\n<p>Un entorno de red LAN de 100 Mbps se actualiza a 1 Gbps. SignalTEK NT se puede aplicar para comprobar si el cableado existente (antiguo) tiene capacidad para soportar hasta 1Gb\/s Ethernet. Una instalaci\u00f3n de red LAN existente se actualiza a VoIP. SignalTEK NT permite comprobar si tanto el cableado como los componentes activos pueden soportar tr\u00e1fico de VoIP. Despu\u00e9s de reubicaciones\/incorporaciones\/cambios (MAC) de dispositivos activos, SignalTEK NT puede servir para garantizar que se cumplan los requisitos m\u00ednimos de ancho de banda.<\/p>\n<p>En aplicaciones Ethernet industriales, SignalTEK NT puede usarse para verificar el rendimiento del cableado conforme a requisitos de 100 Mbps o Gigabit. SignalTEK NT puede emplearse para comprobar el rendimiento de cualquier red LAN Ethernet industria<\/p>\n<ul>\n<li>SignalTEK NT<\/li>\n<li>SignalTEK NT<\/li>\n<li>SignalTEK NT: comprobador de transmisi\u00f3n de redes de cobre y fibra Contenido del kit Incluye 1 unidad de visualizaci\u00f3n con pantalla t\u00e1ctil, 1 unidad remota, 2 uds. conjunto de bater\u00edas NiMH, 2 uds. cable de interconexi\u00f3n STP CAT 5e de 30 cm, 2 unidades de alimentaci\u00f3n con adaptadores para UE\/Reino Unido\/EE. UU., 1 ud. adaptador Wi-Fi USB, 1 ud. gu\u00eda de referencia r\u00e1pida, 1 ud.<\/li>\n<\/ul>\n","protected":false},"excerpt":{"rendered":"<h3>Aprueba el rendimiento de su red seg\u00fan los est\u00e1ndares IEEE de 1 Gb.<\/h3>\n<p>Si Vd. instala, mantiene o soluciona problemas de cableado de datos de cobre y fibra y redes Ethernet, SignalTEK NT le permite realizar pruebas tanto en cableado pasivo como en redes activas.<\/p>\n<ul>\n<li>Ahora incluye pantalla t\u00e1ctil<\/li>\n<li>Realizaci\u00f3n de pruebas de rendimiento Gigabit en cableado pasivo y redes activas<\/li>\n<li>Genera informes de pruebas conforme a la norma IEEE 802.3ab<\/li>\n<li>Simula tr\u00e1fico de red de tipo VoIP\/CCTV\/web\/v\u00eddeo por IP<\/li>\n<li>Comprueba velocidad de conexi\u00f3n, identificador de puertos, ping, traceroute (rastreo de ruta), IPv4\/IPv6<\/li>\n<li>Realizaci\u00f3n de pruebas avanzadas de PoE\/PoE+<\/li>\n<\/ul>\n","protected":false},"featured_media":125524,"template":"","meta":{"_acf_changed":false,"inline_featured_image":false,"_glsr_average":0,"_glsr_ranking":0,"_glsr_reviews":0},"product_brand":[],"product_cat":[473,2900],"product_tag":[2569],"woo-feed-brand":[],"class_list":{"0":"post-50429","1":"product","2":"type-product","3":"status-publish","4":"has-post-thumbnail","6":"product_cat-comprobadores-de-red-cctv","7":"product_cat-comprobadores-de-redes","8":"product_tag-signaltek-nt-es","10":"first","11":"instock","12":"taxable","13":"shipping-taxable","14":"product-type-grouped","15":"add-to-wishlist-before_image"},"acf":[],"_links":{"self":[{"href":"https:\/\/www.trend-networks.com\/es\/wp-json\/wp\/v2\/product\/50429","targetHints":{"allow":["GET"]}}],"collection":[{"href":"https:\/\/www.trend-networks.com\/es\/wp-json\/wp\/v2\/product"}],"about":[{"href":"https:\/\/www.trend-networks.com\/es\/wp-json\/wp\/v2\/types\/product"}],"wp:featuredmedia":[{"embeddable":true,"href":"https:\/\/www.trend-networks.com\/es\/wp-json\/wp\/v2\/media\/125524"}],"wp:attachment":[{"href":"https:\/\/www.trend-networks.com\/es\/wp-json\/wp\/v2\/media?parent=50429"}],"wp:term":[{"taxonomy":"product_brand","embeddable":true,"href":"https:\/\/www.trend-networks.com\/es\/wp-json\/wp\/v2\/product_brand?post=50429"},{"taxonomy":"product_cat","embeddable":true,"href":"https:\/\/www.trend-networks.com\/es\/wp-json\/wp\/v2\/product_cat?post=50429"},{"taxonomy":"product_tag","embeddable":true,"href":"https:\/\/www.trend-networks.com\/es\/wp-json\/wp\/v2\/product_tag?post=50429"},{"taxonomy":"woo-feed-brand","embeddable":true,"href":"https:\/\/www.trend-networks.com\/es\/wp-json\/wp\/v2\/woo-feed-brand?post=50429"}],"curies":[{"name":"wp","href":"https:\/\/api.w.org\/{rel}","templated":true}]}}