{"id":50125,"date":"2019-04-26T15:19:44","date_gmt":"2019-06-21T14:20:29","guid":{"rendered":"https:\/\/www.trend-networks.com\/?post_type=product&#038;p=50125"},"modified":"2019-11-21T16:28:07","modified_gmt":"2019-11-21T16:28:07","slug":"video-inspection-probe-r230002","status":"publish","type":"product","link":"https:\/\/www.trend-networks.com\/es\/producto\/video-inspection-probe-r230002\/","title":{"rendered":"Video Inspection Probe &#8211; R230002"},"content":{"rendered":"<p>Sonda de inspecci\u00f3n por v\u00eddeo con adaptador universal para puntas de cables de interconexi\u00f3n de PC de 2,5 mm y bolsa blanda para OTDR II y OC I<\/p>\n","protected":false},"excerpt":{"rendered":"<p>Sonda de inspecci\u00f3n por v\u00eddeo con adaptador universal para puntas de cables de interconexi\u00f3n de PC de 2,5 mm y bolsa blanda para OTDR II y OC I<\/p>\n","protected":false},"featured_media":50126,"template":"","meta":{"_acf_changed":false,"inline_featured_image":false,"_glsr_average":0,"_glsr_ranking":0,"_glsr_reviews":0},"product_brand":[],"product_cat":[465],"product_tag":[2564,2501],"woo-feed-brand":[],"class_list":{"0":"post-50125","1":"product","2":"type-product","3":"status-publish","4":"has-post-thumbnail","6":"product_cat-accesorios","7":"product_tag-oc-i-es","8":"product_tag-otdr-ii-es","10":"first","11":"instock","12":"taxable","13":"shipping-taxable","14":"purchasable","15":"product-type-simple","16":"add-to-wishlist-before_image"},"acf":[],"_links":{"self":[{"href":"https:\/\/www.trend-networks.com\/es\/wp-json\/wp\/v2\/product\/50125","targetHints":{"allow":["GET"]}}],"collection":[{"href":"https:\/\/www.trend-networks.com\/es\/wp-json\/wp\/v2\/product"}],"about":[{"href":"https:\/\/www.trend-networks.com\/es\/wp-json\/wp\/v2\/types\/product"}],"wp:featuredmedia":[{"embeddable":true,"href":"https:\/\/www.trend-networks.com\/es\/wp-json\/wp\/v2\/media\/50126"}],"wp:attachment":[{"href":"https:\/\/www.trend-networks.com\/es\/wp-json\/wp\/v2\/media?parent=50125"}],"wp:term":[{"taxonomy":"product_brand","embeddable":true,"href":"https:\/\/www.trend-networks.com\/es\/wp-json\/wp\/v2\/product_brand?post=50125"},{"taxonomy":"product_cat","embeddable":true,"href":"https:\/\/www.trend-networks.com\/es\/wp-json\/wp\/v2\/product_cat?post=50125"},{"taxonomy":"product_tag","embeddable":true,"href":"https:\/\/www.trend-networks.com\/es\/wp-json\/wp\/v2\/product_tag?post=50125"},{"taxonomy":"woo-feed-brand","embeddable":true,"href":"https:\/\/www.trend-networks.com\/es\/wp-json\/wp\/v2\/woo-feed-brand?post=50125"}],"curies":[{"name":"wp","href":"https:\/\/api.w.org\/{rel}","templated":true}]}}