{"id":50108,"date":"2019-04-30T12:02:56","date_gmt":"2019-06-21T13:37:58","guid":{"rendered":"https:\/\/www.trend-networks.com\/?post_type=product&#038;p=50108"},"modified":"2020-01-10T16:54:58","modified_gmt":"2020-01-10T16:54:58","slug":"fibermaster-mm-sm-light-source-33-931","status":"publish","type":"product","link":"https:\/\/www.trend-networks.com\/es\/producto\/fibermaster-mm-sm-light-source-33-931\/","title":{"rendered":"FIBERMASTER &#8211; MM\/SM LIGHT SOURCE &#8211; 33-931"},"content":{"rendered":"<p>FiberMASTER: medidor de potencia multimodo\/monomodo con fuente de luz multimodo\/monomodo.<\/p>\n<p><strong>Contenido del kit<\/strong><\/p>\n<p>Fuente de luz 33-929 con VCSEL\/l\u00e1ser de 850\/1300 nm o con l\u00e1ser de 1310\/1550 nm y con adaptadores ST, SC y FC; medidor de potencia 33-927 con 4 longitudes de onda y adaptador universal de 2,5 mm y FC fijo; 2 uds. cable multimodo SC-SC de 50 \u03bcm; 1 ud. acoplador de calibraci\u00f3n SC; estuche; manual de usuario en ingl\u00e9s, espa\u00f1ol, alem\u00e1n, franc\u00e9s, portugu\u00e9s, italiano y chino.<\/p>\n<p><strong>Caracter\u00edsticas<\/strong><\/p>\n<p>Las indicadas anteriormente m\u00e1s la p\u00e9rdida de potencia de cables monomodo<\/p>\n","protected":false},"excerpt":{"rendered":"<p>FiberMASTER: medidor de potencia multimodo\/monomodo con fuente de luz multimodo\/monomodo. Contenido del kit Fuente de&nbsp;&#8230;<\/p>\n","protected":false},"featured_media":136470,"template":"","meta":{"_acf_changed":false,"inline_featured_image":false,"_glsr_average":0,"_glsr_ranking":0,"_glsr_reviews":0},"product_brand":[],"product_cat":[493],"product_tag":[2527],"woo-feed-brand":[],"class_list":{"0":"post-50108","1":"product","2":"type-product","3":"status-publish","4":"has-post-thumbnail","6":"product_cat-comprobador-de-fibra","7":"product_tag-fibermaster-es","9":"first","10":"instock","11":"taxable","12":"shipping-taxable","13":"purchasable","14":"product-type-simple","15":"add-to-wishlist-before_image"},"acf":[],"_links":{"self":[{"href":"https:\/\/www.trend-networks.com\/es\/wp-json\/wp\/v2\/product\/50108","targetHints":{"allow":["GET"]}}],"collection":[{"href":"https:\/\/www.trend-networks.com\/es\/wp-json\/wp\/v2\/product"}],"about":[{"href":"https:\/\/www.trend-networks.com\/es\/wp-json\/wp\/v2\/types\/product"}],"wp:featuredmedia":[{"embeddable":true,"href":"https:\/\/www.trend-networks.com\/es\/wp-json\/wp\/v2\/media\/136470"}],"wp:attachment":[{"href":"https:\/\/www.trend-networks.com\/es\/wp-json\/wp\/v2\/media?parent=50108"}],"wp:term":[{"taxonomy":"product_brand","embeddable":true,"href":"https:\/\/www.trend-networks.com\/es\/wp-json\/wp\/v2\/product_brand?post=50108"},{"taxonomy":"product_cat","embeddable":true,"href":"https:\/\/www.trend-networks.com\/es\/wp-json\/wp\/v2\/product_cat?post=50108"},{"taxonomy":"product_tag","embeddable":true,"href":"https:\/\/www.trend-networks.com\/es\/wp-json\/wp\/v2\/product_tag?post=50108"},{"taxonomy":"woo-feed-brand","embeddable":true,"href":"https:\/\/www.trend-networks.com\/es\/wp-json\/wp\/v2\/woo-feed-brand?post=50108"}],"curies":[{"name":"wp","href":"https:\/\/api.w.org\/{rel}","templated":true}]}}