{"id":50098,"date":"2019-03-20T10:03:09","date_gmt":"2019-06-21T14:02:54","guid":{"rendered":"https:\/\/www.trend-networks.com\/?post_type=product&#038;p=50098"},"modified":"2021-02-24T09:12:49","modified_gmt":"2021-02-24T09:12:49","slug":"comprobador-de-cables-fibermaster","status":"publish","type":"product","link":"https:\/\/www.trend-networks.com\/es\/producto\/comprobador-de-cables-fibermaster\/","title":{"rendered":"COMPROBADOR DE CABLES: FIBERMASTER"},"content":{"rendered":"<ul>\n<li>Realice procesos de resoluci\u00f3n de problemas de componentes de red de fibra \u00f3ptica con el medidor de potencia \u00f3ptica<\/li>\n<li>Muestre la p\u00e9rdida de potencia en dB mediante la funci\u00f3n de referencia<\/li>\n<li>Factor de forma exclusivo para almacenar f\u00e1cilmente la fuente de luz, lo que permite el funcionamiento completo de la fuente de luz y del medidor de potencia<\/li>\n<li>Mide la potencia de fibra \u00f3ptica en milivatios (mW) y decibelios-milivatios (dBm) con fines de resoluci\u00f3n de problemas<\/li>\n<\/ul>\n<p><!--more--><\/p>\n<p><strong>Medidor de potencia:<\/strong><\/p>\n<ul>\n<li>Mediciones de 850, 1300, 1310, 1490 y 1550 nm<\/li>\n<li>Medici\u00f3n de potencia en dBm y mW; visualizaci\u00f3n de p\u00e9rdida en dB<\/li>\n<li>Apagado autom\u00e1tico<\/li>\n<li>Incluye adaptador universal de 2,5 mm y adaptador de FC fijo<\/li>\n<li>Funciona con tres (3) pilas AAA est\u00e1ndar<\/li>\n<\/ul>\n<p><strong>Fuente de luz<\/strong><\/p>\n<ul>\n<li>VCSEL\/l\u00e1ser de 850 nm: kit 33-928 multimodo<\/li>\n<li>VCSEL\/l\u00e1ser de 850\/1300 nm, l\u00e1ser de 1310\/1550 nm: kit 33-931 multimodo\/monomodo<\/li>\n<li>Incluye adaptadores ST, SC y FC<\/li>\n<li>Se acopla a la parte inferior del medidor de potencia para facilitar su almacenamiento<\/li>\n<li>Funciona con tres (3) pilas AAA est\u00e1ndar<\/li>\n<li>Indicador de nivel bajo de bater\u00eda<\/li>\n<\/ul>\n<p><strong>Para la certificaci\u00f3n de cableado de fibra \u00f3ptica y la resoluci\u00f3n de problemas<\/strong><\/p>\n<p>Certificaci\u00f3n de rendimiento de cables (Nivel 1) conforme a las normas ISO 11801 y TIA 568-C<br \/>\nCumpla las especificaciones de cableado que exijan ingenieros, dise\u00f1adores y clientes<br \/>\nEvite las rellamadas identificando aver\u00edas in situ<br \/>\nAseg\u00farese de que la p\u00e9rdida en el cable se ajuste al balance de potencia admisible de los componentes de la red<br \/>\nRealice el procedimiento de resoluci\u00f3n de problemas de componentes de red de fibra \u00f3ptica midiendo la potencia de salida<\/p>\n","protected":false},"excerpt":{"rendered":"<ul>\n<li>Mide r\u00e1pidamente la p\u00e9rdida de cableado (dB) gracias a la funci\u00f3n de calibraci\u00f3n<\/li>\n<li>Mide la potencia de la fibra \u00f3ptica con fines de resoluci\u00f3n de problemas<\/li>\n<li>Conectores universales\/FC para medidores de potencia<\/li>\n<li>Conectores SC\/ST\/FC para una fuente de luz intercambiable<\/li>\n<li>Opciones multimodo y monomodo<\/li>\n<\/ul>\n","protected":false},"featured_media":57672,"template":"","meta":{"_acf_changed":false,"inline_featured_image":false,"_glsr_average":0,"_glsr_ranking":0,"_glsr_reviews":0},"product_brand":[],"product_cat":[493],"product_tag":[2527],"woo-feed-brand":[],"class_list":{"0":"post-50098","1":"product","2":"type-product","3":"status-publish","4":"has-post-thumbnail","6":"product_cat-comprobador-de-fibra","7":"product_tag-fibermaster-es","9":"first","10":"instock","11":"taxable","12":"shipping-taxable","13":"product-type-grouped","14":"add-to-wishlist-before_image"},"acf":[],"_links":{"self":[{"href":"https:\/\/www.trend-networks.com\/es\/wp-json\/wp\/v2\/product\/50098","targetHints":{"allow":["GET"]}}],"collection":[{"href":"https:\/\/www.trend-networks.com\/es\/wp-json\/wp\/v2\/product"}],"about":[{"href":"https:\/\/www.trend-networks.com\/es\/wp-json\/wp\/v2\/types\/product"}],"wp:featuredmedia":[{"embeddable":true,"href":"https:\/\/www.trend-networks.com\/es\/wp-json\/wp\/v2\/media\/57672"}],"wp:attachment":[{"href":"https:\/\/www.trend-networks.com\/es\/wp-json\/wp\/v2\/media?parent=50098"}],"wp:term":[{"taxonomy":"product_brand","embeddable":true,"href":"https:\/\/www.trend-networks.com\/es\/wp-json\/wp\/v2\/product_brand?post=50098"},{"taxonomy":"product_cat","embeddable":true,"href":"https:\/\/www.trend-networks.com\/es\/wp-json\/wp\/v2\/product_cat?post=50098"},{"taxonomy":"product_tag","embeddable":true,"href":"https:\/\/www.trend-networks.com\/es\/wp-json\/wp\/v2\/product_tag?post=50098"},{"taxonomy":"woo-feed-brand","embeddable":true,"href":"https:\/\/www.trend-networks.com\/es\/wp-json\/wp\/v2\/woo-feed-brand?post=50098"}],"curies":[{"name":"wp","href":"https:\/\/api.w.org\/{rel}","templated":true}]}}