{"id":50096,"date":"2019-04-26T15:18:33","date_gmt":"2019-06-21T13:06:12","guid":{"rendered":"https:\/\/www.trend-networks.com\/?post_type=product&#038;p=50096"},"modified":"2020-10-08T12:48:27","modified_gmt":"2020-10-08T11:48:27","slug":"fc-lc-hybrid-adapter-135051","status":"publish","type":"product","link":"https:\/\/www.trend-networks.com\/es\/producto\/fc-lc-hybrid-adapter-135051\/","title":{"rendered":"FC\/LC Hybrid Adapter &#8211; 135051"},"content":{"rendered":"<p>El conector FC macho (2,5 mm) a LC hembra (1,25 mm) permite conexiones LC para interactuar con dispositivos FC. Contenido: Un adaptador. Haga un pedido de unidades si usa FiberMASTER u otros aparatos de prueba de p\u00e9rdida \u00f3ptica.<\/p>\n<p>La conexi\u00f3n FC roscada se traba de forma segura con el equipo de pruebas<br \/>\nLa conexi\u00f3n LC de ajuste por fricci\u00f3n permite una conexi\u00f3n r\u00e1pida de clavijas LC<br \/>\nCompatibilidad de la conexi\u00f3n FC con conectores universales hembra de 2,5 mm<br \/>\nDise\u00f1o de metal resistente con casquillo FC fabricado con circonio<br \/>\nTama\u00f1o compacto para su uso en la mayor\u00eda de aplicaciones<br \/>\nEl adaptador FC a LC ofrece una soluci\u00f3n sencilla para conectar cables de terminaci\u00f3n LC con dispositivos, como el equipo de pruebas, que no presentan opci\u00f3n de conexi\u00f3n LC.<\/p>\n<p>El lado FC del adaptador se conecta de forma segura a dispositivos equipados con puertos FC, como la fuente de luz del aparato de pruebas de p\u00e9rdida \u00f3ptica FiberMASTER. Tanto el medidor de potencia como la fuente de luz cuentan con conexiones FC que son compatibles con el adaptador FC a LC.<\/p>\n<p>El adaptador FC a LC tambi\u00e9n puede usarse con dispositivos como el localizador visual de aver\u00edas VFF5, que usa una conexi\u00f3n de bloqueo por fricci\u00f3n universal de 2,5 mm. Para comprobaciones r\u00e1pidas de continuidad y roturas, acople el adaptador al VFF5 con un movimiento deslizante e inserte el cable provisto de conector LC en el adaptador con un movimiento similar. El adaptador tambi\u00e9n es \u00fatil cuando se terminan conectores de engaste como Unicam\u00ae LC de Corning, en los que un localizador visual de aver\u00edas (VFL) contribuye a que la terminaci\u00f3n sea adecuada.<\/p>\n<p>El lado FC es una conexi\u00f3n macho roscada que se traba con los conectores FC hembra de dispositivos de red activa y equipos de pruebas.<\/p>\n<p>El lado LC es una conexi\u00f3n hembra de bloqueo por fricci\u00f3n que acepta conectores LC macho ubicados en cables de interconexi\u00f3n LC. El tama\u00f1o compacto permite usar con el adaptador clavijas tanto unidireccionales como bidireccionales.<\/p>\n<p><strong>Aplicaciones<\/strong>:<\/p>\n<p>Conexi\u00f3n temporal de cables de interconexi\u00f3n provistos de terminaci\u00f3n LC con equipos de pruebas para obtener mediciones. Dado que la secci\u00f3n LC carece de bloqueo, el adaptador no debe usarse a modo de conexi\u00f3n permanente.<\/p>\n<p>Inyecci\u00f3n de luz visible dentro de conectores al hacer terminaciones de conectores de tipo engastado o al usar empalmes mec\u00e1nicos para reparar cables. Toda terminaci\u00f3n adecuada no filtra cantidades excesivas de luz de la conexi\u00f3n.<\/p>\n","protected":false},"excerpt":{"rendered":"<p>El conector FC macho (2,5 mm) a LC hembra (1,25 mm) permite conexiones LC para&nbsp;&#8230;<\/p>\n","protected":false},"featured_media":50097,"template":"","meta":{"_acf_changed":false,"inline_featured_image":false,"_glsr_average":0,"_glsr_ranking":0,"_glsr_reviews":0},"product_brand":[],"product_cat":[465],"product_tag":[2527],"woo-feed-brand":[],"class_list":{"0":"post-50096","1":"product","2":"type-product","3":"status-publish","4":"has-post-thumbnail","6":"product_cat-accesorios","7":"product_tag-fibermaster-es","9":"first","10":"instock","11":"taxable","12":"shipping-taxable","13":"purchasable","14":"product-type-simple","15":"add-to-wishlist-before_image"},"acf":[],"_links":{"self":[{"href":"https:\/\/www.trend-networks.com\/es\/wp-json\/wp\/v2\/product\/50096","targetHints":{"allow":["GET"]}}],"collection":[{"href":"https:\/\/www.trend-networks.com\/es\/wp-json\/wp\/v2\/product"}],"about":[{"href":"https:\/\/www.trend-networks.com\/es\/wp-json\/wp\/v2\/types\/product"}],"wp:featuredmedia":[{"embeddable":true,"href":"https:\/\/www.trend-networks.com\/es\/wp-json\/wp\/v2\/media\/50097"}],"wp:attachment":[{"href":"https:\/\/www.trend-networks.com\/es\/wp-json\/wp\/v2\/media?parent=50096"}],"wp:term":[{"taxonomy":"product_brand","embeddable":true,"href":"https:\/\/www.trend-networks.com\/es\/wp-json\/wp\/v2\/product_brand?post=50096"},{"taxonomy":"product_cat","embeddable":true,"href":"https:\/\/www.trend-networks.com\/es\/wp-json\/wp\/v2\/product_cat?post=50096"},{"taxonomy":"product_tag","embeddable":true,"href":"https:\/\/www.trend-networks.com\/es\/wp-json\/wp\/v2\/product_tag?post=50096"},{"taxonomy":"woo-feed-brand","embeddable":true,"href":"https:\/\/www.trend-networks.com\/es\/wp-json\/wp\/v2\/woo-feed-brand?post=50096"}],"curies":[{"name":"wp","href":"https:\/\/api.w.org\/{rel}","templated":true}]}}