{"id":50024,"date":"2019-04-26T15:20:09","date_gmt":"2019-04-26T14:20:09","guid":{"rendered":"https:\/\/www.trend-networks.com\/?post_type=product&#038;p=50024"},"modified":"2026-01-21T15:45:14","modified_gmt":"2026-01-21T15:45:14","slug":"sapphire-care-plan-1-year-10-discount-scp1yrn","status":"publish","type":"product","link":"https:\/\/www.trend-networks.com\/es\/producto\/sapphire-care-plan-1-year-10-discount-scp1yrn\/","title":{"rendered":"Sapphire Care Plan 1 Year &#8211; 10% Discount &#8211; SCP1YRN"},"content":{"rendered":"<p>Plan de mantenimiento Sapphire: protecci\u00f3n completa para su certificador de cables LanTEK IV.<\/p>\n<p>Reparaciones gratuitas, calibraci\u00f3n gratuita, unidad en pr\u00e9stamo gratis, env\u00edo gratuito y accesorios gratuitos.<\/p>\n<p>(1 a\u00f1o: descuento del 10 % incluido cuando se adquiere en un plazo de 60 d\u00edas desde la compra de un dispositivo LanTEK IV nuevo)<\/p>\n","protected":false},"excerpt":{"rendered":"<p>Plan de mantenimiento Sapphire: protecci\u00f3n completa para su certificador de cables LanTEK IV.<\/p>\n","protected":false},"featured_media":50952,"template":"","meta":{"_acf_changed":false,"inline_featured_image":false,"_glsr_average":0,"_glsr_ranking":0,"_glsr_reviews":0},"product_brand":[],"product_cat":[465,2907],"product_tag":[2524,2525,2590,2565],"woo-feed-brand":[],"class_list":{"0":"post-50024","1":"product","2":"type-product","3":"status-publish","4":"has-post-thumbnail","6":"product_cat-accesorios","7":"product_cat-plan-de-mantenimiento-sapphire","8":"product_tag-lantek-ii-es","9":"product_tag-lantek-iii-es","10":"product_tag-lantek-iv-es","11":"product_tag-securitest-ip-es","13":"first","14":"instock","15":"taxable","16":"shipping-taxable","17":"purchasable","18":"product-type-simple","19":"add-to-wishlist-before_image"},"acf":[],"_links":{"self":[{"href":"https:\/\/www.trend-networks.com\/es\/wp-json\/wp\/v2\/product\/50024","targetHints":{"allow":["GET"]}}],"collection":[{"href":"https:\/\/www.trend-networks.com\/es\/wp-json\/wp\/v2\/product"}],"about":[{"href":"https:\/\/www.trend-networks.com\/es\/wp-json\/wp\/v2\/types\/product"}],"wp:featuredmedia":[{"embeddable":true,"href":"https:\/\/www.trend-networks.com\/es\/wp-json\/wp\/v2\/media\/50952"}],"wp:attachment":[{"href":"https:\/\/www.trend-networks.com\/es\/wp-json\/wp\/v2\/media?parent=50024"}],"wp:term":[{"taxonomy":"product_brand","embeddable":true,"href":"https:\/\/www.trend-networks.com\/es\/wp-json\/wp\/v2\/product_brand?post=50024"},{"taxonomy":"product_cat","embeddable":true,"href":"https:\/\/www.trend-networks.com\/es\/wp-json\/wp\/v2\/product_cat?post=50024"},{"taxonomy":"product_tag","embeddable":true,"href":"https:\/\/www.trend-networks.com\/es\/wp-json\/wp\/v2\/product_tag?post=50024"},{"taxonomy":"woo-feed-brand","embeddable":true,"href":"https:\/\/www.trend-networks.com\/es\/wp-json\/wp\/v2\/woo-feed-brand?post=50024"}],"curies":[{"name":"wp","href":"https:\/\/api.w.org\/{rel}","templated":true}]}}