{"id":49953,"date":"2019-04-30T13:25:12","date_gmt":"2019-04-30T12:25:12","guid":{"rendered":"https:\/\/www.trend-networks.com\/?post_type=product&#038;p=49953"},"modified":"2022-10-20T21:11:42","modified_gmt":"2022-10-20T20:11:42","slug":"comprobador-de-transmision-de-cables-de-datos-signaltek-ct","status":"publish","type":"product","link":"https:\/\/www.trend-networks.com\/es\/producto\/comprobador-de-transmision-de-cables-de-datos-signaltek-ct\/","title":{"rendered":"SIGNALTEK CT &#8211; comprobador de transmisi\u00f3n en cables de datos"},"content":{"rendered":"<p>Conexi\u00f3n inal\u00e1mbrica a smartphones de Apple y Android con la aplicaci\u00f3n gratuita TREND AnyWARE\u2122. Visualice informes en su smartphone antes de compartirlos con el m\u00e9todo de intercambio de datos preferido, incluidos el correo electr\u00f3nico o la aplicaci\u00f3n de intercambio de archivos.<\/p>\n<p><!--more--><\/p>\n<p><img decoding=\"async\" class=\"size-full wp-image-13771 alignnone\" src=\"https:\/\/www.trend-networks.com\/wp-content\/uploads\/2019\/04\/anyware_report-3.jpg\" alt=\"\" width=\"474\" height=\"338\" title=\"\" srcset=\"https:\/\/www.trend-networks.com\/wp-content\/uploads\/2019\/04\/anyware_report-3.jpg 474w, https:\/\/www.trend-networks.com\/wp-content\/uploads\/2019\/04\/anyware_report-3-300x214.jpg 300w, https:\/\/www.trend-networks.com\/wp-content\/uploads\/2019\/04\/anyware_report-3-400x284.jpg 400w\" sizes=\"(max-width: 474px) 100vw, 474px\" \/><\/p>\n<p><strong>Elaboraci\u00f3n de informes de pruebas<\/strong><\/p>\n<p>SignalTEK CT genera autom\u00e1ticamente informes de pruebas en formato PDF o CSV. La p\u00e1gina de resumen de cada informe puede personalizarse de modo que incluya el logotipo, la empresa y algunos detalles del operador. Podr\u00e1 elegir entre 3 resultados que pueden mostrar aprobado, error o todos los resultados de pruebas:<\/p>\n<ul>\n<li>Resumen<\/li>\n<li>Breve<\/li>\n<li>Completo (vea un ejemplo en el lado derecho)<\/li>\n<\/ul>\n<p><img decoding=\"async\" class=\"size-full wp-image-13816 alignnone\" src=\"https:\/\/www.trend-networks.com\/wp-content\/uploads\/2019\/04\/stct_report_en300by336-2.jpg\" alt=\"\" width=\"300\" height=\"254\" title=\"\"><\/p>\n<p><!--more--><\/p>\n<p><strong>R\u00e1pido y flexible<\/strong><\/p>\n<ul>\n<li>La r\u00e1pida comprobaci\u00f3n autom\u00e1tica (Autotest) aporta pruebas de rendimiento de la red en cuesti\u00f3n de segundos<\/li>\n<li>El puerto USB permite transferir r\u00e1pidamente los resultados de las pruebas a l\u00e1pices de memoria<\/li>\n<li>Compatibilidad con cables de par trenzado blindado y no blindado, incluidos CAT 5e, CAT 6, CAT 6A y CAT 7 (esquemas de cableado conformes con TIA 568A y 568B)<\/li>\n<li>Almacena hasta 5000 pruebas, para dar cabida incluso a los trabajos m\u00e1s voluminosos<\/li>\n<li>Capacidad para identificar y trazar cables con una sonda amplificadora compatible (62-164)<\/li>\n<\/ul>\n<p><img decoding=\"async\" class=\"size-full wp-image-13798 alignnone\" src=\"https:\/\/www.trend-networks.com\/wp-content\/uploads\/2019\/04\/signaltekct_features_fast-2.jpg\" alt=\"\" width=\"300\" height=\"336\" title=\"\" srcset=\"https:\/\/www.trend-networks.com\/wp-content\/uploads\/2019\/04\/signaltekct_features_fast-2.jpg 300w, https:\/\/www.trend-networks.com\/wp-content\/uploads\/2019\/04\/signaltekct_features_fast-2-268x300.jpg 268w\" sizes=\"(max-width: 300px) 100vw, 300px\" \/><\/p>\n<p><strong>Intuitivo<\/strong><\/p>\n<ul>\n<li>La generaci\u00f3n autom\u00e1tica de informes de pruebas en formato PDF facilita el proceso de documentaci\u00f3n<\/li>\n<li>Estructura de men\u00fa f\u00e1cil de usar, para un funcionamiento sin problemas y una m\u00ednima necesidad de formaci\u00f3n<\/li>\n<li>La sencillez en la nomenclatura de cables y en la creaci\u00f3n de trabajos mejora la productividad in situ<\/li>\n<\/ul>\n<p>&nbsp;<\/p>\n<p><strong>Fiable<\/strong><\/p>\n<p>Realice pruebas de cumplimiento de IEEE 802.3ab para garantizar que el rendimiento del cable se adhiera a una norma de reconocimiento internacional. Los contactos RJ45 reemplazables en el terreno acaban con el tiempo de inactividad provocado por el deterioro de los conectores o los desperfectos en estos. Su dise\u00f1o resistente brinda protecci\u00f3n contra golpes en el terreno. Este dispositivo no precisa calibraci\u00f3n anual, con lo que se reducen los costes de propiedad<\/p>\n<p><img decoding=\"async\" class=\"size-full wp-image-13789 alignnone\" src=\"https:\/\/www.trend-networks.com\/wp-content\/uploads\/2019\/04\/signaltekct_features_dependable-2.jpg\" alt=\"\" width=\"300\" height=\"336\" title=\"\" srcset=\"https:\/\/www.trend-networks.com\/wp-content\/uploads\/2019\/04\/signaltekct_features_dependable-2.jpg 300w, https:\/\/www.trend-networks.com\/wp-content\/uploads\/2019\/04\/signaltekct_features_dependable-2-268x300.jpg 268w\" sizes=\"(max-width: 300px) 100vw, 300px\" \/><\/p>\n<p>&nbsp;<\/p>\n<p>Realizaci\u00f3n de pruebas de cables de datos de par trenzado para demostrar la instalaci\u00f3n correcta del cableado de cobre y la capacidad de este de soportar aplicaciones Ethernet conformes a la norma de Gigabit Ethernet IEEE 802.3ab<\/p>\n<p><strong>SignalTEK CT Componentes del kit <\/strong><\/p>\n<p>1 unidad de visualizaci\u00f3n SignalTEK CT con pantalla t\u00e1ctil, 1 unidad remota SignalTEK CT, 2 uds. m\u00f3dulo de alimentaci\u00f3n (recargables), 2 unidades de alimentaci\u00f3n con adaptadores para UE\/Reino Unido\/EE.\u00a0UU., 2 uds. cable de interconexi\u00f3n STP CAT 5e de 30 cm, 1 ud. adaptador Wi-Fi USB, 1 ud. gu\u00eda de referencia r\u00e1pida (ingl\u00e9s), 1 ud. malet\u00edn de transporte.<\/p>\n","protected":false},"excerpt":{"rendered":"<h3>Aprueba el rendimiento del cableado de su red seg\u00fan los est\u00e1ndares IEEE de 1 Gb.<\/h3>\n<p>SignalTEK CT comprueba el rendimiento de sus cables de datos en segundos con una prueba de rendimiento IEEE Gigabit y mapeo de cableado avanzado. Documente sin esfuerzo los resultados de sus pruebas.<\/p>\n<ul>\n<li>Ahora incluye pantalla t\u00e1ctil<\/li>\n<li>Comprobaci\u00f3n de cableados avanzada con localizaci\u00f3n de aver\u00edas por TDR<\/li>\n<li>Prueba de rendimiento Gigabit conforme la norma de Ethernet IEEE 802.3ab<\/li>\n<li>Generaci\u00f3n autom\u00e1tica de informes en PDF<\/li>\n<li>Carga de informes a unidades de memoria USB sin necesidad de PC<\/li>\n<\/ul>\n","protected":false},"featured_media":49954,"template":"","meta":{"_acf_changed":false,"inline_featured_image":false,"_glsr_average":0,"_glsr_ranking":0,"_glsr_reviews":0},"product_brand":[],"product_cat":[478],"product_tag":[2567],"woo-feed-brand":[],"class_list":{"0":"post-49953","1":"product","2":"type-product","3":"status-publish","4":"has-post-thumbnail","6":"product_cat-comprobadores-de-cobre","7":"product_tag-signaltek-ct-es","9":"first","10":"instock","11":"taxable","12":"shipping-taxable","13":"purchasable","14":"product-type-simple","15":"add-to-wishlist-before_image"},"acf":[],"_links":{"self":[{"href":"https:\/\/www.trend-networks.com\/es\/wp-json\/wp\/v2\/product\/49953","targetHints":{"allow":["GET"]}}],"collection":[{"href":"https:\/\/www.trend-networks.com\/es\/wp-json\/wp\/v2\/product"}],"about":[{"href":"https:\/\/www.trend-networks.com\/es\/wp-json\/wp\/v2\/types\/product"}],"wp:featuredmedia":[{"embeddable":true,"href":"https:\/\/www.trend-networks.com\/es\/wp-json\/wp\/v2\/media\/49954"}],"wp:attachment":[{"href":"https:\/\/www.trend-networks.com\/es\/wp-json\/wp\/v2\/media?parent=49953"}],"wp:term":[{"taxonomy":"product_brand","embeddable":true,"href":"https:\/\/www.trend-networks.com\/es\/wp-json\/wp\/v2\/product_brand?post=49953"},{"taxonomy":"product_cat","embeddable":true,"href":"https:\/\/www.trend-networks.com\/es\/wp-json\/wp\/v2\/product_cat?post=49953"},{"taxonomy":"product_tag","embeddable":true,"href":"https:\/\/www.trend-networks.com\/es\/wp-json\/wp\/v2\/product_tag?post=49953"},{"taxonomy":"woo-feed-brand","embeddable":true,"href":"https:\/\/www.trend-networks.com\/es\/wp-json\/wp\/v2\/woo-feed-brand?post=49953"}],"curies":[{"name":"wp","href":"https:\/\/api.w.org\/{rel}","templated":true}]}}