{"id":153158,"date":"2026-01-14T14:06:47","date_gmt":"2026-01-14T14:06:47","guid":{"rendered":"https:\/\/www.trend-networks.com\/?post_type=product&#038;p=153158"},"modified":"2026-04-01T15:21:47","modified_gmt":"2026-04-01T14:21:47","slug":"fusionadora-fibermaster-s60-paquete-esencial","status":"publish","type":"product","link":"https:\/\/www.trend-networks.com\/es\/producto\/fusionadora-fibermaster-s60-paquete-esencial\/","title":{"rendered":"Fusionadora FiberMASTER S60 &#8211; Paquete Esencial"},"content":{"rendered":"","protected":false},"excerpt":{"rendered":"<p><strong>El paquete FiberMASTER S60 Esencial incluye todo lo necesario para iniciarse en los empalmes por fusi\u00f3n profesionales con total confianza.<\/strong><\/p>\n<p>Dise\u00f1ado para t\u00e9cnicos que se inician en la fusi\u00f3n de fibras \u00f3ptica o que desean ampliar sus capacidades, ofrece un kit de herramientas para principiantes construido alrededor de la fusionadora S60.<\/p>\n","protected":false},"featured_media":152705,"template":"","meta":{"_acf_changed":false,"inline_featured_image":false,"_glsr_average":0,"_glsr_ranking":0,"_glsr_reviews":0},"product_brand":[],"product_cat":[2936,2962],"product_tag":[2527],"woo-feed-brand":[],"class_list":{"0":"post-153158","1":"product","2":"type-product","3":"status-publish","4":"has-post-thumbnail","6":"product_cat-empalmadores-de-fusion","7":"product_cat-feature-bundles-es","8":"product_tag-fibermaster-es","10":"first","11":"instock","12":"sale","13":"taxable","14":"shipping-taxable","15":"purchasable","16":"product-type-simple","17":"add-to-wishlist-before_image"},"acf":[],"_links":{"self":[{"href":"https:\/\/www.trend-networks.com\/es\/wp-json\/wp\/v2\/product\/153158","targetHints":{"allow":["GET"]}}],"collection":[{"href":"https:\/\/www.trend-networks.com\/es\/wp-json\/wp\/v2\/product"}],"about":[{"href":"https:\/\/www.trend-networks.com\/es\/wp-json\/wp\/v2\/types\/product"}],"wp:featuredmedia":[{"embeddable":true,"href":"https:\/\/www.trend-networks.com\/es\/wp-json\/wp\/v2\/media\/152705"}],"wp:attachment":[{"href":"https:\/\/www.trend-networks.com\/es\/wp-json\/wp\/v2\/media?parent=153158"}],"wp:term":[{"taxonomy":"product_brand","embeddable":true,"href":"https:\/\/www.trend-networks.com\/es\/wp-json\/wp\/v2\/product_brand?post=153158"},{"taxonomy":"product_cat","embeddable":true,"href":"https:\/\/www.trend-networks.com\/es\/wp-json\/wp\/v2\/product_cat?post=153158"},{"taxonomy":"product_tag","embeddable":true,"href":"https:\/\/www.trend-networks.com\/es\/wp-json\/wp\/v2\/product_tag?post=153158"},{"taxonomy":"woo-feed-brand","embeddable":true,"href":"https:\/\/www.trend-networks.com\/es\/wp-json\/wp\/v2\/woo-feed-brand?post=153158"}],"curies":[{"name":"wp","href":"https:\/\/api.w.org\/{rel}","templated":true}]}}