{"id":152920,"date":"2026-01-14T14:46:57","date_gmt":"2026-01-14T14:46:57","guid":{"rendered":"https:\/\/www.trend-networks.com\/?post_type=product&#038;p=152920"},"modified":"2026-04-01T15:18:32","modified_gmt":"2026-04-01T14:18:32","slug":"fusionadora-fibermaster-s60-paquete-pro-de-crimp","status":"publish","type":"product","link":"https:\/\/www.trend-networks.com\/es\/producto\/fusionadora-fibermaster-s60-paquete-pro-de-crimp\/","title":{"rendered":"Fusionadora FiberMASTER S60 &#8211; Paquete Pro de Crimp"},"content":{"rendered":"","protected":false},"excerpt":{"rendered":"<p><strong>El paquete FiberMASTER S60 Pro de Crimpado est\u00e1 dise\u00f1ado para profesionales que necesitan realizar empalmes por fusi\u00f3n combinados con terminaciones de fibra mediante crimpado.<\/strong><\/p>\n<p>Incluye la fusionadora S60 junto con una herramienta dedicada de crimpado y manguitos met\u00e1licos para ampliar la flexibilidad de aplicaci\u00f3n.<\/p>\n<p>Incluye:<br \/>\n1x R301-S60K: FiberMASTER S60<br \/>\n1x R301-CRIMP-KIT: Herramienta de Crimpado y Sujetador de Crimpado<br \/>\n1x R301-CRIMP-30MM: 150 Manguitos Met\u00e1licos<br \/>\n1x SCP-S60-1Y: Plan de Asistencia Sapphire Care Plan de 1 a\u00f1o<\/p>\n","protected":false},"featured_media":152921,"template":"","meta":{"_acf_changed":false,"inline_featured_image":false,"_glsr_average":0,"_glsr_ranking":0,"_glsr_reviews":0},"product_brand":[],"product_cat":[2936,2962],"product_tag":[2527],"woo-feed-brand":[],"class_list":{"0":"post-152920","1":"product","2":"type-product","3":"status-publish","4":"has-post-thumbnail","6":"product_cat-empalmadores-de-fusion","7":"product_cat-feature-bundles-es","8":"product_tag-fibermaster-es","10":"first","11":"instock","12":"sale","13":"taxable","14":"shipping-taxable","15":"purchasable","16":"product-type-simple","17":"add-to-wishlist-before_image"},"acf":[],"_links":{"self":[{"href":"https:\/\/www.trend-networks.com\/es\/wp-json\/wp\/v2\/product\/152920","targetHints":{"allow":["GET"]}}],"collection":[{"href":"https:\/\/www.trend-networks.com\/es\/wp-json\/wp\/v2\/product"}],"about":[{"href":"https:\/\/www.trend-networks.com\/es\/wp-json\/wp\/v2\/types\/product"}],"wp:featuredmedia":[{"embeddable":true,"href":"https:\/\/www.trend-networks.com\/es\/wp-json\/wp\/v2\/media\/152921"}],"wp:attachment":[{"href":"https:\/\/www.trend-networks.com\/es\/wp-json\/wp\/v2\/media?parent=152920"}],"wp:term":[{"taxonomy":"product_brand","embeddable":true,"href":"https:\/\/www.trend-networks.com\/es\/wp-json\/wp\/v2\/product_brand?post=152920"},{"taxonomy":"product_cat","embeddable":true,"href":"https:\/\/www.trend-networks.com\/es\/wp-json\/wp\/v2\/product_cat?post=152920"},{"taxonomy":"product_tag","embeddable":true,"href":"https:\/\/www.trend-networks.com\/es\/wp-json\/wp\/v2\/product_tag?post=152920"},{"taxonomy":"woo-feed-brand","embeddable":true,"href":"https:\/\/www.trend-networks.com\/es\/wp-json\/wp\/v2\/woo-feed-brand?post=152920"}],"curies":[{"name":"wp","href":"https:\/\/api.w.org\/{rel}","templated":true}]}}