{"id":143436,"date":"2025-07-28T12:12:24","date_gmt":"2025-07-28T11:12:24","guid":{"rendered":"https:\/\/www.trend-networks.com\/product\/signaltek-qt-pro-bundle-10g-copper-fibre-wi-fi-qualification-tester-with-extended-warranty-accessories-and-hard-carry-case\/"},"modified":"2025-07-28T17:32:51","modified_gmt":"2025-07-28T16:32:51","slug":"signaltek-qt-pro-bundle-10g-copper-fibre-wi-fi-qualification-tester-with-extended-warranty-accessories-and-hard-carry-case","status":"publish","type":"product","link":"https:\/\/www.trend-networks.com\/es\/producto\/signaltek-qt-pro-bundle-10g-copper-fibre-wi-fi-qualification-tester-with-extended-warranty-accessories-and-hard-carry-case\/","title":{"rendered":"SignalTEK QT Pro Bundle: Kit Calificador de Cobre\/Fibra\/Wifi de 10G con garant\u00eda ampliada, accesorios y malet\u00edn r\u00edgido"},"content":{"rendered":"","protected":false},"excerpt":{"rendered":"","protected":false},"featured_media":143021,"template":"","meta":{"_acf_changed":false,"inline_featured_image":false,"_glsr_average":0,"_glsr_ranking":0,"_glsr_reviews":0},"product_brand":[],"product_cat":[493,478,473,2900,2962],"product_tag":[2955],"woo-feed-brand":[],"class_list":{"0":"post-143436","1":"product","2":"type-product","3":"status-publish","4":"has-post-thumbnail","6":"product_cat-comprobador-de-fibra","7":"product_cat-comprobadores-de-cobre","8":"product_cat-comprobadores-de-red-cctv","9":"product_cat-comprobadores-de-redes","10":"product_cat-feature-bundles-es","11":"product_tag-signaltek-qt-es","13":"first","14":"instock","15":"taxable","16":"shipping-taxable","17":"purchasable","18":"product-type-simple","19":"add-to-wishlist-before_image"},"acf":[],"_links":{"self":[{"href":"https:\/\/www.trend-networks.com\/es\/wp-json\/wp\/v2\/product\/143436","targetHints":{"allow":["GET"]}}],"collection":[{"href":"https:\/\/www.trend-networks.com\/es\/wp-json\/wp\/v2\/product"}],"about":[{"href":"https:\/\/www.trend-networks.com\/es\/wp-json\/wp\/v2\/types\/product"}],"wp:featuredmedia":[{"embeddable":true,"href":"https:\/\/www.trend-networks.com\/es\/wp-json\/wp\/v2\/media\/143021"}],"wp:attachment":[{"href":"https:\/\/www.trend-networks.com\/es\/wp-json\/wp\/v2\/media?parent=143436"}],"wp:term":[{"taxonomy":"product_brand","embeddable":true,"href":"https:\/\/www.trend-networks.com\/es\/wp-json\/wp\/v2\/product_brand?post=143436"},{"taxonomy":"product_cat","embeddable":true,"href":"https:\/\/www.trend-networks.com\/es\/wp-json\/wp\/v2\/product_cat?post=143436"},{"taxonomy":"product_tag","embeddable":true,"href":"https:\/\/www.trend-networks.com\/es\/wp-json\/wp\/v2\/product_tag?post=143436"},{"taxonomy":"woo-feed-brand","embeddable":true,"href":"https:\/\/www.trend-networks.com\/es\/wp-json\/wp\/v2\/woo-feed-brand?post=143436"}],"curies":[{"name":"wp","href":"https:\/\/api.w.org\/{rel}","templated":true}]}}