{"id":132185,"date":"2024-09-01T10:17:56","date_gmt":"2024-09-01T09:17:56","guid":{"rendered":"https:\/\/www.trend-networks.com\/product\/fibermaster-fusion-splicer-series-new\/"},"modified":"2026-04-01T17:31:43","modified_gmt":"2026-04-01T16:31:43","slug":"fibermaster-fusion-splicer-series-new","status":"publish","type":"product","link":"https:\/\/www.trend-networks.com\/es\/producto\/fibermaster-fusion-splicer-series-new\/","title":{"rendered":"Serie de Fusionadoras FiberMASTER"},"content":{"rendered":"<p><strong>Experimente un empalme de fusi\u00f3n r\u00e1pido y preciso con soporte confiable, respaldado por una garant\u00eda de 3 a\u00f1os.<\/strong><\/p>\n<p>Las empalmadoras de fusi\u00f3n FiberMASTER S60 y S40 ofrecen un rendimiento de empalme superior en tan solo 6 segundos. Con una repetibilidad l\u00edder en la industria, su \u00faltimo empalme ser\u00e1 tan preciso como el primero. Proteger su inversi\u00f3n nunca ha sido tan f\u00e1cil con un soporte al cliente inigualable y una garant\u00eda de 3 a\u00f1os como est\u00e1ndar. El plan Sapphire Care tambi\u00e9n est\u00e1 disponible para minimizar el tiempo de inactividad y evitar costos inesperados de servicio o reparaci\u00f3n.<\/p>\n<p><strong>Robusto y fiable.<\/strong><br \/>\nConstruido para uso en campo en una variedad de condiciones reales.<\/p>\n<p><strong>Rendimiento confiable.<\/strong><br \/>\nL\u00edder en la industria con una p\u00e9rdida de empalme tan baja como 0.01dB.<\/p>\n<p><strong>Repetibilidad consistente.<\/strong><br \/>\nFiberMASTER logra un rendimiento m\u00e1ximo y una repetibilidad l\u00edder en la industria en cientos de empalmes.<\/p>\n<p><!--more--><\/p>\n<p><img decoding=\"async\" class=\"alignnone size-medium wp-image-131933\" src=\"https:\/\/www.trend-networks.com\/wp-content\/uploads\/2024\/09\/Splice-Loss-Range-v5-EN-2-600x448.png\" alt=\"\" width=\"600\" height=\"448\" title=\"\" srcset=\"https:\/\/www.trend-networks.com\/wp-content\/uploads\/2024\/09\/Splice-Loss-Range-v5-EN-2-600x448.png 600w, https:\/\/www.trend-networks.com\/wp-content\/uploads\/2024\/09\/Splice-Loss-Range-v5-EN-2-768x573.png 768w, https:\/\/www.trend-networks.com\/wp-content\/uploads\/2024\/09\/Splice-Loss-Range-v5-EN-2.png 960w\" sizes=\"(max-width: 600px) 100vw, 600px\" \/><\/p>\n<p>La p\u00e9rdida de empalme m\u00e1xima permitida para instalaciones que cumplen con las normas ISO\/EN\/TIA es de 0.30dB. La p\u00e9rdida de empalme de FiberMASTER supera estos est\u00e1ndares en m\u00e1s de 20 veces, reduciendo la atenuaci\u00f3n en sus enlaces de fibra y aumentando el margen general del sistema. Datos de 100 empalmes medidos en laboratorio con equipo de prueba. No es la p\u00e9rdida que se muestra en la pantalla de la fusionadora.<\/p>\n<p>&nbsp;<\/p>\n<p><img decoding=\"async\" class=\"alignnone wp-image-132072\" src=\"https:\/\/www.trend-networks.com\/wp-content\/uploads\/2024\/09\/s60-angled-website-600x592.png\" alt=\"\" width=\"368\" height=\"363\" title=\"\" srcset=\"https:\/\/www.trend-networks.com\/wp-content\/uploads\/2024\/09\/s60-angled-website-600x592.png 600w, https:\/\/www.trend-networks.com\/wp-content\/uploads\/2024\/09\/s60-angled-website-100x100.png 100w, https:\/\/www.trend-networks.com\/wp-content\/uploads\/2024\/09\/s60-angled-website.png 661w\" sizes=\"(max-width: 368px) 100vw, 368px\" \/><\/p>\n<h3><\/h3>\n<h3>S60 &#8211; Fusionadora de alineaci\u00f3n de n\u00facleo activo<\/h3>\n<p>El S60 ofrece una p\u00e9rdida baja y una repetibilidad superiores al empalmar tipos de fibra dis\u00edmiles utilizando detecci\u00f3n automatizada. Utilizando 2 motores de c\u00e1mara adicionales (6 motores en total) para optimizar la detecci\u00f3n del n\u00facleo y proporcionar una alineaci\u00f3n precisa para una repetibilidad m\u00e1xima con cualquier tipo de fibra.<\/p>\n<p><strong>Optimizado para \u2013<\/strong> Redes troncales, telecomunicaciones y alto volumen de empalmes.<br \/>\n<strong>Tiempo de fusi\u00f3n r\u00e1pido &#8211;<\/strong> 6 seg (promedio)<br \/>\n<strong>Aumento y resoluci\u00f3n &#8211;<\/strong> 400x<br \/>\n<strong>Pantalla t\u00e1ctil &#8211;<\/strong> LCD en color de 5\u201d<br \/>\n<strong>Tiempo de calentamiento &#8211;<\/strong> T\u00edpico 18 seg<br \/>\n<strong>Capacidad de la bater\u00eda &#8211;<\/strong> 280 ciclos de empalme\/calentamiento<br \/>\n<strong>Almacenamiento de datos &#8211;<\/strong> 10,000 resultados + 100 im\u00e1genes<\/p>\n<p>&nbsp;<\/p>\n<p>&nbsp;<\/p>\n<p><img decoding=\"async\" class=\"alignnone wp-image-132082\" src=\"https:\/\/www.trend-networks.com\/wp-content\/uploads\/2024\/09\/s40-close-up-screen-website-600x572.png\" alt=\"\" width=\"363\" height=\"346\" title=\"\" srcset=\"https:\/\/www.trend-networks.com\/wp-content\/uploads\/2024\/09\/s40-close-up-screen-website-600x572.png 600w, https:\/\/www.trend-networks.com\/wp-content\/uploads\/2024\/09\/s40-close-up-screen-website-768x733.png 768w, https:\/\/www.trend-networks.com\/wp-content\/uploads\/2024\/09\/s40-close-up-screen-website.png 849w\" sizes=\"(max-width: 363px) 100vw, 363px\" \/><\/p>\n<h3><\/h3>\n<h3>S40 &#8211; Fusionadora de alineaci\u00f3n de revestimiento adaptativo<\/h3>\n<p>El S40 ofrece una velocidad y un rendimiento de empalme superiores en instalaciones de fibra \u00f3ptica donde se empalman fibras de tipos similares. Utilizando 4 motores para una alineaci\u00f3n precisa del revestimiento de cualquier tipo de fibra, proporcionando un empalme r\u00e1pido y un rendimiento confiable.<\/p>\n<p><strong>Optimizado para \u2013<\/strong> Fibra hasta el hogar (FTTH), redes de acceso, redes empresariales y de campus.<br \/>\n<strong>Tiempo de fusi\u00f3n r\u00e1pido &#8211;<\/strong> 7 seg (promedio)<br \/>\n<strong>Aumento y resoluci\u00f3n &#8211;<\/strong> 320x<br \/>\n<strong>Pantalla t\u00e1ctil &#8211;<\/strong> LCD en color de 4.3\u201d<br \/>\n<strong>Tiempo de calentamiento &#8211;<\/strong> T\u00edpico 20 seg<br \/>\n<strong>Capacidad de la bater\u00eda &#8211;<\/strong> 240 ciclos de fusi\u00f3n\/calentamiento<br \/>\n<strong>Almacenamiento de datos &#8211;<\/strong> 8,000 resultados<\/p>\n<p>&nbsp;<\/p>\n<p><img decoding=\"async\" class=\"alignnone wp-image-133252 size-medium\" src=\"https:\/\/www.trend-networks.com\/wp-content\/uploads\/2024\/09\/Website_call-outs-ES-600x422.png\" alt=\"\" width=\"600\" height=\"422\" title=\"\" srcset=\"https:\/\/www.trend-networks.com\/wp-content\/uploads\/2024\/09\/Website_call-outs-ES-600x422.png 600w, https:\/\/www.trend-networks.com\/wp-content\/uploads\/2024\/09\/Website_call-outs-ES-1024x720.png 1024w, https:\/\/www.trend-networks.com\/wp-content\/uploads\/2024\/09\/Website_call-outs-ES-768x540.png 768w, https:\/\/www.trend-networks.com\/wp-content\/uploads\/2024\/09\/Website_call-outs-ES.png 1082w\" sizes=\"(max-width: 600px) 100vw, 600px\" \/><\/p>\n<p>&nbsp;<\/p>\n<p><img decoding=\"async\" class=\"alignnone wp-image-132138\" src=\"https:\/\/www.trend-networks.com\/wp-content\/uploads\/2024\/09\/Sapphire-Care-Plan-600x163.png\" alt=\"\" width=\"287\" height=\"78\" title=\"\" srcset=\"https:\/\/www.trend-networks.com\/wp-content\/uploads\/2024\/09\/Sapphire-Care-Plan-600x163.png 600w, https:\/\/www.trend-networks.com\/wp-content\/uploads\/2024\/09\/Sapphire-Care-Plan-1024x277.png 1024w, https:\/\/www.trend-networks.com\/wp-content\/uploads\/2024\/09\/Sapphire-Care-Plan-768x208.png 768w, https:\/\/www.trend-networks.com\/wp-content\/uploads\/2024\/09\/Sapphire-Care-Plan-1536x416.png 1536w, https:\/\/www.trend-networks.com\/wp-content\/uploads\/2024\/09\/Sapphire-Care-Plan-2048x555.png 2048w\" sizes=\"(max-width: 287px) 100vw, 287px\" \/><\/p>\n<p>&nbsp;<\/p>\n<h3><strong>Protecci\u00f3n completa para su Empalmador de Fusi\u00f3n FiberMASTER.<\/strong><\/h3>\n<p>El Plan de Cuidado Sapphire est\u00e1 dise\u00f1ado para ayudar a minimizar el tiempo de inactividad, reducir el costo de propiedad y proteger contra facturas de reparaci\u00f3n imprevistas.<\/p>\n<p><strong>Reparaciones Gratuitas \u2013<\/strong> Prot\u00e9jase Contra Facturas Imprevistas<br \/>\n<strong>Unidad de Pr\u00e9stamo Gratuita Durante Reparaciones y Mantenimiento \u2013<\/strong> Sin Tiempo de Inactividad<br \/>\n<strong>Servicio Anual Gratuito &#8211;<\/strong> Para Garantizar el M\u00e1ximo Rendimiento y Consistencia del Empalmador<br \/>\n<strong>Capacitaci\u00f3n en L\u00ednea Gratuita y Soporte T\u00e9cnico \u2013<\/strong> Mejore la Eficiencia<br \/>\n<strong>Env\u00edo Gratuito \u2013<\/strong> Reduzca Costos<br \/>\n<strong>Piezas de Desgaste Reemplazables Gratuitas \u2013<\/strong> Reduzca el Costo de Propiedad<\/p>\n<h3><\/h3>\n<h3>Soporte Confiable<\/h3>\n<p>Tenemos una filosof\u00eda profundamente arraigada de \u2018Dependa de Nosotros\u2019 enfocada en asegurar que, incluso en las circunstancias m\u00e1s dif\u00edciles, nuestros clientes sepan que siempre proporcionaremos el rendimiento y el soporte que necesitan.<\/p>\n<p><strong>Soporte T\u00e9cnico \u2013<\/strong> Dependa del Soporte T\u00e9cnico Local para Asegurar una Resoluci\u00f3n R\u00e1pida<br \/>\n<strong>Whatsapp \u2013<\/strong> Obtenga la Ayuda que Necesita, Cuando la Necesita<br \/>\n<strong>Reparaciones R\u00e1pidas \u2013<\/strong> Centros de Servicio Regionales para Acelerar la Reparaci\u00f3n y el Mantenimiento<br \/>\n<strong>Contenido en L\u00ednea Gratuito \u2013<\/strong> Disfrute de Seminarios Web y Contenido en L\u00ednea Gratuitos<\/p>\n","protected":false},"excerpt":{"rendered":"<h3>La soluci\u00f3n definitiva para un empalme por fusi\u00f3n r\u00e1pido y preciso.<\/h3>\n<p>Las fusionadoras FiberMASTER S60 y S40 ofrecen un rendimiento de fusi\u00f3n superior en tan solo 6 segundos. Con una repetibilidad l\u00edder en la industria, su \u00faltima fusi\u00f3n ser\u00e1 tan precisa como la primera.<\/p>\n<p><strong>Da un impulso a la primavera con pruebas m\u00e1s inteligentes y el m\u00e1ximo ahorro. <a href=\"https:\/\/www.trend-networks.com\/wp-content\/uploads\/2026\/04\/Spring-Savings_ES-2026.pdf\">Haga clic aqu\u00ed.<\/a><\/strong><\/p>\n<div class=\"ewa-rteLine\">\n<ul>\n<li class=\"ewa-rteLine\">Respaldado por una garant\u00eda de 3 a\u00f1os<\/li>\n<li class=\"ewa-rteLine\">Plan de cuidado Sapphire disponible para minimizar el tiempo de inactividad y evitar costos inesperados de servicio o reparaci\u00f3n<\/li>\n<li class=\"ewa-rteLine\">L\u00edder en la industria con p\u00e9rdida de empalme tan baja como 0.01dB<\/li>\n<li class=\"ewa-rteLine\">Depender del soporte t\u00e9cnico local para garantizar una resoluci\u00f3n r\u00e1pida<\/li>\n<\/ul>\n<\/div>\n","protected":false},"featured_media":153144,"template":"","meta":{"_acf_changed":false,"inline_featured_image":false,"_glsr_average":0,"_glsr_ranking":0,"_glsr_reviews":0},"product_brand":[],"product_cat":[493,2936,2884],"product_tag":[2923],"woo-feed-brand":[],"class_list":{"0":"post-132185","1":"product","2":"type-product","3":"status-publish","4":"has-post-thumbnail","6":"product_cat-comprobador-de-fibra","7":"product_cat-empalmadores-de-fusion","8":"product_cat-funciones-de-promociones","9":"product_tag-fibermaster-fusion-splicers-es","11":"first","12":"instock","13":"taxable","14":"shipping-taxable","15":"product-type-grouped","16":"add-to-wishlist-before_image"},"acf":[],"_links":{"self":[{"href":"https:\/\/www.trend-networks.com\/es\/wp-json\/wp\/v2\/product\/132185","targetHints":{"allow":["GET"]}}],"collection":[{"href":"https:\/\/www.trend-networks.com\/es\/wp-json\/wp\/v2\/product"}],"about":[{"href":"https:\/\/www.trend-networks.com\/es\/wp-json\/wp\/v2\/types\/product"}],"wp:featuredmedia":[{"embeddable":true,"href":"https:\/\/www.trend-networks.com\/es\/wp-json\/wp\/v2\/media\/153144"}],"wp:attachment":[{"href":"https:\/\/www.trend-networks.com\/es\/wp-json\/wp\/v2\/media?parent=132185"}],"wp:term":[{"taxonomy":"product_brand","embeddable":true,"href":"https:\/\/www.trend-networks.com\/es\/wp-json\/wp\/v2\/product_brand?post=132185"},{"taxonomy":"product_cat","embeddable":true,"href":"https:\/\/www.trend-networks.com\/es\/wp-json\/wp\/v2\/product_cat?post=132185"},{"taxonomy":"product_tag","embeddable":true,"href":"https:\/\/www.trend-networks.com\/es\/wp-json\/wp\/v2\/product_tag?post=132185"},{"taxonomy":"woo-feed-brand","embeddable":true,"href":"https:\/\/www.trend-networks.com\/es\/wp-json\/wp\/v2\/woo-feed-brand?post=132185"}],"curies":[{"name":"wp","href":"https:\/\/api.w.org\/{rel}","templated":true}]}}