{"id":129699,"date":"2024-07-24T15:10:26","date_gmt":"2024-07-24T14:10:26","guid":{"rendered":"https:\/\/www.trend-networks.com\/?post_type=product&#038;p=129699"},"modified":"2024-07-29T10:13:50","modified_gmt":"2024-07-29T09:13:50","slug":"lantek-sonda-inspeccion-de-video-para-prueba-fibra-optica","status":"publish","type":"product","link":"https:\/\/www.trend-networks.com\/es\/producto\/lantek-sonda-inspeccion-de-video-para-prueba-fibra-optica\/","title":{"rendered":"LanTEK sonda inspecci\u00f3n de v\u00eddeo para prueba Fibra \u00d3ptica"},"content":{"rendered":"","protected":false},"excerpt":{"rendered":"<table width=\"1111\">\n<tbody>\n<tr>\n<td width=\"1111\">sonda inspecci\u00f3n de v\u00eddeo para prueba Fibra \u00d3ptica con conector USB para certificadores LanTEK IV. Incluye tips para inspecci\u00f3n de conectores de 2.5mm y 1.25mm\u00a0 no instalados en el panel\/acoplador\/cabezal.<\/td>\n<\/tr>\n<\/tbody>\n<\/table>\n","protected":false},"featured_media":129717,"template":"","meta":{"_acf_changed":false,"inline_featured_image":false,"_glsr_average":0,"_glsr_ranking":0,"_glsr_reviews":0},"product_brand":[],"product_cat":[465],"product_tag":[2822],"woo-feed-brand":[],"class_list":{"0":"post-129699","1":"product","2":"type-product","3":"status-publish","4":"has-post-thumbnail","6":"product_cat-accesorios","7":"product_tag-lantek-iv-s-es","9":"first","10":"instock","11":"taxable","12":"shipping-taxable","13":"purchasable","14":"product-type-simple","15":"add-to-wishlist-before_image"},"acf":[],"_links":{"self":[{"href":"https:\/\/www.trend-networks.com\/es\/wp-json\/wp\/v2\/product\/129699","targetHints":{"allow":["GET"]}}],"collection":[{"href":"https:\/\/www.trend-networks.com\/es\/wp-json\/wp\/v2\/product"}],"about":[{"href":"https:\/\/www.trend-networks.com\/es\/wp-json\/wp\/v2\/types\/product"}],"wp:featuredmedia":[{"embeddable":true,"href":"https:\/\/www.trend-networks.com\/es\/wp-json\/wp\/v2\/media\/129717"}],"wp:attachment":[{"href":"https:\/\/www.trend-networks.com\/es\/wp-json\/wp\/v2\/media?parent=129699"}],"wp:term":[{"taxonomy":"product_brand","embeddable":true,"href":"https:\/\/www.trend-networks.com\/es\/wp-json\/wp\/v2\/product_brand?post=129699"},{"taxonomy":"product_cat","embeddable":true,"href":"https:\/\/www.trend-networks.com\/es\/wp-json\/wp\/v2\/product_cat?post=129699"},{"taxonomy":"product_tag","embeddable":true,"href":"https:\/\/www.trend-networks.com\/es\/wp-json\/wp\/v2\/product_tag?post=129699"},{"taxonomy":"woo-feed-brand","embeddable":true,"href":"https:\/\/www.trend-networks.com\/es\/wp-json\/wp\/v2\/woo-feed-brand?post=129699"}],"curies":[{"name":"wp","href":"https:\/\/api.w.org\/{rel}","templated":true}]}}