{"id":111626,"date":"2023-06-21T15:36:15","date_gmt":"2023-06-21T14:36:15","guid":{"rendered":"https:\/\/www.trend-networks.com\/?post_type=product&#038;p=111626"},"modified":"2023-07-11T12:24:02","modified_gmt":"2023-07-11T11:24:02","slug":"vdv-ii-pro-2","status":"publish","type":"product","link":"https:\/\/www.trend-networks.com\/es\/producto\/vdv-ii-pro-2\/","title":{"rendered":"VDV II PRO"},"content":{"rendered":"","protected":false},"excerpt":{"rendered":"<p><strong>Todas las caracter\u00edsticas de los modelos VDV II Plus y&#8230;<\/strong><\/p>\n<ul>\n<li>10M\/100M\/1G\/2.5G\/5G\/10G Ethernet Detecci\u00f3n de velocidad<\/li>\n<li>Distancia a Abierto \/ Corto (TDR)<\/li>\n<li>Detecci\u00f3n de PoE con tensi\u00f3n por par<\/li>\n<li>Detecci\u00f3n de Servicio Telef\u00f3nico Anal\u00f3gico y Digital<\/li>\n<li>Generador de tonos anal\u00f3gicos\/digitales<\/li>\n<li>Funcionamiento seleccionable de 4 pares\/2 pares para cableado est\u00e1ndar e industrial<\/li>\n<\/ul>\n","protected":false},"featured_media":111512,"template":"","meta":{"_acf_changed":false,"inline_featured_image":false,"_glsr_average":0,"_glsr_ranking":0,"_glsr_reviews":0},"product_brand":[],"product_cat":[478],"product_tag":[2502],"woo-feed-brand":[],"class_list":{"0":"post-111626","1":"product","2":"type-product","3":"status-publish","4":"has-post-thumbnail","6":"product_cat-comprobadores-de-cobre","7":"product_tag-vdv-ii-es","9":"first","10":"instock","11":"taxable","12":"shipping-taxable","13":"purchasable","14":"product-type-simple","15":"add-to-wishlist-before_image"},"acf":[],"_links":{"self":[{"href":"https:\/\/www.trend-networks.com\/es\/wp-json\/wp\/v2\/product\/111626","targetHints":{"allow":["GET"]}}],"collection":[{"href":"https:\/\/www.trend-networks.com\/es\/wp-json\/wp\/v2\/product"}],"about":[{"href":"https:\/\/www.trend-networks.com\/es\/wp-json\/wp\/v2\/types\/product"}],"wp:featuredmedia":[{"embeddable":true,"href":"https:\/\/www.trend-networks.com\/es\/wp-json\/wp\/v2\/media\/111512"}],"wp:attachment":[{"href":"https:\/\/www.trend-networks.com\/es\/wp-json\/wp\/v2\/media?parent=111626"}],"wp:term":[{"taxonomy":"product_brand","embeddable":true,"href":"https:\/\/www.trend-networks.com\/es\/wp-json\/wp\/v2\/product_brand?post=111626"},{"taxonomy":"product_cat","embeddable":true,"href":"https:\/\/www.trend-networks.com\/es\/wp-json\/wp\/v2\/product_cat?post=111626"},{"taxonomy":"product_tag","embeddable":true,"href":"https:\/\/www.trend-networks.com\/es\/wp-json\/wp\/v2\/product_tag?post=111626"},{"taxonomy":"woo-feed-brand","embeddable":true,"href":"https:\/\/www.trend-networks.com\/es\/wp-json\/wp\/v2\/woo-feed-brand?post=111626"}],"curies":[{"name":"wp","href":"https:\/\/api.w.org\/{rel}","templated":true}]}}