{"id":111586,"date":"2023-06-19T09:40:32","date_gmt":"2023-06-19T08:40:32","guid":{"rendered":"https:\/\/www.trend-networks.com\/?post_type=product&#038;p=111586"},"modified":"2026-04-01T10:58:33","modified_gmt":"2026-04-01T09:58:33","slug":"vdv-ii-cable-verifier-2","status":"publish","type":"product","link":"https:\/\/www.trend-networks.com\/es\/producto\/vdv-ii-cable-verifier-2\/","title":{"rendered":"VDV II"},"content":{"rendered":"","protected":false},"excerpt":{"rendered":"<ul>\n<li>Conectores coaxiales (tipo F), de 6 patillas (RJ11\/12) y de 8 patillas (RJ45)<\/li>\n<li>Pruebas de cables err\u00f3neos, abiertos, cortocircuitos y pares divididos<\/li>\n<li>Pruebas de cableado UTP y STP<\/li>\n<li>Generador de tonos anal\u00f3gicos<\/li>\n<li>Protecci\u00f3n de tensi\u00f3n<\/li>\n<li>Resultados instant\u00e1neos<\/li>\n<li>Compatible con remotos numerados opcionales<\/li>\n<li><strong>Conectividad con la nube AnyWARE y generaci\u00f3n de informes a trav\u00e9s de la aplicaci\u00f3n AnyWARE (NUEVA funci\u00f3n)<\/strong><\/li>\n<\/ul>\n","protected":false},"featured_media":152884,"template":"","meta":{"_acf_changed":false,"inline_featured_image":false,"_glsr_average":0,"_glsr_ranking":0,"_glsr_reviews":0},"product_brand":[],"product_cat":[478],"product_tag":[2502],"woo-feed-brand":[],"class_list":{"0":"post-111586","1":"product","2":"type-product","3":"status-publish","4":"has-post-thumbnail","6":"product_cat-comprobadores-de-cobre","7":"product_tag-vdv-ii-es","9":"first","10":"instock","11":"sale","12":"taxable","13":"shipping-taxable","14":"purchasable","15":"product-type-simple","16":"add-to-wishlist-before_image"},"acf":[],"_links":{"self":[{"href":"https:\/\/www.trend-networks.com\/es\/wp-json\/wp\/v2\/product\/111586","targetHints":{"allow":["GET"]}}],"collection":[{"href":"https:\/\/www.trend-networks.com\/es\/wp-json\/wp\/v2\/product"}],"about":[{"href":"https:\/\/www.trend-networks.com\/es\/wp-json\/wp\/v2\/types\/product"}],"wp:featuredmedia":[{"embeddable":true,"href":"https:\/\/www.trend-networks.com\/es\/wp-json\/wp\/v2\/media\/152884"}],"wp:attachment":[{"href":"https:\/\/www.trend-networks.com\/es\/wp-json\/wp\/v2\/media?parent=111586"}],"wp:term":[{"taxonomy":"product_brand","embeddable":true,"href":"https:\/\/www.trend-networks.com\/es\/wp-json\/wp\/v2\/product_brand?post=111586"},{"taxonomy":"product_cat","embeddable":true,"href":"https:\/\/www.trend-networks.com\/es\/wp-json\/wp\/v2\/product_cat?post=111586"},{"taxonomy":"product_tag","embeddable":true,"href":"https:\/\/www.trend-networks.com\/es\/wp-json\/wp\/v2\/product_tag?post=111586"},{"taxonomy":"woo-feed-brand","embeddable":true,"href":"https:\/\/www.trend-networks.com\/es\/wp-json\/wp\/v2\/woo-feed-brand?post=111586"}],"curies":[{"name":"wp","href":"https:\/\/api.w.org\/{rel}","templated":true}]}}