{"id":67516,"date":"2021-05-26T09:44:23","date_gmt":"2021-05-26T08:44:23","guid":{"rendered":"https:\/\/www.trend-networks.com\/learning-hub\/articles\/"},"modified":"2021-08-24T12:13:36","modified_gmt":"2021-08-24T11:13:36","slug":"articles","status":"publish","type":"page","link":"https:\/\/www.trend-networks.com\/es\/learning-hub\/articles\/","title":{"rendered":"Articles"},"content":{"rendered":"\n<h1 class=\"wp-block-heading\">Articles<\/h1>\n\n\n\n        <\/div>\n    <\/div>\n<\/section>\n\n<section   class=\"in__latest-navigation fullwidth-menu\">\n    <div class=\"menu-learning-hub-menu-es-container\"><ul id=\"menu-learning-hub-menu-es\" class=\"menu\"><li id=\"menu-item-67547\" class=\"menu-item menu-item-type-post_type menu-item-object-page menu-item-67547\"><a href=\"https:\/\/www.trend-networks.com\/es\/learning-hub\/videos\/\">Videos<\/a><\/li>\n<li id=\"menu-item-67546\" class=\"menu-item menu-item-type-post_type menu-item-object-page menu-item-67546\"><a href=\"https:\/\/www.trend-networks.com\/es\/learning-hub\/white-papers\/\">Publicaciones T\u00e9cnicas<\/a><\/li>\n<li id=\"menu-item-67548\" class=\"menu-item menu-item-type-post_type menu-item-object-page menu-item-67548\"><a href=\"https:\/\/www.trend-networks.com\/es\/learning-hub\/articles\/\">Articles<\/a><\/li>\n<\/ul><\/div><\/section>\n\n<section class=\"grid-container section\">\n    <div class=\"grid-x\">\n        <div class=\"small-12 medium-12 large-12 cell inner-content\">\n\n\n\n\n<section  class=\"trend-downloads-hub\">\n    <div id=\"downloads-filter-results\" class=\"grid-x\">\n        <div class=\"in__sidebar-title\">\n            <button id=\"in__section_download_sidebar_toggle\"><h3>Filtrar<\/h3><\/button>\n        <\/div>\n        <div id=\"sidebar\" class=\"cell large-3\">\n            <div id=\"in__sidebar-title\">\n                <h3>Filtrar<\/h3>                <p><button id=\"in__section_download_sidebar_close\">Close<\/button><\/p>\n            <\/div>\n            <div class=\"in__filter-sidebar\">\n                <form action=\"\" method=\"get\" class=\"alm-filters-container\"><div class=\"alm-filter open\"><div class=\"alm-filter--title\"><h3>Producto<\/h3><\/div><ul><li><input type=\"radio\" value=\"\" name=\"product_tag\" id=\"all_products\"\/><label for=\"all_products\">Todos<\/label><\/li><li class=\"alm-filter--checkbox\"><input type=\"radio\" id=\"lantek-iv-s-es\" name=\"product_tag\" value=\"lantek-iv-s-es\"  data-pr-id=\"2817\" data-pr-count=\"2\"\/><label for=\"lantek-iv-s-es\" class=\"\">LanTEK IV-S<\/label><\/li><li class=\"alm-filter--checkbox\"><input type=\"radio\" id=\"signaltek-10g-es\" name=\"product_tag\" value=\"signaltek-10g-es\"  data-pr-id=\"2742\" data-pr-count=\"1\"\/><label for=\"signaltek-10g-es\" class=\"\">SignalTEK 10G<\/label><\/li><\/ul><\/div><div class=\"alm-filter open\"><div class=\"alm-filter--title\"><h3>Idioma<\/h3><\/div><ul><li class=\"reset-field\"><input type=\"radio\" value=\"\" name=\"language\" id=\"all_lang\"\/><label for=\"all_lang\">Todos<\/label><\/li><li class=\"alm-filter--checkbox\"><input type=\"radio\" name=\"language\" id=\"american-english\" value=\"american-english\" \/><label for=\"american-english\" class=\"\">American (English)<\/label><\/li><li class=\"alm-filter--checkbox\"><input type=\"radio\" name=\"language\" id=\"australia\" value=\"australia\" \/><label for=\"australia\" class=\"\">Australia<\/label><\/li><li class=\"alm-filter--checkbox\"><input type=\"radio\" name=\"language\" id=\"australian-english\" value=\"australian-english\" \/><label for=\"australian-english\" class=\"\">Australian (English)<\/label><\/li><li class=\"alm-filter--checkbox\"><input type=\"radio\" name=\"language\" id=\"canada\" value=\"canada\" \/><label for=\"canada\" class=\"\">Canada<\/label><\/li><li class=\"alm-filter--checkbox\"><input type=\"radio\" name=\"language\" id=\"canadian-english\" value=\"canadian-english\" \/><label for=\"canadian-english\" class=\"\">Canadian (English)<\/label><\/li><li class=\"alm-filter--checkbox\"><input type=\"radio\" name=\"language\" id=\"chinese\" value=\"chinese\" \/><label for=\"chinese\" class=\"\">Chinese<\/label><\/li><li class=\"alm-filter--checkbox\"><input type=\"radio\" name=\"language\" id=\"english\" value=\"english\" \/><label for=\"english\" class=\"\">English<\/label><\/li><li class=\"alm-filter--checkbox\"><input type=\"radio\" name=\"language\" id=\"french\" value=\"french\" \/><label for=\"french\" class=\"\">French<\/label><\/li><li class=\"alm-filter--checkbox\"><input type=\"radio\" name=\"language\" id=\"german\" value=\"german\" \/><label for=\"german\" class=\"\">German<\/label><\/li><li class=\"alm-filter--checkbox\"><input type=\"radio\" name=\"language\" id=\"spanish\" value=\"spanish\" checked=\"checked\"\/><label for=\"spanish\" class=\"\">Spanish<\/label><\/li><li class=\"alm-filter--checkbox\"><input type=\"radio\" name=\"language\" id=\"united-kingdom\" value=\"united-kingdom\" \/><label for=\"united-kingdom\" class=\"\">United kingdom<\/label><\/li><li class=\"alm-filter--checkbox\"><input type=\"radio\" name=\"language\" id=\"united-states\" value=\"united-states\" \/><label for=\"united-states\" class=\"\">United States<\/label><\/li><\/ul><\/div><div><button type=\"button\" value=\"Reset\" class=\"btn blue in__reset-download-filters\">Reiniciar<\/button><\/div><\/form>\t\t\t<\/div>\n        <\/div>\n        <div class=\"cell large-9\">\n            <!--\u00bfVA A FUNCIONAR EL MULTIGIG? DOS FORMAS DE COMPROBARLO--><!--C\u00d3MO CONFIGURAR R\u00c1PIDAMENTE SU CERTIFICADOR DE CABLE LANTEK IV--><div class=\"in__document-grid\"><ul class=\"alm-paging-content\"><li class=\"in__download-grid-item no-img article \"><a href=\"https:\/\/www.trend-networks.com\/es\/va-a-funcionar-el-multigig-dos-formas-de-comprobarlo\"  title=\"\u00bfVA A FUNCIONAR EL MULTIGIG? DOS FORMAS DE COMPROBARLO\" target=\"_blank\" aria-label=\"\u00bfVA A FUNCIONAR EL MULTIGIG? DOS FORMAS DE COMPROBARLO\"><div class=\"in__download-grid-item-thumb article \" ><\/div><h3 class=\"in__download-grid-item-title\">\u00bfVA A FUNCIONAR EL MULTIGIG? DOS FORMAS DE COMPROBARLO<\/h3><div class=\"\"><span>Ver Article <\/span><\/div><\/a><\/li><li class=\"in__download-grid-item no-img article \"><a href=\"https:\/\/www.trend-networks.com\/es\/como-configurar-rapidamente-su-certificador-de-cable-lantek-iv\"  title=\"C\u00d3MO CONFIGURAR R\u00c1PIDAMENTE SU CERTIFICADOR DE CABLE LANTEK IV\" target=\"_blank\" aria-label=\"C\u00d3MO CONFIGURAR R\u00c1PIDAMENTE SU CERTIFICADOR DE CABLE LANTEK IV\"><div class=\"in__download-grid-item-thumb article \" ><\/div><h3 class=\"in__download-grid-item-title\">C\u00d3MO CONFIGURAR R\u00c1PIDAMENTE SU CERTIFICADOR DE CABLE LANTEK IV<\/h3><div class=\"\"><span>Ver Article <\/span><\/div><\/a><\/li><\/ul><\/div>        <\/div>\n    <\/div>\n<\/section>\n\n\n<div class=\"wp-block-group\"><div class=\"wp-block-group__inner-container is-layout-flow wp-block-group-is-layout-flow\">\n<div style=\"height:60px\" aria-hidden=\"true\" class=\"wp-block-spacer\"><\/div>\n\n\n\n\n\n<h2 class=\"has-text-align-center in__fullwidth-tag-line wp-block-heading\">NUESTRA PROMESA<\/h2>\n\n\n\n<p class=\"has-text-align-center has-trend-dark-blue-color has-text-color\"><strong>Promesa de Soporte de por Vida <\/strong> \u2013 continuaremos calibrando y reparando los equipos de medida que nos compre durante el per\u00edodo que usted los utilice.*<\/p>\n\n\n\n<p class=\"has-text-align-center has-trend-dark-blue-color has-text-color\"><strong>Dependa de Nuestros Datos <\/strong> \u2013 TREND AnyWARE Cloud es el \u00fanico sistema para certificaci\u00f3n de cables y medici\u00f3n de redes activas y de ancho de banda.<\/p>\n\n\n\n<p class=\"has-text-align-center has-trend-dark-blue-color has-text-color\"><strong>Servicios R\u00e1pidos<\/strong> \u2013 si no podemos responder a su llamada a Soporte T\u00e9cnico de inmediato, nuestra meta es retornar su solicitud en 2 horas dentro del horario comercial.**<\/p>\n\n\n\n<div style=\"height:30px\" aria-hidden=\"true\" class=\"wp-block-spacer\"><\/div>\n\n\n\n<div class=\"wp-block-buttons is-horizontal is-content-justification-center is-layout-flex wp-container-core-buttons-is-layout-499968f5 wp-block-buttons-is-layout-flex\">\n<div class=\"wp-block-button\"><a class=\"wp-block-button__link\" href=\" https:\/\/www.trend-networks.com\/es\/notre-promesse\/\">Aprende M\u00e1s<\/a><\/div>\n<\/div>\n<\/div><\/div>\n\n\n\n        <\/div>\n    <\/div>\n<\/section>\n\n<section class=\"in__cta-test4less learning-hub-cta trend-standard-block fadein slideup\">\n\n    \n    \n    <div class=\"grid-container\">\n        <div class=\"grid-x\">\n                            \n                                                            \n                    \n                                                            <div class=\"cell medium-6 padded \" style=\"background-image:url(https:\/\/www.trend-networks.com\/wp-content\/uploads\/2019\/03\/test4less-background.jpg);\">\n                                                <p style=\"font-size: 18px; font-weight: bold; color: #73797d; text-align: left;\">Si compra tres certificadores o m\u00e1s, reduzca el precio con nuestra exclusiva opci\u00f3n de pago por uso<\/p>\n<h1>Save more with<\/h1>\n                                                <img decoding=\"async\" src=\"https:\/\/www.trend-networks.com\/wp-content\/uploads\/2019\/06\/test4less-logo-homepage-2.png\" alt=\"\" title=\"\">                                                                        <div class=\"button-wrap\"><a class=\"button button-one\" href=\"https:\/\/www.trend-networks.com\/es\/test4less\/\" target=\"_self\">Aprende m\u00e1s<\/a><\/div>                    <\/div>\n                    \n                \n                                                            \n                    \n                                                            <div class=\"cell medium-6 padded \" style=\"background-image:url(https:\/\/www.trend-networks.com\/wp-content\/uploads\/2021\/03\/Used-tester-CTA-1.jpg);\">\n                                                <h2>Equipos de medida usados<\/h2>\n                                                                                                                        <div class=\"button-wrap\"><a class=\"button button-one\" href=\"\/product-category\/used-testers\/\" target=\"_self\">Aprende m\u00e1s<\/a><\/div>                    <\/div>\n                    \n                   \n                    <\/div>\n    <\/div>\n\n<\/section>\n\n<section class=\"grid-container section\">\n    <div class=\"grid-x\">\n        <div class=\"small-12 medium-12 large-12 cell inner-content\">\n\n\n\n        <\/div>\n    <\/div>\n<\/section>\n\n<section id=\"trend-about-latest\" class=\"in__cta-footer trend-standard-block fadein slideup\">\n\n    \n    \n    <div class=\"grid-container fluid\">\n        <div class=\"grid-x\">\n                            \n                                                            \n                    \n                                                            <div class=\"cell medium-6 padded \" style=\"background-color:#f5f5f5;\">\n                                                <h2>Acerca de TREND Networks<\/h2>\n                                                                                                                        <div class=\"button-wrap\"><a class=\"button button-one\" href=\"https:\/\/www.trend-networks.com\/es\/about-trend-networks\/\" target=\"_self\">Aprende m\u00e1s<\/a><\/div>                    <\/div>\n                    \n                \n                                                            \n                    \n                                                            <div class=\"cell medium-6 padded  background-dark\" style=\"background-color:#1c408c;\">\n                                                <h2>\u00daltimas noticias<\/h2>\n                                                                                                                        <div class=\"button-wrap\"><a class=\"button button-one\" href=\"https:\/\/www.trend-networks.com\/es\/latest\/\" target=\"_self\">Lee mas<\/a><\/div>                    <\/div>\n                    \n                   \n                    <\/div>\n    <\/div>\n\n<\/section>\n\n<section class=\"grid-container section\">\n    <div class=\"grid-x\">\n        <div class=\"small-12 medium-12 large-12 cell inner-content\">\n","protected":false},"excerpt":{"rendered":"<p>Articles<\/p>\n","protected":false},"author":1,"featured_media":0,"parent":67458,"menu_order":4,"comment_status":"closed","ping_status":"closed","template":"","meta":{"_acf_changed":false,"inline_featured_image":false,"_glsr_average":0,"_glsr_ranking":0,"_glsr_reviews":0,"footnotes":""},"class_list":["post-67516","page","type-page","status-publish","hentry"],"acf":[],"_links":{"self":[{"href":"https:\/\/www.trend-networks.com\/es\/wp-json\/wp\/v2\/pages\/67516","targetHints":{"allow":["GET"]}}],"collection":[{"href":"https:\/\/www.trend-networks.com\/es\/wp-json\/wp\/v2\/pages"}],"about":[{"href":"https:\/\/www.trend-networks.com\/es\/wp-json\/wp\/v2\/types\/page"}],"author":[{"embeddable":true,"href":"https:\/\/www.trend-networks.com\/es\/wp-json\/wp\/v2\/users\/1"}],"replies":[{"embeddable":true,"href":"https:\/\/www.trend-networks.com\/es\/wp-json\/wp\/v2\/comments?post=67516"}],"version-history":[{"count":0,"href":"https:\/\/www.trend-networks.com\/es\/wp-json\/wp\/v2\/pages\/67516\/revisions"}],"up":[{"embeddable":true,"href":"https:\/\/www.trend-networks.com\/es\/wp-json\/wp\/v2\/pages\/67458"}],"wp:attachment":[{"href":"https:\/\/www.trend-networks.com\/es\/wp-json\/wp\/v2\/media?parent=67516"}],"curies":[{"name":"wp","href":"https:\/\/api.w.org\/{rel}","templated":true}]}}