{"id":52916,"date":"2019-03-13T10:22:29","date_gmt":"2019-03-13T10:22:29","guid":{"rendered":"https:\/\/www.trend-networks.com\/support\/care-plan\/"},"modified":"2024-10-28T12:58:57","modified_gmt":"2024-10-28T12:58:57","slug":"plan-de-mantenimiento-sapphire","status":"publish","type":"page","link":"https:\/\/www.trend-networks.com\/es\/support\/plan-de-mantenimiento-sapphire\/","title":{"rendered":"Plan de mantenimiento Sapphire"},"content":{"rendered":"\n        <\/div>\n    <\/div>\n<\/section>\n\n<section class=\"in__sapphire-header trend-standard-block fadein slideup padded background-colour\" style=\"background-color:#f5f5f5;\">\n\n    \n    \n    <div class=\"grid-container\">\n        <div class=\"grid-x\">\n                            \n                                                            \n                    \n                                                            <div class=\"cell medium-12\">\n                                                <h1>PLAN DE MANTENIMIENTO SAPPHIRE<\/h1>\n<h2>PROTECCI\u00d3N COMPLETA PARA SU CERTIFICADOR DE CABLE LANTEK\u00ae Y FIBERTEK\u00ae<\/h2>\n<p>El nuevo plan de mantenimiento Sapphire para certificadores de cables LanTEK\u00ae y FiberTEK\u00ae est\u00e1 dise\u00f1ado para contribuir a minimizar el tiempo de inactividad, reducir el coste de propiedad y proteger contra facturas imprevistas de reparaci\u00f3n.<\/p>\n                                                                                                                                            <\/div>\n                    \n                   \n                    <\/div>\n    <\/div>\n\n<\/section>\n\n<section class=\"grid-container section\">\n    <div class=\"grid-x\">\n        <div class=\"small-12 medium-12 large-12 cell inner-content\">\n\n\n\n        <\/div>\n    <\/div>\n<\/section>\n\n<section class=\"in__sapphire-feature trend-standard-block fadein slideup padded\">\n\n    \n    \n    <div class=\"grid-container\">\n        <div class=\"grid-x\">\n                            \n                                                            \n                    \n                                                            <div class=\"cell large-6\">\n                                                <p><img decoding=\"async\" class=\"size-full wp-image-4807 alignleft\" src=\"https:\/\/www.trend-networks.com\/wp-content\/uploads\/2019\/04\/calibration.png\" alt=\"\" width=\"128\" height=\"128\" srcset=\"https:\/\/www.trend-networks.com\/wp-content\/uploads\/2019\/04\/calibration.png 128w, https:\/\/www.trend-networks.com\/wp-content\/uploads\/2019\/04\/calibration-100x100.png 100w\" sizes=\"(max-width: 128px) 100vw, 128px\" title=\"\"><\/p>\n<h2>CALIBRACI\u00d3N ANUAL GRATUITA<\/h2>\n<h4>CONSERVE LA PRECISI\u00d3N<\/h4>\n<p>Los certificadores de cables requieren calibraci\u00f3n cada 12 meses para garantizar que las mediciones sean precisas y cumplan con las normas t\u00e9cnicas internacionales, ISO IEC 61935-1 y TIA 1152. Calibraremos el certificador sin coste adicional y realizaremos cualquier actualizaci\u00f3n de software y firmware que sea necesaria.<\/p>\n                                                                                                                                            <\/div>\n                    \n                \n                                                            \n                    \n                                                            <div class=\"cell large-6\">\n                                                <p><img decoding=\"async\" class=\"alignleft size-full wp-image-4816\" src=\"https:\/\/www.trend-networks.com\/wp-content\/uploads\/2019\/04\/repair.png\" alt=\"\" width=\"128\" height=\"128\" srcset=\"https:\/\/www.trend-networks.com\/wp-content\/uploads\/2019\/04\/repair.png 128w, https:\/\/www.trend-networks.com\/wp-content\/uploads\/2019\/04\/repair-100x100.png 100w\" sizes=\"(max-width: 128px) 100vw, 128px\" title=\"\"><\/p>\n<h2>REPARACIONES GRATUITAS<\/h2>\n<h4>A SALVO DE FACTURAS IMPREVISTAS<\/h4>\n<p>El plan de mantenimiento Sapphire cubre las reparaciones est\u00e1ndar del certificador y todos los accesorios.<\/p>\n                                                                                                                                            <\/div>\n                    \n                   \n                    <\/div>\n    <\/div>\n\n<\/section>\n\n<section class=\"grid-container section\">\n    <div class=\"grid-x\">\n        <div class=\"small-12 medium-12 large-12 cell inner-content\">\n\n\n\n        <\/div>\n    <\/div>\n<\/section>\n\n<section class=\"technical-support trend-standard-block fadein slideup padded background-colour background-dark\" style=\"background-color:#1c408c;\">\n\n    \n    \n    <div class=\"grid-container\">\n        <div class=\"grid-x\">\n                            \n                                                            \n                    \n                                                            <div class=\"cell medium-12\">\n                                                <h2 class=\"et_pb_module_header\" style=\"text-align: center;\"><strong>FORMACI\u00d3N Y SOPORTE T\u00c9CNICO GRATUITOS<\/strong><\/h2>\n<p style=\"text-align: center; font-size: 18px;\">Nuestros expertos t\u00e9cnicos imparten formaci\u00f3n en l\u00ednea y prestan soporte t\u00e9cnico, de forma gratuita. P\u00f3ngase en contacto con nosotros en el +44 (0)1925 444 446 e indique su n\u00famero de certificado del Plan de mantenimiento Sapphire.<\/p>\n                                                                                                                                            <\/div>\n                    \n                   \n                    <\/div>\n    <\/div>\n\n<\/section>\n\n<section class=\"grid-container section\">\n    <div class=\"grid-x\">\n        <div class=\"small-12 medium-12 large-12 cell inner-content\">\n\n\n\n        <\/div>\n    <\/div>\n<\/section>\n\n<section class=\"in__sapphire-feature centred trend-standard-block fadein slideup padded\">\n\n    \n    \n    <div class=\"grid-container\">\n        <div class=\"grid-x\">\n                            \n                                                            \n                    \n                                                            <div class=\"cell large-6\">\n                                                <p><img decoding=\"async\" class=\"size-full wp-image-4807 aligncenter\" src=\"https:\/\/www.trend-networks.com\/wp-content\/uploads\/2019\/04\/shipping.png\" alt=\"\" width=\"128\" height=\"128\" title=\"\"><\/p>\n<h3 style=\"text-align: center;\"><strong>ENV\u00cdOS GRATUITOS<\/strong><\/h3>\n<h4 style=\"text-align: center;\">REDUZCA COSTES<\/h4>\n<p style=\"text-align: center;\">Si su unidad LanTEK y FiberTEK precisa reparaci\u00f3n o calibraci\u00f3n, nosotros organizaremos la recogida en sus instalaciones y la entrega de devoluci\u00f3n, todo de forma gratuita.<\/p>\n                                                                                                                                            <\/div>\n                    \n                \n                                                            \n                    \n                                                            <div class=\"cell large-6\">\n                                                <p><img decoding=\"async\" class=\"aligncenter size-full wp-image-4816\" src=\"https:\/\/www.trend-networks.com\/wp-content\/uploads\/2019\/04\/replacement.png\" alt=\"\" width=\"128\" height=\"128\" title=\"\"><\/p>\n<h3 style=\"text-align: center;\"><strong>UNIDAD EN PR\u00c9STAMO GRATUITO DURANTE LAS REPARACIONES Y LA CALIBRACI\u00d3N<\/strong><\/h3>\n<h4 style=\"text-align: center;\">ADI\u00d3S A LOS TIEMPOS DE INACTIVIDAD<\/h4>\n<p style=\"text-align: center;\">En caso de que su LanTEK y FiberTEK necesite reparaci\u00f3n, se le enviar\u00e1 un comprobador de pr\u00e9stamo en el plazo de un d\u00eda h\u00e1bil desde que se notifique la aver\u00eda. En el caso de calibraciones, se suministra una unidad en pr\u00e9stamo para minimizar el tiempo de inactividad y mantener su negocio en funcionamiento. La unidad en pr\u00e9stamo se entrega antes de que se recoja su LanTEK y FiberTEK.<\/p>\n                                                                                                                                            <\/div>\n                    \n                   \n                    <\/div>\n    <\/div>\n\n<\/section>\n\n<section class=\"grid-container section\">\n    <div class=\"grid-x\">\n        <div class=\"small-12 medium-12 large-12 cell inner-content\">\n\n\n\n        <\/div>\n    <\/div>\n<\/section>\n\n<section class=\"replaceable-wear trend-standard-block fadein slideup padded background-colour\" style=\"background-color:#f5f5f5;\">\n\n    \n    \n    <div class=\"grid-container\">\n        <div class=\"grid-x\">\n                            \n                                                            \n                    \n                                                            <div class=\"cell medium-12\">\n                                                <p><img decoding=\"async\" class=\"size-full wp-image-4839 aligncenter\" src=\"https:\/\/www.trend-networks.com\/wp-content\/uploads\/2019\/04\/parts.png\" alt=\"\" width=\"128\" height=\"128\" srcset=\"https:\/\/www.trend-networks.com\/wp-content\/uploads\/2019\/04\/parts.png 128w, https:\/\/www.trend-networks.com\/wp-content\/uploads\/2019\/04\/parts-100x100.png 100w\" sizes=\"(max-width: 128px) 100vw, 128px\" title=\"\"><\/p>\n<h3 style=\"text-align: center;\"><strong>PIEZAS DE DESGASTE REEMPLAZABLES DE FORMA GRATUITA<\/strong><\/h3>\n<h4 style=\"text-align: center;\">REDUZCA EL COSTE DE PROPIEDAD<\/h4>\n<p>&nbsp;<\/p>\n                                                                                                                                            <\/div>\n                    \n                \n                                                            \n                    \n                                                            <div class=\"cell large-4\">\n                                                <p style=\"text-align: center;\">4 x puntas de repuesto LT III \/ IV-CAT6A PLA<br \/>\n2 x LT III-CAT6 \/ 5e Adaptador de canal RJ45<br \/>\n2 x LT III-CAT6A Adaptador de canal RJ45<br \/>\n4 x cable de conexi\u00f3n LTIII \/ IV-RJ45 a RJ45<br \/>\n2 x LT III \/ IV-Packs de bater\u00eda<br \/>\n2 x LT IV-CAT6A \/ 6 \/ 5e Adaptador de canal RJ45<br \/>\n2 x LT IV-Cat8.1 \/ 6A \/ 6 \/ 5e Adaptador de canal RJ45<br \/>\n1 x FT III \/ IV-Kit de cable SC \/ PC MM 50 \/ 125um<br \/>\n1 x FT III \/ IV-Kit de cable FC \/ PC MM 50 \/ 125um<br \/>\n1 x FT III \/ IV-Kit de cable ST \/ PC MM 50 \/ 125um<\/p>\n                                                                                                                                            <\/div>\n                    \n                \n                                                            \n                    \n                                                            <div class=\"cell large-4\">\n                                                <p style=\"text-align: center;\">1 x FT III \/ IV-LC 50 \/ 125um F \/ Cables y acopladores \u00f3pticos<br \/>\n1 x FT III \/ IV-Kit de cable SC \/ PC SM 9 \/ 125um<br \/>\n1 x FT III \/ IV-Kit de cable FC \/ PC SM 9 \/ 125um<br \/>\n1 x FT III \/ IV-LC 9 \/ 125um F \/ Cables y acopladores \u00f3pticos<br \/>\n1 x FT III \/ IV-Cable y kit de adaptador LC MM 50 \/125um<br \/>\n1 x FT III \/ IV-Cable y kit de adaptador LC SM 9 \/ 125um<br \/>\n1 x Adaptador FT III \/ IV-LC Rx para MM y SM<br \/>\n2 x LT IV-CAT6A Adaptador RJ45 VisiLINQ PL<br \/>\n2 x LT IV-CAT8.1 Adaptador RJ45 VisiLINQ PL<br \/>\n2 x Adaptador universal LT IV-Cat8.2 TERA<\/p>\n                                                                                                                                            <\/div>\n                    \n                \n                                                            \n                    \n                                                            <div class=\"cell large-4\">\n                                                <p style=\"text-align: center;\">2 x Adaptador universal LT IV-Cat8.2 GG45<br \/>\n2 x LT IV-Cat8.2 EC7 Adaptador universal<br \/>\n2 x LT IV-Cat5e \/ Clase D Cord\u00f3n de prueba \/ Prueba MPTL<br \/>\nR163058 2 x LT IV-Cat6 \/ Clase E Cord\u00f3n de parche \/ Prueba MPTL<br \/>\n2 x Adaptador de canal LT III-CAT7A TERA<br \/>\n2 x LT III-CAT7A EC7 Adaptador de canal<br \/>\n2 x LT III-CAT7A GG45 Adaptador de canal<br \/>\n2 x LT III-CAT7A GG45 Adaptador de canal<br \/>\n2 x Adaptador LT III-COAX<br \/>\n2 x LT III-CAT6A RJ45 Adaptador de enlace permanente<\/p>\n                                                                                                                                            <\/div>\n                    \n                   \n                    <\/div>\n    <\/div>\n\n<\/section>\n\n<section class=\"grid-container section\">\n    <div class=\"grid-x\">\n        <div class=\"small-12 medium-12 large-12 cell inner-content\">\n\n\n\n        <\/div>\n    <\/div>\n<\/section>\n\n<section class=\"pricing trend-standard-block fadein slideup padded\">\n\n    \n    \n    <div class=\"grid-container\">\n        <div class=\"grid-x\">\n                            \n                                                            \n                    \n                                                            <div class=\"cell large-6\">\n                                                <h3>PRECIOS<\/h3>\n<p>Obtenga un 10 % de descuento en el Plan de mantenimiento de Sapphire si lo adquiere en un plazo de 60 d\u00edas desde la compra de su unidad LanTEK y FiberTEK Consulte la pesta\u00f1a Accesorios para acceder a los n\u00fameros de pieza.<\/p>\n<p><img decoding=\"async\" class=\"alignleft size-full wp-image-66691\" src=\"https:\/\/www.trend-networks.com\/wp-content\/uploads\/2023\/01\/Trend-ES-1.png\" alt=\"Trend NETWORKS Sapphire Care Plan\" width=\"600\" height=\"338\" title=\"\"><\/p>\n                                                                                                                                            <\/div>\n                    \n                \n                                                            \n                    \n                                                            <div class=\"cell large-6\">\n                                                                                                <img decoding=\"async\" src=\"https:\/\/www.trend-networks.com\/wp-content\/uploads\/2023\/01\/Trend-ES-2.png\" alt=\"\" title=\"\">                                                                                            <\/div>\n                    \n                   \n                    <\/div>\n    <\/div>\n\n<\/section>\n\n<section class=\"grid-container section\">\n    <div class=\"grid-x\">\n        <div class=\"small-12 medium-12 large-12 cell inner-content\">\n\n\n\n        <\/div>\n    <\/div>\n<\/section>\n\n<section class=\"terms-exclusions trend-standard-block fadein slideup padded background-colour\" style=\"background-color:#f5f5f5;\">\n\n    \n    \n    <div class=\"grid-container\">\n        <div class=\"grid-x\">\n                            \n                                                            \n                    \n                                                            <div class=\"cell medium-12\">\n                                                <h2 class=\"et_pb_module_header\">T\u00c9RMINOS Y EXCLUSIONES<\/h2>\n<div class=\"et_pb_header_content_wrapper\">\n<ul>\n<li>Los primeros accesorios gratuitos se pueden reclamar en cualquier momento durante los primeros doce meses del Plan de mantenimiento Sapphire. Los accesorios no se pueden trasladar a los siguientes doce meses, y es responsabilidad del cliente reclamar los accesorios gratuitos.<\/li>\n<li>El cliente deber\u00e1 devolver los certificadores en pr\u00e9stamo en el plazo de una semana desde su recepci\u00f3n. Le rogamos que se ponga en contacto con el servicio de Atenci\u00f3n al Cliente para organizar la recogida de las unidades en pr\u00e9stamo. En caso contrario, al cliente le ser\u00e1 facturado el coste de sustituci\u00f3n \u00edntegro de estas.<\/li>\n<li>El cliente deber\u00e1 incluir todos los adaptadores de enlace permanente y de canal al enviar cualquier certificador para su calibraci\u00f3n.<\/li>\n<li>Unidades de calibraci\u00f3n en pr\u00e9stamo: Con el fin de garantizar que haya disponibilidad de unidades en pr\u00e9stamo, la calibraci\u00f3n deber\u00e1 programarse con una antelaci\u00f3n de seis (6) semanas respecto a la fecha de calibraci\u00f3n solicitada. Adem\u00e1s, la calibraci\u00f3n deber\u00e1 realizarse en un plazo de cuatro (4) semanas a contar desde la fecha de vencimiento de la calibraci\u00f3n. Si la calibraci\u00f3n se programa para una fecha fuera de este plazo, no hay garant\u00eda de disponibilidad de una unidad en pr\u00e9stamo.<\/li>\n<li>Las reparaciones gratuitas no est\u00e1n incluidas en caso de defectos derivados de uso y desgaste habituales o de da\u00f1os o negligencia intencionados.<\/li>\n<\/ul>\n<p>Para adquirir el Plan de mantenimiento Sapphire, p\u00f3ngase en contacto con el servicio de Atenci\u00f3n al Cliente o con un distribuidor autorizado. <a href=\"https:\/\/www.trend-networks.com\/wp-content\/uploads\/2022\/01\/Sapphire_Care_Plan_ES_DL6_rev8.pdf\">Haga clic<\/a> aqu\u00ed para descargar nuestro folleto, que incluye todos los detalles de\u00a0<a href=\"https:\/\/www.trend-networks.com\/es\/terms-and-conditions\/\">los t\u00e9rminos y condiciones<\/a>.<\/p>\n<h4 class=\"et_pb_toggle_title\">EXCLUSIONES<\/h4>\n<div class=\"et_pb_toggle_content clearfix\">\n<ul>\n<li>Defectos derivados del uso y desgaste habituales o de da\u00f1os o negligencia intencionados.<\/li>\n<\/ul>\n<\/div>\n<\/div>\n                                                                                                                                            <\/div>\n                    \n                   \n                    <\/div>\n    <\/div>\n\n<\/section>\n\n<section class=\"grid-container section\">\n    <div class=\"grid-x\">\n        <div class=\"small-12 medium-12 large-12 cell inner-content\">\n\n\n\n        <\/div>\n    <\/div>\n<\/section>\n\n<section class=\"learning-hub-cta trend-standard-block fadein slideup\">\n\n    \n    \n    <div class=\"grid-container fluid\">\n        <div class=\"grid-x\">\n                            \n                                                            \n                    \n                                                            <div class=\"cell medium-6 padded \" style=\"background-image:url(https:\/\/www.trend-networks.com\/wp-content\/uploads\/2021\/05\/Trend-Network-Learning-Hub.png);\">\n                                                <h1 class=\"trend-learning-hub\"><span class=\"trend\">TREND<\/span><span class=\"learning\">Aprendizaje <\/span> <span class=\"hub\">Centro de<\/span><\/h1>\n<p class=\"subhead\">VIDEOS, ART\u00cdCULOS T\u00c9CNICOS Y MAS<\/p>\n                                                                                                                        <div class=\"button-wrap\"><a class=\"button button-one\" href=\"https:\/\/www.trend-networks.com\/es\/learning-hub\/\" target=\"_self\">MAS INFO<\/a><\/div>                    <\/div>\n                    \n                \n                                                            \n                    \n                                                            <div class=\"cell medium-6 padded \" style=\"background-image:url(https:\/\/www.trend-networks.com\/wp-content\/uploads\/2021\/06\/signaltek-homepage-cta-esp.jpg);\">\n                                                <h2>ARR\u00c9GLELO R\u00c1PIDAMENTE CON SIGNALTEK 10G<\/h2>\n                                                                                                                        <div class=\"button-wrap\"><a class=\"button button-one\" href=\"https:\/\/www.trend-networks.com\/es\/producto\/signaltek-10g\/\" target=\"_self\">APRENDE M\u00c1S<\/a><\/div>                    <\/div>\n                    \n                   \n                    <\/div>\n    <\/div>\n\n<\/section>\n\n<section class=\"grid-container section\">\n    <div class=\"grid-x\">\n        <div class=\"small-12 medium-12 large-12 cell inner-content\">\n\n\n\n<p><\/p>\n","protected":false},"excerpt":{"rendered":"","protected":false},"author":1,"featured_media":0,"parent":34118,"menu_order":303,"comment_status":"closed","ping_status":"closed","template":"","meta":{"_acf_changed":false,"inline_featured_image":false,"_glsr_average":0,"_glsr_ranking":0,"_glsr_reviews":0,"footnotes":""},"class_list":["post-52916","page","type-page","status-publish","hentry"],"acf":[],"_links":{"self":[{"href":"https:\/\/www.trend-networks.com\/es\/wp-json\/wp\/v2\/pages\/52916","targetHints":{"allow":["GET"]}}],"collection":[{"href":"https:\/\/www.trend-networks.com\/es\/wp-json\/wp\/v2\/pages"}],"about":[{"href":"https:\/\/www.trend-networks.com\/es\/wp-json\/wp\/v2\/types\/page"}],"author":[{"embeddable":true,"href":"https:\/\/www.trend-networks.com\/es\/wp-json\/wp\/v2\/users\/1"}],"replies":[{"embeddable":true,"href":"https:\/\/www.trend-networks.com\/es\/wp-json\/wp\/v2\/comments?post=52916"}],"version-history":[{"count":13,"href":"https:\/\/www.trend-networks.com\/es\/wp-json\/wp\/v2\/pages\/52916\/revisions"}],"predecessor-version":[{"id":134051,"href":"https:\/\/www.trend-networks.com\/es\/wp-json\/wp\/v2\/pages\/52916\/revisions\/134051"}],"up":[{"embeddable":true,"href":"https:\/\/www.trend-networks.com\/es\/wp-json\/wp\/v2\/pages\/34118"}],"wp:attachment":[{"href":"https:\/\/www.trend-networks.com\/es\/wp-json\/wp\/v2\/media?parent=52916"}],"curies":[{"name":"wp","href":"https:\/\/api.w.org\/{rel}","templated":true}]}}