{"id":52907,"date":"2019-04-02T15:51:39","date_gmt":"2019-04-02T14:51:39","guid":{"rendered":"https:\/\/www.trend-networks.com\/?page_id=52907"},"modified":"2022-03-10T11:08:08","modified_gmt":"2022-03-10T11:08:08","slug":"planes-de-reparaciones-y-mantenimiento","status":"publish","type":"page","link":"https:\/\/www.trend-networks.com\/es\/support\/planes-de-reparaciones-y-mantenimiento\/","title":{"rendered":"Planes de Reparaciones y Mantenimiento"},"content":{"rendered":"\n<h1 class=\"wp-block-heading\">Planes de Reparaciones y Mantenimiento<\/h1>\n\n\n\n        <\/div>\n    <\/div>\n<\/section>\n\n<section   class=\"in__latest-navigation fullwidth-menu\">\n    <div class=\"menu-service-warranty-menu-es-container\"><ul id=\"menu-service-warranty-menu-es\" class=\"menu\"><li id=\"menu-item-52979\" class=\"menu-item menu-item-type-custom menu-item-object-custom menu-item-52979\"><a href=\"#warranty\">Garant\u00eda<\/a><\/li>\n<li id=\"menu-item-52980\" class=\"menu-item menu-item-type-custom menu-item-object-custom menu-item-52980\"><a href=\"#calibration\">Calibraci\u00f3n<\/a><\/li>\n<li id=\"menu-item-52981\" class=\"menu-item menu-item-type-custom menu-item-object-custom menu-item-52981\"><a href=\"#servicecentres\">Centros de Servicios (SAT)<\/a><\/li>\n<\/ul><\/div><\/section>\n\n<section class=\"grid-container section\">\n    <div class=\"grid-x\">\n        <div class=\"small-12 medium-12 large-12 cell inner-content\">\n\n\n\n\n        <\/div>\n    <\/div>\n<\/section>\n\n<section id=\"warranty\" class=\"trend-standard-block fadein slideup padded\">\n\n    \n    \n    <div class=\"grid-container\">\n        <div class=\"grid-x\">\n                            \n                                                            \n                    \n                                                            <div class=\"cell large-6\">\n                                                <h2>GARANT\u00cdA<\/h2>\n<p>Para ayudar a que usted est\u00e9 tranquilo\/a, todos los comprobadores se suministran con una garant\u00eda de un a\u00f1o.<\/p>\n<p>Para obtener informaci\u00f3n m\u00e1s detallada sobre nuestra pol\u00edtica de garant\u00eda, consulte nuestros\u00a0<a href=\"https:\/\/www.trend-networks.com\/es\/terms-and-conditions\/\">T\u00e9rminos y condiciones<\/a>.<\/p>\n<p>Si necesita m\u00e1s asesoramiento sobre nuestra pol\u00edtica de garant\u00eda o tiene una consulta general sobre la garant\u00eda, p\u00f3ngase en\u00a0<a href=\"https:\/\/www.trend-networks.com\/contact\/\">contacto con el servicio de Atenci\u00f3n al Cliente<\/a>.<\/p>\n<p>Es posible adquirir una garant\u00eda adicional de un (1)\u00a0a\u00f1o respecto de los comprobadores enumerados a continuaci\u00f3n, si bien es obligatorio adquirirla junto con la compra de estos. La garant\u00eda ampliada no cubre accesorios.<\/p>\n<p><strong>R153000W2<\/strong>: NaviTEK II con 2 a\u00f1os de garant\u00eda<br \/>\n<strong>R151000W2<\/strong>: NaviTEK II PLUS con 2 a\u00f1os de garant\u00eda<br \/>\n<strong>R151002W2<\/strong>: NaviTEK II PRO con 2 a\u00f1os de garant\u00eda<br \/>\n<strong>R156002W2<\/strong>: SignalTEK CT con 2 a\u00f1os de garant\u00eda<br \/>\n<strong>R156000W2<\/strong>\u00a0SignalTEK II con 2 a\u00f1os de garant\u00eda<br \/>\n<strong>R156001W2<\/strong>: SignalTEK II FO con 2 a\u00f1os de garant\u00eda<br \/>\n<strong>R150001W2<\/strong>: LanXPLORER PRO con 2 a\u00f1os de garant\u00eda<br \/>\n<strong>R152001W2<\/strong>: UniPRO MGig1 Solo con 2 a\u00f1os de garant\u00eda<br \/>\n<strong>R152002W2<\/strong>: UniPRO MGig1 Solo PLUS con 2 a\u00f1os de garant\u00eda<br \/>\n<strong>R152003W2<\/strong>: UniPRO MGig1 Solo PRO con 2 a\u00f1os de garant\u00eda<br \/>\n<strong>R152008W2<\/strong>: UniPRO MGig1 Duo con 2 a\u00f1os de garant\u00eda<br \/>\n<strong>R152009W2<\/strong>: UniPRO MGig1 Duo PLUS con 2 a\u00f1os de garant\u00eda<br \/>\n<strong>R152010W2<\/strong>: UniPRO MGig1 Duo PRO con 2 a\u00f1os de garant\u00eda<br \/>\n<strong>R154000W2<\/strong>: UniPRO SEL1 con 2 a\u00f1os de garant\u00eda<\/p>\n                                                                                                                                            <\/div>\n                    \n                \n                                                            \n                    \n                                                            <div class=\"cell auto\">\n                                                                                                <img decoding=\"async\" src=\"https:\/\/www.trend-networks.com\/wp-content\/uploads\/2025\/10\/Montage_2025.png\" alt=\"About Trend Networks\" title=\"\">                                                                                            <\/div>\n                    \n                   \n                    <\/div>\n    <\/div>\n\n<\/section>\n\n<section class=\"grid-container section\">\n    <div class=\"grid-x\">\n        <div class=\"small-12 medium-12 large-12 cell inner-content\">\n\n\n\n        <\/div>\n    <\/div>\n<\/section>\n\n<section id=\"calibration\" class=\"trend-standard-block fadein slideup padded background-colour background-dark\" style=\"background-color:#1c408c;\">\n\n    \n    \n    <div class=\"grid-container\">\n        <div class=\"grid-x\">\n                            \n                                                            \n                    \n                                                            <div class=\"cell medium-12\">\n                                                <h2>CALIBRACI\u00d3N<\/h2>\n<p>Los certificadores de cable requieren calibraci\u00f3n cada 12 meses para garantizar que las mediciones realizadas sean precisas y cumplan con las normas ISO IEC 61935-1 y TIA 1152. Si la fecha de calibraci\u00f3n de su comprobador ha vencido, p\u00f3ngase en contacto con el servicio de Atenci\u00f3n al Cliente para encontrar el centro de calibraci\u00f3n m\u00e1s cercano.<\/p>\n<p>Si tiene alguna pregunta sobre el proceso de calibraci\u00f3n o sobre la calibraci\u00f3n en general, no dude en ponerse en contacto con nosotros.<\/p>\n<p>Comprobadores<\/p>\n<p>LanTEK IV-500MHz<\/p>\n<p>LanTEK IV-3000MHz<\/p>\n                                                                                                                                            <\/div>\n                    \n                   \n                    <\/div>\n    <\/div>\n\n<\/section>\n\n<section class=\"grid-container section\">\n    <div class=\"grid-x\">\n        <div class=\"small-12 medium-12 large-12 cell inner-content\">\n\n\n\n        <\/div>\n    <\/div>\n<\/section>\n\n<section id=\"servicecentres\" class=\"trend-standard-block fadein slideup padded\">\n\n    \n    \n    <div class=\"grid-container\">\n        <div class=\"grid-x\">\n                            \n                                                            \n                    \n                                                            <div class=\"cell large-6\">\n                                                <h2>CENTROS DE SERVICIOS (SAT)<\/h2>\n<p>Nuestros centros de reparaciones dedicados prestan servicios de reparaci\u00f3n y mantenimiento de estos, as\u00ed como de localizaci\u00f3n de aver\u00edas de los mismos.<\/p>\n<p>Los equipos de reparaciones cuentan con una dilatada experiencia, lo que permite un eficiente plazo de entrega para que los equipos vuelvan a funcionar.<\/p>\n<p>Para volver a poner en funcionamiento su equipo o para repararlo, p\u00f3ngase en contacto con el servicio de Atenci\u00f3n al Cliente.<\/p>\n<p>Si tiene alguna pregunta sobre el proceso de reparaciones o mantenimiento, no dude en ponerse en\u00a0<a href=\"https:\/\/www.trend-networks.com\/contact\/\">contacto con nosotros<\/a>.<\/p>\n                                                                                                                                            <\/div>\n                    \n                \n                                                            \n                    \n                                                            <div class=\"cell auto\">\n                                                                                                <img decoding=\"async\" src=\"https:\/\/www.trend-networks.com\/wp-content\/uploads\/2025\/10\/Website-Map-2025.jpg\" alt=\"\" title=\"\">                                                                                            <\/div>\n                    \n                   \n                    <\/div>\n    <\/div>\n\n<\/section>\n\n<section class=\"grid-container section\">\n    <div class=\"grid-x\">\n        <div class=\"small-12 medium-12 large-12 cell inner-content\">\n\n\n\n        <\/div>\n    <\/div>\n<\/section>\n\n<section class=\"learning-hub-cta trend-standard-block fadein slideup\">\n\n    \n    \n    <div class=\"grid-container fluid\">\n        <div class=\"grid-x\">\n                            \n                                                            \n                    \n                                                            <div class=\"cell medium-6 padded \" style=\"background-image:url(https:\/\/www.trend-networks.com\/wp-content\/uploads\/2021\/05\/Trend-Network-Learning-Hub.png);\">\n                                                <h1 class=\"trend-learning-hub\"><span class=\"trend\">TREND<\/span><span class=\"learning\">Aprendizaje <\/span> <span class=\"hub\">Centro de<\/span><\/h1>\n<p class=\"subhead\">VIDEOS, ART\u00cdCULOS T\u00c9CNICOS Y MAS<\/p>\n                                                                                                                        <div class=\"button-wrap\"><a class=\"button button-one\" href=\"https:\/\/www.trend-networks.com\/es\/learning-hub\/\" target=\"_self\">MAS INFO<\/a><\/div>                    <\/div>\n                    \n                \n                                                            \n                    \n                                                            <div class=\"cell medium-6 padded \" style=\"background-image:url(https:\/\/www.trend-networks.com\/wp-content\/uploads\/2021\/06\/signaltek-homepage-cta-esp.jpg);\">\n                                                <h2>ARR\u00c9GLELO R\u00c1PIDAMENTE CON SIGNALTEK 10G<\/h2>\n                                                                                                                        <div class=\"button-wrap\"><a class=\"button button-one\" href=\"https:\/\/www.trend-networks.com\/es\/producto\/signaltek-10g\/\" target=\"_self\">APRENDE M\u00c1S<\/a><\/div>                    <\/div>\n                    \n                   \n                    <\/div>\n    <\/div>\n\n<\/section>\n\n<section class=\"grid-container section\">\n    <div class=\"grid-x\">\n        <div class=\"small-12 medium-12 large-12 cell inner-content\">\n\n\n\n        <\/div>\n    <\/div>\n<\/section>\n\n<section id=\"trend-about-latest\" class=\"in__cta-footer trend-standard-block fadein slideup\">\n\n    \n    \n    <div class=\"grid-container fluid\">\n        <div class=\"grid-x\">\n                            \n                                                            \n                    \n                                                            <div class=\"cell medium-6 padded \" style=\"background-color:#f5f5f5;\">\n                                                <h2>Acerca de TREND Networks<\/h2>\n                                                                                                                        <div class=\"button-wrap\"><a class=\"button button-one\" href=\"https:\/\/www.trend-networks.com\/es\/about-trend-networks\/\" target=\"_self\">Aprende m\u00e1s<\/a><\/div>                    <\/div>\n                    \n                \n                                                            \n                    \n                                                            <div class=\"cell medium-6 padded  background-dark\" style=\"background-color:#1c408c;\">\n                                                <h2>\u00daltimas noticias<\/h2>\n                                                                                                                        <div class=\"button-wrap\"><a class=\"button button-one\" href=\"https:\/\/www.trend-networks.com\/es\/latest\/\" target=\"_self\">Lee mas<\/a><\/div>                    <\/div>\n                    \n                   \n                    <\/div>\n    <\/div>\n\n<\/section>\n\n<section class=\"grid-container section\">\n    <div class=\"grid-x\">\n        <div class=\"small-12 medium-12 large-12 cell inner-content\">\n","protected":false},"excerpt":{"rendered":"<p>Planes de Reparaciones y Mantenimiento<\/p>\n","protected":false},"author":1,"featured_media":0,"parent":34118,"menu_order":150,"comment_status":"closed","ping_status":"closed","template":"","meta":{"_acf_changed":false,"inline_featured_image":false,"_glsr_average":0,"_glsr_ranking":0,"_glsr_reviews":0,"footnotes":""},"class_list":["post-52907","page","type-page","status-publish","hentry"],"acf":[],"_links":{"self":[{"href":"https:\/\/www.trend-networks.com\/es\/wp-json\/wp\/v2\/pages\/52907","targetHints":{"allow":["GET"]}}],"collection":[{"href":"https:\/\/www.trend-networks.com\/es\/wp-json\/wp\/v2\/pages"}],"about":[{"href":"https:\/\/www.trend-networks.com\/es\/wp-json\/wp\/v2\/types\/page"}],"author":[{"embeddable":true,"href":"https:\/\/www.trend-networks.com\/es\/wp-json\/wp\/v2\/users\/1"}],"replies":[{"embeddable":true,"href":"https:\/\/www.trend-networks.com\/es\/wp-json\/wp\/v2\/comments?post=52907"}],"version-history":[{"count":3,"href":"https:\/\/www.trend-networks.com\/es\/wp-json\/wp\/v2\/pages\/52907\/revisions"}],"predecessor-version":[{"id":86938,"href":"https:\/\/www.trend-networks.com\/es\/wp-json\/wp\/v2\/pages\/52907\/revisions\/86938"}],"up":[{"embeddable":true,"href":"https:\/\/www.trend-networks.com\/es\/wp-json\/wp\/v2\/pages\/34118"}],"wp:attachment":[{"href":"https:\/\/www.trend-networks.com\/es\/wp-json\/wp\/v2\/media?parent=52907"}],"curies":[{"name":"wp","href":"https:\/\/api.w.org\/{rel}","templated":true}]}}