{"id":52897,"date":"2019-04-02T09:31:47","date_gmt":"2019-04-02T08:31:47","guid":{"rendered":"https:\/\/www.trend-networks.com\/support\/downloads\/brochures\/"},"modified":"2021-08-25T19:02:01","modified_gmt":"2021-08-25T18:02:01","slug":"brochures","status":"publish","type":"page","link":"https:\/\/www.trend-networks.com\/es\/support\/downloads\/brochures\/","title":{"rendered":"Folletos"},"content":{"rendered":"\n<h1 class=\"wp-block-heading\">Folletos<\/h1>\n\n\n<div class=\"login-logout-container\"><ul id=\"menu-login-logout-es\" class=\"in__menu-account-management\"><li id=\"menu-item-52927\" class=\"xoo-el-login-tgr in__icon-key in__icon-menu menu-item menu-item-type-custom menu-item-object-custom menu-item-52927\"><a>Login<\/a><\/li>\n<\/ul><\/div>\n\n\n\n        <\/div>\n    <\/div>\n<\/section>\n\n<section   class=\"in__latest-navigation fullwidth-menu\">\n    <div class=\"menu-downloads-section-menu-es-container\"><ul id=\"menu-downloads-section-menu-es\" class=\"menu\"><li id=\"menu-item-52922\" class=\"menu-item menu-item-type-post_type menu-item-object-page menu-item-52922\"><a href=\"https:\/\/www.trend-networks.com\/es\/support\/downloads\/\">Todos<\/a><\/li>\n<li id=\"menu-item-52925\" class=\"menu-item menu-item-type-post_type menu-item-object-page menu-item-52925\"><a href=\"https:\/\/www.trend-networks.com\/es\/support\/downloads\/quick-reference-guides\/\">Gu\u00edas de referencia r\u00e1pida<\/a><\/li>\n<li id=\"menu-item-52924\" class=\"menu-item menu-item-type-post_type menu-item-object-page menu-item-52924\"><a href=\"https:\/\/www.trend-networks.com\/es\/support\/downloads\/software\/\">Software<\/a><\/li>\n<li id=\"menu-item-52923\" class=\"menu-item menu-item-type-post_type menu-item-object-page menu-item-52923\"><a href=\"https:\/\/www.trend-networks.com\/es\/support\/downloads\/brochures\/\">Folletos<\/a><\/li>\n<\/ul><\/div><\/section>\n\n<section class=\"grid-container section\">\n    <div class=\"grid-x\">\n        <div class=\"small-12 medium-12 large-12 cell inner-content\">\n\n\n\n\n<section  class=\"trend-downloads-hub\">\n    <div id=\"downloads-filter-results\" class=\"grid-x\">\n        <div class=\"in__sidebar-title\">\n            <button id=\"in__section_download_sidebar_toggle\"><h3>Filtrar<\/h3><\/button>\n        <\/div>\n        <div id=\"sidebar\" class=\"cell large-3\">\n            <div id=\"in__sidebar-title\">\n                <h3>Filtrar<\/h3>                <p><button id=\"in__section_download_sidebar_close\">Close<\/button><\/p>\n            <\/div>\n            <div class=\"in__filter-sidebar\">\n                <div class=\"in__filter-sidebar\"><form action=\"\" method=\"get\" class=\"alm-filters-container\"><div class=\"alm-filter\"><div class=\"alm-filter--title\"><h3>Producto<\/h3><\/div><ul><li><input type=\"radio\" value=\"\" name=\"product_tag\" id=\"all_products\"\/><label for=\"all_products\">Todos<\/label><\/li><li class=\"alm-filter--checkbox\"><input type=\"radio\" id=\"fibermaster-fusion-splicers-es\" name=\"product_tag\" value=\"fibermaster-fusion-splicers-es\"  data-pr-id=\"2919\" data-pr-count=\"1\"\/><label for=\"fibermaster-fusion-splicers-es\" class=\"\">FiberMASTER Fusion Splicers<\/label><\/li><li class=\"alm-filter--checkbox\"><input type=\"radio\" id=\"fibermaster-es\" name=\"product_tag\" value=\"fibermaster-es\"  data-pr-id=\"1050\" data-pr-count=\"1\"\/><label for=\"fibermaster-es\" class=\"\">FiberMASTER Testers<\/label><\/li><li class=\"alm-filter--checkbox\"><input type=\"radio\" id=\"fibertek-iii-es\" name=\"product_tag\" value=\"fibertek-iii-es\"  data-pr-id=\"1064\" data-pr-count=\"1\"\/><label for=\"fibertek-iii-es\" class=\"\">FiberTEK III<\/label><\/li><li class=\"alm-filter--checkbox\"><input type=\"radio\" id=\"fibertek-iv\" name=\"product_tag\" value=\"fibertek-iv\"  data-pr-id=\"2575\" data-pr-count=\"1\"\/><label for=\"fibertek-iv\" class=\"\">FiberTEK IV<\/label><\/li><li class=\"alm-filter--checkbox\"><input type=\"radio\" id=\"lantek-iii-es\" name=\"product_tag\" value=\"lantek-iii-es\"  data-pr-id=\"1063\" data-pr-count=\"2\"\/><label for=\"lantek-iii-es\" class=\"\">LanTEK III<\/label><\/li><li class=\"alm-filter--checkbox\"><input type=\"radio\" id=\"lantek-iv-l-es\" name=\"product_tag\" value=\"lantek-iv-l-es\"  data-pr-id=\"2948\" data-pr-count=\"1\"\/><label for=\"lantek-iv-l-es\" class=\"\">LANTEK IV-L<\/label><\/li><li class=\"alm-filter--checkbox\"><input type=\"radio\" id=\"lantek-iv-s-es\" name=\"product_tag\" value=\"lantek-iv-s-es\"  data-pr-id=\"2817\" data-pr-count=\"2\"\/><label for=\"lantek-iv-s-es\" class=\"\">LanTEK IV-S<\/label><\/li><li class=\"alm-filter--checkbox\"><input type=\"radio\" id=\"lanxplorer-es\" name=\"product_tag\" value=\"lanxplorer-es\"  data-pr-id=\"1051\" data-pr-count=\"1\"\/><label for=\"lanxplorer-es\" class=\"\">LanXPLORER Pro<\/label><\/li><li class=\"alm-filter--checkbox\"><input type=\"radio\" id=\"navitek-ie-es\" name=\"product_tag\" value=\"navitek-ie-es\"  data-pr-id=\"1112\" data-pr-count=\"1\"\/><label for=\"navitek-ie-es\" class=\"\">NaviTEK IE<\/label><\/li><li class=\"alm-filter--checkbox\"><input type=\"radio\" id=\"navitek-nt-es\" name=\"product_tag\" value=\"navitek-nt-es\"  data-pr-id=\"1111\" data-pr-count=\"1\"\/><label for=\"navitek-nt-es\" class=\"\">NaviTEK NT<\/label><\/li><li class=\"alm-filter--checkbox\"><input type=\"radio\" id=\"poe-pro-es\" name=\"product_tag\" value=\"poe-pro-es\"  data-pr-id=\"2331\" data-pr-count=\"1\"\/><label for=\"poe-pro-es\" class=\"\">PoE Pro<\/label><\/li><li class=\"alm-filter--checkbox\"><input type=\"radio\" id=\"securitest-ip-es\" name=\"product_tag\" value=\"securitest-ip-es\"  data-pr-id=\"1065\" data-pr-count=\"1\"\/><label for=\"securitest-ip-es\" class=\"\">SecuriTEST IP<\/label><\/li><li class=\"alm-filter--checkbox\"><input type=\"radio\" id=\"signaltek-10g-es\" name=\"product_tag\" value=\"signaltek-10g-es\"  data-pr-id=\"2742\" data-pr-count=\"1\"\/><label for=\"signaltek-10g-es\" class=\"\">SignalTEK 10G<\/label><\/li><li class=\"alm-filter--checkbox\"><input type=\"radio\" id=\"signaltek-ct-es\" name=\"product_tag\" value=\"signaltek-ct-es\"  data-pr-id=\"1056\" data-pr-count=\"1\"\/><label for=\"signaltek-ct-es\" class=\"\">SignalTEK CT<\/label><\/li><li class=\"alm-filter--checkbox\"><input type=\"radio\" id=\"signaltek-nt-es\" name=\"product_tag\" value=\"signaltek-nt-es\"  data-pr-id=\"1276\" data-pr-count=\"1\"\/><label for=\"signaltek-nt-es\" class=\"\">SignalTEK NT<\/label><\/li><li class=\"alm-filter--checkbox\"><input type=\"radio\" id=\"signaltek-qt-es\" name=\"product_tag\" value=\"signaltek-qt-es\"  data-pr-id=\"2949\" data-pr-count=\"1\"\/><label for=\"signaltek-qt-es\" class=\"\">SignalTEK QT<\/label><\/li><li class=\"alm-filter--checkbox\"><input type=\"radio\" id=\"tone-and-probe-es\" name=\"product_tag\" value=\"tone-and-probe-es\"  data-pr-id=\"1994\" data-pr-count=\"1\"\/><label for=\"tone-and-probe-es\" class=\"\">Tone and Probe<\/label><\/li><li class=\"alm-filter--checkbox\"><input type=\"radio\" id=\"vdv-ii-es\" name=\"product_tag\" value=\"vdv-ii-es\"  data-pr-id=\"1060\" data-pr-count=\"1\"\/><label for=\"vdv-ii-es\" class=\"\">VDV II<\/label><\/li><\/ul><\/div><div class=\"alm-filter\"><div class=\"alm-filter--title\"><h3>Idioma<\/h3><\/div><ul><li class=\"reset-field\"><input type=\"radio\" value=\"\" name=\"language\" id=\"all_lang\"\/><label for=\"all_lang\">Todos<\/label><\/li><li class=\"alm-filter--checkbox\"><input type=\"radio\" name=\"language\" id=\"aleman\" value=\"aleman\" \/><label for=\"aleman\" class=\"\">Alem\u00e1n<\/label><\/li><li class=\"alm-filter--checkbox\"><input type=\"radio\" name=\"language\" id=\"australia-english-es\" value=\"australia-english-es\" \/><label for=\"australia-english-es\" class=\"\">Australia-Ingl\u00e9s<\/label><\/li><li class=\"alm-filter--checkbox\"><input type=\"radio\" name=\"language\" id=\"chino\" value=\"chino\" \/><label for=\"chino\" class=\"\">Chino<\/label><\/li><li class=\"alm-filter--checkbox\"><input type=\"radio\" name=\"language\" id=\"danes\" value=\"danes\" \/><label for=\"danes\" class=\"\">Dan\u00e9s<\/label><\/li><li class=\"alm-filter--checkbox\"><input type=\"radio\" name=\"language\" id=\"espanol\" value=\"espanol\" checked=\"checked\"\/><label for=\"espanol\" class=\"\">Espa\u00f1ol<\/label><\/li><li class=\"alm-filter--checkbox\"><input type=\"radio\" name=\"language\" id=\"finlandes\" value=\"finlandes\" \/><label for=\"finlandes\" class=\"\">Finland\u00e9s<\/label><\/li><li class=\"alm-filter--checkbox\"><input type=\"radio\" name=\"language\" id=\"frances\" value=\"frances\" \/><label for=\"frances\" class=\"\">Franc\u00e9s<\/label><\/li><li class=\"alm-filter--checkbox\"><input type=\"radio\" name=\"language\" id=\"holandes\" value=\"holandes\" \/><label for=\"holandes\" class=\"\">Holand\u00e9s<\/label><\/li><li class=\"alm-filter--checkbox\"><input type=\"radio\" name=\"language\" id=\"ingles\" value=\"ingles\" \/><label for=\"ingles\" class=\"\">Ingl\u00e9s<\/label><\/li><li class=\"alm-filter--checkbox\"><input type=\"radio\" name=\"language\" id=\"ingles-americano\" value=\"ingles-americano\" \/><label for=\"ingles-americano\" class=\"\">Ingl\u00e9s americano<\/label><\/li><li class=\"alm-filter--checkbox\"><input type=\"radio\" name=\"language\" id=\"canada-english-es\" value=\"canada-english-es\" \/><label for=\"canada-english-es\" class=\"\">Ingl\u00e9s canadiense<\/label><\/li><li class=\"alm-filter--checkbox\"><input type=\"radio\" name=\"language\" id=\"ingles-de-la-india\" value=\"ingles-de-la-india\" \/><label for=\"ingles-de-la-india\" class=\"\">Ingl\u00e9s de la India<\/label><\/li><li class=\"alm-filter--checkbox\"><input type=\"radio\" name=\"language\" id=\"italiano\" value=\"italiano\" \/><label for=\"italiano\" class=\"\">Italiano<\/label><\/li><li class=\"alm-filter--checkbox\"><input type=\"radio\" name=\"language\" id=\"noruego\" value=\"noruego\" \/><label for=\"noruego\" class=\"\">Noruego<\/label><\/li><li class=\"alm-filter--checkbox\"><input type=\"radio\" name=\"language\" id=\"polaco\" value=\"polaco\" \/><label for=\"polaco\" class=\"\">Polaco<\/label><\/li><li class=\"alm-filter--checkbox\"><input type=\"radio\" name=\"language\" id=\"portugues\" value=\"portugues\" \/><label for=\"portugues\" class=\"\">Portugu\u00e9s<\/label><\/li><li class=\"alm-filter--checkbox\"><input type=\"radio\" name=\"language\" id=\"ruso\" value=\"ruso\" \/><label for=\"ruso\" class=\"\">Ruso<\/label><\/li><li class=\"alm-filter--checkbox\"><input type=\"radio\" name=\"language\" id=\"sueco\" value=\"sueco\" \/><label for=\"sueco\" class=\"\">Sueco<\/label><\/li><\/ul><\/div><div><button type=\"button\" value=\"Reset\" class=\"btn blue in__reset-download-filters\">Reiniciar<\/button><\/div><\/form><\/div>\t\t\t<\/div>\n        <\/div>\n        <div class=\"cell large-9\">\n            <!--FiberMASTER Fusion Splicer Brochure &#8211; ES--><!--FibreMASTER Series Brochure &#8211; Spanish--><!--LanTEK III &#038; FiberTEK III Brochures &#8211; Spanish--><!--LanTEK III Brochures &#8211; Spanish--><!--LanTEK IV-L Brochure &#8211; ES--><!--LanTEK IV-S Brochure-ES--><!--LanXPLORER Brochure &#8211; Spanish--><!--NaviTEK IE Brochure &#8211; Spanish--><!--NaviTEK NT Brochure &#8211; Spanish--><!--PoE Pro Brochure &#8211; Spanish--><!--SecuriTEST IP Brochure &#8211; Spanish--><!--SignalTEK 10G Brochure &#8211; Spanish--><!--SignalTEK CT Brochure &#8211; Spanish--><!--SignalTEK NT Brochures &#8211; Spanish--><!--SignalTEK QT Series Brochure \u2013 ES--><!--Tone &#038; Probe Brochure \u2013 Spanish--><!--VDV II Brochure &#8211; Spanish--><div class=\"in__document-grid\"><ul class=\"alm-paging-content\"><li class=\"in__download-grid-item no-img brochures \"><a href=\"https:\/\/www.trend-networks.com\/wp-content\/uploads\/2024\/10\/FiberMASTER-Fusion-Splicer-ES.pdf\" target=\"_blank\" title=\"FiberMASTER Fusion Splicer Brochure &#8211; ES\" aria-label=\"FiberMASTER Fusion Splicer Brochure &#8211; ES\"><div class=\"in__download-grid-item-thumb brochures \" ><\/div><h3 class=\"in__download-grid-item-title\">FiberMASTER Fusion Splicer Brochure &#8211; ES<\/h3><div class=\"in__download-grid-item-link\"><span>Descargar Brochures <\/span><\/div><\/a><\/li><li class=\"in__download-grid-item no-img brochures \"><a href=\"https:\/\/www.trend-networks.com\/wp-content\/uploads\/2021\/11\/30868-FiberMaster-brochure_ES_rev3.pdf\" target=\"_blank\" title=\"FibreMASTER Series Brochure &#8211; Spanish\" aria-label=\"FibreMASTER Series Brochure &#8211; Spanish\"><div class=\"in__download-grid-item-thumb brochures \" ><\/div><h3 class=\"in__download-grid-item-title\">FibreMASTER Series Brochure &#8211; Spanish<\/h3><div class=\"in__download-grid-item-link\"><span>Descargar Brochures <\/span><\/div><\/a><\/li><li class=\"in__download-grid-item no-img brochures \"><a href=\"https:\/\/www.trend-networks.com\/wp-content\/uploads\/2022\/01\/LanTEK_III__FiberTEK_III_brochure_ES_rev6_HR.pdf\" target=\"_blank\" title=\"LanTEK III &#038; FiberTEK III Brochures &#8211; Spanish\" aria-label=\"LanTEK III &#038; FiberTEK III Brochures &#8211; Spanish\"><div class=\"in__download-grid-item-thumb brochures \" ><\/div><h3 class=\"in__download-grid-item-title\">LanTEK III &#038; FiberTEK III Brochures &#8211; Spanish<\/h3><div class=\"in__download-grid-item-link\"><span>Descargar Brochures <\/span><\/div><\/a><\/li><li class=\"in__download-grid-item no-img brochures \"><a href=\"https:\/\/www.trend-networks.com\/wp-content\/uploads\/2019\/04\/LanTEK-III-FiberTEK-III-brochure-Spanish.pdf\" target=\"_blank\" title=\"LanTEK III Brochures &#8211; Spanish\" aria-label=\"LanTEK III Brochures &#8211; Spanish\"><div class=\"in__download-grid-item-thumb brochures \" ><\/div><h3 class=\"in__download-grid-item-title\">LanTEK III Brochures &#8211; Spanish<\/h3><div class=\"in__download-grid-item-link\"><span>Descargar Brochures <\/span><\/div><\/a><\/li><li class=\"in__download-grid-item no-img brochures \"><a href=\"https:\/\/www.trend-networks.com\/wp-content\/uploads\/2025\/04\/LanTEK-IV-L-Advert-ES.pdf\" target=\"_blank\" title=\"LanTEK IV-L Brochure &#8211; ES\" aria-label=\"LanTEK IV-L Brochure &#8211; ES\"><div class=\"in__download-grid-item-thumb brochures \" ><\/div><h3 class=\"in__download-grid-item-title\">LanTEK IV-L Brochure &#8211; ES<\/h3><div class=\"in__download-grid-item-link\"><span>Descargar Brochures <\/span><\/div><\/a><\/li><li class=\"in__download-grid-item no-img brochures \"><a href=\"https:\/\/www.trend-networks.com\/wp-content\/uploads\/2022\/02\/LanTEK-IV-S-Brochure_ES_rev2.pdf\" target=\"_blank\" title=\"LanTEK IV-S Brochure-ES\" aria-label=\"LanTEK IV-S Brochure-ES\"><div class=\"in__download-grid-item-thumb brochures \" ><\/div><h3 class=\"in__download-grid-item-title\">LanTEK IV-S Brochure-ES<\/h3><div class=\"in__download-grid-item-link\"><span>Descargar Brochures <\/span><\/div><\/a><\/li><li class=\"in__download-grid-item no-img brochures \"><a href=\"https:\/\/www.trend-networks.com\/wp-content\/uploads\/2019\/04\/LanXPLORER-Pro-Brochure_ES_2018.pdf\" target=\"_blank\" title=\"LanXPLORER Brochure &#8211; Spanish\" aria-label=\"LanXPLORER Brochure &#8211; Spanish\"><div class=\"in__download-grid-item-thumb brochures \" ><\/div><h3 class=\"in__download-grid-item-title\">LanXPLORER Brochure &#8211; Spanish<\/h3><div class=\"in__download-grid-item-link\"><span>Descargar Brochures <\/span><\/div><\/a><\/li><li class=\"in__download-grid-item no-img brochures \"><a href=\"https:\/\/www.trend-networks.com\/wp-content\/uploads\/2020\/10\/NaviTEK_IE_brochure_ES_rev2_HR.pdf\" target=\"_blank\" title=\"NaviTEK IE Brochure &#8211; Spanish\" aria-label=\"NaviTEK IE Brochure &#8211; Spanish\"><div class=\"in__download-grid-item-thumb brochures \" ><\/div><h3 class=\"in__download-grid-item-title\">NaviTEK IE Brochure &#8211; Spanish<\/h3><div class=\"in__download-grid-item-link\"><span>Descargar Brochures <\/span><\/div><\/a><\/li><li class=\"in__download-grid-item no-img brochures \"><a href=\"https:\/\/www.trend-networks.com\/wp-content\/uploads\/2019\/04\/NaviTEK_NT_Sales_Brochure_Spanish_2018.pdf\" target=\"_blank\" title=\"NaviTEK NT Brochure &#8211; Spanish\" aria-label=\"NaviTEK NT Brochure &#8211; Spanish\"><div class=\"in__download-grid-item-thumb brochures \" ><\/div><h3 class=\"in__download-grid-item-title\">NaviTEK NT Brochure &#8211; Spanish<\/h3><div class=\"in__download-grid-item-link\"><span>Descargar Brochures <\/span><\/div><\/a><\/li><li class=\"in__download-grid-item no-img brochures \"><a href=\"https:\/\/www.trend-networks.com\/wp-content\/uploads\/2019\/06\/PoE_BT_brochure_ES_rev1.pdf\" target=\"_blank\" title=\"PoE Pro Brochure &#8211; Spanish\" aria-label=\"PoE Pro Brochure &#8211; Spanish\"><div class=\"in__download-grid-item-thumb brochures \" ><\/div><h3 class=\"in__download-grid-item-title\">PoE Pro Brochure &#8211; Spanish<\/h3><div class=\"in__download-grid-item-link\"><span>Descargar Brochures <\/span><\/div><\/a><\/li><li class=\"in__download-grid-item no-img brochures \"><a href=\"https:\/\/www.trend-networks.com\/wp-content\/uploads\/2019\/05\/SecuriTEST-IP-sales-brochure-Spanish_2019.pdf\" target=\"_blank\" title=\"SecuriTEST IP Brochure &#8211; Spanish\" aria-label=\"SecuriTEST IP Brochure &#8211; Spanish\"><div class=\"in__download-grid-item-thumb brochures \" ><\/div><h3 class=\"in__download-grid-item-title\">SecuriTEST IP Brochure &#8211; Spanish<\/h3><div class=\"in__download-grid-item-link\"><span>Descargar Brochures <\/span><\/div><\/a><\/li><li class=\"in__download-grid-item no-img brochures \"><a href=\"https:\/\/www.trend-networks.com\/wp-content\/uploads\/2020\/12\/SignalTEK-10G_brochure_ES_LR.pdf\" target=\"_blank\" title=\"SignalTEK 10G Brochure &#8211; Spanish\" aria-label=\"SignalTEK 10G Brochure &#8211; Spanish\"><div class=\"in__download-grid-item-thumb brochures \" ><\/div><h3 class=\"in__download-grid-item-title\">SignalTEK 10G Brochure &#8211; Spanish<\/h3><div class=\"in__download-grid-item-link\"><span>Descargar Brochures <\/span><\/div><\/a><\/li><li class=\"in__download-grid-item no-img brochures \"><a href=\"https:\/\/www.trend-networks.com\/wp-content\/uploads\/2019\/04\/SignalTEK_CT_brochure_ES_rev6_LR.pdf\" target=\"_blank\" title=\"SignalTEK CT Brochure &#8211; Spanish\" aria-label=\"SignalTEK CT Brochure &#8211; Spanish\"><div class=\"in__download-grid-item-thumb brochures \" ><\/div><h3 class=\"in__download-grid-item-title\">SignalTEK CT Brochure &#8211; Spanish<\/h3><div class=\"in__download-grid-item-link\"><span>Descargar Brochures <\/span><\/div><\/a><\/li><li class=\"in__download-grid-item no-img brochures \"><a href=\"https:\/\/www.trend-networks.com\/wp-content\/uploads\/2019\/04\/SignalTEKNT_ES_2018.pdf\" target=\"_blank\" title=\"SignalTEK NT Brochures &#8211; Spanish\" aria-label=\"SignalTEK NT Brochures &#8211; Spanish\"><div class=\"in__download-grid-item-thumb brochures \" ><\/div><h3 class=\"in__download-grid-item-title\">SignalTEK NT Brochures &#8211; Spanish<\/h3><div class=\"in__download-grid-item-link\"><span>Descargar Brochures <\/span><\/div><\/a><\/li><li class=\"in__download-grid-item no-img brochures \"><a href=\"https:\/\/www.trend-networks.com\/wp-content\/uploads\/2025\/07\/SignalTEK-QT-Brochure_ES.pdf\" target=\"_blank\" title=\"SignalTEK QT Series Brochure \u2013 ES\" aria-label=\"SignalTEK QT Series Brochure \u2013 ES\"><div class=\"in__download-grid-item-thumb brochures \" ><\/div><h3 class=\"in__download-grid-item-title\">SignalTEK QT Series Brochure \u2013 ES<\/h3><div class=\"in__download-grid-item-link\"><span>Descargar Brochures <\/span><\/div><\/a><\/li><li class=\"in__download-grid-item no-img brochures \"><a href=\"https:\/\/www.trend-networks.com\/wp-content\/uploads\/2021\/09\/Tone-Probe-Brochure_ES_LR.pdf\" target=\"_blank\" title=\"Tone &#038; Probe Brochure \u2013 Spanish\" aria-label=\"Tone &#038; Probe Brochure \u2013 Spanish\"><div class=\"in__download-grid-item-thumb brochures \" ><\/div><h3 class=\"in__download-grid-item-title\">Tone &#038; Probe Brochure \u2013 Spanish<\/h3><div class=\"in__download-grid-item-link\"><span>Descargar Brochures <\/span><\/div><\/a><\/li><li class=\"in__download-grid-item no-img brochures \"><a href=\"https:\/\/www.trend-networks.com\/wp-content\/uploads\/2019\/05\/VDVII_Brochure_ES_rev1.pdf\" target=\"_blank\" title=\"VDV II Brochure &#8211; Spanish\" aria-label=\"VDV II Brochure &#8211; Spanish\"><div class=\"in__download-grid-item-thumb brochures \" ><\/div><h3 class=\"in__download-grid-item-title\">VDV II Brochure &#8211; Spanish<\/h3><div class=\"in__download-grid-item-link\"><span>Descargar Brochures <\/span><\/div><\/a><\/li><\/ul><\/div>        <\/div>\n    <\/div>\n<\/section>\n\n\n<div class=\"wp-block-group\"><div class=\"wp-block-group__inner-container is-layout-flow wp-block-group-is-layout-flow\">\n<div style=\"height:60px\" aria-hidden=\"true\" class=\"wp-block-spacer\"><\/div>\n\n\n\n\n\n<h2 class=\"has-text-align-center in__fullwidth-tag-line wp-block-heading\">NUESTRA PROMESA<\/h2>\n\n\n\n<p class=\"has-text-align-center has-trend-dark-blue-color has-text-color\"><strong>Promesa de Soporte de por Vida <\/strong> \u2013 continuaremos calibrando y reparando los equipos de medida que nos compre durante el per\u00edodo que usted los utilice.*<\/p>\n\n\n\n<p class=\"has-text-align-center has-trend-dark-blue-color has-text-color\"><strong>Dependa de Nuestros Datos <\/strong> \u2013 TREND AnyWARE Cloud es el \u00fanico sistema para certificaci\u00f3n de cables y medici\u00f3n de redes activas y de ancho de banda.<\/p>\n\n\n\n<p class=\"has-text-align-center has-trend-dark-blue-color has-text-color\"><strong>Servicios R\u00e1pidos<\/strong> \u2013 si no podemos responder a su llamada a Soporte T\u00e9cnico de inmediato, nuestra meta es retornar su solicitud en 2 horas dentro del horario comercial.**<\/p>\n\n\n\n<div style=\"height:30px\" aria-hidden=\"true\" class=\"wp-block-spacer\"><\/div>\n\n\n\n<div class=\"wp-block-buttons is-horizontal is-content-justification-center is-layout-flex wp-container-core-buttons-is-layout-499968f5 wp-block-buttons-is-layout-flex\">\n<div class=\"wp-block-button\"><a class=\"wp-block-button__link\" href=\" https:\/\/www.trend-networks.com\/es\/notre-promesse\/\">Aprende M\u00e1s<\/a><\/div>\n<\/div>\n<\/div><\/div>\n\n\n\n        <\/div>\n    <\/div>\n<\/section>\n\n<section class=\"in__cta-test4less learning-hub-cta trend-standard-block fadein slideup\">\n\n    \n    \n    <div class=\"grid-container\">\n        <div class=\"grid-x\">\n                            \n                                                            \n                    \n                                                            <div class=\"cell medium-6 padded \" style=\"background-image:url(https:\/\/www.trend-networks.com\/wp-content\/uploads\/2019\/03\/test4less-background.jpg);\">\n                                                <p style=\"font-size: 18px; font-weight: bold; color: #73797d; text-align: left;\">Si compra tres certificadores o m\u00e1s, reduzca el precio con nuestra exclusiva opci\u00f3n de pago por uso<\/p>\n<h1>Save more with<\/h1>\n                                                <img decoding=\"async\" src=\"https:\/\/www.trend-networks.com\/wp-content\/uploads\/2019\/06\/test4less-logo-homepage-2.png\" alt=\"\" title=\"\">                                                                        <div class=\"button-wrap\"><a class=\"button button-one\" href=\"https:\/\/www.trend-networks.com\/es\/test4less\/\" target=\"_self\">Aprende m\u00e1s<\/a><\/div>                    <\/div>\n                    \n                \n                                                            \n                    \n                                                            <div class=\"cell medium-6 padded \" style=\"background-image:url(https:\/\/www.trend-networks.com\/wp-content\/uploads\/2021\/03\/Used-tester-CTA-1.jpg);\">\n                                                <h2>Equipos de medida usados<\/h2>\n                                                                                                                        <div class=\"button-wrap\"><a class=\"button button-one\" href=\"\/product-category\/used-testers\/\" target=\"_self\">Aprende m\u00e1s<\/a><\/div>                    <\/div>\n                    \n                   \n                    <\/div>\n    <\/div>\n\n<\/section>\n\n<section class=\"grid-container section\">\n    <div class=\"grid-x\">\n        <div class=\"small-12 medium-12 large-12 cell inner-content\">\n\n\n\n        <\/div>\n    <\/div>\n<\/section>\n\n<section id=\"trend-about-latest\" class=\"in__cta-footer trend-standard-block fadein slideup\">\n\n    \n    \n    <div class=\"grid-container fluid\">\n        <div class=\"grid-x\">\n                            \n                                                            \n                    \n                                                            <div class=\"cell medium-6 padded \" style=\"background-color:#f5f5f5;\">\n                                                <h2>Acerca de TREND Networks<\/h2>\n                                                                                                                        <div class=\"button-wrap\"><a class=\"button button-one\" href=\"https:\/\/www.trend-networks.com\/es\/about-trend-networks\/\" target=\"_self\">Aprende m\u00e1s<\/a><\/div>                    <\/div>\n                    \n                \n                                                            \n                    \n                                                            <div class=\"cell medium-6 padded  background-dark\" style=\"background-color:#1c408c;\">\n                                                <h2>\u00daltimas noticias<\/h2>\n                                                                                                                        <div class=\"button-wrap\"><a class=\"button button-one\" href=\"https:\/\/www.trend-networks.com\/es\/latest\/\" target=\"_self\">Lee mas<\/a><\/div>                    <\/div>\n                    \n                   \n                    <\/div>\n    <\/div>\n\n<\/section>\n\n<section class=\"grid-container section\">\n    <div class=\"grid-x\">\n        <div class=\"small-12 medium-12 large-12 cell inner-content\">\n","protected":false},"excerpt":{"rendered":"<p>Folletos<\/p>\n","protected":false},"author":1,"featured_media":0,"parent":52894,"menu_order":158,"comment_status":"closed","ping_status":"closed","template":"","meta":{"_acf_changed":false,"inline_featured_image":false,"_glsr_average":0,"_glsr_ranking":0,"_glsr_reviews":0,"footnotes":""},"class_list":["post-52897","page","type-page","status-publish","hentry"],"acf":[],"_links":{"self":[{"href":"https:\/\/www.trend-networks.com\/es\/wp-json\/wp\/v2\/pages\/52897","targetHints":{"allow":["GET"]}}],"collection":[{"href":"https:\/\/www.trend-networks.com\/es\/wp-json\/wp\/v2\/pages"}],"about":[{"href":"https:\/\/www.trend-networks.com\/es\/wp-json\/wp\/v2\/types\/page"}],"author":[{"embeddable":true,"href":"https:\/\/www.trend-networks.com\/es\/wp-json\/wp\/v2\/users\/1"}],"replies":[{"embeddable":true,"href":"https:\/\/www.trend-networks.com\/es\/wp-json\/wp\/v2\/comments?post=52897"}],"version-history":[{"count":0,"href":"https:\/\/www.trend-networks.com\/es\/wp-json\/wp\/v2\/pages\/52897\/revisions"}],"up":[{"embeddable":true,"href":"https:\/\/www.trend-networks.com\/es\/wp-json\/wp\/v2\/pages\/52894"}],"wp:attachment":[{"href":"https:\/\/www.trend-networks.com\/es\/wp-json\/wp\/v2\/media?parent=52897"}],"curies":[{"name":"wp","href":"https:\/\/api.w.org\/{rel}","templated":true}]}}