{"id":52754,"date":"2019-03-27T15:59:03","date_gmt":"2019-03-27T15:59:03","guid":{"rendered":"https:\/\/www.trend-networks.com\/?page_id=52754"},"modified":"2021-08-25T17:21:20","modified_gmt":"2021-08-25T16:21:20","slug":"latest","status":"publish","type":"page","link":"https:\/\/www.trend-networks.com\/es\/latest\/","title":{"rendered":"Latest"},"content":{"rendered":"\n        <\/div>\n    <\/div>\n<\/section>\n\n<section   class=\"in__latest-navigation fullwidth-menu\">\n    <div class=\"menu-latest-section-menu-es-container\"><ul id=\"menu-latest-section-menu-es\" class=\"menu\"><li id=\"menu-item-52951\" class=\"menu-item menu-item-type-post_type menu-item-object-page menu-item-52951\"><a href=\"https:\/\/www.trend-networks.com\/es\/latest\/news\/\">\u00daltimas noticias<\/a><\/li>\n<li id=\"menu-item-52950\" class=\"menu-item menu-item-type-post_type menu-item-object-page menu-item-52950\"><a href=\"https:\/\/www.trend-networks.com\/es\/latest\/press-coverage\/\">Cobertura period\u00edstica<\/a><\/li>\n<li id=\"menu-item-52947\" class=\"menu-item menu-item-type-post_type menu-item-object-page menu-item-52947\"><a href=\"https:\/\/www.trend-networks.com\/es\/latest\/events\/\">Acontecimientos<\/a><\/li>\n<li id=\"menu-item-52949\" class=\"menu-item menu-item-type-post_type menu-item-object-page menu-item-52949\"><a href=\"https:\/\/www.trend-networks.com\/es\/latest\/videos\/\">Videos<\/a><\/li>\n<li id=\"menu-item-52948\" class=\"menu-item menu-item-type-post_type menu-item-object-page menu-item-52948\"><a href=\"https:\/\/www.trend-networks.com\/es\/latest\/white-papers\/\">Publicaciones T\u00e9cnicas<\/a><\/li>\n<\/ul><\/div><\/section>\n\n<section class=\"grid-container section\">\n    <div class=\"grid-x\">\n        <div class=\"small-12 medium-12 large-12 cell inner-content\">\n\n\n\n<h2 class=\"bold\">Featured<\/h2>\n        <section class=\"in__latest-article-masonry\">\n            <div class=\"grid-x\">\n                <div class=\"cell large-6 first-section\"><div class=\"in__article-latest-item\">\n                                <a href=\"https:\/\/www.trend-networks.com\/es\/depend-on-us-why-lifetime-support-matters-for-your-cable-testing-equipment\/\">\n                                    <div class=\"in__article-latest-image\">\n                                            <img decoding=\"async\" src=\"https:\/\/www.trend-networks.com\/wp-content\/uploads\/2025\/10\/ES-LSP-banner-3-1024x439.jpg\" alt=\"\" title=\"\">\n                                    <\/div>\n                                    <div class=\"in__article-latest-meta\">\n                                        <p class=\"in__article-latest-cat\">Noticias<\/p>\n                                        <h3>Conf\u00ede en Nosotros: la importancia del soporte t\u00e9cnico de por vida para su comprobador de cables\u00a0<\/h3>\n                                        <p class=\"in__article-latest-date\">23 octubre 2025<\/p>\n                                    <\/div>\n                                <\/a>\n                            <\/div><\/div>\n                <div class=\"cell large-6 second-section\">\n                    <div class=\"grid-y\">\n                        <div class=\"cell medium-6\"><div class=\"in__article-latest-item\">\n                                <a href=\"https:\/\/www.trend-networks.com\/es\/signaltek-qt-one-tool-to-simplify-network-qualification\/\">\n                                    <div class=\"in__article-latest-image\">\n                                            <img decoding=\"async\" src=\"https:\/\/www.trend-networks.com\/wp-content\/uploads\/2025\/10\/2627-0870-1-1024x683.jpg\" alt=\"\" title=\"\">\n                                    <\/div>\n                                    <div class=\"in__article-latest-meta\">\n                                        <p class=\"in__article-latest-cat\">Noticias<\/p>\n                                        <h3>SignalTEK QT: una herramienta para simplificar la calificaci\u00f3n de redes<\/h3>\n                                        <p class=\"in__article-latest-date\">14 octubre 2025<\/p>\n                                    <\/div>\n                                <\/a>\n                            <\/div><\/div>\n                        <div class=\"grid-x\">\n                            <div class=\"cell medium-6\"><div class=\"in__article-latest-item\">\n                                <a href=\"https:\/\/www.trend-networks.com\/es\/celebrate-with-savings-the-lantek-iv-l-anniversary-promotion\/\">\n                                    <div class=\"in__article-latest-image\">\n                                            <img decoding=\"async\" src=\"https:\/\/www.trend-networks.com\/wp-content\/uploads\/2025\/10\/LanTEK-IV-L-900x900-Banner-ES.jpg\" alt=\"\" title=\"\">\n                                    <\/div>\n                                    <div class=\"in__article-latest-meta\">\n                                        <p class=\"in__article-latest-cat\">Noticias<\/p>\n                                        <h3>Celebra con descuentos: promoci\u00f3n de aniversario de LanTEK IV-L<\/h3>\n                                        <p class=\"in__article-latest-date\">1 octubre 2025<\/p>\n                                    <\/div>\n                                <\/a>\n                            <\/div><\/div>\n                            <div class=\"cell medium-6\"><div class=\"in__article-latest-item\">\n                                <a href=\"https:\/\/www.trend-networks.com\/es\/5-pasos-para-solucionar-problemas-de-conectividad-de-red\/\">\n                                    <div class=\"in__article-latest-image\">\n                                            <img decoding=\"async\" src=\"https:\/\/www.trend-networks.com\/wp-content\/uploads\/2025\/09\/Picture-1.jpg\" alt=\"\" title=\"\">\n                                    <\/div>\n                                    <div class=\"in__article-latest-meta\">\n                                        <p class=\"in__article-latest-cat\">Noticias<\/p>\n                                        <h3>5 pasos para solucionar problemas de conectividad de red<\/h3>\n                                        <p class=\"in__article-latest-date\">12 septiembre 2025<\/p>\n                                    <\/div>\n                                <\/a>\n                            <\/div><\/div>\n                        <\/div>\n                    <\/div>\n                <\/div>\n            <\/div>\n        <\/section>\n    \n\n\n\n<div style=\"height:60px\" aria-hidden=\"true\" class=\"wp-block-spacer\"><\/div>\n\n\n<section id=\"in__product-section-related-articles\"><h2><a href=\"https:\/\/www.trend-networks.com\/latest\/\">\u00daltimos art\u00edculos<\/a><\/h2><div class=\"in__article-carousel owl-carousel\"><div class=\"in__article-item\">\n\t\t\t\t\t<a href=\"https:\/\/www.trend-networks.com\/es\/depend-on-us-why-lifetime-support-matters-for-your-cable-testing-equipment\/\" title=\"View Conf\u00ede en Nosotros: la importancia del soporte t\u00e9cnico de por vida para su comprobador de cables\u00a0\">\n\t\t\t\t\t\t<div class=\"in__article-item-image\">\n\t\t\t\t\t\t\t<img class=\"carousel-img no-lazy owl-lazy\" data-src=\"https:\/\/www.trend-networks.com\/wp-content\/uploads\/2025\/10\/ES-LSP-banner-3-1024x439.jpg\" alt=\"\"\/>\n\t\t\t\t\t\t<\/div>\n                        <div class=\"in__article-item-text\">\n    \t\t\t\t\t\t<div class=\"in__column-container small-device-keep-columns\">\n    \t\t\t\t\t\t\t<div class=\"in__article-post-date in__column-1-2\">\n    \t\t\t\t\t\t\t\t23 octubre 2025\n    \t\t\t\t\t\t\t<\/div>\n    \t\t\t\t\t\t\t<div class=\"in__article-post-cat in__column-1-2\">\n    \t\t\t\t\t\t\t\tNoticias\n    \t\t\t\t\t\t\t<\/div>\n    \t\t\t\t\t\t<\/div>\n    \t\t\t\t\t\t<h3>Conf\u00ede en Nosotros: la importancia del soporte t\u00e9cnico de por vida para su comprobador de cables\u00a0<\/h3>\n                        <\/div>\n\t\t\t\t\t<\/a>\n\t\t\t\t<\/div><div class=\"in__article-item\">\n\t\t\t\t\t<a href=\"https:\/\/www.trend-networks.com\/es\/signaltek-qt-one-tool-to-simplify-network-qualification\/\" title=\"View SignalTEK QT: una herramienta para simplificar la calificaci\u00f3n de redes\">\n\t\t\t\t\t\t<div class=\"in__article-item-image\">\n\t\t\t\t\t\t\t<img class=\"carousel-img no-lazy owl-lazy\" data-src=\"https:\/\/www.trend-networks.com\/wp-content\/uploads\/2025\/10\/2627-0870-1-1024x683.jpg\" alt=\"\"\/>\n\t\t\t\t\t\t<\/div>\n                        <div class=\"in__article-item-text\">\n    \t\t\t\t\t\t<div class=\"in__column-container small-device-keep-columns\">\n    \t\t\t\t\t\t\t<div class=\"in__article-post-date in__column-1-2\">\n    \t\t\t\t\t\t\t\t14 octubre 2025\n    \t\t\t\t\t\t\t<\/div>\n    \t\t\t\t\t\t\t<div class=\"in__article-post-cat in__column-1-2\">\n    \t\t\t\t\t\t\t\tNoticias\n    \t\t\t\t\t\t\t<\/div>\n    \t\t\t\t\t\t<\/div>\n    \t\t\t\t\t\t<h3>SignalTEK QT: una herramienta para simplificar la calificaci\u00f3n de redes<\/h3>\n                        <\/div>\n\t\t\t\t\t<\/a>\n\t\t\t\t<\/div><div class=\"in__article-item\">\n\t\t\t\t\t<a href=\"https:\/\/www.trend-networks.com\/es\/celebrate-with-savings-the-lantek-iv-l-anniversary-promotion\/\" title=\"View Celebra con descuentos: promoci\u00f3n de aniversario de LanTEK IV-L\">\n\t\t\t\t\t\t<div class=\"in__article-item-image\">\n\t\t\t\t\t\t\t<img class=\"carousel-img no-lazy owl-lazy\" data-src=\"https:\/\/www.trend-networks.com\/wp-content\/uploads\/2025\/10\/LanTEK-IV-L-900x900-Banner-ES.jpg\" alt=\"\"\/>\n\t\t\t\t\t\t<\/div>\n                        <div class=\"in__article-item-text\">\n    \t\t\t\t\t\t<div class=\"in__column-container small-device-keep-columns\">\n    \t\t\t\t\t\t\t<div class=\"in__article-post-date in__column-1-2\">\n    \t\t\t\t\t\t\t\t1 octubre 2025\n    \t\t\t\t\t\t\t<\/div>\n    \t\t\t\t\t\t\t<div class=\"in__article-post-cat in__column-1-2\">\n    \t\t\t\t\t\t\t\tNoticias\n    \t\t\t\t\t\t\t<\/div>\n    \t\t\t\t\t\t<\/div>\n    \t\t\t\t\t\t<h3>Celebra con descuentos: promoci\u00f3n de aniversario de LanTEK IV-L<\/h3>\n                        <\/div>\n\t\t\t\t\t<\/a>\n\t\t\t\t<\/div><div class=\"in__article-item\">\n\t\t\t\t\t<a href=\"https:\/\/www.trend-networks.com\/es\/5-pasos-para-solucionar-problemas-de-conectividad-de-red\/\" title=\"View 5 pasos para solucionar problemas de conectividad de red\">\n\t\t\t\t\t\t<div class=\"in__article-item-image\">\n\t\t\t\t\t\t\t<img class=\"carousel-img no-lazy owl-lazy\" data-src=\"https:\/\/www.trend-networks.com\/wp-content\/uploads\/2025\/09\/Picture-1.jpg\" alt=\"\"\/>\n\t\t\t\t\t\t<\/div>\n                        <div class=\"in__article-item-text\">\n    \t\t\t\t\t\t<div class=\"in__column-container small-device-keep-columns\">\n    \t\t\t\t\t\t\t<div class=\"in__article-post-date in__column-1-2\">\n    \t\t\t\t\t\t\t\t12 septiembre 2025\n    \t\t\t\t\t\t\t<\/div>\n    \t\t\t\t\t\t\t<div class=\"in__article-post-cat in__column-1-2\">\n    \t\t\t\t\t\t\t\tNoticias\n    \t\t\t\t\t\t\t<\/div>\n    \t\t\t\t\t\t<\/div>\n    \t\t\t\t\t\t<h3>5 pasos para solucionar problemas de conectividad de red<\/h3>\n                        <\/div>\n\t\t\t\t\t<\/a>\n\t\t\t\t<\/div><\/section> <!--\/.in__article-carousel -->\n\n\n\n<div style=\"height:60px\" aria-hidden=\"true\" class=\"wp-block-spacer\"><\/div>\n\n\n\n<div class=\"wp-block-columns is-layout-flex wp-container-core-columns-is-layout-9d6595d7 wp-block-columns-is-layout-flex\">\n<div class=\"wp-block-column is-layout-flow wp-block-column-is-layout-flow\">\n<h2 class=\"wp-block-heading\"><a href=\"https:\/\/www.trend-networks.com\/latest\/press-coverage\/\">COBERTURA PERIOD\u00cdSTICA<\/a><\/h2>\n\n\n<div class=\"in__latest-single-container\"><div class=\"in__article-latest-item\">\n                                <a href=\"https:\/\/www.trend-networks.com\/es\/trend-networks-adquiere-terahertz-technologies-inc-empresa-fabricante-de-equipos-comprobadores-de-fibra\/\">\n                                    <div class=\"in__article-latest-image\">\n                                            <img decoding=\"async\" src=\"https:\/\/www.trend-networks.com\/wp-content\/uploads\/2021\/03\/Trend-Networks.jpg\" alt=\"TREND Networks\" title=\"\">\n                                    <\/div>\n                                    <div class=\"in__article-latest-meta\">\n                                        <p class=\"in__article-latest-cat\">Cobertura periodistica, Noticias<\/p>\n                                        <h3>TREND Networks adquiere Terahertz Technologies Inc., empresa fabricante de equipos comprobadores de fibra<\/h3>\n                                    <\/div>\n                                <\/a>\n                            <\/div><\/div>\n<\/div>\n\n\n\n<div class=\"wp-block-column is-layout-flow wp-block-column-is-layout-flow\">\n<h2 class=\"wp-block-heading\"><a href=\"https:\/\/www.trend-networks.com\/latest\/videos\/\">VIDEOS<\/a><\/h2>\n\n\n\n<\/div>\n<\/div>\n\n\n\n<div class=\"wp-block-group\"><div class=\"wp-block-group__inner-container is-layout-flow wp-block-group-is-layout-flow\">\n<div style=\"height:60px\" aria-hidden=\"true\" class=\"wp-block-spacer\"><\/div>\n\n\n\n\n\n<h2 class=\"has-text-align-center in__fullwidth-tag-line wp-block-heading\">NUESTRA PROMESA<\/h2>\n\n\n\n<p class=\"has-text-align-center has-trend-dark-blue-color has-text-color\"><strong>Promesa de Soporte de por Vida <\/strong> \u2013 continuaremos calibrando y reparando los equipos de medida que nos compre durante el per\u00edodo que usted los utilice.*<\/p>\n\n\n\n<p class=\"has-text-align-center has-trend-dark-blue-color has-text-color\"><strong>Dependa de Nuestros Datos <\/strong> \u2013 TREND AnyWARE Cloud es el \u00fanico sistema para certificaci\u00f3n de cables y medici\u00f3n de redes activas y de ancho de banda.<\/p>\n\n\n\n<p class=\"has-text-align-center has-trend-dark-blue-color has-text-color\"><strong>Servicios R\u00e1pidos<\/strong> \u2013 si no podemos responder a su llamada a Soporte T\u00e9cnico de inmediato, nuestra meta es retornar su solicitud en 2 horas dentro del horario comercial.**<\/p>\n\n\n\n<div style=\"height:30px\" aria-hidden=\"true\" class=\"wp-block-spacer\"><\/div>\n\n\n\n<div class=\"wp-block-buttons is-horizontal is-content-justification-center is-layout-flex wp-container-core-buttons-is-layout-499968f5 wp-block-buttons-is-layout-flex\">\n<div class=\"wp-block-button\"><a class=\"wp-block-button__link\" href=\" https:\/\/www.trend-networks.com\/es\/notre-promesse\/\">Aprende M\u00e1s<\/a><\/div>\n<\/div>\n<\/div><\/div>\n\n\n\n        <\/div>\n    <\/div>\n<\/section>\n\n<section class=\"in__cta-test4less learning-hub-cta trend-standard-block fadein slideup\">\n\n    \n    \n    <div class=\"grid-container\">\n        <div class=\"grid-x\">\n                            \n                                                            \n                    \n                                                            <div class=\"cell medium-6 padded \" style=\"background-image:url(https:\/\/www.trend-networks.com\/wp-content\/uploads\/2019\/03\/test4less-background.jpg);\">\n                                                <p style=\"font-size: 18px; font-weight: bold; color: #73797d; text-align: left;\">Si compra tres certificadores o m\u00e1s, reduzca el precio con nuestra exclusiva opci\u00f3n de pago por uso<\/p>\n<h1>Save more with<\/h1>\n                                                <img decoding=\"async\" src=\"https:\/\/www.trend-networks.com\/wp-content\/uploads\/2019\/06\/test4less-logo-homepage-2.png\" alt=\"\" title=\"\">                                                                        <div class=\"button-wrap\"><a class=\"button button-one\" href=\"https:\/\/www.trend-networks.com\/es\/test4less\/\" target=\"_self\">Aprende m\u00e1s<\/a><\/div>                    <\/div>\n                    \n                \n                                                            \n                    \n                                                            <div class=\"cell medium-6 padded \" style=\"background-image:url(https:\/\/www.trend-networks.com\/wp-content\/uploads\/2021\/03\/Used-tester-CTA-1.jpg);\">\n                                                <h2>Equipos de medida usados<\/h2>\n                                                                                                                        <div class=\"button-wrap\"><a class=\"button button-one\" href=\"\/product-category\/used-testers\/\" target=\"_self\">Aprende m\u00e1s<\/a><\/div>                    <\/div>\n                    \n                   \n                    <\/div>\n    <\/div>\n\n<\/section>\n\n<section class=\"grid-container section\">\n    <div class=\"grid-x\">\n        <div class=\"small-12 medium-12 large-12 cell inner-content\">\n\n\n\n        <\/div>\n    <\/div>\n<\/section>\n\n<section id=\"trend-about-latest\" class=\"in__cta-footer trend-standard-block fadein slideup\">\n\n    \n    \n    <div class=\"grid-container fluid\">\n        <div class=\"grid-x\">\n                            \n                                                            \n                    \n                                                            <div class=\"cell medium-6 padded \" style=\"background-color:#f5f5f5;\">\n                                                <h2>Acerca de TREND Networks<\/h2>\n                                                                                                                        <div class=\"button-wrap\"><a class=\"button button-one\" href=\"https:\/\/www.trend-networks.com\/es\/about-trend-networks\/\" target=\"_self\">Aprende m\u00e1s<\/a><\/div>                    <\/div>\n                    \n                \n                                                            \n                    \n                                                            <div class=\"cell medium-6 padded  background-dark\" style=\"background-color:#1c408c;\">\n                                                <h2>\u00daltimas noticias<\/h2>\n                                                                                                                        <div class=\"button-wrap\"><a class=\"button button-one\" href=\"https:\/\/www.trend-networks.com\/es\/latest\/\" target=\"_self\">Lee mas<\/a><\/div>                    <\/div>\n                    \n                   \n                    <\/div>\n    <\/div>\n\n<\/section>\n\n<section class=\"grid-container section\">\n    <div class=\"grid-x\">\n        <div class=\"small-12 medium-12 large-12 cell inner-content\">\n","protected":false},"excerpt":{"rendered":"<p>COBERTURA PERIOD\u00cdSTICA VIDEOS<\/p>\n","protected":false},"author":1,"featured_media":0,"parent":0,"menu_order":256,"comment_status":"closed","ping_status":"closed","template":"","meta":{"_acf_changed":false,"inline_featured_image":false,"_glsr_average":0,"_glsr_ranking":0,"_glsr_reviews":0,"footnotes":""},"class_list":["post-52754","page","type-page","status-publish","hentry"],"acf":[],"_links":{"self":[{"href":"https:\/\/www.trend-networks.com\/es\/wp-json\/wp\/v2\/pages\/52754","targetHints":{"allow":["GET"]}}],"collection":[{"href":"https:\/\/www.trend-networks.com\/es\/wp-json\/wp\/v2\/pages"}],"about":[{"href":"https:\/\/www.trend-networks.com\/es\/wp-json\/wp\/v2\/types\/page"}],"author":[{"embeddable":true,"href":"https:\/\/www.trend-networks.com\/es\/wp-json\/wp\/v2\/users\/1"}],"replies":[{"embeddable":true,"href":"https:\/\/www.trend-networks.com\/es\/wp-json\/wp\/v2\/comments?post=52754"}],"version-history":[{"count":0,"href":"https:\/\/www.trend-networks.com\/es\/wp-json\/wp\/v2\/pages\/52754\/revisions"}],"wp:attachment":[{"href":"https:\/\/www.trend-networks.com\/es\/wp-json\/wp\/v2\/media?parent=52754"}],"curies":[{"name":"wp","href":"https:\/\/api.w.org\/{rel}","templated":true}]}}