{"id":52746,"date":"2019-06-10T11:18:56","date_gmt":"2019-06-10T10:18:56","guid":{"rendered":"https:\/\/www.trend-networks.com\/?page_id=52746"},"modified":"2021-08-24T14:44:17","modified_gmt":"2021-08-24T13:44:17","slug":"mobile-app-ideal-anyware","status":"publish","type":"page","link":"https:\/\/www.trend-networks.com\/es\/mobile-app-ideal-anyware\/","title":{"rendered":"MOBILE APP &#8211; TREND ANYWARE\u2122"},"content":{"rendered":"\n<div style=\"height:50px\" aria-hidden=\"true\" class=\"wp-block-spacer\"><\/div>\n\n\n\n<div class=\"wp-block-columns in__t4l-product is-layout-flex wp-container-core-columns-is-layout-9d6595d7 wp-block-columns-is-layout-flex\">\n<div class=\"wp-block-column is-layout-flow wp-block-column-is-layout-flow\">\n<p class=\"has-text-align-left\" style=\"font-size:18px\"><strong><strong>Vea y env\u00ede informes de pruebas de cables de datos y de redes a compa\u00f1eros y clientes de cualquier lugar.<\/strong><\/strong><\/p>\n\n\n\n<h1 class=\"has-trend-dark-blue-color has-text-color wp-block-heading\">LA APLICACI\u00d3N GRATUITA <img decoding=\"async\" width=\"214\" height=\"57\" class=\" wp-image-49142 alignnone\" style=\"vertical-align: middle;\" src=\"https:\/\/www.trend-networks.com\/wp-content\/uploads\/2019\/06\/anyware_logo1.jpg\" alt=\"\" title=\"\"><\/h1>\n\n\n\n<p class=\"has-text-align-left has-trend-dark-blue-color has-text-color\"><strong>The app connects to your TREND cable or network tester using Wi-Fi and transfers test reports to your mobile device.<\/strong><\/p>\n\n\n\n<ul class=\"wp-block-list\"><li>Vea informes en PDF en su dispositivo m\u00f3vil<\/li><li>Env\u00ede informes en PDF o CSV usando su m\u00e9todo preferido para compartir archivos<\/li><li>Compatible con dispositivos m\u00f3viles Android y Apple<\/li><li>Opci\u00f3n para seleccionar trabajos o resultados de pruebas espec\u00edficos en los trabajos<\/li><\/ul>\n\n\n\n<div class=\"wp-block-buttons is-layout-flex wp-block-buttons-is-layout-flex\">\n<div class=\"wp-block-button\"><a class=\"wp-block-button__link\" href=\"https:\/\/www.trend-networks.com\/es\/contactenos\/\">Solicite m\u00e1s informaci\u00f3n<\/a><\/div>\n<\/div>\n<\/div>\n\n\n\n<div class=\"wp-block-column is-layout-flow wp-block-column-is-layout-flow\">\n<div class=\"wp-block-image\"><figure class=\"aligncenter size-full\"><img decoding=\"async\" width=\"474\" height=\"338\" src=\"https:\/\/www.trend-networks.com\/wp-content\/uploads\/2019\/06\/anyware_mobile.jpg\" alt=\"\" class=\"wp-image-49036\" title=\"\" srcset=\"https:\/\/www.trend-networks.com\/wp-content\/uploads\/2019\/06\/anyware_mobile.jpg 474w, https:\/\/www.trend-networks.com\/wp-content\/uploads\/2019\/06\/anyware_mobile-400x284.jpg 400w\" sizes=\"(max-width: 474px) 100vw, 474px\" \/><\/figure><\/div>\n<\/div>\n<\/div>\n\n\n\n<div style=\"height:60px\" aria-hidden=\"true\" class=\"wp-block-spacer\"><\/div>\n\n\n\n<div class=\"wp-block-columns in__t4l-product is-layout-flex wp-container-core-columns-is-layout-9d6595d7 wp-block-columns-is-layout-flex\">\n<div class=\"wp-block-column is-layout-flow wp-block-column-is-layout-flow\">\n<figure class=\"wp-block-image size-full\"><img decoding=\"async\" width=\"474\" height=\"338\" src=\"https:\/\/www.trend-networks.com\/wp-content\/uploads\/2019\/06\/anyware_report.jpg\" alt=\"\" class=\"wp-image-49052\" title=\"\" srcset=\"https:\/\/www.trend-networks.com\/wp-content\/uploads\/2019\/06\/anyware_report.jpg 474w, https:\/\/www.trend-networks.com\/wp-content\/uploads\/2019\/06\/anyware_report-400x284.jpg 400w\" sizes=\"(max-width: 474px) 100vw, 474px\" \/><\/figure>\n<\/div>\n\n\n\n<div class=\"wp-block-column is-layout-flow wp-block-column-is-layout-flow\">\n<h2 class=\"has-trend-dark-blue-color has-text-color wp-block-heading\">APLICACI\u00d3N TREND ANYWARE<\/h2>\n\n\n\n<ul class=\"wp-block-list\"><li>La aplicaci\u00f3n se conecta por wifi al comprobador de cable o red TREND y transfiere los informes de las pruebas al dispositivo m\u00f3vil. Una vez que los datos se han transferido, los usuarios pueden ver los informes en PDF y enviarlos usando su m\u00e9todo preferido para compartir archivos, incluidos el correo electr\u00f3nico o la aplicaci\u00f3n para compartir archivos.<\/li><li>Los instaladores de cables y t\u00e9cnicos inform\u00e1ticos pueden compartir los problemas dif\u00edciles con sus compa\u00f1eros aunque no est\u00e9n en el emplazamiento con el fin de mejorar la productividad y reducir el tiempo de inactividad. Los informes tambi\u00e9n pueden enviarse al cliente tan pronto como haya finalizado el trabajo como prueba del trabajo realizado.<\/li><\/ul>\n<\/div>\n<\/div>\n\n\n\n<div style=\"height:60px\" aria-hidden=\"true\" class=\"wp-block-spacer\"><\/div>\n\n\n\n<div class=\"wp-block-columns in__t4l-product is-layout-flex wp-container-core-columns-is-layout-9d6595d7 wp-block-columns-is-layout-flex\">\n<div class=\"wp-block-column is-layout-flow wp-block-column-is-layout-flow\">\n<ul class=\"wp-block-list\"><li>El problema de conexi\u00f3n a una red wifi local se elimina pues el equipo funciona como un hotspot de acceso para descargar datos a una unidad m\u00f3vil<\/li><li>La aplicaci\u00f3n TREND AnyWARE es compatible con SignalTEK CT, SignalTEK NT, NaviTEK NT, LanXPLORER Pro y LanTEK III.<\/li><li>El modelo LanTEK III puede usarse con la aplicaci\u00f3n TREND AnyWARE, pero los informes en PDF no se muestran en el dispositivo m\u00f3vil. La aplicaci\u00f3n se utiliza para enviar los datos de las pruebas a la oficina, donde se pueden generar los informes en PDF por medio del software de gesti\u00f3n gratuito TREND Data Center (IDC), o el nuevo Portal Anyware o su versi\u00f3n de ordenador.<\/li><li>Las instrucciones sobre c\u00f3mo usar la aplicaci\u00f3n se encuentran en la gu\u00eda de referencia r\u00e1pida o el manual del comprobador TREND<\/li><\/ul>\n\n\n\n<div class=\"wp-block-buttons is-layout-flex wp-block-buttons-is-layout-flex\">\n<div class=\"wp-block-button\"><a class=\"wp-block-button__link\" href=\"https:\/\/www.trend-networks.com\/contact\/\">Request more information<\/a><\/div>\n<\/div>\n<\/div>\n\n\n\n<div class=\"wp-block-column is-layout-flow wp-block-column-is-layout-flow\">\n<div class=\"wp-block-image\"><figure class=\"aligncenter size-full\"><img decoding=\"async\" width=\"474\" height=\"338\" src=\"https:\/\/www.trend-networks.com\/wp-content\/uploads\/2019\/06\/anyware_report_on_mobile.jpg\" alt=\"\" class=\"wp-image-49060\" title=\"\" srcset=\"https:\/\/www.trend-networks.com\/wp-content\/uploads\/2019\/06\/anyware_report_on_mobile.jpg 474w, https:\/\/www.trend-networks.com\/wp-content\/uploads\/2019\/06\/anyware_report_on_mobile-400x284.jpg 400w\" sizes=\"(max-width: 474px) 100vw, 474px\" \/><\/figure><\/div>\n<\/div>\n<\/div>\n\n\n\n<div style=\"height:60px\" aria-hidden=\"true\" class=\"wp-block-spacer\"><\/div>\n\n\n\n<div class=\"wp-block-columns in__t4l-product is-layout-flex wp-container-core-columns-is-layout-9d6595d7 wp-block-columns-is-layout-flex\">\n<div class=\"wp-block-column is-layout-flow wp-block-column-is-layout-flow\">\n<figure class=\"wp-block-image size-full\"><img decoding=\"async\" width=\"600\" height=\"527\" src=\"https:\/\/www.trend-networks.com\/wp-content\/uploads\/2019\/06\/stnt_page3_uk.jpg\" alt=\"\" class=\"wp-image-49095\" title=\"\" srcset=\"https:\/\/www.trend-networks.com\/wp-content\/uploads\/2019\/06\/stnt_page3_uk.jpg 600w, https:\/\/www.trend-networks.com\/wp-content\/uploads\/2019\/06\/stnt_page3_uk-45x40.jpg 45w, https:\/\/www.trend-networks.com\/wp-content\/uploads\/2019\/06\/stnt_page3_uk-480x422.jpg 480w\" sizes=\"(max-width: 600px) 100vw, 600px\" \/><\/figure>\n<\/div>\n\n\n\n<div class=\"wp-block-column is-layout-flow wp-block-column-is-layout-flow\">\n<h2 class=\"has-trend-dark-blue-color has-text-color wp-block-heading\">FUNCIONES<\/h2>\n\n\n\n<ul class=\"wp-block-list\"><li>Selecci\u00f3n de trabajos o pruebas de un trabajo que pueden enviarse<\/li><li>Filtro para ver las pruebas superadas\/no superadas o todas las pruebas<\/li><li>Visualizaci\u00f3n de informes en PDF<\/li><li>Env\u00edo de informes de pruebas en PDF o CSV por correo electr\u00f3nico o usando el m\u00e9todo preferido para compartir archivos<\/li><li>Compatible con dispositivos m\u00f3viles Android y Apple<\/li><li>TREND AnyWARE no es un servicio en la nube; IDEAL no puede acceder ni ver los informes de las pruebas<\/li><\/ul>\n<\/div>\n<\/div>\n\n\n\n<div style=\"height:60px\" aria-hidden=\"true\" class=\"wp-block-spacer\"><\/div>\n\n\n\n<div class=\"wp-block-columns is-layout-flex wp-container-core-columns-is-layout-9d6595d7 wp-block-columns-is-layout-flex\">\n<div class=\"wp-block-column is-layout-flow wp-block-column-is-layout-flow\">\n<h2 class=\"has-trend-dark-blue-color has-text-color wp-block-heading\"><strong>TIENDAS DE APLICACIONES<\/strong><\/h2>\n\n\n\n<figure class=\"wp-block-image size-full\"><img decoding=\"async\" width=\"384\" height=\"163\" src=\"https:\/\/www.trend-networks.com\/wp-content\/uploads\/2019\/06\/downloadapp_enjpg1.jpg\" alt=\"\" class=\"wp-image-49150\" title=\"\"><\/figure>\n<\/div>\n\n\n\n<div class=\"wp-block-column is-layout-flow wp-block-column-is-layout-flow\">\n<h2 class=\"wp-block-heading\">TIENDA DE APLICACIONES DE APPLE<\/h2>\n\n\n\n<p>Para descargar la versi\u00f3n de Android de la aplicaci\u00f3n IDEAL AnyWARE, visite al tienda de aplicaciones Google Play y busque \u00abTREND AnyWARE\u00bb.<\/p>\n\n\n\n<p><a href=\"https:\/\/apps.apple.com\/us\/app\/trend-anyware\/id1497737587\" target=\"_blank\" rel=\"noreferrer noopener\">https:\/\/apps.apple.com\/us\/app\/trend-anyware\/id1497737587<\/a><\/p>\n\n\n\n<h2 class=\"wp-block-heading\">TIENDA DE APLICACIONES DE GOOGLE<\/h2>\n\n\n\n<p>To download the Android version of the TREND AnyWARE app, please visit the Google Play app store and search for \u201cTREND AnyWARE\u201d.<\/p>\n\n\n\n<p><a href=\"https:\/\/play.google.com\/store\/apps\/details?id=com.idealindustries&amp;hl=en_GB\" target=\"_blank\" rel=\"noreferrer noopener\">https:\/\/play.google.com\/store\/apps\/details?id=com.idealindustries&amp;hl=en_GB<\/a><\/p>\n\n\n\n<div class=\"wp-block-buttons is-layout-flex wp-block-buttons-is-layout-flex\">\n<div class=\"wp-block-button\"><a class=\"wp-block-button__link\" href=\"https:\/\/www.trend-networks.com\/es\/support\/\">Support<\/a><\/div>\n<\/div>\n<\/div>\n<\/div>\n\n\n\n<div style=\"height:60px\" aria-hidden=\"true\" class=\"wp-block-spacer\"><\/div>\n\n\n\n<h2 class=\"has-trend-dark-blue-color has-text-color wp-block-heading\">PREGUNTAS FRECUENTES<\/h2>\n\n\n\n<p><strong>P: \u00bfQu\u00e9 sistemas operativos son compatibles?<\/strong><\/p>\n\n\n\n<p>R: IOS 7.x y 8.x y Android 4.x y 5.xR: Debe descargar los resultados de la prueba al dispositivo m\u00f3vil para poder verlos.<\/p>\n\n\n\n<p><strong>P: \u00bfCu\u00e1ntos dispositivos m\u00f3viles pueden conectarse al comprobador al mismo tiempo?<\/strong><\/p>\n\n\n\n<p>R: Solo puede conectarse un usuario al comprobador al mismo tiempo. El comprobador debe reiniciarse si se va a conectar otro dispositivo.<\/p>\n\n\n\n<p><strong>P: \u00bfPor qu\u00e9 no puedo ver los resultados detallados de la prueba en la pesta\u00f1a activa del dispositivo m\u00f3vil?<\/strong><\/p>\n\n\n\n<p>R: Debe descargar los resultados de la prueba al dispositivo m\u00f3vil para poder verlos.<\/p>\n\n\n\n<p><strong>P: \u00bfPor qu\u00e9 pudiera la aplicaci\u00f3n TREND AnyWARE no encontrar el comprobador ?<\/strong><\/p>\n\n\n\n<p>R: Compruebe lo siguiente:<\/p>\n\n\n\n<ol class=\"wp-block-list\"><li>El comprobador est\u00e1 encendido.<\/li><li>El adaptador wifi USB est\u00e1 conectado al puerto USB del comprobador.<\/li><li>Ha habilitado la red wifi en el comprobador. Cuando la wifi est\u00e1 habilitada, la barra de estado de la parte superior de la pantalla se muestra en color azul y aparece el s\u00edmbolo wifi. La wifi se puede habilitar accediendo a la pantalla de trabajos. La wifi tambi\u00e9n se habilita durante 5 minutos despu\u00e9s de encender el comprobador.<\/li><li>Si cuando est\u00e1 en la aplicaci\u00f3n TREND AnyWARE, ve el mensaje \u00abNo se ha podido encontrar el dispositivo de prueba. Arrastre hacia abajo para actualizar\u00bb, el tel\u00e9fono no est\u00e1 conectado al comprobador. Toque \u00abCambiar wifi\u00bb, aseg\u00farese de que la wifi est\u00e1 conectada y selecciones el punto de acceso wifi llamado \u00abTRENDX-XXXXXX\u00bb.<\/li><li>Aseg\u00farese de que la contrase\u00f1a wifi del dispositivo m\u00f3vil coincide con la del comprobador. Si desea comprobar la contrase\u00f1a en el comprobador, pulse CONFIGURACI\u00d3N|INFORMES para ver la contrase\u00f1a. Tenga en cuenta que este proceso puede ser distinto en funci\u00f3n del comprobador. Consulte el manual para obtener m\u00e1s informaci\u00f3n.<\/li><\/ol>\n\n\n\n<p><strong>P: \u00bfC\u00f3mo puede compartir los resultados que est\u00e1n en el dispositivo m\u00f3vil?<\/strong><\/p>\n\n\n\n<p>R: Una vez que haya descargado los informes al dispositivo m\u00f3vil, podr\u00e1 compartirlos por correo electr\u00f3nico o mediante alg\u00fan otro m\u00e9todo para compartir archivos.<\/p>\n\n\n\n<p><strong>P: \u00bfPor qu\u00e9 no puedo ver los resultados en el dispositivo m\u00f3vil?<\/strong><\/p>\n\n\n\n<p>R: Los informes solo pueden verse en el dispositivo m\u00f3vil despu\u00e9s de haberlos descargado y si tiene un lector de PDF o aplicaci\u00f3n para ver PDF instalada.<\/p>\n\n\n\n<p><strong>P: \u00bfEs gratis la aplicaci\u00f3n TREND AnyWARE?<\/strong><\/p>\n\n\n\n<p>R: S\u00ed<\/p>\n\n\n\n<p><strong>P: Despu\u00e9s de enviar los informes de pruebas a otros destinatarios, \u00bfpor qu\u00e9 no pueden ver los informes en sus dispositivos m\u00f3viles?<\/strong><\/p>\n\n\n\n<p>R: La aplicaci\u00f3n TREND AnyWARE comprime los informes de pruebas en archivos zip antes de enviarlos. El destinatario necesitar\u00e1 por tanto descomprimir los archivos para poder ver los PDF<\/p>\n\n\n\n<p><strong>P: \u00bfQu\u00e9 adaptadores wifi USB son compatibles?<\/strong><\/p>\n\n\n\n<p>R: El adaptador wifi USB \u00abEdimax EW-7811Un\u00bb es el \u00fanico adaptador compatible aprobado para la aplicaci\u00f3n TREND AnyWARE. Este adaptador se incluye con los modelos SignalTEK NT (R156003), SignalTEK CT (R156004), NaviTEK NT Plus (R151003), NaviTEK NT Pro (R151004), LanXPLORER Pro (R150001) y todos los modelos LanTEK III.<\/p>\n\n\n\n<p><strong>P: \u00bfPuedo usar servicios en la nube para compartir archivos?<br><\/strong><br>R: S\u00ed, puede usar cualquier servicio para compartir archivos que tenga en el dispositivo m\u00f3vil y sea compatible con archivos adjuntos<strong><\/strong><\/p>\n\n\n\n<p><strong>P: \u00bfPuedo conectar el comprobador a una red wifi?<\/strong><\/p>\n\n\n\n<p>R: No, el comprobador crea un punto de acceso wifi al que debe conectarse el dispositivo m\u00f3vil<\/p>\n\n\n\n<p><strong>P: \u00bfPuedo descargar directamente los informes de las pruebas a mi ordenador usando wifi?<\/strong><\/p>\n\n\n\n<p>R: No, el comprobador crea un punto de acceso wifi al que debe conectarse el dispositivo m\u00f3vil<\/p>\n\n\n\n<p><strong>P: \u00bfPuedo actualizar mi SignalTEK II para habilitar esta funci\u00f3n?<\/strong><\/p>\n\n\n\n<p>R: S\u00ed, visite&nbsp;<a href=\"https:\/\/www.trend-networks.com\/\">www.trend-networks.com<\/a>&nbsp;y haga clic en ASISTENCIA para descargar la \u00faltima versi\u00f3n e software. Tambi\u00e9n deber\u00e1 comprar un adaptador wifi USB Edimax EW-7811Un<\/p>\n\n\n\n<p><strong>P: \u00bfHay otros comprobadores TREND que sean compatibles con la aplicaci\u00f3n TREND AnyWARE?<\/strong><\/p>\n\n\n\n<p>R: La aplicaci\u00f3n TREND AnyWARE es compatible con SignalTEK CT, SignalTEK NT, NaviTEK NT Plus, NaviTEK NT Pro, LanXPLORER Pro y todos los modelos LanTEK III.<\/p>\n\n\n\n<p><strong>P: \u00bfTengo que cambiar los ajustes de configuraci\u00f3n de mi tel\u00e9fono m\u00f3vil?<\/strong><\/p>\n\n\n\n<p>R: Aseg\u00farese de que los servicios de ubicaci\u00f3n del tel\u00e9fono est\u00e1n activados; de no ser as\u00ed, TREND ANYWARE\u2122 dejar\u00e1 de buscar dispositivos conocidos. Los servicios de ubicaci\u00f3n deben activarse antes de la instalaci\u00f3n de la aplicaci\u00f3n TREND ANYWARE\u2122.<\/p>\n\n\n\n<p><strong>P: No puedo cargar los resultados de la prueba en mi tel\u00e9fono m\u00f3vil. \u00bfHay algo que pueda hacer?<\/strong><\/p>\n\n\n\n<p>R: Comprueba los datos en cach\u00e9. Si la memoria cach\u00e9 est\u00e1 llena, no podr\u00e1n cargarse los resultados en el tel\u00e9fono. Aseg\u00farese de que los datos en cach\u00e9 se han borrado.<\/p>\n\n\n\n<div style=\"height:40px\" aria-hidden=\"true\" class=\"wp-block-spacer\"><\/div>\n\n\n\n        <\/div>\n    <\/div>\n<\/section>\n\n<section id=\"trend-about-latest\" class=\"in__cta-footer trend-standard-block fadein slideup\">\n\n    \n    \n    <div class=\"grid-container fluid\">\n        <div class=\"grid-x\">\n                            \n                                                            \n                    \n                                                            <div class=\"cell medium-6 padded \" style=\"background-color:#f5f5f5;\">\n                                                <h2>Acerca de TREND Networks<\/h2>\n                                                                                                                        <div class=\"button-wrap\"><a class=\"button button-one\" href=\"https:\/\/www.trend-networks.com\/es\/about-trend-networks\/\" target=\"_self\">Aprende m\u00e1s<\/a><\/div>                    <\/div>\n                    \n                \n                                                            \n                    \n                                                            <div class=\"cell medium-6 padded  background-dark\" style=\"background-color:#1c408c;\">\n                                                <h2>\u00daltimas noticias<\/h2>\n                                                                                                                        <div class=\"button-wrap\"><a class=\"button button-one\" href=\"https:\/\/www.trend-networks.com\/es\/latest\/\" target=\"_self\">Lee mas<\/a><\/div>                    <\/div>\n                    \n                   \n                    <\/div>\n    <\/div>\n\n<\/section>\n\n<section class=\"grid-container section\">\n    <div class=\"grid-x\">\n        <div class=\"small-12 medium-12 large-12 cell inner-content\">\n","protected":false},"excerpt":{"rendered":"<p>Vea y env\u00ede informes de pruebas de cables de datos y de redes a compa\u00f1eros&nbsp;&#8230;<\/p>\n","protected":false},"author":1,"featured_media":0,"parent":0,"menu_order":93,"comment_status":"closed","ping_status":"closed","template":"","meta":{"_acf_changed":false,"inline_featured_image":false,"_glsr_average":0,"_glsr_ranking":0,"_glsr_reviews":0,"footnotes":""},"class_list":["post-52746","page","type-page","status-publish","hentry"],"acf":[],"_links":{"self":[{"href":"https:\/\/www.trend-networks.com\/es\/wp-json\/wp\/v2\/pages\/52746","targetHints":{"allow":["GET"]}}],"collection":[{"href":"https:\/\/www.trend-networks.com\/es\/wp-json\/wp\/v2\/pages"}],"about":[{"href":"https:\/\/www.trend-networks.com\/es\/wp-json\/wp\/v2\/types\/page"}],"author":[{"embeddable":true,"href":"https:\/\/www.trend-networks.com\/es\/wp-json\/wp\/v2\/users\/1"}],"replies":[{"embeddable":true,"href":"https:\/\/www.trend-networks.com\/es\/wp-json\/wp\/v2\/comments?post=52746"}],"version-history":[{"count":0,"href":"https:\/\/www.trend-networks.com\/es\/wp-json\/wp\/v2\/pages\/52746\/revisions"}],"wp:attachment":[{"href":"https:\/\/www.trend-networks.com\/es\/wp-json\/wp\/v2\/media?parent=52746"}],"curies":[{"name":"wp","href":"https:\/\/api.w.org\/{rel}","templated":true}]}}