{"id":34056,"date":"2019-03-28T12:34:53","date_gmt":"2019-03-28T12:34:53","guid":{"rendered":"https:\/\/www.trend-networks.com\/white-papers\/"},"modified":"2021-08-24T18:36:03","modified_gmt":"2021-08-24T17:36:03","slug":"white-papers","status":"publish","type":"page","link":"https:\/\/www.trend-networks.com\/es\/latest\/white-papers\/","title":{"rendered":"White papers"},"content":{"rendered":"\n<h1 class=\"wp-block-heading\">White papers<\/h1>\n\n\n\n        <\/div>\n    <\/div>\n<\/section>\n\n<section   class=\"in__latest-navigation fullwidth-menu\">\n    <div class=\"menu-latest-section-menu-es-container\"><ul id=\"menu-latest-section-menu-es\" class=\"menu\"><li id=\"menu-item-52951\" class=\"menu-item menu-item-type-post_type menu-item-object-page menu-item-52951\"><a href=\"https:\/\/www.trend-networks.com\/es\/latest\/news\/\">\u00daltimas noticias<\/a><\/li>\n<li id=\"menu-item-52950\" class=\"menu-item menu-item-type-post_type menu-item-object-page menu-item-52950\"><a href=\"https:\/\/www.trend-networks.com\/es\/latest\/press-coverage\/\">Cobertura period\u00edstica<\/a><\/li>\n<li id=\"menu-item-52947\" class=\"menu-item menu-item-type-post_type menu-item-object-page menu-item-52947\"><a href=\"https:\/\/www.trend-networks.com\/es\/latest\/events\/\">Acontecimientos<\/a><\/li>\n<li id=\"menu-item-52949\" class=\"menu-item menu-item-type-post_type menu-item-object-page menu-item-52949\"><a href=\"https:\/\/www.trend-networks.com\/es\/latest\/videos\/\">Videos<\/a><\/li>\n<li id=\"menu-item-52948\" class=\"menu-item menu-item-type-post_type menu-item-object-page menu-item-52948\"><a href=\"https:\/\/www.trend-networks.com\/es\/latest\/white-papers\/\">Publicaciones T\u00e9cnicas<\/a><\/li>\n<\/ul><\/div><\/section>\n\n<section class=\"grid-container section\">\n    <div class=\"grid-x\">\n        <div class=\"small-12 medium-12 large-12 cell inner-content\">\n\n\n\n\n<section  class=\"trend-latest-articles\">\n    \n                                    <div class=\"no-results\">\n                <h3>NO SE ENCONTRARON RESULTADOS<\/h3>\n                <p>La p\u00e1gina solicitada no pudo encontrarse. Trate de perfeccionar su b\u00fasqueda o utilice la navegaci\u00f3n para localizar la entrada.<\/p>\n            <\/div>\n            <\/div>\n<\/section>\n\n\n        <\/div>\n    <\/div>\n<\/section>\n\n<section class=\"in__cta-test4less learning-hub-cta trend-standard-block fadein slideup\">\n\n    \n    \n    <div class=\"grid-container\">\n        <div class=\"grid-x\">\n                            \n                                                            \n                    \n                                                            <div class=\"cell medium-6 padded \" style=\"background-image:url(https:\/\/www.trend-networks.com\/wp-content\/uploads\/2019\/03\/test4less-background.jpg);\">\n                                                <p style=\"font-size: 18px; font-weight: bold; color: #73797d; text-align: left;\">Si compra tres certificadores o m\u00e1s, reduzca el precio con nuestra exclusiva opci\u00f3n de pago por uso<\/p>\n<h1>Save more with<\/h1>\n                                                <img decoding=\"async\" src=\"https:\/\/www.trend-networks.com\/wp-content\/uploads\/2019\/06\/test4less-logo-homepage-2.png\" alt=\"\" title=\"\">                                                                        <div class=\"button-wrap\"><a class=\"button button-one\" href=\"https:\/\/www.trend-networks.com\/es\/test4less\/\" target=\"_self\">Aprende m\u00e1s<\/a><\/div>                    <\/div>\n                    \n                \n                                                            \n                    \n                                                            <div class=\"cell medium-6 padded \" style=\"background-image:url(https:\/\/www.trend-networks.com\/wp-content\/uploads\/2021\/03\/Used-tester-CTA-1.jpg);\">\n                                                <h2>Equipos de medida usados<\/h2>\n                                                                                                                        <div class=\"button-wrap\"><a class=\"button button-one\" href=\"\/product-category\/used-testers\/\" target=\"_self\">Aprende m\u00e1s<\/a><\/div>                    <\/div>\n                    \n                   \n                    <\/div>\n    <\/div>\n\n<\/section>\n\n<section class=\"grid-container section\">\n    <div class=\"grid-x\">\n        <div class=\"small-12 medium-12 large-12 cell inner-content\">\n\n\n\n        <\/div>\n    <\/div>\n<\/section>\n\n<section id=\"trend-about-latest\" class=\"in__cta-footer trend-standard-block fadein slideup\">\n\n    \n    \n    <div class=\"grid-container fluid\">\n        <div class=\"grid-x\">\n                            \n                                                            \n                    \n                                                            <div class=\"cell medium-6 padded \" style=\"background-color:#f5f5f5;\">\n                                                <h2>Acerca de TREND Networks<\/h2>\n                                                                                                                        <div class=\"button-wrap\"><a class=\"button button-one\" href=\"https:\/\/www.trend-networks.com\/es\/about-trend-networks\/\" target=\"_self\">Aprende m\u00e1s<\/a><\/div>                    <\/div>\n                    \n                \n                                                            \n                    \n                                                            <div class=\"cell medium-6 padded  background-dark\" style=\"background-color:#1c408c;\">\n                                                <h2>\u00daltimas noticias<\/h2>\n                                                                                                                        <div class=\"button-wrap\"><a class=\"button button-one\" href=\"https:\/\/www.trend-networks.com\/es\/latest\/\" target=\"_self\">Lee mas<\/a><\/div>                    <\/div>\n                    \n                   \n                    <\/div>\n    <\/div>\n\n<\/section>\n\n<section class=\"grid-container section\">\n    <div class=\"grid-x\">\n        <div class=\"small-12 medium-12 large-12 cell inner-content\">\n","protected":false},"excerpt":{"rendered":"<p>White papers<\/p>\n","protected":false},"author":1,"featured_media":0,"parent":52754,"menu_order":219,"comment_status":"closed","ping_status":"closed","template":"","meta":{"_acf_changed":false,"inline_featured_image":false,"_glsr_average":0,"_glsr_ranking":0,"_glsr_reviews":0,"footnotes":""},"class_list":["post-34056","page","type-page","status-publish","hentry"],"acf":[],"_links":{"self":[{"href":"https:\/\/www.trend-networks.com\/es\/wp-json\/wp\/v2\/pages\/34056","targetHints":{"allow":["GET"]}}],"collection":[{"href":"https:\/\/www.trend-networks.com\/es\/wp-json\/wp\/v2\/pages"}],"about":[{"href":"https:\/\/www.trend-networks.com\/es\/wp-json\/wp\/v2\/types\/page"}],"author":[{"embeddable":true,"href":"https:\/\/www.trend-networks.com\/es\/wp-json\/wp\/v2\/users\/1"}],"replies":[{"embeddable":true,"href":"https:\/\/www.trend-networks.com\/es\/wp-json\/wp\/v2\/comments?post=34056"}],"version-history":[{"count":0,"href":"https:\/\/www.trend-networks.com\/es\/wp-json\/wp\/v2\/pages\/34056\/revisions"}],"up":[{"embeddable":true,"href":"https:\/\/www.trend-networks.com\/es\/wp-json\/wp\/v2\/pages\/52754"}],"wp:attachment":[{"href":"https:\/\/www.trend-networks.com\/es\/wp-json\/wp\/v2\/media?parent=34056"}],"curies":[{"name":"wp","href":"https:\/\/api.w.org\/{rel}","templated":true}]}}