{"id":151998,"date":"2026-03-27T14:54:30","date_gmt":"2026-03-27T14:54:30","guid":{"rendered":"https:\/\/www.trend-networks.com\/spring-savings\/"},"modified":"2026-03-30T15:15:54","modified_gmt":"2026-03-30T14:15:54","slug":"springsavings","status":"publish","type":"page","link":"https:\/\/www.trend-networks.com\/es\/springsavings\/","title":{"rendered":"Spring Savings"},"content":{"rendered":"\n<div style=\"height:100px\" aria-hidden=\"true\" class=\"wp-block-spacer block-visibility-hide-medium-screen block-visibility-hide-small-screen\"><\/div>\n\n\n<div class=\"wp-block-image\">\n<figure class=\"aligncenter size-full is-resized\"><a href=\"https:\/\/www.trend-networks.com\/es\/categoria-producto\/funciones-de-promociones\/\"><img decoding=\"async\" width=\"1940\" height=\"440\" src=\"https:\/\/www.trend-networks.com\/wp-content\/uploads\/2026\/03\/1940x440-ES.jpg\" alt=\"\" class=\"wp-image-152399\" style=\"width:1920px\" title=\"\" srcset=\"https:\/\/www.trend-networks.com\/wp-content\/uploads\/2026\/03\/1940x440-ES.jpg 1940w, https:\/\/www.trend-networks.com\/wp-content\/uploads\/2026\/03\/1940x440-ES-600x136.jpg 600w, https:\/\/www.trend-networks.com\/wp-content\/uploads\/2026\/03\/1940x440-ES-1024x232.jpg 1024w, https:\/\/www.trend-networks.com\/wp-content\/uploads\/2026\/03\/1940x440-ES-768x174.jpg 768w, https:\/\/www.trend-networks.com\/wp-content\/uploads\/2026\/03\/1940x440-ES-1536x348.jpg 1536w\" sizes=\"(max-width: 1940px) 100vw, 1940px\" \/><\/a><\/figure>\n<\/div>\n\n\n<div style=\"height:30px\" aria-hidden=\"true\" class=\"wp-block-spacer\"><\/div>\n\n\n\n<h1 class=\"wp-block-heading has-text-align-center\">DA UN IMPULSO A LA PRIMAVERA CON PRUEBAS M\u00c1S INTELIGENTES Y EL M\u00c1XIMO AHORRO.<\/h1>\n\n\n\n<p class=\"has-text-align-center\"><strong>Ahorre hasta 4.210 \u20ac en soluciones de certificaci\u00f3n, fibra \u00f3ptica y pruebas PoE.<\/strong><\/p>\n\n\n\n<p class=\"has-text-align-center\">Actualiza tu equipo de pruebas de red esta primavera con descuentos exclusivos por tiempo limitado de TREND Networks. Ya sea que est\u00e9s certificando Ethernet de alta velocidad, instalando infraestructura de fibra \u00f3ptica o verificando el rendimiento de PoE, nuestras herramientas l\u00edderes en la industria te ayudan a trabajar m\u00e1s r\u00e1pido, de forma m\u00e1s inteligente y con total confianza.<\/p>\n\n\n\n<p class=\"has-text-align-center\"><strong>V\u00e1lido desde el 1 de abril de 2026 hasta el 31 de julio de 2026.<\/strong><\/p>\n\n\n\n<div class=\"wp-block-columns column-margin four-col is-layout-flex wp-container-core-columns-is-layout-9d6595d7 wp-block-columns-is-layout-flex\">\n<div class=\"wp-block-column is-layout-flow wp-block-column-is-layout-flow\">\n<figure class=\"wp-block-image size-full\"><a href=\"https:\/\/www.trend-networks.com\/es\/producto\/certificador-de-cable-lantek-iv\/\"><img decoding=\"async\" width=\"900\" height=\"900\" src=\"https:\/\/www.trend-networks.com\/wp-content\/uploads\/2026\/03\/Revised_900x900-Spring-Summer-Product-Graphics-ES.jpg\" alt=\"\" class=\"wp-image-152410\" title=\"\" srcset=\"https:\/\/www.trend-networks.com\/wp-content\/uploads\/2026\/03\/Revised_900x900-Spring-Summer-Product-Graphics-ES.jpg 900w, https:\/\/www.trend-networks.com\/wp-content\/uploads\/2026\/03\/Revised_900x900-Spring-Summer-Product-Graphics-ES-600x600.jpg 600w, https:\/\/www.trend-networks.com\/wp-content\/uploads\/2026\/03\/Revised_900x900-Spring-Summer-Product-Graphics-ES-150x150.jpg 150w, https:\/\/www.trend-networks.com\/wp-content\/uploads\/2026\/03\/Revised_900x900-Spring-Summer-Product-Graphics-ES-768x768.jpg 768w, https:\/\/www.trend-networks.com\/wp-content\/uploads\/2026\/03\/Revised_900x900-Spring-Summer-Product-Graphics-ES-125x125.jpg 125w, https:\/\/www.trend-networks.com\/wp-content\/uploads\/2026\/03\/Revised_900x900-Spring-Summer-Product-Graphics-ES-100x100.jpg 100w\" sizes=\"(max-width: 900px) 100vw, 900px\" \/><\/a><\/figure>\n\n\n\n<div style=\"height:30px\" aria-hidden=\"true\" class=\"wp-block-spacer\"><\/div>\n\n\n\n<p class=\"has-text-align-center\"><strong>LanTEK IV-S 3000 MHz paquete fibra esencial (LT4-3000FS)<br>AHORRA 4.210\u20ac<\/strong><br>Pruebas preparadas para el futuro de hasta 3000 MHz, ideales para instalaciones Cat 8 y Ethernet de alta velocidad. Incluye m\u00f3dulos de fibra y soporte Sapphire Care.<\/p>\n\n\n\n<p class=\"has-text-align-center\">.<\/p>\n<\/div>\n\n\n\n<div class=\"wp-block-column is-layout-flow wp-block-column-is-layout-flow\">\n<figure class=\"wp-block-image size-full\"><a href=\"https:\/\/www.trend-networks.com\/es\/producto\/certificador-de-cable-lantek-iv\/\"><img decoding=\"async\" width=\"900\" height=\"900\" src=\"https:\/\/www.trend-networks.com\/wp-content\/uploads\/2026\/03\/Revised_900x900-Spring-Summer-Product-Graphics-ES2.jpg\" alt=\"\" class=\"wp-image-152420\" title=\"\" srcset=\"https:\/\/www.trend-networks.com\/wp-content\/uploads\/2026\/03\/Revised_900x900-Spring-Summer-Product-Graphics-ES2.jpg 900w, https:\/\/www.trend-networks.com\/wp-content\/uploads\/2026\/03\/Revised_900x900-Spring-Summer-Product-Graphics-ES2-600x600.jpg 600w, https:\/\/www.trend-networks.com\/wp-content\/uploads\/2026\/03\/Revised_900x900-Spring-Summer-Product-Graphics-ES2-150x150.jpg 150w, https:\/\/www.trend-networks.com\/wp-content\/uploads\/2026\/03\/Revised_900x900-Spring-Summer-Product-Graphics-ES2-768x768.jpg 768w, https:\/\/www.trend-networks.com\/wp-content\/uploads\/2026\/03\/Revised_900x900-Spring-Summer-Product-Graphics-ES2-125x125.jpg 125w, https:\/\/www.trend-networks.com\/wp-content\/uploads\/2026\/03\/Revised_900x900-Spring-Summer-Product-Graphics-ES2-100x100.jpg 100w\" sizes=\"(max-width: 900px) 100vw, 900px\" \/><\/a><\/figure>\n\n\n\n<div style=\"height:30px\" aria-hidden=\"true\" class=\"wp-block-spacer\"><\/div>\n\n\n\n<p class=\"has-text-align-center\"><strong>LanTEK IV-S 500 MHz paquete fibra esencial (LT4-500FS)<br><strong>AHORRA 4.040\u20ac<\/strong><\/strong><br>Una soluci\u00f3n de certificaci\u00f3n de cobre y fibra potente y accesible para instalaciones de red cotidianas.<\/p>\n<\/div>\n\n\n\n<div class=\"wp-block-column is-layout-flow wp-block-column-is-layout-flow\">\n<figure class=\"wp-block-image size-full\"><a href=\"https:\/\/www.trend-networks.com\/es\/producto\/certificador-de-cable-lantek-iv\/\"><img decoding=\"async\" width=\"900\" height=\"900\" src=\"https:\/\/www.trend-networks.com\/wp-content\/uploads\/2026\/03\/Revised_900x900-Spring-Summer-Product-Graphics-ES3.jpg\" alt=\"\" class=\"wp-image-152429\" title=\"\" srcset=\"https:\/\/www.trend-networks.com\/wp-content\/uploads\/2026\/03\/Revised_900x900-Spring-Summer-Product-Graphics-ES3.jpg 900w, https:\/\/www.trend-networks.com\/wp-content\/uploads\/2026\/03\/Revised_900x900-Spring-Summer-Product-Graphics-ES3-600x600.jpg 600w, https:\/\/www.trend-networks.com\/wp-content\/uploads\/2026\/03\/Revised_900x900-Spring-Summer-Product-Graphics-ES3-150x150.jpg 150w, https:\/\/www.trend-networks.com\/wp-content\/uploads\/2026\/03\/Revised_900x900-Spring-Summer-Product-Graphics-ES3-768x768.jpg 768w, https:\/\/www.trend-networks.com\/wp-content\/uploads\/2026\/03\/Revised_900x900-Spring-Summer-Product-Graphics-ES3-125x125.jpg 125w, https:\/\/www.trend-networks.com\/wp-content\/uploads\/2026\/03\/Revised_900x900-Spring-Summer-Product-Graphics-ES3-100x100.jpg 100w\" sizes=\"(max-width: 900px) 100vw, 900px\" \/><\/a><\/figure>\n\n\n\n<div style=\"height:30px\" aria-hidden=\"true\" class=\"wp-block-spacer\"><\/div>\n\n\n\n<p class=\"has-text-align-center\"><strong>LanTEK IV-L Certificador para cobre (R163030)<br><strong>AHORRA 2.545\u20ac<\/strong><\/strong><br>Certifique el cableado Cat 6A en tan solo 10 segundos con pruebas r\u00e1pidas e inmunes al ruido, capacidades PoE integradas e informes en la nube.<\/p>\n<\/div>\n\n\n\n<div class=\"wp-block-column is-layout-flow wp-block-column-is-layout-flow\">\n<figure class=\"wp-block-image size-full\"><a href=\"https:\/\/www.trend-networks.com\/es\/producto\/fibermaster-fusion-splicer-series-new\/\"><img decoding=\"async\" width=\"900\" height=\"900\" src=\"https:\/\/www.trend-networks.com\/wp-content\/uploads\/2026\/03\/Revised_900x900-Spring-Summer-Product-Graphics-ES4.jpg\" alt=\"\" class=\"wp-image-152438\" title=\"\" srcset=\"https:\/\/www.trend-networks.com\/wp-content\/uploads\/2026\/03\/Revised_900x900-Spring-Summer-Product-Graphics-ES4.jpg 900w, https:\/\/www.trend-networks.com\/wp-content\/uploads\/2026\/03\/Revised_900x900-Spring-Summer-Product-Graphics-ES4-600x600.jpg 600w, https:\/\/www.trend-networks.com\/wp-content\/uploads\/2026\/03\/Revised_900x900-Spring-Summer-Product-Graphics-ES4-150x150.jpg 150w, https:\/\/www.trend-networks.com\/wp-content\/uploads\/2026\/03\/Revised_900x900-Spring-Summer-Product-Graphics-ES4-768x768.jpg 768w, https:\/\/www.trend-networks.com\/wp-content\/uploads\/2026\/03\/Revised_900x900-Spring-Summer-Product-Graphics-ES4-125x125.jpg 125w, https:\/\/www.trend-networks.com\/wp-content\/uploads\/2026\/03\/Revised_900x900-Spring-Summer-Product-Graphics-ES4-100x100.jpg 100w\" sizes=\"(max-width: 900px) 100vw, 900px\" \/><\/a><\/figure>\n\n\n\n<div style=\"height:30px\" aria-hidden=\"true\" class=\"wp-block-spacer\"><\/div>\n\n\n\n<p class=\"has-text-align-center\"><strong>FiberMASTER S60 paquete fibra esencial (FS-S60-KIT) <br><strong>AHORRA 1.220\u20ac<\/strong><\/strong><br>Un kit de iniciaci\u00f3n completo para t\u00e9cnicos que se inician en las instalaciones de fibra \u00f3ptica, que incluye empalmadora de fusi\u00f3n y accesorios.<\/p>\n<\/div>\n<\/div>\n\n\n\n<div class=\"wp-block-columns column-margin four-col is-layout-flex wp-container-core-columns-is-layout-9d6595d7 wp-block-columns-is-layout-flex\">\n<div class=\"wp-block-column is-layout-flow wp-block-column-is-layout-flow\">\n<figure class=\"wp-block-image size-full\"><a href=\"https:\/\/www.trend-networks.com\/es\/producto\/fibermaster-fusion-splicer-series-new\/\"><img decoding=\"async\" width=\"900\" height=\"900\" src=\"https:\/\/www.trend-networks.com\/wp-content\/uploads\/2026\/03\/Revised_900x900-Spring-Summer-Product-Graphics-ES5.jpg\" alt=\"\" class=\"wp-image-152447\" title=\"\" srcset=\"https:\/\/www.trend-networks.com\/wp-content\/uploads\/2026\/03\/Revised_900x900-Spring-Summer-Product-Graphics-ES5.jpg 900w, https:\/\/www.trend-networks.com\/wp-content\/uploads\/2026\/03\/Revised_900x900-Spring-Summer-Product-Graphics-ES5-600x600.jpg 600w, https:\/\/www.trend-networks.com\/wp-content\/uploads\/2026\/03\/Revised_900x900-Spring-Summer-Product-Graphics-ES5-150x150.jpg 150w, https:\/\/www.trend-networks.com\/wp-content\/uploads\/2026\/03\/Revised_900x900-Spring-Summer-Product-Graphics-ES5-768x768.jpg 768w, https:\/\/www.trend-networks.com\/wp-content\/uploads\/2026\/03\/Revised_900x900-Spring-Summer-Product-Graphics-ES5-125x125.jpg 125w, https:\/\/www.trend-networks.com\/wp-content\/uploads\/2026\/03\/Revised_900x900-Spring-Summer-Product-Graphics-ES5-100x100.jpg 100w\" sizes=\"(max-width: 900px) 100vw, 900px\" \/><\/a><\/figure>\n\n\n\n<div style=\"height:30px\" aria-hidden=\"true\" class=\"wp-block-spacer\"><\/div>\n\n\n\n<p class=\"has-text-align-center\"><strong>FiberMASTER S60 Pro Paquete de crimpado Pro (FS-S60-KIT-D)<br><strong>AHORRA 910\u20ac<\/strong><\/strong><br>Una soluci\u00f3n vers\u00e1til que combina empalme y engaste para instalaciones de fibra \u00f3ptica profesionales.<\/p>\n<\/div>\n\n\n\n<div class=\"wp-block-column is-layout-flow wp-block-column-is-layout-flow\">\n<figure class=\"wp-block-image size-full\"><a href=\"https:\/\/www.trend-networks.com\/es\/producto\/localizador-visual-de-averias-en-cables-de-fibra-optica-visual-fault-finder-vff5\/\"><img decoding=\"async\" width=\"900\" height=\"900\" src=\"https:\/\/www.trend-networks.com\/wp-content\/uploads\/2026\/03\/Revised_900x900-Spring-Summer-Product-Graphics-ES6.jpg\" alt=\"\" class=\"wp-image-152456\" title=\"\" srcset=\"https:\/\/www.trend-networks.com\/wp-content\/uploads\/2026\/03\/Revised_900x900-Spring-Summer-Product-Graphics-ES6.jpg 900w, https:\/\/www.trend-networks.com\/wp-content\/uploads\/2026\/03\/Revised_900x900-Spring-Summer-Product-Graphics-ES6-600x600.jpg 600w, https:\/\/www.trend-networks.com\/wp-content\/uploads\/2026\/03\/Revised_900x900-Spring-Summer-Product-Graphics-ES6-150x150.jpg 150w, https:\/\/www.trend-networks.com\/wp-content\/uploads\/2026\/03\/Revised_900x900-Spring-Summer-Product-Graphics-ES6-768x768.jpg 768w, https:\/\/www.trend-networks.com\/wp-content\/uploads\/2026\/03\/Revised_900x900-Spring-Summer-Product-Graphics-ES6-125x125.jpg 125w, https:\/\/www.trend-networks.com\/wp-content\/uploads\/2026\/03\/Revised_900x900-Spring-Summer-Product-Graphics-ES6-100x100.jpg 100w\" sizes=\"(max-width: 900px) 100vw, 900px\" \/><\/a><\/figure>\n\n\n\n<div style=\"height:30px\" aria-hidden=\"true\" class=\"wp-block-spacer\"><\/div>\n\n\n\n<p class=\"has-text-align-center\"><strong>Localizador visual de aver\u00edas (VFF5)<br><\/strong>Localiza fallos, roturas y problemas de continuidad de la fibra \u00f3ptica en segundos.<\/p>\n\n\n\n<p class=\"has-text-align-center\">.<\/p>\n<\/div>\n\n\n\n<div class=\"wp-block-column is-layout-flow wp-block-column-is-layout-flow\">\n<figure class=\"wp-block-image size-full\"><a href=\"https:\/\/www.trend-networks.com\/es\/?attachment_id=53331\"><img decoding=\"async\" width=\"900\" height=\"900\" src=\"https:\/\/www.trend-networks.com\/wp-content\/uploads\/2026\/03\/Revised_900x900-Spring-Summer-Product-Graphics-ES7.jpg\" alt=\"\" class=\"wp-image-152465\" title=\"\" srcset=\"https:\/\/www.trend-networks.com\/wp-content\/uploads\/2026\/03\/Revised_900x900-Spring-Summer-Product-Graphics-ES7.jpg 900w, https:\/\/www.trend-networks.com\/wp-content\/uploads\/2026\/03\/Revised_900x900-Spring-Summer-Product-Graphics-ES7-600x600.jpg 600w, https:\/\/www.trend-networks.com\/wp-content\/uploads\/2026\/03\/Revised_900x900-Spring-Summer-Product-Graphics-ES7-150x150.jpg 150w, https:\/\/www.trend-networks.com\/wp-content\/uploads\/2026\/03\/Revised_900x900-Spring-Summer-Product-Graphics-ES7-768x768.jpg 768w, https:\/\/www.trend-networks.com\/wp-content\/uploads\/2026\/03\/Revised_900x900-Spring-Summer-Product-Graphics-ES7-125x125.jpg 125w, https:\/\/www.trend-networks.com\/wp-content\/uploads\/2026\/03\/Revised_900x900-Spring-Summer-Product-Graphics-ES7-100x100.jpg 100w\" sizes=\"(max-width: 900px) 100vw, 900px\" \/><\/a><\/figure>\n\n\n\n<div style=\"height:30px\" aria-hidden=\"true\" class=\"wp-block-spacer\"><\/div>\n\n\n\n<p class=\"has-text-align-center\"><strong>Probador de alimentaci\u00f3n a trav\u00e9s de Ethernet PoE Pro (R158006)<br><strong>AHORRA 145\u20ac<\/strong><\/strong><br>Identifique r\u00e1pidamente la clase PoE, el tipo de inyector y la potencia disponible antes de conectar los dispositivos.<\/p>\n<\/div>\n\n\n\n<div class=\"wp-block-column is-layout-flow wp-block-column-is-layout-flow\">\n<figure class=\"wp-block-image size-full\"><a href=\"https:\/\/www.trend-networks.com\/es\/producto\/verificadores-de-cables-serie-vdv-ii\/\"><img decoding=\"async\" width=\"900\" height=\"900\" src=\"https:\/\/www.trend-networks.com\/wp-content\/uploads\/2026\/03\/Revised_900x900-Spring-Summer-Product-Graphics-ES8.jpg\" alt=\"\" class=\"wp-image-152474\" title=\"\" srcset=\"https:\/\/www.trend-networks.com\/wp-content\/uploads\/2026\/03\/Revised_900x900-Spring-Summer-Product-Graphics-ES8.jpg 900w, https:\/\/www.trend-networks.com\/wp-content\/uploads\/2026\/03\/Revised_900x900-Spring-Summer-Product-Graphics-ES8-600x600.jpg 600w, https:\/\/www.trend-networks.com\/wp-content\/uploads\/2026\/03\/Revised_900x900-Spring-Summer-Product-Graphics-ES8-150x150.jpg 150w, https:\/\/www.trend-networks.com\/wp-content\/uploads\/2026\/03\/Revised_900x900-Spring-Summer-Product-Graphics-ES8-768x768.jpg 768w, https:\/\/www.trend-networks.com\/wp-content\/uploads\/2026\/03\/Revised_900x900-Spring-Summer-Product-Graphics-ES8-125x125.jpg 125w, https:\/\/www.trend-networks.com\/wp-content\/uploads\/2026\/03\/Revised_900x900-Spring-Summer-Product-Graphics-ES8-100x100.jpg 100w\" sizes=\"(max-width: 900px) 100vw, 900px\" \/><\/a><\/figure>\n\n\n\n<div style=\"height:30px\" aria-hidden=\"true\" class=\"wp-block-spacer\"><\/div>\n\n\n\n<p class=\"has-text-align-center\"><strong>VDV II Mapeador de cables (R158007)<br><strong>AHORRA 45\u20ac<\/strong><\/strong><br>Verificaci\u00f3n r\u00e1pida y fiable de cables de cobre para instalaciones de voz, datos y v\u00eddeo.<\/p>\n<\/div>\n<\/div>\n\n\n\n<div class=\"wp-block-buttons is-content-justification-center is-layout-flex wp-container-core-buttons-is-layout-16018d1d wp-block-buttons-is-layout-flex\">\n<div class=\"wp-block-button\"><a class=\"wp-block-button__link has-text-align-center wp-element-button\" href=\"https:\/\/www.trend-networks.com\/es\/categoria-producto\/funciones-de-promociones\/\" target=\"_blank\" rel=\"noreferrer noopener\">HAGA CLIC AQU\u00cd PARA APROVECHAR LOS DESCUENTOS DE PRIMAVERA<\/a><\/div>\n<\/div>\n\n\n\n<div style=\"height:50px\" aria-hidden=\"true\" class=\"wp-block-spacer\"><\/div>\n","protected":false},"excerpt":{"rendered":"<p>DA UN IMPULSO A LA PRIMAVERA CON PRUEBAS M\u00c1S INTELIGENTES Y EL M\u00c1XIMO AHORRO. Ahorre&nbsp;&#8230;<\/p>\n","protected":false},"author":4400,"featured_media":0,"parent":0,"menu_order":0,"comment_status":"closed","ping_status":"closed","template":"","meta":{"_acf_changed":false,"inline_featured_image":false,"_glsr_average":0,"_glsr_ranking":0,"_glsr_reviews":0,"footnotes":""},"class_list":["post-151998","page","type-page","status-publish","hentry"],"acf":[],"_links":{"self":[{"href":"https:\/\/www.trend-networks.com\/es\/wp-json\/wp\/v2\/pages\/151998","targetHints":{"allow":["GET"]}}],"collection":[{"href":"https:\/\/www.trend-networks.com\/es\/wp-json\/wp\/v2\/pages"}],"about":[{"href":"https:\/\/www.trend-networks.com\/es\/wp-json\/wp\/v2\/types\/page"}],"author":[{"embeddable":true,"href":"https:\/\/www.trend-networks.com\/es\/wp-json\/wp\/v2\/users\/4400"}],"replies":[{"embeddable":true,"href":"https:\/\/www.trend-networks.com\/es\/wp-json\/wp\/v2\/comments?post=151998"}],"version-history":[{"count":9,"href":"https:\/\/www.trend-networks.com\/es\/wp-json\/wp\/v2\/pages\/151998\/revisions"}],"predecessor-version":[{"id":152483,"href":"https:\/\/www.trend-networks.com\/es\/wp-json\/wp\/v2\/pages\/151998\/revisions\/152483"}],"wp:attachment":[{"href":"https:\/\/www.trend-networks.com\/es\/wp-json\/wp\/v2\/media?parent=151998"}],"curies":[{"name":"wp","href":"https:\/\/api.w.org\/{rel}","templated":true}]}}