{"id":117,"date":"2019-02-18T11:43:36","date_gmt":"2019-02-18T11:43:36","guid":{"rendered":"https:\/\/www.trend-networks.com\/pagina-de-inicio-de-espana\/"},"modified":"2026-04-01T11:53:17","modified_gmt":"2026-04-01T10:53:17","slug":"home","status":"publish","type":"page","link":"https:\/\/www.trend-networks.com\/es\/","title":{"rendered":"Home"},"content":{"rendered":"            <\/div>\n        <\/div>\n    <\/section>\n    \n    <section class=\"trend-slider-block\">\n        <div class=\"inner owl-carousel\">\n    \n        \n        \n        \n        <div class=\"carousel-slide text-circle webinar no-desktop-text button-right\">\n\n            <a role=\"link\" href=\"https:\/\/www.trend-networks.com\/es\/springsavings\/\" target=\"_self\">\n                                            <div class=\"desktop-image\">\n                    <img data-src=\"https:\/\/www.trend-networks.com\/wp-content\/uploads\/2026\/04\/Spring-Summer-1400x600-Banner-ES.jpg\" class=\"no-lazy owl-lazy\"\/>\n                <\/div>\n            \n                                            <div class=\"mobile-image\">\n                    <img data-src=\"https:\/\/www.trend-networks.com\/wp-content\/uploads\/2026\/04\/Spring-Summer-725x600-Mobile-Banner-All-Languages.jpg\" class=\"no-lazy owl-lazy\" \/>\n                <\/div>\n            \n            \n            <div class=\"grid-container\">\n                <div class=\"grid-x\">\n                    <div class=\"cell text-content\">\n                        <h2>ENTRE EN LA CERTEZA CON PRUEBAS M\u00c1S INTELIGENTES Y AHORROS M\u00c1XIMOS.<\/h2>\n                        <div class=\"text-button\"><p class=\"button\">HAGA CLIC AQU\u00cd<p><\/div>                    <\/div>\n                <\/div>\n            <\/div>\n\n            <\/a>\n        <\/div>\n\n        \n    \n        \n        \n        \n        <div class=\"carousel-slide text-circle webinar no-desktop-text button-left\">\n\n            <a role=\"link\" href=\"https:\/\/www.trend-networks.com\/es\/producto\/signaltek-qt-cable-qualification-series\/\" target=\"_self\">\n                                            <div class=\"desktop-image\">\n                    <img data-src=\"https:\/\/www.trend-networks.com\/wp-content\/uploads\/2025\/09\/SignalTEK-QT-1400x600-Banner-ES.jpg\" class=\"no-lazy owl-lazy\"\/>\n                <\/div>\n            \n                                            <div class=\"mobile-image\">\n                    <img data-src=\"https:\/\/www.trend-networks.com\/wp-content\/uploads\/2025\/07\/SignalTEK-QT-725x600-Mobile-Banner.jpg\" class=\"no-lazy owl-lazy\" \/>\n                <\/div>\n            \n            \n            <div class=\"grid-container\">\n                <div class=\"grid-x\">\n                    <div class=\"cell text-content\">\n                        <h2>NUEVO &#8211; SignalTEK QT Serie de Calificadores de Cables<\/h2>\n                        <div class=\"text-button\"><p class=\"button\">HAGA CLIC AQU\u00cd<p><\/div>                    <\/div>\n                <\/div>\n            <\/div>\n\n            <\/a>\n        <\/div>\n\n        \n    \n        \n        \n        \n        <div class=\"carousel-slide text-circle webinars no-desktop-text\">\n\n            <a role=\"link\" href=\"https:\/\/www.trend-networks.com\/es\/trend-anyware-cloud\/\" target=\"_self\">\n                                            <div class=\"desktop-image\">\n                    <img data-src=\"https:\/\/www.trend-networks.com\/wp-content\/uploads\/2025\/04\/AnyWARE-Cloud-Connected-Testers-ES-1400x600-1.jpg\" class=\"no-lazy owl-lazy\"\/>\n                <\/div>\n            \n                                            <div class=\"mobile-image\">\n                    <img data-src=\"https:\/\/www.trend-networks.com\/wp-content\/uploads\/2025\/04\/AnyWARE-Cloud-Connected-Testers-Universal-750x600-1.jpg\" class=\"no-lazy owl-lazy\" \/>\n                <\/div>\n            \n            \n            <div class=\"grid-container\">\n                <div class=\"grid-x\">\n                    <div class=\"cell text-content\">\n                        <h3>COMPROBADORES CONECTADOS A LA NUBE EN LOS QUE PUEDES CONFIAR<\/h3>\n                        <div class=\"text-button\"><p class=\"button\">TREND Anyware Cloud<p><\/div>                    <\/div>\n                <\/div>\n            <\/div>\n\n            <\/a>\n        <\/div>\n\n        \n    \n        \n        \n        \n        <div class=\"carousel-slide text-right webinar no-desktop-text button-right\">\n\n            <a role=\"link\" href=\"https:\/\/www.trend-networks.com\/es\/producto\/fibermaster-fusion-splicer-series-new\/\" target=\"_self\">\n                                            <div class=\"desktop-image\">\n                    <img data-src=\"https:\/\/www.trend-networks.com\/wp-content\/uploads\/2024\/10\/1400x600-ES-1.jpg\" class=\"no-lazy owl-lazy\"\/>\n                <\/div>\n            \n                                            <div class=\"mobile-image\">\n                    <img data-src=\"https:\/\/www.trend-networks.com\/wp-content\/uploads\/2024\/10\/725x600-FS-Mobile.jpg\" class=\"no-lazy owl-lazy\" \/>\n                <\/div>\n            \n            \n            <div class=\"grid-container\">\n                <div class=\"grid-x\">\n                    <div class=\"cell text-content\">\n                        <h2>FiberMASTER<\/h2>\n<h3>Serie de empalmadoras de fusi\u00f3n<\/h3>\n<p>LA SOLUCI\u00d3N DEFINITIVA PARA UN EMPALME DE FUSI\u00d3N R\u00c1PIDO Y PRECISO<\/p>\n                        <div class=\"text-button\"><p class=\"button\">HAGA CLIC AQU\u00cd<p><\/div>                    <\/div>\n                <\/div>\n            <\/div>\n\n            <\/a>\n        <\/div>\n\n        \n    \n        \n        \n        \n        <div class=\"carousel-slide text-left vdv2 no-desktop-text button-right\">\n\n            <a role=\"link\" href=\"https:\/\/www.trend-networks.com\/es\/producto\/verificadores-de-cables-serie-vdv-ii\/\" target=\"_self\">\n                                            <div class=\"desktop-image\">\n                    <img data-src=\"https:\/\/www.trend-networks.com\/wp-content\/uploads\/2024\/07\/1400x600-VDV-II-EN.jpg\" class=\"no-lazy owl-lazy\"\/>\n                <\/div>\n            \n                                            <div class=\"mobile-image\">\n                    <img data-src=\"https:\/\/www.trend-networks.com\/wp-content\/uploads\/2023\/06\/VDV-II-mobile.jpg\" class=\"no-lazy owl-lazy\" \/>\n                <\/div>\n            \n            \n            <div class=\"grid-container\">\n                <div class=\"grid-x\">\n                    <div class=\"cell text-content\">\n                        <h2>VDV II<\/h2>\n<h3>TEST. UPLOAD. REPORT.<\/h3>\n<p>El verificador de cables de voz, datos y v\u00eddeo definitivo<\/p>\n                        <div class=\"text-button\"><p class=\"button\">HAGA CLIC AQU\u00cd<p><\/div>                    <\/div>\n                <\/div>\n            <\/div>\n\n            <\/a>\n        <\/div>\n\n        \n    \n        \n        \n        \n        <div class=\"carousel-slide text-left webinars no-desktop-text \">\n\n            <a role=\"link\" href=\"https:\/\/www.gotostage.com\/channel\/b2cc1b58605a4229bb9a97e88057daa3\" target=\"_blank\" rel=\"noopener\">\n                                            <div class=\"desktop-image\">\n                    <img data-src=\"https:\/\/www.trend-networks.com\/wp-content\/uploads\/2025\/02\/1400x600-NEW-Webinar-Banner-ES.jpg\" class=\"no-lazy owl-lazy\"\/>\n                <\/div>\n            \n                                            <div class=\"mobile-image\">\n                    <img data-src=\"https:\/\/www.trend-networks.com\/wp-content\/uploads\/2025\/02\/725x600-NEW-Mobile-Webinar-Banner-ES.jpg\" class=\"no-lazy owl-lazy\" \/>\n                <\/div>\n            \n            \n            <div class=\"grid-container\">\n                <div class=\"grid-x\">\n                    <div class=\"cell text-content\">\n                        <h2>APRENDA DE LOS MEJORES DE LA INDUSTRIA Y MEJORE SU CONOCIMIENTO DE REDES<\/h2>\n<h3>PRESENTAMOS UNA SERIE QUE CUBRE LOS FUNDAMENTOS DE PRUEBAS DE REDES ACTIVAS Y LA SOLUCI\u00d3N DE PROBLEMAS<\/h3>\n<p>SEMINARIOS WEB GRATUITOS<\/p>\n                        <div class=\"text-button\"><p class=\"button\">HAGA CLIC AQU\u00cd<p><\/div>                    <\/div>\n                <\/div>\n            <\/div>\n\n            <\/a>\n        <\/div>\n\n        \n    \n            <\/div>\n\n    <!--<div class=\"progress-bar\" role=\"progressbar\" aria-valuemin=\"0\" aria-valuemax=\"100\"><\/div>-->\n\n    <\/section>\n\n        <section class=\"grid-container section\">\n        <div class=\"grid-x\">\n            <div class=\"small-12 medium-12 large-12 cell inner-content\">\n    \n\n\n<div class=\"wp-block-group home-text-image fadein\"><div class=\"wp-block-group__inner-container is-layout-constrained wp-block-group-is-layout-constrained\">\n<div class=\"wp-block-columns is-layout-flex wp-container-core-columns-is-layout-9d6595d7 wp-block-columns-is-layout-flex\">\n<div class=\"wp-block-column is-layout-flow wp-block-column-is-layout-flow\">\n<h2 class=\"wp-block-heading\">Puede depender de nosotros<\/h2>\n\n\n\n<p>Con d\u00e9cadas de experiencia trabajando como IDEAL Networks y TREND Communications, y ahora integrados bajo el nuevo nombre TREND NETWORKS, comprendemos muy bien los desaf\u00edos a los que se enfrentan los instaladores de cables de datos, los t\u00e9cnicos de redes y los integradores de sistemas a diario en todo el mundo.<\/p>\n\n\n\n<p>Apoyamos a nuestros clientes con una amplia gama de equipos de prueba de redes y cables de datos innovadores que brindan resultados r\u00e1pidos y precisos en todas las circunstancias, incluso en las m\u00e1s dif\u00edciles.<\/p>\n\n\n\n<p>Nuestra filosof\u00eda profundamente arraigada \u201cDepend On Us\u201d (Dependa de nosotros) buscamos garantizar que nuestros clientes sepan que siempre proporcionaremos el rendimiento y el apoyo que necesitan.&nbsp;<a href=\"https:\/\/www.trend-networks.com\/es\/notre-promesse\/\">Lea m\u00e1s sobre nuestra Promesa<\/a>.<\/p>\n\n\n\n<p>Con sede en el Reino Unido, oficinas internacionales y un equipo global experimentado, fabricamos y suministramos una gama de equipos de prueba confiables y l\u00edderes en la industria que simplifican el trabajo de nuestros clientes. Incluyen certificadores de cables, equipos comprobadores y verificadores de cables de datos, cualificadores de cables y redes de datos, comprobadores de cables de fibra, comprobadores de redes activas y transmisi\u00f3n de red, medici\u00f3n de PoE, C\u00e1maras de seguridad CCTV, comprobadores de ancho de banda, Ethernet industriales y m\u00e1s.<\/p>\n\n\n\n<p>A trav\u00e9s de soporte t\u00e9cnico, capacitaci\u00f3n, servicio, calibraci\u00f3n y asesoramiento, as\u00ed como recursos para ayudar a educar a los usuarios, nuestros clientes pueden estar seguros de que TREND Networks los ayudar\u00e1 a ser cada vez m\u00e1s productivos.<\/p>\n\n\n\n<div class=\"wp-block-buttons is-layout-flex wp-block-buttons-is-layout-flex\">\n<div class=\"wp-block-button\"><a class=\"wp-block-button__link wp-element-button\" href=\"https:\/\/www.trend-networks.com\/es\/about-trend-networks\/\">Aprende M\u00e1s<\/a><\/div>\n<\/div>\n<\/div>\n\n\n\n<div class=\"wp-block-column is-layout-flow wp-block-column-is-layout-flow\">\n<figure class=\"wp-block-image size-large\"><img decoding=\"async\" width=\"1024\" height=\"640\" src=\"https:\/\/www.trend-networks.com\/wp-content\/uploads\/2025\/08\/Montage_2025-1024x640.png\" alt=\"Montage_\" class=\"wp-image-144087\" title=\"\" srcset=\"https:\/\/www.trend-networks.com\/wp-content\/uploads\/2025\/08\/Montage_2025-1024x640.png 1024w, https:\/\/www.trend-networks.com\/wp-content\/uploads\/2025\/08\/Montage_2025-600x375.png 600w, https:\/\/www.trend-networks.com\/wp-content\/uploads\/2025\/08\/Montage_2025-768x480.png 768w, https:\/\/www.trend-networks.com\/wp-content\/uploads\/2025\/08\/Montage_2025-1536x960.png 1536w, https:\/\/www.trend-networks.com\/wp-content\/uploads\/2025\/08\/Montage_2025.png 2000w\" sizes=\"(max-width: 1024px) 100vw, 1024px\" \/><\/figure>\n<\/div>\n<\/div>\n<\/div><\/div>\n\n\n<section id=\"trend_homepage-categories\"><h2 class=\"fadein\">Navegar por categor\u00eda<\/h2><ul><li class=\"fadein\"><a href=\"https:\/\/www.trend-networks.com\/es\/categoria-producto\/empalmadores-de-fusion\/\" title=\"View all Empalmadores de fusi\u00f3n products\"><img decoding=\"async\" src=\"https:\/\/www.trend-networks.com\/wp-content\/uploads\/2024\/10\/Fusion-Splicers.png\" alt=\"Category: Empalmadores de fusi\u00f3n\" title=\"\"><span>Empalmadores de fusi\u00f3n<\/span><\/a><\/li><li class=\"fadein\"><a href=\"https:\/\/www.trend-networks.com\/es\/categoria-producto\/feature-bundles-es\/\" title=\"View all Feature Bundles products\"><img decoding=\"async\" src=\"\/wp-content\/themes\/trend-networks\/assets\/images\/trend-logotype.svg\" alt=\"Category: Feature Bundles\" title=\"\"><span>Feature Bundles<\/span><\/a><\/li><li class=\"fadein\"><a href=\"https:\/\/www.trend-networks.com\/es\/categoria-producto\/comprobadores-de-cobre\/\" title=\"View all Comprobadores de cobre products\"><img decoding=\"async\" src=\"https:\/\/www.trend-networks.com\/wp-content\/uploads\/2024\/07\/Copper.png\" alt=\"Category: Comprobadores de cobre\" title=\"\"><span>Comprobadores de cobre<\/span><\/a><\/li><li class=\"fadein\"><a href=\"https:\/\/www.trend-networks.com\/es\/categoria-producto\/comprobador-de-fibra\/\" title=\"View all Comprobador de fibra products\"><img decoding=\"async\" src=\"https:\/\/www.trend-networks.com\/wp-content\/uploads\/2024\/07\/Fibre.png\" alt=\"Category: Comprobador de fibra\" title=\"\"><span>Comprobador de fibra<\/span><\/a><\/li><li class=\"fadein\"><a href=\"https:\/\/www.trend-networks.com\/es\/categoria-producto\/comprobadores-de-red-cctv\/\" title=\"View all Comprobadores de RED\/CCTV products\"><img decoding=\"async\" src=\"https:\/\/www.trend-networks.com\/wp-content\/uploads\/2024\/07\/CCTV.png\" alt=\"Category: Comprobadores de RED\/CCTV\" title=\"\"><span>Comprobadores de RED\/CCTV<\/span><\/a><\/li><li class=\"fadein\"><a href=\"https:\/\/www.trend-networks.com\/es\/categoria-producto\/comprobadores-de-redes\/\" title=\"View all Comprobadores de Redes products\"><img decoding=\"async\" src=\"https:\/\/www.trend-networks.com\/wp-content\/uploads\/2024\/07\/Network.png\" alt=\"Category: Comprobadores de Redes\" title=\"\"><span>Comprobadores de Redes<\/span><\/a><\/li><li class=\"fadein\"><a href=\"https:\/\/www.trend-networks.com\/es\/categoria-producto\/accesorios\/\" title=\"View all Accesorios products\"><img decoding=\"async\" src=\"https:\/\/www.trend-networks.com\/wp-content\/uploads\/2024\/07\/Accessories.png\" alt=\"Category: Accesorios\" title=\"\"><span>Accesorios<\/span><\/a><\/li><\/ul><\/section>\n\n\n\n<div id=\"trend_trusted-by\" class=\"wp-block-group fadein\"><div class=\"wp-block-group__inner-container is-layout-constrained wp-block-group-is-layout-constrained\">\n<h2 class=\"wp-block-heading\">Confian en nosotros<\/h2>\n\n\n\n<figure class=\"wp-block-gallery has-nested-images columns-5 is-cropped wp-block-gallery-1 is-layout-flex wp-block-gallery-is-layout-flex\">\n<figure class=\"wp-block-image size-large\"><img decoding=\"async\" width=\"300\" height=\"200\" data-id=\"129278\" src=\"https:\/\/www.trend-networks.com\/wp-content\/uploads\/2024\/07\/Trusted-by-ABC.png\" alt=\"\" class=\"wp-image-129278\" title=\"\"><\/figure>\n\n\n\n<figure class=\"wp-block-image size-large\"><img decoding=\"async\" width=\"300\" height=\"200\" data-id=\"129287\" src=\"https:\/\/www.trend-networks.com\/wp-content\/uploads\/2024\/07\/Trusted-by-Amazon.png\" alt=\"\" class=\"wp-image-129287\" title=\"\"><\/figure>\n\n\n\n<figure class=\"wp-block-image size-large\"><img decoding=\"async\" width=\"300\" height=\"200\" data-id=\"129296\" src=\"https:\/\/www.trend-networks.com\/wp-content\/uploads\/2024\/07\/Trusted-by-Audi.png\" alt=\"\" class=\"wp-image-129296\" title=\"\"><\/figure>\n\n\n\n<figure class=\"wp-block-image size-large\"><img decoding=\"async\" width=\"300\" height=\"200\" data-id=\"129305\" src=\"https:\/\/www.trend-networks.com\/wp-content\/uploads\/2024\/07\/Trusted-by-BMW.png\" alt=\"\" class=\"wp-image-129305\" title=\"\"><\/figure>\n\n\n\n<figure class=\"wp-block-image size-large\"><img decoding=\"async\" width=\"300\" height=\"200\" data-id=\"129314\" src=\"https:\/\/www.trend-networks.com\/wp-content\/uploads\/2024\/07\/Trusted-by-Disney.png\" alt=\"\" class=\"wp-image-129314\" title=\"\"><\/figure>\n\n\n\n<figure class=\"wp-block-image size-large\"><img decoding=\"async\" width=\"300\" height=\"200\" data-id=\"129323\" src=\"https:\/\/www.trend-networks.com\/wp-content\/uploads\/2024\/07\/Trusted-by-NHS.png\" alt=\"\" class=\"wp-image-129323\" title=\"\"><\/figure>\n\n\n\n<figure class=\"wp-block-image size-large\"><img decoding=\"async\" width=\"300\" height=\"200\" data-id=\"129332\" src=\"https:\/\/www.trend-networks.com\/wp-content\/uploads\/2024\/07\/Trusted-by-SpaceX.png\" alt=\"\" class=\"wp-image-129332\" title=\"\"><\/figure>\n\n\n\n<figure class=\"wp-block-image size-large\"><img decoding=\"async\" width=\"300\" height=\"200\" data-id=\"129341\" src=\"https:\/\/www.trend-networks.com\/wp-content\/uploads\/2024\/07\/Trusted-by-Virgin-Media.png\" alt=\"\" class=\"wp-image-129341\" title=\"\"><\/figure>\n<\/figure>\n<\/div><\/div>\n\n\n<section id=\"in__product-section-related-articles\"><h2><a href=\"https:\/\/www.trend-networks.com\/latest\/\">\u00daltimos art\u00edculos<\/a><\/h2><div class=\"in__article-carousel owl-carousel\"><div class=\"in__article-item\">\n\t\t\t\t\t<a href=\"https:\/\/www.trend-networks.com\/es\/depend-on-us-why-lifetime-support-matters-for-your-cable-testing-equipment\/\" title=\"View Conf\u00ede en Nosotros: la importancia del soporte t\u00e9cnico de por vida para su comprobador de cables\u00a0\">\n\t\t\t\t\t\t<div class=\"in__article-item-image\">\n\t\t\t\t\t\t\t<img class=\"carousel-img no-lazy owl-lazy\" data-src=\"https:\/\/www.trend-networks.com\/wp-content\/uploads\/2025\/10\/ES-LSP-banner-3-1024x439.jpg\" alt=\"\"\/>\n\t\t\t\t\t\t<\/div>\n                        <div class=\"in__article-item-text\">\n    \t\t\t\t\t\t<div class=\"in__column-container small-device-keep-columns\">\n    \t\t\t\t\t\t\t<div class=\"in__article-post-date in__column-1-2\">\n    \t\t\t\t\t\t\t\t23 octubre 2025\n    \t\t\t\t\t\t\t<\/div>\n    \t\t\t\t\t\t\t<div class=\"in__article-post-cat in__column-1-2\">\n    \t\t\t\t\t\t\t\tNoticias\n    \t\t\t\t\t\t\t<\/div>\n    \t\t\t\t\t\t<\/div>\n    \t\t\t\t\t\t<h3>Conf\u00ede en Nosotros: la importancia del soporte t\u00e9cnico de por vida para su comprobador de cables\u00a0<\/h3>\n                        <\/div>\n\t\t\t\t\t<\/a>\n\t\t\t\t<\/div><div class=\"in__article-item\">\n\t\t\t\t\t<a href=\"https:\/\/www.trend-networks.com\/es\/signaltek-qt-one-tool-to-simplify-network-qualification\/\" title=\"View SignalTEK QT: una herramienta para simplificar la calificaci\u00f3n de redes\">\n\t\t\t\t\t\t<div class=\"in__article-item-image\">\n\t\t\t\t\t\t\t<img class=\"carousel-img no-lazy owl-lazy\" data-src=\"https:\/\/www.trend-networks.com\/wp-content\/uploads\/2025\/10\/2627-0870-1-1024x683.jpg\" alt=\"\"\/>\n\t\t\t\t\t\t<\/div>\n                        <div class=\"in__article-item-text\">\n    \t\t\t\t\t\t<div class=\"in__column-container small-device-keep-columns\">\n    \t\t\t\t\t\t\t<div class=\"in__article-post-date in__column-1-2\">\n    \t\t\t\t\t\t\t\t14 octubre 2025\n    \t\t\t\t\t\t\t<\/div>\n    \t\t\t\t\t\t\t<div class=\"in__article-post-cat in__column-1-2\">\n    \t\t\t\t\t\t\t\tNoticias\n    \t\t\t\t\t\t\t<\/div>\n    \t\t\t\t\t\t<\/div>\n    \t\t\t\t\t\t<h3>SignalTEK QT: una herramienta para simplificar la calificaci\u00f3n de redes<\/h3>\n                        <\/div>\n\t\t\t\t\t<\/a>\n\t\t\t\t<\/div><div class=\"in__article-item\">\n\t\t\t\t\t<a href=\"https:\/\/www.trend-networks.com\/es\/celebrate-with-savings-the-lantek-iv-l-anniversary-promotion\/\" title=\"View Celebra con descuentos: promoci\u00f3n de aniversario de LanTEK IV-L\">\n\t\t\t\t\t\t<div class=\"in__article-item-image\">\n\t\t\t\t\t\t\t<img class=\"carousel-img no-lazy owl-lazy\" data-src=\"https:\/\/www.trend-networks.com\/wp-content\/uploads\/2025\/10\/LanTEK-IV-L-900x900-Banner-ES.jpg\" alt=\"\"\/>\n\t\t\t\t\t\t<\/div>\n                        <div class=\"in__article-item-text\">\n    \t\t\t\t\t\t<div class=\"in__column-container small-device-keep-columns\">\n    \t\t\t\t\t\t\t<div class=\"in__article-post-date in__column-1-2\">\n    \t\t\t\t\t\t\t\t1 octubre 2025\n    \t\t\t\t\t\t\t<\/div>\n    \t\t\t\t\t\t\t<div class=\"in__article-post-cat in__column-1-2\">\n    \t\t\t\t\t\t\t\tNoticias\n    \t\t\t\t\t\t\t<\/div>\n    \t\t\t\t\t\t<\/div>\n    \t\t\t\t\t\t<h3>Celebra con descuentos: promoci\u00f3n de aniversario de LanTEK IV-L<\/h3>\n                        <\/div>\n\t\t\t\t\t<\/a>\n\t\t\t\t<\/div><div class=\"in__article-item\">\n\t\t\t\t\t<a href=\"https:\/\/www.trend-networks.com\/es\/5-pasos-para-solucionar-problemas-de-conectividad-de-red\/\" title=\"View 5 pasos para solucionar problemas de conectividad de red\">\n\t\t\t\t\t\t<div class=\"in__article-item-image\">\n\t\t\t\t\t\t\t<img class=\"carousel-img no-lazy owl-lazy\" data-src=\"https:\/\/www.trend-networks.com\/wp-content\/uploads\/2025\/09\/Picture-1.jpg\" alt=\"\"\/>\n\t\t\t\t\t\t<\/div>\n                        <div class=\"in__article-item-text\">\n    \t\t\t\t\t\t<div class=\"in__column-container small-device-keep-columns\">\n    \t\t\t\t\t\t\t<div class=\"in__article-post-date in__column-1-2\">\n    \t\t\t\t\t\t\t\t12 septiembre 2025\n    \t\t\t\t\t\t\t<\/div>\n    \t\t\t\t\t\t\t<div class=\"in__article-post-cat in__column-1-2\">\n    \t\t\t\t\t\t\t\tNoticias\n    \t\t\t\t\t\t\t<\/div>\n    \t\t\t\t\t\t<\/div>\n    \t\t\t\t\t\t<h3>5 pasos para solucionar problemas de conectividad de red<\/h3>\n                        <\/div>\n\t\t\t\t\t<\/a>\n\t\t\t\t<\/div><\/section> <!--\/.in__article-carousel -->\n\n\n\n        <\/div>\n    <\/div>\n<\/section>\n\n<section id=\"trend-about-latest\" class=\"in__cta-footer trend-standard-block fadein slideup\">\n\n    \n    \n    <div class=\"grid-container fluid\">\n        <div class=\"grid-x\">\n                            \n                                                            \n                    \n                                                            <div class=\"cell medium-6 padded \" style=\"background-color:#f5f5f5;\">\n                                                <h2>Acerca de TREND Networks<\/h2>\n                                                                                                                        <div class=\"button-wrap\"><a class=\"button button-one\" href=\"https:\/\/www.trend-networks.com\/es\/about-trend-networks\/\" target=\"_self\">Aprende m\u00e1s<\/a><\/div>                    <\/div>\n                    \n                \n                                                            \n                    \n                                                            <div class=\"cell medium-6 padded  background-dark\" style=\"background-color:#1c408c;\">\n                                                <h2>\u00daltimas noticias<\/h2>\n                                                                                                                        <div class=\"button-wrap\"><a class=\"button button-one\" href=\"https:\/\/www.trend-networks.com\/es\/latest\/\" target=\"_self\">Lee mas<\/a><\/div>                    <\/div>\n                    \n                   \n                    <\/div>\n    <\/div>\n\n<\/section>\n\n<section class=\"grid-container section\">\n    <div class=\"grid-x\">\n        <div class=\"small-12 medium-12 large-12 cell inner-content\">\n","protected":false},"excerpt":{"rendered":"","protected":false},"author":1,"featured_media":0,"parent":0,"menu_order":364,"comment_status":"closed","ping_status":"closed","template":"","meta":{"_acf_changed":false,"inline_featured_image":false,"_glsr_average":0,"_glsr_ranking":0,"_glsr_reviews":0,"footnotes":""},"class_list":["post-117","page","type-page","status-publish","hentry"],"acf":[],"_links":{"self":[{"href":"https:\/\/www.trend-networks.com\/es\/wp-json\/wp\/v2\/pages\/117","targetHints":{"allow":["GET"]}}],"collection":[{"href":"https:\/\/www.trend-networks.com\/es\/wp-json\/wp\/v2\/pages"}],"about":[{"href":"https:\/\/www.trend-networks.com\/es\/wp-json\/wp\/v2\/types\/page"}],"author":[{"embeddable":true,"href":"https:\/\/www.trend-networks.com\/es\/wp-json\/wp\/v2\/users\/1"}],"replies":[{"embeddable":true,"href":"https:\/\/www.trend-networks.com\/es\/wp-json\/wp\/v2\/comments?post=117"}],"version-history":[{"count":111,"href":"https:\/\/www.trend-networks.com\/es\/wp-json\/wp\/v2\/pages\/117\/revisions"}],"predecessor-version":[{"id":153020,"href":"https:\/\/www.trend-networks.com\/es\/wp-json\/wp\/v2\/pages\/117\/revisions\/153020"}],"wp:attachment":[{"href":"https:\/\/www.trend-networks.com\/es\/wp-json\/wp\/v2\/media?parent=117"}],"curies":[{"name":"wp","href":"https:\/\/api.w.org\/{rel}","templated":true}]}}