{"id":79533,"date":"2021-10-12T16:31:44","date_gmt":"2021-10-12T15:31:44","guid":{"rendered":"https:\/\/www.trend-networks.com\/?post_type=product&#038;p=79533"},"modified":"2026-01-14T16:21:48","modified_gmt":"2026-01-14T16:21:48","slug":"fibermaster-mid-range-otdr-neu","status":"publish","type":"product","link":"https:\/\/www.trend-networks.com\/de\/produkt\/fibermaster-mid-range-otdr-neu\/","title":{"rendered":"FiberMASTER Mid-range OTDR &#8211; Neu"},"content":{"rendered":"<p><strong>Warum ben\u00f6tige ich einen FiberMASTER? <\/strong><\/p>\n<p>Das h\u00e4ngt davon ab, welchen Wert Sie auf Schnelligkeit und Pr\u00e4zision legen.<\/p>\n<p>FiberMASTER: Ultrakompakt mit maximalem Bedienkomfort und Nutzwert. Hergestellt in den USA. Gepr\u00fcft in Deutschland. Die neuen Glasfaser-Tester der Modellreihe FiberMASTER erleichtern und beschleunigen die \u00dcberpr\u00fcfung, Fehlerdiagnose und Zertifizierung von Glasfaserkabeln.<\/p>\n<p>Das OTDR, PON-OTDR, der Pegelmesser und die Lichtquelle sowie das Videopr\u00fcfmikroskop versetzen die Installateure in die Lage, die zuverl\u00e4ssigen Testergebnisse zu erhalten, die sie ben\u00f6tigen, und gleichzeitig reduzieren Sie Ihre Investitionskosten. Als eines der weltweit kleinsten OTDR ist FiberMASTER m\u00fchelos zu bedienen und zu transportieren. Zudem ist Ihre Investition durch sein robustes Geh\u00e4use zuverl\u00e4ssig gesch\u00fctzt.<\/p>\n<p>Die vereinfachten Konfigurationsoptionen erh\u00f6hen den Bedienkomfort, verk\u00fcrzen den Einarbeitungsaufwand und verringern das Fehlerrisiko. Das Fiber Optics Center of Excellence von TREND Networks in Oriskany, New York (USA), besitzt mehr als 30 Jahre Erfahrung in der Entwicklung von OTDRs. Auf Grundlage dieser Fachkompetenz k\u00f6nnen wir Ihnen das modernste und kompakteste optische Testsystem auf dem Markt anbieten.<\/p>\n<p><!--more--><\/p>\n<p><img decoding=\"async\" class=\"size-medium wp-image-79944 aligncenter\" src=\"https:\/\/www.trend-networks.com\/wp-content\/uploads\/2021\/10\/DE-1-508x600.jpg\" alt=\"Power Meter Light Source Fibre Master New\" width=\"508\" height=\"600\" title=\"\" srcset=\"https:\/\/www.trend-networks.com\/wp-content\/uploads\/2021\/10\/DE-1-508x600.jpg 508w, https:\/\/www.trend-networks.com\/wp-content\/uploads\/2021\/10\/DE-1-600x709.jpg 600w, https:\/\/www.trend-networks.com\/wp-content\/uploads\/2021\/10\/DE-1.jpg 763w\" sizes=\"(max-width: 508px) 100vw, 508px\" \/><\/p>\n<p><img decoding=\"async\" class=\"size-medium wp-image-79953 aligncenter\" src=\"https:\/\/www.trend-networks.com\/wp-content\/uploads\/2021\/10\/DE-2-600x265.jpg\" alt=\"Power Meter Light Source Fibre Master New\" width=\"600\" height=\"265\" title=\"\" srcset=\"https:\/\/www.trend-networks.com\/wp-content\/uploads\/2021\/10\/DE-2-600x265.jpg 600w, https:\/\/www.trend-networks.com\/wp-content\/uploads\/2021\/10\/DE-2-1024x453.jpg 1024w, https:\/\/www.trend-networks.com\/wp-content\/uploads\/2021\/10\/DE-2-768x340.jpg 768w, https:\/\/www.trend-networks.com\/wp-content\/uploads\/2021\/10\/DE-2.jpg 1058w\" sizes=\"(max-width: 600px) 100vw, 600px\" \/><\/p>\n<p><img decoding=\"async\" class=\"size-medium wp-image-79935 aligncenter\" src=\"https:\/\/www.trend-networks.com\/wp-content\/uploads\/2021\/10\/DE-3-600x594.jpg\" alt=\"Power Meter Light Source Fibre Master New\" width=\"600\" height=\"594\" title=\"\" srcset=\"https:\/\/www.trend-networks.com\/wp-content\/uploads\/2021\/10\/DE-3-600x594.jpg 600w, https:\/\/www.trend-networks.com\/wp-content\/uploads\/2021\/10\/DE-3-150x150.jpg 150w, https:\/\/www.trend-networks.com\/wp-content\/uploads\/2021\/10\/DE-3-768x760.jpg 768w, https:\/\/www.trend-networks.com\/wp-content\/uploads\/2021\/10\/DE-3-39x39.jpg 39w, https:\/\/www.trend-networks.com\/wp-content\/uploads\/2021\/10\/DE-3-18x18.jpg 18w, https:\/\/www.trend-networks.com\/wp-content\/uploads\/2021\/10\/DE-3-25x25.jpg 25w, https:\/\/www.trend-networks.com\/wp-content\/uploads\/2021\/10\/DE-3-125x125.jpg 125w, https:\/\/www.trend-networks.com\/wp-content\/uploads\/2021\/10\/DE-3-100x100.jpg 100w, https:\/\/www.trend-networks.com\/wp-content\/uploads\/2021\/10\/DE-3.jpg 898w\" sizes=\"(max-width: 600px) 100vw, 600px\" \/><\/p>\n<p><img decoding=\"async\" class=\"size-medium wp-image-79962 aligncenter\" src=\"https:\/\/www.trend-networks.com\/wp-content\/uploads\/2021\/10\/DE-4-600x429.jpg\" alt=\"Power Meter Light Source Fibre Master New\" width=\"600\" height=\"429\" title=\"\" srcset=\"https:\/\/www.trend-networks.com\/wp-content\/uploads\/2021\/10\/DE-4-600x429.jpg 600w, https:\/\/www.trend-networks.com\/wp-content\/uploads\/2021\/10\/DE-4-1024x731.jpg 1024w, https:\/\/www.trend-networks.com\/wp-content\/uploads\/2021\/10\/DE-4-768x549.jpg 768w, https:\/\/www.trend-networks.com\/wp-content\/uploads\/2021\/10\/DE-4.jpg 1078w\" sizes=\"(max-width: 600px) 100vw, 600px\" \/><\/p>\n<p><img decoding=\"async\" class=\"size-medium wp-image-79971 aligncenter\" src=\"https:\/\/www.trend-networks.com\/wp-content\/uploads\/2021\/10\/DE-5-600x409.jpg\" alt=\"Power Meter Light Source Fibre Master New\" width=\"600\" height=\"409\" title=\"\" srcset=\"https:\/\/www.trend-networks.com\/wp-content\/uploads\/2021\/10\/DE-5-600x409.jpg 600w, https:\/\/www.trend-networks.com\/wp-content\/uploads\/2021\/10\/DE-5-1024x699.jpg 1024w, https:\/\/www.trend-networks.com\/wp-content\/uploads\/2021\/10\/DE-5-768x524.jpg 768w, https:\/\/www.trend-networks.com\/wp-content\/uploads\/2021\/10\/DE-5.jpg 1051w\" sizes=\"(max-width: 600px) 100vw, 600px\" \/><\/p>\n<p><img decoding=\"async\" class=\"size-medium wp-image-79980 aligncenter\" src=\"https:\/\/www.trend-networks.com\/wp-content\/uploads\/2021\/10\/DE-6-600x588.jpg\" alt=\"Power Meter Light Source Fibre Master New\" width=\"600\" height=\"588\" title=\"\" srcset=\"https:\/\/www.trend-networks.com\/wp-content\/uploads\/2021\/10\/DE-6-600x588.jpg 600w, https:\/\/www.trend-networks.com\/wp-content\/uploads\/2021\/10\/DE-6-768x753.jpg 768w, https:\/\/www.trend-networks.com\/wp-content\/uploads\/2021\/10\/DE-6-39x39.jpg 39w, https:\/\/www.trend-networks.com\/wp-content\/uploads\/2021\/10\/DE-6-18x18.jpg 18w, https:\/\/www.trend-networks.com\/wp-content\/uploads\/2021\/10\/DE-6-25x25.jpg 25w, https:\/\/www.trend-networks.com\/wp-content\/uploads\/2021\/10\/DE-6.jpg 918w\" sizes=\"(max-width: 600px) 100vw, 600px\" \/><\/p>\n<p><img decoding=\"async\" class=\"size-medium wp-image-79989 aligncenter\" src=\"https:\/\/www.trend-networks.com\/wp-content\/uploads\/2021\/10\/DE-7-600x240.jpg\" alt=\"Power Meter Light Source Fibre Master New\" width=\"600\" height=\"240\" title=\"\" srcset=\"https:\/\/www.trend-networks.com\/wp-content\/uploads\/2021\/10\/DE-7-600x240.jpg 600w, https:\/\/www.trend-networks.com\/wp-content\/uploads\/2021\/10\/DE-7-1024x409.jpg 1024w, https:\/\/www.trend-networks.com\/wp-content\/uploads\/2021\/10\/DE-7-768x307.jpg 768w, https:\/\/www.trend-networks.com\/wp-content\/uploads\/2021\/10\/DE-7.jpg 1210w\" sizes=\"(max-width: 600px) 100vw, 600px\" \/><\/p>\n<p><img decoding=\"async\" class=\"size-medium wp-image-79998 aligncenter\" src=\"https:\/\/www.trend-networks.com\/wp-content\/uploads\/2021\/10\/DE-8-600x458.jpg\" alt=\"Power Meter Light Source Fibre Master new\" width=\"600\" height=\"458\" title=\"\" srcset=\"https:\/\/www.trend-networks.com\/wp-content\/uploads\/2021\/10\/DE-8-600x458.jpg 600w, https:\/\/www.trend-networks.com\/wp-content\/uploads\/2021\/10\/DE-8-1024x781.jpg 1024w, https:\/\/www.trend-networks.com\/wp-content\/uploads\/2021\/10\/DE-8-768x586.jpg 768w, https:\/\/www.trend-networks.com\/wp-content\/uploads\/2021\/10\/DE-8.jpg 1075w\" sizes=\"(max-width: 600px) 100vw, 600px\" \/><\/p>\n<p><img decoding=\"async\" class=\"size-medium wp-image-80007 aligncenter\" src=\"https:\/\/www.trend-networks.com\/wp-content\/uploads\/2021\/10\/DE-9-600x271.jpg\" alt=\"Power Meter Light Source Fibre Master New\" width=\"600\" height=\"271\" title=\"\" srcset=\"https:\/\/www.trend-networks.com\/wp-content\/uploads\/2021\/10\/DE-9-600x271.jpg 600w, https:\/\/www.trend-networks.com\/wp-content\/uploads\/2021\/10\/DE-9-1024x462.jpg 1024w, https:\/\/www.trend-networks.com\/wp-content\/uploads\/2021\/10\/DE-9-768x347.jpg 768w, https:\/\/www.trend-networks.com\/wp-content\/uploads\/2021\/10\/DE-9.jpg 1079w\" sizes=\"(max-width: 600px) 100vw, 600px\" \/><\/p>\n<p><img decoding=\"async\" class=\"size-medium wp-image-80218 aligncenter\" src=\"https:\/\/www.trend-networks.com\/wp-content\/uploads\/2021\/10\/DE-10-600x418.jpg\" alt=\"\" width=\"600\" height=\"418\" title=\"\" srcset=\"https:\/\/www.trend-networks.com\/wp-content\/uploads\/2021\/10\/DE-10-600x418.jpg 600w, https:\/\/www.trend-networks.com\/wp-content\/uploads\/2021\/10\/DE-10-1024x713.jpg 1024w, https:\/\/www.trend-networks.com\/wp-content\/uploads\/2021\/10\/DE-10-768x535.jpg 768w, https:\/\/www.trend-networks.com\/wp-content\/uploads\/2021\/10\/DE-10.jpg 1258w\" sizes=\"(max-width: 600px) 100vw, 600px\" \/><\/p>\n<p><img decoding=\"async\" class=\"size-medium wp-image-80227 aligncenter\" src=\"https:\/\/www.trend-networks.com\/wp-content\/uploads\/2021\/10\/DE-11-600x429.jpg\" alt=\"\" width=\"600\" height=\"429\" title=\"\" srcset=\"https:\/\/www.trend-networks.com\/wp-content\/uploads\/2021\/10\/DE-11-600x429.jpg 600w, https:\/\/www.trend-networks.com\/wp-content\/uploads\/2021\/10\/DE-11-1024x733.jpg 1024w, https:\/\/www.trend-networks.com\/wp-content\/uploads\/2021\/10\/DE-11-768x550.jpg 768w, https:\/\/www.trend-networks.com\/wp-content\/uploads\/2021\/10\/DE-11.jpg 1094w\" sizes=\"(max-width: 600px) 100vw, 600px\" \/><\/p>\n<p>&nbsp;<\/p>\n","protected":false},"excerpt":{"rendered":"<h3><strong>ULTRAKOMPAKT MIT MAXIMALEM BEDIENKOMFORT UND NUTZWERT<\/strong><\/h3>\n<p><strong>OTDR, PON-OTDR, Pegelmesser, Lichtquelle, Videopr\u00fcfmikroskop und VFL-Rotlichtquelle. <\/strong><\/p>\n<ul>\n<li>Eines der kleinsten OTDR der Welt<\/li>\n<li>Niedrigere Investitionskosten gegen\u00fcber anderen Modellen<\/li>\n<li>Entfernungsgenauigkeit durch die GHMT verifiziert<\/li>\n<li>Pass\/Fail-Bewertung gem\u00e4\u00df TIA\/ISO\/IEC\/IEEE<\/li>\n<li>Kostenlose Berichtssoftware CertSoft<\/li>\n<\/ul>\n","protected":false},"featured_media":127071,"template":"","meta":{"_acf_changed":false,"inline_featured_image":false,"_glsr_average":0,"_glsr_ranking":0,"_glsr_reviews":0},"product_brand":[],"product_cat":[492],"product_tag":[2185],"woo-feed-brand":[],"class_list":{"0":"post-79533","1":"product","2":"type-product","3":"status-publish","4":"has-post-thumbnail","6":"product_cat-glasfaser-messgeraete","7":"product_tag-fibermaster-de","9":"first","10":"instock","11":"taxable","12":"shipping-taxable","13":"product-type-grouped","14":"add-to-wishlist-before_image"},"acf":[],"_links":{"self":[{"href":"https:\/\/www.trend-networks.com\/de\/wp-json\/wp\/v2\/product\/79533","targetHints":{"allow":["GET"]}}],"collection":[{"href":"https:\/\/www.trend-networks.com\/de\/wp-json\/wp\/v2\/product"}],"about":[{"href":"https:\/\/www.trend-networks.com\/de\/wp-json\/wp\/v2\/types\/product"}],"wp:featuredmedia":[{"embeddable":true,"href":"https:\/\/www.trend-networks.com\/de\/wp-json\/wp\/v2\/media\/127071"}],"wp:attachment":[{"href":"https:\/\/www.trend-networks.com\/de\/wp-json\/wp\/v2\/media?parent=79533"}],"wp:term":[{"taxonomy":"product_brand","embeddable":true,"href":"https:\/\/www.trend-networks.com\/de\/wp-json\/wp\/v2\/product_brand?post=79533"},{"taxonomy":"product_cat","embeddable":true,"href":"https:\/\/www.trend-networks.com\/de\/wp-json\/wp\/v2\/product_cat?post=79533"},{"taxonomy":"product_tag","embeddable":true,"href":"https:\/\/www.trend-networks.com\/de\/wp-json\/wp\/v2\/product_tag?post=79533"},{"taxonomy":"woo-feed-brand","embeddable":true,"href":"https:\/\/www.trend-networks.com\/de\/wp-json\/wp\/v2\/woo-feed-brand?post=79533"}],"curies":[{"name":"wp","href":"https:\/\/api.w.org\/{rel}","templated":true}]}}