{"id":61027,"date":"2020-12-15T11:02:11","date_gmt":"2020-12-15T11:02:11","guid":{"rendered":"https:\/\/www.trend-networks.com\/?post_type=product&#038;p=61027"},"modified":"2026-03-26T13:09:29","modified_gmt":"2026-03-26T13:09:29","slug":"signaltek-10g-ethernet-kabel-und-bandbreitentester","status":"publish","type":"product","link":"https:\/\/www.trend-networks.com\/de\/produkt\/signaltek-10g-ethernet-kabel-und-bandbreitentester\/","title":{"rendered":"SIGNALTEK 10G &#8211; ETHERNET KABEL- UND BANDBREITENTESTER"},"content":{"rendered":"<p><img decoding=\"async\" class=\"size-full wp-image-50325\" src=\"https:\/\/www.trend-networks.com\/wp-content\/uploads\/2020\/12\/Features_DE.png\" alt=\"Features_DE\" width=\"856\" height=\"806\" title=\"\"><br \/>\n<!--more--><\/p>\n<h4><\/h4>\n","protected":false},"excerpt":{"rendered":"<h3>DIE NETZWERKE STEHEN UNTER EINEM IMMER H\u00d6HEREN LEISTUNGSDRUCK UND AUSFALLZEITEN SIND TEUER.<br \/>\n<strong>MIT DEM SIGNALTEK\u00a010G BEHEBEN SIE ST\u00d6RUNGEN SCHNELLER.<\/strong><\/h3>\n<ul>\n<li>Ermittlung der maximalen Bandbreite bis 10 Gbit\/s<\/li>\n<li>\u00dcberpr\u00fcfung von Multi-Gig-Upgrades an vorhandenen Installationen<\/li>\n<li>OK\/Fehler-Bewertung gem\u00e4\u00df IEEE-Normen f\u00fcr 1, 2,5, 5, 10 Gbit\/s<\/li>\n<li>Aussagekr\u00e4ftige PoE-Messergebnisse bis 90 W<\/li>\n<li>Schnittstellen f\u00fcr Kupfer und Glasfaser bis 10 Gbit\/s<\/li>\n<li>Berichterstellung in TREND AnyWARE Cloud und als PDF<\/li>\n<\/ul>\n","protected":false},"featured_media":141360,"template":"","meta":{"_acf_changed":false,"inline_featured_image":false,"_glsr_average":5,"_glsr_ranking":3.636363636363599827205916881212033331394195556640625,"_glsr_reviews":1},"product_brand":[],"product_cat":[468,2944,2899],"product_tag":[2749],"woo-feed-brand":[],"class_list":{"0":"post-61027","1":"product","2":"type-product","3":"status-publish","4":"has-post-thumbnail","6":"product_cat-cctv-lan-netzwerk-industrie","7":"product_cat-anyware-cloud-de","8":"product_cat-netzwerk-messgeraete","9":"product_tag-signaltek-10g-de","11":"first","12":"instock","13":"taxable","14":"shipping-taxable","15":"product-type-grouped","16":"add-to-wishlist-before_image"},"acf":[],"_links":{"self":[{"href":"https:\/\/www.trend-networks.com\/de\/wp-json\/wp\/v2\/product\/61027","targetHints":{"allow":["GET"]}}],"collection":[{"href":"https:\/\/www.trend-networks.com\/de\/wp-json\/wp\/v2\/product"}],"about":[{"href":"https:\/\/www.trend-networks.com\/de\/wp-json\/wp\/v2\/types\/product"}],"wp:featuredmedia":[{"embeddable":true,"href":"https:\/\/www.trend-networks.com\/de\/wp-json\/wp\/v2\/media\/141360"}],"wp:attachment":[{"href":"https:\/\/www.trend-networks.com\/de\/wp-json\/wp\/v2\/media?parent=61027"}],"wp:term":[{"taxonomy":"product_brand","embeddable":true,"href":"https:\/\/www.trend-networks.com\/de\/wp-json\/wp\/v2\/product_brand?post=61027"},{"taxonomy":"product_cat","embeddable":true,"href":"https:\/\/www.trend-networks.com\/de\/wp-json\/wp\/v2\/product_cat?post=61027"},{"taxonomy":"product_tag","embeddable":true,"href":"https:\/\/www.trend-networks.com\/de\/wp-json\/wp\/v2\/product_tag?post=61027"},{"taxonomy":"woo-feed-brand","embeddable":true,"href":"https:\/\/www.trend-networks.com\/de\/wp-json\/wp\/v2\/woo-feed-brand?post=61027"}],"curies":[{"name":"wp","href":"https:\/\/api.w.org\/{rel}","templated":true}]}}