{"id":54192,"date":"2019-09-26T17:20:54","date_gmt":"2019-09-26T16:20:54","guid":{"rendered":"https:\/\/www.trend-networks.com\/?post_type=product&#038;p=54192"},"modified":"2024-07-24T09:13:05","modified_gmt":"2024-07-24T08:13:05","slug":"saphir-servicevertrag-1-jahr-copy","status":"publish","type":"product","link":"https:\/\/www.trend-networks.com\/de\/produkt\/saphir-servicevertrag-1-jahr-copy\/","title":{"rendered":"SCP1YF &#8211; Saphir Servicevertrag &#8211; Glasfaser (pro Paar) 1 Jahr"},"content":{"rendered":"<p>Saphir Servicevertrag f\u00fcr FiberTEK III und FiberTEK IV Module &#8211; 1 Jahr &#8211; Erh\u00e4ltlich in Europa und den USA. Beinhaltet kostenlose Kalibrierung, kostenlose Reparatur, kostenloses Leihger\u00e4t, kostenloser Versand, kostenloses Online-Training. Allgemeine Gesch\u00e4ftsbedingungen g\u00fcltig. Kit beinhaltet zwei Module (MM oder SM). Der LanTEK III\/IV Zertifizierer muss \u00fcber den Saphir Servicevertrag abgedeckt werden.<\/p>\n","protected":false},"excerpt":{"rendered":"<p>Saphir Servicevertrag &#8211; Komplettschutz f\u00fcr Ihren Kabelzertifizierer LanTEK\u00ae II\/III\/IV<\/p>\n<p>Kostenlose Reparaturen, kostenlose j\u00e4hrliche Kalibrierung, kostenloses Leihger\u00e4t bei Reparatur und Kalibrierung, kostenloser Versand und kostenlos austauschbare Verschlei\u00dfteile. Bitte klicken Sie hier f\u00fcr mehr Informationen.<\/p>\n<p>1 Jahr.<\/p>\n","protected":false},"featured_media":50950,"template":"","meta":{"_acf_changed":false,"inline_featured_image":false,"_glsr_average":0,"_glsr_ranking":0,"_glsr_reviews":0},"product_brand":[],"product_cat":[2906,459],"product_tag":[],"woo-feed-brand":[],"class_list":{"0":"post-54192","1":"product","2":"type-product","3":"status-publish","4":"has-post-thumbnail","6":"product_cat-saphir-servicevertrag","7":"product_cat-zubehor","9":"first","10":"instock","11":"taxable","12":"shipping-taxable","13":"purchasable","14":"product-type-simple","15":"add-to-wishlist-before_image"},"acf":[],"_links":{"self":[{"href":"https:\/\/www.trend-networks.com\/de\/wp-json\/wp\/v2\/product\/54192","targetHints":{"allow":["GET"]}}],"collection":[{"href":"https:\/\/www.trend-networks.com\/de\/wp-json\/wp\/v2\/product"}],"about":[{"href":"https:\/\/www.trend-networks.com\/de\/wp-json\/wp\/v2\/types\/product"}],"wp:featuredmedia":[{"embeddable":true,"href":"https:\/\/www.trend-networks.com\/de\/wp-json\/wp\/v2\/media\/50950"}],"wp:attachment":[{"href":"https:\/\/www.trend-networks.com\/de\/wp-json\/wp\/v2\/media?parent=54192"}],"wp:term":[{"taxonomy":"product_brand","embeddable":true,"href":"https:\/\/www.trend-networks.com\/de\/wp-json\/wp\/v2\/product_brand?post=54192"},{"taxonomy":"product_cat","embeddable":true,"href":"https:\/\/www.trend-networks.com\/de\/wp-json\/wp\/v2\/product_cat?post=54192"},{"taxonomy":"product_tag","embeddable":true,"href":"https:\/\/www.trend-networks.com\/de\/wp-json\/wp\/v2\/product_tag?post=54192"},{"taxonomy":"woo-feed-brand","embeddable":true,"href":"https:\/\/www.trend-networks.com\/de\/wp-json\/wp\/v2\/woo-feed-brand?post=54192"}],"curies":[{"name":"wp","href":"https:\/\/api.w.org\/{rel}","templated":true}]}}