{"id":54170,"date":"2019-09-26T15:30:52","date_gmt":"2019-09-26T14:30:52","guid":{"rendered":"https:\/\/www.trend-networks.com\/?post_type=product&#038;p=54170"},"modified":"2026-02-02T09:55:12","modified_gmt":"2026-02-02T09:55:12","slug":"fibertek-iv-series","status":"publish","type":"product","link":"https:\/\/www.trend-networks.com\/de\/produkt\/fibertek-iv-series\/","title":{"rendered":"FIBERTEK IV Glasfaser-Zertifizierungsadapter f\u00fcr LanTEK IV-S"},"content":{"rendered":"<p><img decoding=\"async\" class=\"size-medium wp-image-65251 alignnone\" src=\"https:\/\/www.trend-networks.com\/wp-content\/uploads\/2019\/09\/Fibertek-iv-series-de-600x464.jpg\" alt=\"\" width=\"600\" height=\"464\" title=\"\" srcset=\"https:\/\/www.trend-networks.com\/wp-content\/uploads\/2019\/09\/Fibertek-iv-series-de-600x464.jpg 600w, https:\/\/www.trend-networks.com\/wp-content\/uploads\/2019\/09\/Fibertek-iv-series-de-480x371.jpg 480w, https:\/\/www.trend-networks.com\/wp-content\/uploads\/2019\/09\/Fibertek-iv-series-de.jpg 673w\" sizes=\"(max-width: 600px) 100vw, 600px\" \/><\/p>\n<p><!--more--><\/p>\n<p>Das Haupteinsatzgebiet des FiberTEK IV ist das Testen von MM- und SM-Glasfaser-Verkabelungen in LAN- und Campus-Netzen. Als Hauptleistungsmerkmal bietet er die Messung der D\u00e4mpfung und L\u00e4nge der Glasfaserstrecke (auch als \u201eTier 1\u201c-Zertifizierung bezeichnet).<br \/>\nDie Tests k\u00f6nnen w\u00e4hrend der Installation sowie zur Fehlersuche ausgef\u00fchrt werden.<\/p>\n<ul>\n<li>Zertifizierung der Kabelleistung nach ISO 11801 und TIA 568-C<\/li>\n<li>Einhaltung der von den Technikern, Planern und Kunden geforderten Verkabelungsspezifikationen<\/li>\n<li>Nachweis der korrekten Arbeitsausf\u00fchrung, wenn der Kunde keine Zertifizierungstests ben\u00f6tigt<\/li>\n<li>Vermeidung von Reklamationen, da St\u00f6rungen noch vor Ort erkannt werden<\/li>\n<li>Umwandlung von kostenlosen Garantiereparaturen in kostenpflichtige Serviceeins\u00e4tze<\/li>\n<li>Eindeutig Abgrenzung der Fehlerverantwortlichkeit zwischen Netzausr\u00fcstung\/Konfiguration und Kabelinstallation<\/li>\n<\/ul>\n<p><strong>Installation von:<\/strong><\/p>\n<ul>\n<li>Backbone-Verkabelung in Geb\u00e4uden (Sekund\u00e4rverkabelung)<\/li>\n<li>Verkabelung zwischen Geb\u00e4uden und auf Campus-Gel\u00e4nden (Prim\u00e4rverkabelung)<\/li>\n<li>FTTD (Fibre-To-The-Desk) Verkabelung (Terti\u00e4rverkabelung)<\/li>\n<li>Verkabelung f\u00fcr Geb\u00e4ude-Automatisierung<\/li>\n<li>Verkabelung f\u00fcr die industrielle Automatisierung<\/li>\n<li>Verkabelung von Satellitenantennen<\/li>\n<\/ul>\n","protected":false},"excerpt":{"rendered":"<h3>F\u00fcr die schnelle und m\u00fchelose Tier-1-Zertifizierung von Singlemode- und Multimode-Glasfaserkabeln<\/h3>\n<p>FiberTEK IV Adapter verwandeln Ihren LanTEK IV \/ IV-S in einen Glasfaserzertifizierer. F\u00fcr die schnelle und einfache Zertifizierung von Singlemode- und Multimode-Glasfaserkabeln mit hoher Bandbreite.<\/p>\n<ul>\n<li>Ermittelt Signald\u00e4mpfung und L\u00e4nge<\/li>\n<li>Optionen f\u00fcr Multimode- (850\/1300nm) und Singlemode- (1310\/1550nm) Fasern<\/li>\n<li>Integrierte Laserquelle (Rotlicht) zur Fehlerdiagnose<\/li>\n<li>Encircled Flux (EF) Adapter f\u00fcr Multimode-Fasern (optional)<\/li>\n<li>Tier-1-Zertifizierung von Singlemode- und Multimode-Glasfaser-Verkabelung<\/li>\n<li>Erf\u00fcllt die Standards TIA\/ISO\/IEC<\/li>\n<\/ul>\n","protected":false},"featured_media":150273,"template":"","meta":{"_acf_changed":false,"inline_featured_image":false,"_glsr_average":0,"_glsr_ranking":0,"_glsr_reviews":0},"product_brand":[],"product_cat":[492],"product_tag":[],"woo-feed-brand":[],"class_list":{"0":"post-54170","1":"product","2":"type-product","3":"status-publish","4":"has-post-thumbnail","6":"product_cat-glasfaser-messgeraete","8":"first","9":"instock","10":"taxable","11":"shipping-taxable","12":"product-type-grouped","13":"add-to-wishlist-before_image"},"acf":[],"_links":{"self":[{"href":"https:\/\/www.trend-networks.com\/de\/wp-json\/wp\/v2\/product\/54170","targetHints":{"allow":["GET"]}}],"collection":[{"href":"https:\/\/www.trend-networks.com\/de\/wp-json\/wp\/v2\/product"}],"about":[{"href":"https:\/\/www.trend-networks.com\/de\/wp-json\/wp\/v2\/types\/product"}],"wp:featuredmedia":[{"embeddable":true,"href":"https:\/\/www.trend-networks.com\/de\/wp-json\/wp\/v2\/media\/150273"}],"wp:attachment":[{"href":"https:\/\/www.trend-networks.com\/de\/wp-json\/wp\/v2\/media?parent=54170"}],"wp:term":[{"taxonomy":"product_brand","embeddable":true,"href":"https:\/\/www.trend-networks.com\/de\/wp-json\/wp\/v2\/product_brand?post=54170"},{"taxonomy":"product_cat","embeddable":true,"href":"https:\/\/www.trend-networks.com\/de\/wp-json\/wp\/v2\/product_cat?post=54170"},{"taxonomy":"product_tag","embeddable":true,"href":"https:\/\/www.trend-networks.com\/de\/wp-json\/wp\/v2\/product_tag?post=54170"},{"taxonomy":"woo-feed-brand","embeddable":true,"href":"https:\/\/www.trend-networks.com\/de\/wp-json\/wp\/v2\/woo-feed-brand?post=54170"}],"curies":[{"name":"wp","href":"https:\/\/api.w.org\/{rel}","templated":true}]}}