{"id":46123,"date":"2019-06-05T15:29:37","date_gmt":"2019-06-05T14:29:37","guid":{"rendered":"https:\/\/www.trend-networks.com\/?post_type=product&#038;p=46123"},"modified":"2026-04-01T15:32:59","modified_gmt":"2026-04-01T14:32:59","slug":"poe-pro","status":"publish","type":"product","link":"https:\/\/www.trend-networks.com\/de\/produkt\/poe-pro\/","title":{"rendered":"POE PRO DATENKABEL- UND POE-TESTER"},"content":{"rendered":"<p><strong>Reicht die am Ger\u00e4t bereitgestellte Leistung aus?<\/strong><\/p>\n<p>Der PoE Pro zeigt die maximale verf\u00fcgbare Leistung in Watt, Leistungsklasse 0-8, Spannung, Typ af\/at\/bt, ob 2\/4 Leitungspaare verwendet werden, an.<\/p>\n<p>Einige Switche oder Injektoren k\u00f6nnen eine Leistung einspeisen, die ihre IEEE-Klasse \u00fcbersteigt. Der PoE Pro kann dies mit dem erweiterten Leistungstest pr\u00fcfen. Halten Sie die NetzwerkTaste drei Sekunden lang gedr\u00fcckt und der PoE PRO erh\u00f6ht die Leistungsentnahme bis zum H\u00f6chstwert von 90 Watt.<\/p>\n<p><!--more--><\/p>\n<p><img decoding=\"async\" class=\"alignnone wp-image-106665 size-medium\" src=\"https:\/\/www.trend-networks.com\/wp-content\/uploads\/2019\/06\/product_feature_1_de-600x508.jpg\" alt=\"\" width=\"600\" height=\"508\" title=\"\" srcset=\"https:\/\/www.trend-networks.com\/wp-content\/uploads\/2019\/06\/product_feature_1_de-600x508.jpg 600w, https:\/\/www.trend-networks.com\/wp-content\/uploads\/2019\/06\/product_feature_1_de-768x650.jpg 768w, https:\/\/www.trend-networks.com\/wp-content\/uploads\/2019\/06\/product_feature_1_de.jpg 1000w\" sizes=\"(max-width: 600px) 100vw, 600px\" \/><\/p>\n<p><strong>Testausf\u00fchrung und Berichterstellung in drei einfachen Schritten. <\/strong>Test. Upload. Report.<\/p>\n<p><strong>Vorteile von AnyWARE Cloud:<\/strong><br \/>\n\u2022 Direkte \u00dcbermittlung der Ergebnisse nach Abschluss des Projektes spart Zeit, Geld und R\u00fcckfragen.<br \/>\n\u2022 Kostenlose, unbegrenzte Datenspeicherung.<br \/>\n\u2022 Keine Investition in IT-Hardware erforderlich.<br \/>\n\u2022 Mit der AnyWare Cloud sind sie immer auf dem neuesten Softwarestand und sparen Zeit.<br \/>\n\u2022 Verlieren Sie niemals Daten mit kontinuierlichen Backup.<br \/>\n\u2022 Effizienteres Arbeiten mit mehreren Teams an unterschiedlichen Standorten durch einfaches Projektmanagement.<br \/>\n\u2022 Verbessern Sie den Kundenservice mit professionellen Berichten, nach den neuesten Standards.<\/p>\n<p><img decoding=\"async\" class=\"alignnone wp-image-106744 size-medium\" src=\"https:\/\/www.trend-networks.com\/wp-content\/uploads\/2019\/06\/AnyWARE-Cloud-App-600x179.jpg\" sizes=\"(max-width: 600px) 100vw, 600px\" srcset=\"https:\/\/www.trend-networks.com\/wp-content\/uploads\/2019\/06\/AnyWARE-Cloud-App-600x179.jpg 600w, https:\/\/www.trend-networks.com\/wp-content\/uploads\/2019\/06\/AnyWARE-Cloud-App-1024x306.jpg 1024w, https:\/\/www.trend-networks.com\/wp-content\/uploads\/2019\/06\/AnyWARE-Cloud-App-768x229.jpg 768w, https:\/\/www.trend-networks.com\/wp-content\/uploads\/2019\/06\/AnyWARE-Cloud-App.jpg 1242w\" alt=\"AnyWARE Cloud App\" width=\"600\" height=\"179\" title=\"\"><\/p>\n<p><img decoding=\"async\" class=\"alignnone wp-image-106946 size-medium\" src=\"https:\/\/www.trend-networks.com\/wp-content\/uploads\/2019\/06\/laptop-report_v2-1-600x348.png\" sizes=\"(max-width: 600px) 100vw, 600px\" srcset=\"https:\/\/www.trend-networks.com\/wp-content\/uploads\/2019\/06\/laptop-report_v2-1-600x348.png 600w, https:\/\/www.trend-networks.com\/wp-content\/uploads\/2019\/06\/laptop-report_v2-1-1024x594.png 1024w, https:\/\/www.trend-networks.com\/wp-content\/uploads\/2019\/06\/laptop-report_v2-1-768x445.png 768w, https:\/\/www.trend-networks.com\/wp-content\/uploads\/2019\/06\/laptop-report_v2-1-1536x890.png 1536w, https:\/\/www.trend-networks.com\/wp-content\/uploads\/2019\/06\/laptop-report_v2-1-2048x1187.png 2048w\" alt=\"laptop report v2 1\" width=\"600\" height=\"348\" title=\"\"><\/p>\n<p><strong>Welche Art von Stromversorgungsger\u00e4t (PSE) ist im Einsatz?<\/strong><\/p>\n<p>Reduzieren Sie die Fehlerbehebungszeit, indem Sie den verwendeten PoE-Typ identifizieren. Endpunkt-PoE-Switches befinden sich im Ger\u00e4teraum oder Injektoren die im Leitungsnetz zwischen einem normalen Switch und der abgehenden Netzwerkleitung zum Endger\u00e4t geschaltet werden (Midspan-Verfahren).<\/p>\n<p>Der Typ kann anhand der f\u00fcr die PoE-Speisung verwendeten Leitungspaare ermittelt werden. Liegt Spannung auf den Paaren 1-2 und 3-6 an, handelt es sich wahrscheinlich um einem PoE-Switch. Werden dagegen die Paare 4-5 und 7-8 genutzt, ist es ein MidspanInjektor.<\/p>\n<p><strong>Speist der PoE-Switch eine ausreichende Leistung ein?<\/strong><\/p>\n<p>Testen von PoE-Switche und -Injektoren indem die Ger\u00e4te direkt angschlossen werden, sofort wird die verf\u00fcgbare Maximalleitung, Typ af\/at\/bt, Leistungsklasse 0-8, Spannung angezeigt.<\/p>\n<p><img decoding=\"async\" class=\"alignnone wp-image-106674 size-medium\" src=\"https:\/\/www.trend-networks.com\/wp-content\/uploads\/2019\/06\/product_feature_2_fr-564x600.jpg\" alt=\"\" width=\"564\" height=\"600\" title=\"\" srcset=\"https:\/\/www.trend-networks.com\/wp-content\/uploads\/2019\/06\/product_feature_2_fr-564x600.jpg 564w, https:\/\/www.trend-networks.com\/wp-content\/uploads\/2019\/06\/product_feature_2_fr-963x1024.jpg 963w, https:\/\/www.trend-networks.com\/wp-content\/uploads\/2019\/06\/product_feature_2_fr-768x816.jpg 768w, https:\/\/www.trend-networks.com\/wp-content\/uploads\/2019\/06\/product_feature_2_fr-600x638.jpg 600w, https:\/\/www.trend-networks.com\/wp-content\/uploads\/2019\/06\/product_feature_2_fr.jpg 1000w\" sizes=\"(max-width: 564px) 100vw, 564px\" \/><\/p>\n<p><strong>Kabelpr\u00fcfung und -Fehlerdiagnose<\/strong><\/p>\n<p><em>Pr\u00e4zise Fehlerlokalisierung spart Zeit und Geld<\/em><\/p>\n<p>Der PoE Pro nutzt die TDR-Funktion, um die Kabell\u00e4nge und die Entfernung zur Fehlerstelle exakt zu ermitteln. Damit beschleunigt sich die Fehlerlokalisierung und es ist nicht mehr n\u00f6tig, Kabelbefestigungen unn\u00f6tig zu l\u00f6sen, was das Risiko von Besch\u00e4digungen verringert.<\/p>\n<p><em>Sofortige Ergebnisausgabe<\/em><\/p>\n<p>Auf Grundlage der umfassenden Angaben zu Fehlerstellen, wie Unterbrechungen, Kurzschl\u00fcssen, \u00dcberkreuzungen und Split-Pairs, kann der PoE Pro Verdrahtungsfehler sofort erkennen.<\/p>\n<p><em>Ein Tester f\u00fcr alle Anforderungen<\/em><\/p>\n<p>Die integrierten RJ11\/RJ12- (Sprache), RJ45- (Daten) und F- (Video) Anschl\u00fcsse beschleunigen das Testen der meisten Niederspannungsleitungen, da der Techniker nicht mehr mit mehreren verschiedenen Ger\u00e4ten arbeiten muss.<\/p>\n<p><em>Schnelleres Testen von Sprach- und Datendiensten<\/em><\/p>\n<p>Der PoE Pro ermittelt umgehend, welcher Dienst, wie Ethernet, ISDN, PBX und PoE, \u00fcber das Kabel \u00fcbertragen wird, was den Zeitaufwand f\u00fcr die Fehlerdiagnose verringert.<\/p>\n<p><em>Schnelle Ermittlung der Netzwerkrate<\/em><\/p>\n<p>Auch vereinfacht der PoE Pro die Fehlerdiagnose an aktiven Ethernet-Netzen, da der Tester die Datenrate (10\/100\/1000 Mbit\/s) und den Duplex-Status (Voll\/Halb) des Netzwerkanschlusses erkennt.<\/p>\n<p><em>Spannungswarnung sch\u00fctzt vor Besch\u00e4digung<\/em><\/p>\n<p>Der PoE Pro erkennt zu hohe Spannungen und gibt ein optisches und akustisches Warnsignal aus, um eine Besch\u00e4digung des Testers zu verhindern.<\/p>\n<p><em>Kabellokalisierung spart Zeit<\/em><\/p>\n<p>Der analoge\/digitale Tongenerator des PoE Pro gibt mehrere unterschiedliche T\u00f6ne aus, die von den meisten analogen und digitalen Leitungssuchern erkannt werden. Diese Funktion ist unverzichtbar, um fehlerhafte oder falsch beschriftete Kabel zu lokalisieren.<\/p>\n<p><em>Port-Identifikation<\/em><\/p>\n<p>Das Port-Blinken hilft, den Switch-Port, an dem das Kabel angeschlossen ist, zu erkennen.<\/p>\n<p><img decoding=\"async\" class=\"alignnone wp-image-106338 size-medium\" src=\"https:\/\/www.trend-networks.com\/wp-content\/uploads\/2019\/06\/PoE_BT_img1-600x600.jpg\" alt=\"\" width=\"600\" height=\"600\" title=\"\" srcset=\"https:\/\/www.trend-networks.com\/wp-content\/uploads\/2019\/06\/PoE_BT_img1-600x600.jpg 600w, https:\/\/www.trend-networks.com\/wp-content\/uploads\/2019\/06\/PoE_BT_img1-150x150.jpg 150w, https:\/\/www.trend-networks.com\/wp-content\/uploads\/2019\/06\/PoE_BT_img1-768x768.jpg 768w, https:\/\/www.trend-networks.com\/wp-content\/uploads\/2019\/06\/PoE_BT_img1-125x125.jpg 125w, https:\/\/www.trend-networks.com\/wp-content\/uploads\/2019\/06\/PoE_BT_img1-100x100.jpg 100w, https:\/\/www.trend-networks.com\/wp-content\/uploads\/2019\/06\/PoE_BT_img1.jpg 900w\" sizes=\"(max-width: 600px) 100vw, 600px\" \/><\/p>\n<p><img decoding=\"async\" class=\"alignnone wp-image-106744 size-medium\" src=\"https:\/\/www.trend-networks.com\/wp-content\/uploads\/2019\/06\/AnyWARE-Cloud-App-600x179.jpg\" alt=\"\" width=\"600\" height=\"179\" title=\"\" srcset=\"https:\/\/www.trend-networks.com\/wp-content\/uploads\/2019\/06\/AnyWARE-Cloud-App-600x179.jpg 600w, https:\/\/www.trend-networks.com\/wp-content\/uploads\/2019\/06\/AnyWARE-Cloud-App-1024x306.jpg 1024w, https:\/\/www.trend-networks.com\/wp-content\/uploads\/2019\/06\/AnyWARE-Cloud-App-768x229.jpg 768w, https:\/\/www.trend-networks.com\/wp-content\/uploads\/2019\/06\/AnyWARE-Cloud-App.jpg 1242w\" sizes=\"(max-width: 600px) 100vw, 600px\" \/><\/p>\n","protected":false},"excerpt":{"rendered":"<h3>Installieren, warten und beheben Sie Probleme mit PoE-Ger\u00e4ten und Datenkabeln.<\/h3>\n<p><strong>Sicher vernetzt in den fr\u00fchling: top-angebote auf spleisstechnik und diagnose-tools f\u00fcr maximale ausfallsicherheit. <a href=\"https:\/\/www.trend-networks.com\/wp-content\/uploads\/2026\/04\/Spring-Savings_DE-2026.pdf\">Klicken Sie hier.<\/a><\/strong><\/p>\n<ul>\n<li>Unterst\u00fctzung des leistungsstarken PoE nach 802.3bt (bis 90 W)<\/li>\n<li>Gibt eine eindeutige OK\/Fehler-Ergebnisbewertung<\/li>\n<li>Zuverl\u00e4ssige Messungen an PoE-Installationen<\/li>\n<li>Jetzt mit professionellen PDF-Berichten mit Pass\/Fail-Ergebnissen<\/li>\n<li>Erkennung neuer Switch-Raten bis 2.5G\/5G\/10G<\/li>\n<\/ul>\n","protected":false},"featured_media":153109,"template":"","meta":{"_acf_changed":false,"inline_featured_image":false,"_glsr_average":0,"_glsr_ranking":0,"_glsr_reviews":0},"product_brand":[],"product_cat":[2944,468,2899,2846],"product_tag":[2330],"woo-feed-brand":[],"class_list":{"0":"post-46123","1":"product","2":"type-product","3":"status-publish","4":"has-post-thumbnail","6":"product_cat-anyware-cloud-de","7":"product_cat-cctv-lan-netzwerk-industrie","8":"product_cat-netzwerk-messgeraete","9":"product_cat-vorgestellten-aktionen","10":"product_tag-poe-pro-de","12":"first","13":"instock","14":"sale","15":"taxable","16":"shipping-taxable","17":"product-type-grouped","18":"add-to-wishlist-before_image"},"acf":[],"_links":{"self":[{"href":"https:\/\/www.trend-networks.com\/de\/wp-json\/wp\/v2\/product\/46123","targetHints":{"allow":["GET"]}}],"collection":[{"href":"https:\/\/www.trend-networks.com\/de\/wp-json\/wp\/v2\/product"}],"about":[{"href":"https:\/\/www.trend-networks.com\/de\/wp-json\/wp\/v2\/types\/product"}],"wp:featuredmedia":[{"embeddable":true,"href":"https:\/\/www.trend-networks.com\/de\/wp-json\/wp\/v2\/media\/153109"}],"wp:attachment":[{"href":"https:\/\/www.trend-networks.com\/de\/wp-json\/wp\/v2\/media?parent=46123"}],"wp:term":[{"taxonomy":"product_brand","embeddable":true,"href":"https:\/\/www.trend-networks.com\/de\/wp-json\/wp\/v2\/product_brand?post=46123"},{"taxonomy":"product_cat","embeddable":true,"href":"https:\/\/www.trend-networks.com\/de\/wp-json\/wp\/v2\/product_cat?post=46123"},{"taxonomy":"product_tag","embeddable":true,"href":"https:\/\/www.trend-networks.com\/de\/wp-json\/wp\/v2\/product_tag?post=46123"},{"taxonomy":"woo-feed-brand","embeddable":true,"href":"https:\/\/www.trend-networks.com\/de\/wp-json\/wp\/v2\/woo-feed-brand?post=46123"}],"curies":[{"name":"wp","href":"https:\/\/api.w.org\/{rel}","templated":true}]}}