{"id":32173,"date":"2019-04-26T17:35:22","date_gmt":"2019-04-26T16:35:22","guid":{"rendered":"https:\/\/www.trend-networks.com\/?post_type=product&#038;p=32173"},"modified":"2026-01-14T16:04:26","modified_gmt":"2026-01-14T16:04:26","slug":"navitek-nt-series","status":"publish","type":"product","link":"https:\/\/www.trend-networks.com\/de\/produkt\/navitek-nt-series\/","title":{"rendered":"NaviTEK NT &#8211; Netzwerktester"},"content":{"rendered":"<p><img decoding=\"async\" class=\"wp-image-11201 size-full alignnone\" src=\"https:\/\/www.trend-networks.com\/wp-content\/uploads\/2019\/04\/ntnt_touchscreen_de_474by338.jpg\" alt=\"\" width=\"474\" height=\"338\" title=\"\" srcset=\"https:\/\/www.trend-networks.com\/wp-content\/uploads\/2019\/04\/ntnt_touchscreen_de_474by338.jpg 474w, https:\/\/www.trend-networks.com\/wp-content\/uploads\/2019\/04\/ntnt_touchscreen_de_474by338-300x214.jpg 300w, https:\/\/www.trend-networks.com\/wp-content\/uploads\/2019\/04\/ntnt_touchscreen_de_474by338-400x284.jpg 400w\" sizes=\"(max-width: 474px) 100vw, 474px\" \/><\/p>\n<p><strong>Auswahl des Testmodus<\/strong><\/p>\n<p><img decoding=\"async\" class=\"wp-image-11210 size-full alignnone\" src=\"https:\/\/www.trend-networks.com\/wp-content\/uploads\/2019\/04\/testmodeselection_de.png\" alt=\"\" width=\"240\" height=\"320\" title=\"\" srcset=\"https:\/\/www.trend-networks.com\/wp-content\/uploads\/2019\/04\/testmodeselection_de.png 240w, https:\/\/www.trend-networks.com\/wp-content\/uploads\/2019\/04\/testmodeselection_de-225x300.png 225w\" sizes=\"(max-width: 240px) 100vw, 240px\" \/><\/p>\n<p>Eine Auswahl des Testmodus wurde auf dem Startbildschirm eingef\u00fchrt. Jetzt k\u00f6nnen Anwender sofort zwischen automatischer Erkennung, Kabel-, Switch- oder Netzwerk-Tests ausw\u00e4hlen. Der NaviTEK NT kann jetzt auch an Switchen, die nicht zugelassene Ger\u00e4te zur\u00fcckweisen sollen, die LLDP\/CDP-Port-Angaben anzeigen. Diese weitere benutzerfreundliche Verbesserung wird durch einen passiven Testmodus erm\u00f6glicht.<\/p>\n<p><!--more--><\/p>\n<p><strong>Aussagekr\u00e4ftige Ergebnisauswertung beim Test von Glasfaserverbindungen<\/strong><\/p>\n<p><img decoding=\"async\" class=\"size-full wp-image-1685 alignnone\" src=\"https:\/\/www.trend-networks.com\/wp-content\/uploads\/2019\/03\/fibreoptic_passfailtesting.png\" alt=\"\" width=\"240\" height=\"320\" title=\"\" srcset=\"https:\/\/www.trend-networks.com\/wp-content\/uploads\/2019\/03\/fibreoptic_passfailtesting.png 240w, https:\/\/www.trend-networks.com\/wp-content\/uploads\/2019\/03\/fibreoptic_passfailtesting-225x300.png 225w\" sizes=\"(max-width: 240px) 100vw, 240px\" \/><\/p>\n<p>Beim Test von Glasfaserverbindungen zeigt der NaviTEK NT nun sofort eine aussagekr\u00e4ftige Ergebnisauswertung an. Deutliche Farben kennzeichnen bestandene (gr\u00fcn) und nicht bestandene (rot) Testabl\u00e4ufe. Somit k\u00f6nnen Techniker den optischen Empfangspegel auf einen Blick einsch\u00e4tzen. Anwendern, die mit optischen Signalpegeln nicht so vertraut sind, erleichtert diese Anzeige au\u00dferdem die Bewertung der Messergebnisse. Die Gut \/ Schlecht-Grenzwerte m\u00fcssen lediglich im Hauptmen\u00fc des Test-Setups festgelegt werden<\/p>\n<p><strong>\u00dcberblick \u00fcber Ports und Netzwerke<\/strong><\/p>\n<p><img decoding=\"async\" class=\"wp-image-11183 size-full alignnone\" src=\"https:\/\/www.trend-networks.com\/wp-content\/uploads\/2019\/04\/navitek_nt_uberblick_ports_netzwerke.jpg\" alt=\"\" width=\"240\" height=\"320\" title=\"\" srcset=\"https:\/\/www.trend-networks.com\/wp-content\/uploads\/2019\/04\/navitek_nt_uberblick_ports_netzwerke.jpg 240w, https:\/\/www.trend-networks.com\/wp-content\/uploads\/2019\/04\/navitek_nt_uberblick_ports_netzwerke-225x300.jpg 225w\" sizes=\"(max-width: 240px) 100vw, 240px\" \/><\/p>\n<p>Nach Dr\u00fccken der Autotest-Taste werden zusammenfassende Angaben angezeigt und die Netzwerkparameter k\u00f6nnen einzeln \u00fcberpr\u00fcft werden.<\/p>\n<p><strong>VLAN-Erkennung und Betrieb<\/strong><\/p>\n<p><img decoding=\"async\" class=\"wp-image-11192 size-full alignnone\" src=\"https:\/\/www.trend-networks.com\/wp-content\/uploads\/2019\/04\/navitek_nt_vlan_erkennung_betrieb.jpg\" alt=\"\" width=\"240\" height=\"320\" title=\"\" srcset=\"https:\/\/www.trend-networks.com\/wp-content\/uploads\/2019\/04\/navitek_nt_vlan_erkennung_betrieb.jpg 240w, https:\/\/www.trend-networks.com\/wp-content\/uploads\/2019\/04\/navitek_nt_vlan_erkennung_betrieb-225x300.jpg 225w\" sizes=\"(max-width: 240px) 100vw, 240px\" \/><\/p>\n<p>Die automatische Erkennung von VLAN-IDs erlaubt dem Anwender, den NaviTEK NT f\u00fcr den Betrieb in einem VLAN einzurichten.<\/p>\n<p><strong>Ethernet-Nutzung<\/strong><\/p>\n<p><img decoding=\"async\" class=\"wp-image-11147 size-full alignnone\" src=\"https:\/\/www.trend-networks.com\/wp-content\/uploads\/2019\/04\/navitek_nt_ethernet_nutzung.jpg\" alt=\"\" width=\"240\" height=\"320\" title=\"\" srcset=\"https:\/\/www.trend-networks.com\/wp-content\/uploads\/2019\/04\/navitek_nt_ethernet_nutzung.jpg 240w, https:\/\/www.trend-networks.com\/wp-content\/uploads\/2019\/04\/navitek_nt_ethernet_nutzung-225x300.jpg 225w\" sizes=\"(max-width: 240px) 100vw, 240px\" \/><\/p>\n<p>Echtzeit-Anzeige des Verkehrs im Broadcast-Netzwerk in Prozent der Port-Rate der vergangenen 60 Minuten.<\/p>\n<p><strong>Angaben zum CDP\/LLDP\/EDP-Port<\/strong><\/p>\n<p><img decoding=\"async\" class=\"wp-image-11165 size-full alignnone\" src=\"https:\/\/www.trend-networks.com\/wp-content\/uploads\/2019\/04\/navitek_nt_ldp_lldp_edp_port_angaben.jpg\" alt=\"\" width=\"240\" height=\"320\" title=\"\" srcset=\"https:\/\/www.trend-networks.com\/wp-content\/uploads\/2019\/04\/navitek_nt_ldp_lldp_edp_port_angaben.jpg 240w, https:\/\/www.trend-networks.com\/wp-content\/uploads\/2019\/04\/navitek_nt_ldp_lldp_edp_port_angaben-225x300.jpg 225w\" sizes=\"(max-width: 240px) 100vw, 240px\" \/><\/p>\n<p>Anzeige der Port-Daten mit Hilfe des Extreme Discovery Protocol (EDP), des Link Layer Discovery Protocol (LLDP) und des Cisco Discovery Protocol (CDP).<\/p>\n<p><strong>Netscan<\/strong><\/p>\n<p><img decoding=\"async\" class=\"wp-image-11156 size-full alignnone\" src=\"https:\/\/www.trend-networks.com\/wp-content\/uploads\/2019\/04\/navitek_nt_ip_mac_adressen.jpg\" alt=\"\" width=\"240\" height=\"320\" title=\"\" srcset=\"https:\/\/www.trend-networks.com\/wp-content\/uploads\/2019\/04\/navitek_nt_ip_mac_adressen.jpg 240w, https:\/\/www.trend-networks.com\/wp-content\/uploads\/2019\/04\/navitek_nt_ip_mac_adressen-225x300.jpg 225w\" sizes=\"(max-width: 240px) 100vw, 240px\" \/><\/p>\n<p>Anzeige einer Liste von IP- und MAC-Adressen f\u00fcr alle mit dem Netzwerk verbundenen Ger\u00e4te.<\/p>\n<p><strong>Netzwerk-Scanner<\/strong><\/p>\n<p><img decoding=\"async\" class=\"wp-image-11174 size-full alignnone\" src=\"https:\/\/www.trend-networks.com\/wp-content\/uploads\/2019\/04\/navitek_nt_netzwerkplane_netwerkelemente.jpg\" alt=\"\" width=\"240\" height=\"320\" title=\"\" srcset=\"https:\/\/www.trend-networks.com\/wp-content\/uploads\/2019\/04\/navitek_nt_netzwerkplane_netwerkelemente.jpg 240w, https:\/\/www.trend-networks.com\/wp-content\/uploads\/2019\/04\/navitek_nt_netzwerkplane_netwerkelemente-225x300.jpg 225w\" sizes=\"(max-width: 240px) 100vw, 240px\" \/><\/p>\n<p>Anzeige des Netzwerkplanes zum Pr\u00fcfen der Ergebnisse f\u00fcr die einzelnen Netzelemente.<\/p>\n<p><strong>Anwendungen<\/strong><\/p>\n<p>Heute steht den Netzwerktechnikern eine breite Palette von Software-Tools zur Fehlersuche zur Verf\u00fcgung, die unter ganz bestimmten Einsatzbedingungen sicherlich n\u00fctzlich sind, doch auch erhebliche Beschr\u00e4nkungen aufweisen. Der NaviTEK NT dagegen bietet ein umfassendes Paket von Test- und Diagnosefunktionen, die nur auf speziellen Handtestern zu finden sind:<\/p>\n<ul>\n<li>Testanschl\u00fcsse f\u00fcr Kupferkabel und Glasfaser<\/li>\n<li>Schnelles Erkennen der Strecken- und IP-Daten, wie Duplex, Datenrate, Port-ID, VLAN, DNS, DHCP, Gateway-Status und IP-Adresse<\/li>\n<li>Erkennen von Diensten wie ISDN, POTS und PoE<\/li>\n<li>Exakter Verdrahtungstest mit L\u00e4ngenmessung und Angabe der Fehlerentfernung<\/li>\n<li>Robustes und kompaktes Design f\u00fcr beengte Einsatzumgebungen<\/li>\n<li>Sicherer Schutz vor Angriffen durch Viren und Schadsoftware<\/li>\n<\/ul>\n","protected":false},"excerpt":{"rendered":"<h3>Netzwerktester zur die Fehlersuche in Kupfer- und Glasfasernetzen<\/h3>\n<p>Der NaviTEK NT ist ein Netzwerktester zur Fehlersuche in Kupfer- und Glasfasernetzen. Das Pr\u00fcfger\u00e4t erm\u00f6glicht Verbindungsst\u00f6rungen im Netzwerk schneller als je zuvor zu identifizieren.<\/p>\n<ul>\n<li>Netzwerktester (Kupfer\/Glasfaser)<\/li>\n<li>Testspeicherung und PDF-Berichterstellung (Plus- und Pro-Modelle)<\/li>\n<li>Angabe der Entfernung zur Fehlerstelle<\/li>\n<li>Unterst\u00fctzt [CompanyNameShort] AnyWARE App<\/li>\n<\/ul>\n","protected":false},"featured_media":137465,"template":"","meta":{"_acf_changed":false,"inline_featured_image":false,"_glsr_average":0,"_glsr_ranking":0,"_glsr_reviews":0},"product_brand":[],"product_cat":[468,2899],"product_tag":[2305],"woo-feed-brand":[],"class_list":{"0":"post-32173","1":"product","2":"type-product","3":"status-publish","4":"has-post-thumbnail","6":"product_cat-cctv-lan-netzwerk-industrie","7":"product_cat-netzwerk-messgeraete","8":"product_tag-navitek-nt-de","10":"first","11":"instock","12":"sold-individually","13":"taxable","14":"shipping-taxable","15":"product-type-grouped","16":"add-to-wishlist-before_image"},"acf":[],"_links":{"self":[{"href":"https:\/\/www.trend-networks.com\/de\/wp-json\/wp\/v2\/product\/32173","targetHints":{"allow":["GET"]}}],"collection":[{"href":"https:\/\/www.trend-networks.com\/de\/wp-json\/wp\/v2\/product"}],"about":[{"href":"https:\/\/www.trend-networks.com\/de\/wp-json\/wp\/v2\/types\/product"}],"wp:featuredmedia":[{"embeddable":true,"href":"https:\/\/www.trend-networks.com\/de\/wp-json\/wp\/v2\/media\/137465"}],"wp:attachment":[{"href":"https:\/\/www.trend-networks.com\/de\/wp-json\/wp\/v2\/media?parent=32173"}],"wp:term":[{"taxonomy":"product_brand","embeddable":true,"href":"https:\/\/www.trend-networks.com\/de\/wp-json\/wp\/v2\/product_brand?post=32173"},{"taxonomy":"product_cat","embeddable":true,"href":"https:\/\/www.trend-networks.com\/de\/wp-json\/wp\/v2\/product_cat?post=32173"},{"taxonomy":"product_tag","embeddable":true,"href":"https:\/\/www.trend-networks.com\/de\/wp-json\/wp\/v2\/product_tag?post=32173"},{"taxonomy":"woo-feed-brand","embeddable":true,"href":"https:\/\/www.trend-networks.com\/de\/wp-json\/wp\/v2\/woo-feed-brand?post=32173"}],"curies":[{"name":"wp","href":"https:\/\/api.w.org\/{rel}","templated":true}]}}