{"id":29706,"date":"2019-04-30T15:46:42","date_gmt":"2019-04-30T14:46:42","guid":{"rendered":"https:\/\/www.trend-networks.com\/product\/kit-zur-kabellokalisierung-2\/"},"modified":"2023-01-03T18:23:51","modified_gmt":"2023-01-03T18:23:51","slug":"kit-zur-kabellokalisierung","status":"publish","type":"product","link":"https:\/\/www.trend-networks.com\/de\/produkt\/kit-zur-kabellokalisierung\/","title":{"rendered":"Kit zur Kabellokalisierung"},"content":{"rendered":"<p>Induktiver Empf\u00e4nger (62-164):<\/p>\n<p>Funktioniert mit jedem Tongenerator (62-160) zum Identifizieren und Lokalisieren von Einzelleitern in einem B\u00fcndel<\/p>\n<p>Lautst\u00e4rkeregelung f\u00fcr h\u00f6here Empfindlichkeit und Anpassung an Umgebungsbedingungen<\/p>\n<p>EIN\/AUS-Taste zur Schonung der Batterie<\/p>\n<p>Batteriewarnung<\/p>\n<p>9-V-Batterie im Lieferumfang enthalten<\/p>\n<p>Tongenerator (62-160):<\/p>\n<p>Mit vier Funktionen: Tongenerator, Durchgangspr\u00fcfung und Pr\u00fcfung der Leitungspolarit\u00e4t<\/p>\n<p>F-Stecker zum Lokalisieren von Koaxialkabeln<\/p>\n<p>Auswahl von drei verschiedenen Signalarten auf der Vorderseite<\/p>\n<p>Abnehmbare\/auswechselbare Pr\u00fcfleitungen<\/p>\n<p>Automatische Abschaltung des Tonsignals nach 3 Stunden zur Schonung der Batterie<\/p>\n<p>Ausw\u00e4hlbare Lautst\u00e4rke (voll, halb)<\/p>\n<p>Batteriewarnung<\/p>\n<p>9-V-Batterie im Lieferumfang enthalten<\/p>\n<p>TRACETone\u00ae Tongenerator mit Pr\u00fcfspitze (62-140)<\/p>\n<p>Pr\u00fcft den Durchgang und lokalisiert installierte Einzelleiter und Kabel<\/p>\n<p>Zwei ausw\u00e4hlbare Signalarten mit einstellbarer Lautst\u00e4rke<\/p>\n<p>Tongenerator und induktiver Empf\u00e4nger k\u00f6nnen platzsparend zusammengesteckt werden<\/p>\n<p>Kabel RJ-11 auf Krokodilklemme und RJ-11-Kabelsatz im Lieferumfang enthalten<\/p>\n","protected":false},"excerpt":{"rendered":"<p>Kit aus Tongenerator und induktivem Empf\u00e4nger<\/p>\n","protected":false},"featured_media":108398,"template":"","meta":{"_acf_changed":false,"inline_featured_image":false,"_glsr_average":0,"_glsr_ranking":0,"_glsr_reviews":0},"product_brand":[],"product_cat":[459],"product_tag":[2326],"woo-feed-brand":[],"class_list":{"0":"post-29706","1":"product","2":"type-product","3":"status-publish","4":"has-post-thumbnail","6":"product_cat-zubehor","7":"product_tag-cable-tracing-de","9":"first","10":"instock","11":"taxable","12":"shipping-taxable","13":"purchasable","14":"product-type-simple","15":"add-to-wishlist-before_image"},"acf":[],"_links":{"self":[{"href":"https:\/\/www.trend-networks.com\/de\/wp-json\/wp\/v2\/product\/29706","targetHints":{"allow":["GET"]}}],"collection":[{"href":"https:\/\/www.trend-networks.com\/de\/wp-json\/wp\/v2\/product"}],"about":[{"href":"https:\/\/www.trend-networks.com\/de\/wp-json\/wp\/v2\/types\/product"}],"wp:featuredmedia":[{"embeddable":true,"href":"https:\/\/www.trend-networks.com\/de\/wp-json\/wp\/v2\/media\/108398"}],"wp:attachment":[{"href":"https:\/\/www.trend-networks.com\/de\/wp-json\/wp\/v2\/media?parent=29706"}],"wp:term":[{"taxonomy":"product_brand","embeddable":true,"href":"https:\/\/www.trend-networks.com\/de\/wp-json\/wp\/v2\/product_brand?post=29706"},{"taxonomy":"product_cat","embeddable":true,"href":"https:\/\/www.trend-networks.com\/de\/wp-json\/wp\/v2\/product_cat?post=29706"},{"taxonomy":"product_tag","embeddable":true,"href":"https:\/\/www.trend-networks.com\/de\/wp-json\/wp\/v2\/product_tag?post=29706"},{"taxonomy":"woo-feed-brand","embeddable":true,"href":"https:\/\/www.trend-networks.com\/de\/wp-json\/wp\/v2\/woo-feed-brand?post=29706"}],"curies":[{"name":"wp","href":"https:\/\/api.w.org\/{rel}","templated":true}]}}