{"id":29670,"date":"2019-04-30T13:25:27","date_gmt":"2019-04-30T14:18:44","guid":{"rendered":"https:\/\/www.trend-networks.com\/product\/lantek-iii-500-mit-permanent-link-adapter\/"},"modified":"2021-11-25T16:57:38","modified_gmt":"2021-11-25T16:57:38","slug":"lantek-iii-500-mit-permanent-link-adapter","status":"publish","type":"product","link":"https:\/\/www.trend-networks.com\/de\/produkt\/lantek-iii-500-mit-permanent-link-adapter\/","title":{"rendered":"LanTEK III-500 (mit Permanent Link Adapter)"},"content":{"rendered":"<p>Messdaten immer und \u00fcberall zur Hand!<\/p>\n<p>Mit der kostenlosen IDEAL AnyWARE App sind die Netzwerktechniker in der Lage, die Messdaten an Kollegen und Kunden zu \u00fcbermitteln, ohne ihren Einsatzort verlassen zu m\u00fcssen. So k\u00f6nnen sie die Zusammenarbeit verbessern, mehr Auftr\u00e4ge vor Ort termingem\u00e4\u00df abschlie\u00dfen und die Kosten senken.<\/p>\n<p>Neue Fehlerdiagnosefunktionen sparen Zeit und Geld<\/p>\n<p>Sollte ein Kabel defekt sein, vereinfachen die neuen Messungen der R\u00fcckflussd\u00e4mpfung (TDRL) und des Nahnebensprechens (TDX) die Fehlerdiagnose. Zur Lokalisierung von St\u00f6rungen in der Glasfaserverkabelung ist jedes FiberTEK III Modul mit einer Rotlichtquelle ausgestattet, die es erlaubt, Fehlerstellen visuell zu erkennen und Anschl\u00fcsse zu identifizieren.<\/p>\n<p>Diese zus\u00e4tzlichen Funktionen helfen dem Techniker, verborgene Steckverbindungen, Splei\u00dfe und Kabelfehler zu erkennen, und k\u00f6nnen viele Arbeitsstunden einsparen, die fr\u00fcher f\u00fcr die Fehlerbehebung aufgewendet werden mussten.<\/p>\n<p>Neuer Permanent-Link-Adapter (PL) senkt die Kosten<\/p>\n<p>Die neuen Permanent-Link-Adapter verringern Ausfallzeiten und Wartungskosten durch vor Ort auswechselbare RJ45-Kontakteins\u00e4tze, so dass es nicht mehr erforderlich ist, den ganzen Adapter zu tauschen.<\/p>\n<p>Sie besitzen zentrierte Steckverbinder, um die Kompatibilit\u00e4t zu allen Marken von Verkabelungsl\u00f6sungen der Cat. 6A\/Klasse EA zu gew\u00e4hrleisten. Die PL-Adapter nutzen robuste und hochflexible Kabel, so dass sie sich auch f\u00fcr sehr beengte Einsatzumgebungen anbieten, ohne den PL-Adapter oder die zu testende Dose zu besch\u00e4digen.<\/p>\n<p>Modulare L\u00f6sung zur Senkung der Investitionskosten<\/p>\n<p>Viele Kabelinstallateure stehen vor der Herausforderung, die Investitionskosten zu senken. Da Sie beim LanTEK III und FiberTEK III selbst ausw\u00e4hlen, welche Komponenten Sie erwerben, zahlen Sie auch nur f\u00fcr die Ausstattung, die Sie wirklich ben\u00f6tigen. Dazu geh\u00f6rt auch eine breite Palette von Testmodulen, Zubeh\u00f6rteilen und CAREPLAN-Servicepl\u00e4nen, die auf Ihre spezifischen Anforderungen zugeschnitten sind.<\/p>\n<p>Permanent-Link-Testmodule<\/p>\n<p>Zur Zertifizierung der UTP\/STP-Verkabelung vom Patchfeld bis zur Dose im Arbeitsbereich. Die RJ45-Kontakte an den Permanent-Link-Modulen sind vor Ort auswechselbar und senken so die Betriebskosten.<\/p>\n<p>Channel-Testmodule<\/p>\n<p>Sie k\u00f6nnen aus einem breiten Spektrum von Testmodulen f\u00fcr verschiedene Anwendungen, wie: RJ45, GG45, TERA und EC7, w\u00e4hlen.<\/p>\n<p>Glasfaser-Testmodule<\/p>\n<p>Die FiberTEK III Module werden f\u00fcr die schnelle und m\u00fchelose Tier-1-Zertifizierung von Singlemode-und Multimode-Glasfaserkabeln gro\u00dfer Bandbreite genutzt und unterst\u00fctzen Tests mit Encircled-Flux-Einkopplung (EF).<\/p>\n<p>Effiziente Datenmanagement-Software<\/p>\n<p>IDEAL DataCENTER (IDC) ist die kostenlose Software zum Verwalten der Testergebnisse der Kabelzertifizierer LanTEK III und FiberTEK III von IDEAL Networks. Die Anwendung erlaubt den Installateuren von Datenkabeln, PDF-Berichte mit wenigen Klicks herunterzuladen, zu verwalten, zu bearbeiten und auszudrucken. IDC ist mit einer einfach zu bedienenden Benutzeroberfl\u00e4che und zeitsparenden Funktionen ausgestattet wie:<\/p>\n<p>Microsoft-Multifunktionsleisten f\u00fcr mehr Bedienkomfort<\/p>\n<p>Importieren von Daten vom Tester mit nur vier Tastenklicks<\/p>\n<p>Verwaltung von +10.000 Ergebnissen im gleichen Projekt<\/p>\n<p>Erstellen professioneller Berichte f\u00fcr Ihre Kunden<\/p>\n<p>Gruppieren und Filtern von Testergebnissen in Kategorien, wie:<\/p>\n<p>nach Testgrenzwerten<\/p>\n<p>nach Ger\u00e4ten<\/p>\n<p>oder nach Daten in der Datenbank<\/p>\n<p>Professionelle Berichterstellung<\/p>\n<p>Automatisches Erstellen von Testberichten im PDF- oder CSV-Format.<\/p>\n<p>Die Berichtszusammenfassung ist anpassbar und kann das Logo sowie den Namen des Unternehmens und des Technikers enthalten.<\/p>\n<p>Es stehen drei verschiedene Berichte zur Auswahl, die entweder nur die bestandenen (Pass), die nicht bestandenen (Fail) oder alle Tests in den Bericht mit aufnehmen:<\/p>\n<p>\u00dcberblick<\/p>\n<p>Kurz<\/p>\n<p>Voll<\/p>\n<p>Neue Permanent-Link-Adapter (PL)<\/p>\n<p>Auch f\u00fcr sehr beengte Einsatzumgebungen<\/p>\n<p>Die PL-Adapter nutzen robuste und hochflexible Kabel, die sich auch f\u00fcr sehr beengte Einsatzumgebungen anbieten, ohne den PL-Adapter oder die zu testende Dose zu besch\u00e4digen.<\/p>\n<p>Unterst\u00fctzung aller RJ45-Verkabelungssysteme<\/p>\n<p>Die neuen PL-Adapter besitzen zentrierte Steckverbinder, um die Kompatibilit\u00e4t zu allen Marken von Verkabelungsl\u00f6sungen der Cat. 6A\/ISO Klasse EA zu gew\u00e4hrleisten.<\/p>\n<p>Vor Ort auswechselbare Messspitzen f\u00fcr weniger Ausfallzeiten und Wartungskosten.<\/p>\n<p>Neue PL-Adapter verringern Ausfallzeiten und Wartungskosten durch vor Ort auswechselbare RJ45-Kontakteins\u00e4tze, so dass es nicht mehr erforderlich ist, den gesamten PL-Adapter zu tauschen.<\/p>\n<p>Um die Kosten weiter zu senken, wurden die Messspitzen der PL-Adapter f\u00fcr nahezu drei Mal so viele Steckzyklen entwickelt wie konventionelle Patchkabel.<\/p>\n<p>Ein innovatives Design gew\u00e4hrleistet, dass die gesamte abgenutzte Stecker-Baugruppe durch einen v\u00f6llig neuen Steckkontakt und Verriegelungsmechanismus ersetzt wird.<\/p>\n","protected":false},"excerpt":{"rendered":"<p>Sapphire Servicevertrag &#8211; Komplettschutz f\u00fcr Ihren Kabelzertifizierer LanTEK\u00ae II\/III<\/p>\n<p>Permanent-Link-Adapter reduziert die laufenden Kosten<\/p>\n<p>\u00dcbermitteln Sie die Testergebnisse von \u00fcberall mit der IDEAL AnyWARE\u2122 App<\/p>\n<p>Zertifizierung von Multimode- und Singlemode-Fasern<\/p>\n<p>Erstellung von PDF Berichten mit kostenloser IDC-Software<\/p>\n","protected":false},"featured_media":81477,"template":"","meta":{"_acf_changed":false,"inline_featured_image":false,"_glsr_average":0,"_glsr_ranking":0,"_glsr_reviews":0},"product_brand":[],"product_cat":[479],"product_tag":[2224],"woo-feed-brand":[],"class_list":{"0":"post-29670","1":"product","2":"type-product","3":"status-publish","4":"has-post-thumbnail","6":"product_cat-kupfer-messgeraete","7":"product_tag-lantek-iii-de","9":"first","10":"instock","11":"taxable","12":"shipping-taxable","13":"purchasable","14":"product-type-simple","15":"add-to-wishlist-before_image"},"acf":[],"_links":{"self":[{"href":"https:\/\/www.trend-networks.com\/de\/wp-json\/wp\/v2\/product\/29670","targetHints":{"allow":["GET"]}}],"collection":[{"href":"https:\/\/www.trend-networks.com\/de\/wp-json\/wp\/v2\/product"}],"about":[{"href":"https:\/\/www.trend-networks.com\/de\/wp-json\/wp\/v2\/types\/product"}],"wp:featuredmedia":[{"embeddable":true,"href":"https:\/\/www.trend-networks.com\/de\/wp-json\/wp\/v2\/media\/81477"}],"wp:attachment":[{"href":"https:\/\/www.trend-networks.com\/de\/wp-json\/wp\/v2\/media?parent=29670"}],"wp:term":[{"taxonomy":"product_brand","embeddable":true,"href":"https:\/\/www.trend-networks.com\/de\/wp-json\/wp\/v2\/product_brand?post=29670"},{"taxonomy":"product_cat","embeddable":true,"href":"https:\/\/www.trend-networks.com\/de\/wp-json\/wp\/v2\/product_cat?post=29670"},{"taxonomy":"product_tag","embeddable":true,"href":"https:\/\/www.trend-networks.com\/de\/wp-json\/wp\/v2\/product_tag?post=29670"},{"taxonomy":"woo-feed-brand","embeddable":true,"href":"https:\/\/www.trend-networks.com\/de\/wp-json\/wp\/v2\/woo-feed-brand?post=29670"}],"curies":[{"name":"wp","href":"https:\/\/api.w.org\/{rel}","templated":true}]}}