{"id":29668,"date":"2019-04-30T13:25:12","date_gmt":"2019-04-30T12:25:12","guid":{"rendered":"https:\/\/www.trend-networks.com\/product\/signaltek-ct\/"},"modified":"2022-06-13T12:48:48","modified_gmt":"2022-06-13T11:48:48","slug":"signaltek-ct","status":"publish","type":"product","link":"https:\/\/www.trend-networks.com\/de\/produkt\/signaltek-ct\/","title":{"rendered":"SIGNALTEK CT &#8211; Datenkabel Transmission-Tester"},"content":{"rendered":"<p><img decoding=\"async\" class=\"size-full wp-image-11408 alignnone\" src=\"https:\/\/www.trend-networks.com\/wp-content\/uploads\/2019\/04\/stct_touchscreen_de_474by338.jpg\" alt=\"\" width=\"474\" height=\"338\" title=\"\" srcset=\"https:\/\/www.trend-networks.com\/wp-content\/uploads\/2019\/04\/stct_touchscreen_de_474by338.jpg 474w, https:\/\/www.trend-networks.com\/wp-content\/uploads\/2019\/04\/stct_touchscreen_de_474by338-300x214.jpg 300w, https:\/\/www.trend-networks.com\/wp-content\/uploads\/2019\/04\/stct_touchscreen_de_474by338-400x284.jpg 400w\" sizes=\"(max-width: 474px) 100vw, 474px\" \/><\/p>\n<p><img decoding=\"async\" class=\"size-full wp-image-11363 alignnone\" src=\"https:\/\/www.trend-networks.com\/wp-content\/uploads\/2019\/04\/signaltekct_de_page3.jpg\" alt=\"\" width=\"600\" height=\"489\" title=\"\" srcset=\"https:\/\/www.trend-networks.com\/wp-content\/uploads\/2019\/04\/signaltekct_de_page3.jpg 600w, https:\/\/www.trend-networks.com\/wp-content\/uploads\/2019\/04\/signaltekct_de_page3-300x245.jpg 300w\" sizes=\"(max-width: 600px) 100vw, 600px\" \/><\/p>\n<p><strong>APPLIKATIONS-SOFTWARE &#8211; TREND AnyWARE\u2122<\/strong><\/p>\n<p>WLAN-Verbindung \u00fcber iOS und Android Smartphones mit der kostenlosten TREND AnyWARE App. Sie k\u00f6nnen die Testberichte auf Ihr Mobilger\u00e4t \u00fcbertragen und dort anzeigen lassen, bevor Sie diese dann \u00fcber die von Ihnen bevorzugte Methode, wie E-Mail oder eine File-Sharing-App, verwenden.<\/p>\n<p><img decoding=\"async\" class=\"size-full wp-image-63248 alignnone\" src=\"https:\/\/www.trend-networks.com\/wp-content\/uploads\/2019\/04\/anyware_report-3-1.jpg\" alt=\"\" width=\"474\" height=\"338\" title=\"\" srcset=\"https:\/\/www.trend-networks.com\/wp-content\/uploads\/2019\/04\/anyware_report-3-1.jpg 474w, https:\/\/www.trend-networks.com\/wp-content\/uploads\/2019\/04\/anyware_report-3-1-400x284.jpg 400w\" sizes=\"(max-width: 474px) 100vw, 474px\" \/><\/p>\n<p><strong>Testberichte<\/strong><\/p>\n<p>Die Berichtszusammenfassung ist anpassbar und kann das Logo sowie den Namen des Unternehmens und des Technikers enthalten. Es stehen drei verschiedene Berichte zur Auswahl, die entweder nur die bestandenen (Pass), die nicht bestandenen (Fail) oder alle Tests in den Bericht mit aufnehmen:<\/p>\n<ul>\n<li>\u00dcberblick<\/li>\n<li>Kurz<\/li>\n<li>Voll (siehe Beispiel rechts)<\/li>\n<\/ul>\n<p><img decoding=\"async\" class=\"size-full wp-image-11399 alignnone\" src=\"https:\/\/www.trend-networks.com\/wp-content\/uploads\/2019\/04\/stct_report_de300by336.jpg\" alt=\"\" width=\"300\" height=\"254\" title=\"\"><\/p>\n<p><strong>Schnell und flexibel<\/strong><\/p>\n<ul>\n<li>Schneller Autotest best\u00e4tigt Netzwerkleistung in Sekunden<\/li>\n<li>USB-Anschluss f\u00fcr m\u00fchelose \u00dcbertragung der Testergebnisse auf einen Speicherstick<\/li>\n<li>Unterst\u00fctzung geschirmter und ungeschirmter Kabel (STP\/UTP), einschlie\u00dflich Kat 5e, Kat 6, Kat 6A und Kat 7 (Beschaltung nach TIA 568A und 568B)<\/li>\n<li>Speicherung von bis zu 5000 Tests auch f\u00fcr umfangreichere Projekte<\/li>\n<li>Kabelidentifikation\/-suche mit kompatiblem induktiven Empf\u00e4nger (62-164)<\/li>\n<\/ul>\n<p><img decoding=\"async\" class=\"size-full wp-image-11390 alignnone\" src=\"https:\/\/www.trend-networks.com\/wp-content\/uploads\/2019\/04\/stct_de_usb.jpg\" alt=\"\" width=\"300\" height=\"336\" title=\"\" srcset=\"https:\/\/www.trend-networks.com\/wp-content\/uploads\/2019\/04\/stct_de_usb.jpg 300w, https:\/\/www.trend-networks.com\/wp-content\/uploads\/2019\/04\/stct_de_usb-268x300.jpg 268w\" sizes=\"(max-width: 300px) 100vw, 300px\" \/><\/p>\n<p><strong>Intuitiv<\/strong><\/p>\n<ul>\n<li>Automatische PDF-Berichterstellung f\u00fcr m\u00fchelose Dokumentation<\/li>\n<li>Benutzerfreundliche Men\u00fcstruktur f\u00fcr komfortable Bedienung mit minimalem Einarbeitungsaufwand<\/li>\n<li>Einfache Kabelbenennung und Auftragseinrichtung erh\u00f6hen Produktivit\u00e4t am Einsatzort<\/li>\n<\/ul>\n<p><img decoding=\"async\" class=\"size-full wp-image-11372 alignnone\" src=\"https:\/\/www.trend-networks.com\/wp-content\/uploads\/2019\/04\/stct_de_autotest.jpg\" alt=\"\" width=\"300\" height=\"336\" title=\"\" srcset=\"https:\/\/www.trend-networks.com\/wp-content\/uploads\/2019\/04\/stct_de_autotest.jpg 300w, https:\/\/www.trend-networks.com\/wp-content\/uploads\/2019\/04\/stct_de_autotest-268x300.jpg 268w\" sizes=\"(max-width: 300px) 100vw, 300px\" \/><\/p>\n<p><strong>Zuverl\u00e4ssig<\/strong><\/p>\n<ul>\n<li>Test nach IEEE802.3ab zum Nachweis der Kabelleistung auf Grundlage einer anerkannten internationalen Norm<\/li>\n<li>Vom Anwender auswechselbare RJ45-Eins\u00e4tze verringern Ausfallzeiten durch abgenutzte oder besch\u00e4digte Buchsen<\/li>\n<li>Robustes Design f\u00fcr mehr Schutz bei mechanischer Beanspruchung<\/li>\n<li>Keine j\u00e4hrliche Kalibrierung erforderlich \u2013 senkt die Betriebskosten<\/li>\n<\/ul>\n<p><img decoding=\"async\" class=\"size-full wp-image-11381 alignnone\" src=\"https:\/\/www.trend-networks.com\/wp-content\/uploads\/2019\/04\/stct_de_rj45.jpg\" alt=\"\" width=\"300\" height=\"336\" title=\"\" srcset=\"https:\/\/www.trend-networks.com\/wp-content\/uploads\/2019\/04\/stct_de_rj45.jpg 300w, https:\/\/www.trend-networks.com\/wp-content\/uploads\/2019\/04\/stct_de_rj45-268x300.jpg 268w\" sizes=\"(max-width: 300px) 100vw, 300px\" \/><\/p>\n<p><strong>Anwendungen<\/strong><\/p>\n<p>Testen von TP-Doppeladern, um nachzuweisen, dass die Kupferverkabelung korrekt installiert wurde und in der Lage ist, Ethernet-Anwendungen gem\u00e4\u00df der Gigabit-Ethernet-Norm IEEE 802.3ab zu \u00fcbertragen.<\/p>\n","protected":false},"excerpt":{"rendered":"<h3>Testen der Leistungsparameter des Netzwerks gem\u00e4\u00df den 1 Gb IEEE-Standards.<\/h3>\n<p>SignalTEK CT zum Nachweis der korrekten Installation von Kupferkabeln gem\u00e4\u00df IEEE Gigabit Leistungstest und erweiterter Verdrahtungstest. M\u00fchelose Dokumentation der Testergebnisse.<\/p>\n<ul>\n<li>Jetzt mit Touchscreen<\/li>\n<li>Erweiterter Verdrahtungstest mit TDR-Fehlerlokalisierung<\/li>\n<li>Gigabit-Performance-Test nach Ethernet-Norm IEEE802.3ab<\/li>\n<li>Automatisches Erstellen von PDF-Berichten<\/li>\n<li>Export von Messberichten auf USB-Stick ohne PC<\/li>\n<\/ul>\n","protected":false},"featured_media":48126,"template":"","meta":{"_acf_changed":false,"inline_featured_image":false,"_glsr_average":0,"_glsr_ranking":0,"_glsr_reviews":0},"product_brand":[],"product_cat":[479],"product_tag":[2247],"woo-feed-brand":[],"class_list":{"0":"post-29668","1":"product","2":"type-product","3":"status-publish","4":"has-post-thumbnail","6":"product_cat-kupfer-messgeraete","7":"product_tag-signaltek-ct-de","9":"first","10":"instock","11":"taxable","12":"shipping-taxable","13":"purchasable","14":"product-type-simple","15":"add-to-wishlist-before_image"},"acf":[],"_links":{"self":[{"href":"https:\/\/www.trend-networks.com\/de\/wp-json\/wp\/v2\/product\/29668","targetHints":{"allow":["GET"]}}],"collection":[{"href":"https:\/\/www.trend-networks.com\/de\/wp-json\/wp\/v2\/product"}],"about":[{"href":"https:\/\/www.trend-networks.com\/de\/wp-json\/wp\/v2\/types\/product"}],"wp:featuredmedia":[{"embeddable":true,"href":"https:\/\/www.trend-networks.com\/de\/wp-json\/wp\/v2\/media\/48126"}],"wp:attachment":[{"href":"https:\/\/www.trend-networks.com\/de\/wp-json\/wp\/v2\/media?parent=29668"}],"wp:term":[{"taxonomy":"product_brand","embeddable":true,"href":"https:\/\/www.trend-networks.com\/de\/wp-json\/wp\/v2\/product_brand?post=29668"},{"taxonomy":"product_cat","embeddable":true,"href":"https:\/\/www.trend-networks.com\/de\/wp-json\/wp\/v2\/product_cat?post=29668"},{"taxonomy":"product_tag","embeddable":true,"href":"https:\/\/www.trend-networks.com\/de\/wp-json\/wp\/v2\/product_tag?post=29668"},{"taxonomy":"woo-feed-brand","embeddable":true,"href":"https:\/\/www.trend-networks.com\/de\/wp-json\/wp\/v2\/woo-feed-brand?post=29668"}],"curies":[{"name":"wp","href":"https:\/\/api.w.org\/{rel}","templated":true}]}}