{"id":29665,"date":"2019-04-30T13:25:12","date_gmt":"2019-04-30T14:18:28","guid":{"rendered":"https:\/\/www.trend-networks.com\/product\/vdv-ii-serie\/"},"modified":"2023-01-03T16:51:56","modified_gmt":"2023-01-03T16:51:56","slug":"vdv-ii-serie","status":"publish","type":"product","link":"https:\/\/www.trend-networks.com\/de\/produkt\/vdv-ii-serie\/","title":{"rendered":"VDV II"},"content":{"rendered":"<p>Genauigkeit<\/p>\n<p>Das Premium-Modell VDV II Pro nutzt die TDR-Funktion zur pr\u00e4zisen Ermittlung der Kabell\u00e4nge und Angabe der Entfernung bis zum Fehler. Ein Reflektometer speist ein Signal in ein Kabel ein und misst, wie lange es dauert, bis das Signal wieder zum Ger\u00e4t zur\u00fcck reflektiert wird.<\/p>\n<p>Auf seinem Weg durch das Kabel wird das Signal durch impedanzver\u00e4nderungen ver\u00e4ndert, die durch Besch\u00e4digungen, Unterbrechungen oder Kurzschl\u00fcsse verursacht wurden.<\/p>\n<p>Die gemessene Laufzeit des Signals wird in exakte Entfernungsangaben umgerechnet. Die TDR-Funktion hilft, die Position von Verkabelungsfehlern zu ermitteln. Damit beschleunigt sich die Fehlerlokalisierung genauso wie der Eingriff um m\u00f6gliche Besch\u00e4digungen von Kabelhalterungen weitestgehend zu vermeiden.<\/p>\n<p>Geschwindigkeit<\/p>\n<p>Auf Grundlage der Angaben zu Fehlerstellen, wie Unterbrechungen, Kurzschl\u00fcssen, \u00dcberkreuzungen und Split-Pairs, kann der VDV II Verdrahtungsfehler sofort erkennen. Die integrierten RJ11\/RJ12 (Sprache), RJ45 (Daten) und Koax-F (Video) Anschl\u00fcsse beschleunigen das Testen der meisten Niederspannungsleitungen, da der Techniker nicht mehr mehrere verschiedene Ger\u00e4te oder Adapter zum Einsatzort mitnehmen muss.<\/p>\n<p>Intelligenz<\/p>\n<p>Da Verbindungsprobleme nicht immer auf Kabelfehler zur\u00fcckzuf\u00fchren sind, ist der VDV II Pro auch in der Lage, St\u00f6rungen an den \u00fcbertragenen Diensten zu identifizieren. Der Tester erkennt anliegende Spannungen und pr\u00fcft die Polarit\u00e4t. Daher kann er umgehend bestimmen, welcher Mediendienst, wie ISDN, PBX und PoE (Power over Ethernet), \u00fcber das Kabel \u00fcbertragen wird, was die Fehlerdiagnose wesentlich erleichtert. Auch die St\u00f6rungsbehebung an aktiven Ethernet-Netzen wird vereinfacht, da der Tester \u00fcber eine integrierte Netzwerkerkennung verf\u00fcgt, die die Datenrate und den Duplex-Status anzeigt. Zudem erkennt der VDV II, ob er an eine spannungsf\u00fchrende Leitung angeschlossen wurde, so dass eine potenziell kostenintensive Besch\u00e4digung des Testers vermieden wird. Sprache<\/p>\n<p>Unterst\u00fctzt die \u00dcberpr\u00fcfung von 1-, 2- oder 3-paarigen RJ11\/12-Telefonleitungen.<\/p>\n<p>Daten<\/p>\n<p>\u00dcberpr\u00fcfung von geschirmten und ungeschirmten Kat 5\/5e\/6\/6A\/7 LAN-Kabeln.<\/p>\n<p>Video<\/p>\n<p>Testet Koaxkabeln \u00fcber F-Stecker-Anschluss.<\/p>\n","protected":false},"excerpt":{"rendered":"<p>Ermittelt Kabell\u00e4nge<br \/>\nAngabe der Entfernung bis zum Fehler (TDR)<br \/>\nSofortige Fehlererkennung<br \/>\nErkennung der \u00fcbertragenen Dienste (ISDN, PBX und PoE).<br \/>\nKoaxial-, RJ11\/12-, RJ45-Buchsen<\/p>\n","protected":false},"featured_media":108350,"template":"","meta":{"_acf_changed":false,"inline_featured_image":false,"_glsr_average":0,"_glsr_ranking":0,"_glsr_reviews":0},"product_brand":[],"product_cat":[479],"product_tag":[2275],"woo-feed-brand":[],"class_list":{"0":"post-29665","1":"product","2":"type-product","3":"status-publish","4":"has-post-thumbnail","6":"product_cat-kupfer-messgeraete","7":"product_tag-vdv-ii-de","9":"first","10":"onbackorder","11":"taxable","12":"shipping-taxable","13":"purchasable","14":"product-type-simple","15":"add-to-wishlist-before_image"},"acf":[],"_links":{"self":[{"href":"https:\/\/www.trend-networks.com\/de\/wp-json\/wp\/v2\/product\/29665","targetHints":{"allow":["GET"]}}],"collection":[{"href":"https:\/\/www.trend-networks.com\/de\/wp-json\/wp\/v2\/product"}],"about":[{"href":"https:\/\/www.trend-networks.com\/de\/wp-json\/wp\/v2\/types\/product"}],"wp:featuredmedia":[{"embeddable":true,"href":"https:\/\/www.trend-networks.com\/de\/wp-json\/wp\/v2\/media\/108350"}],"wp:attachment":[{"href":"https:\/\/www.trend-networks.com\/de\/wp-json\/wp\/v2\/media?parent=29665"}],"wp:term":[{"taxonomy":"product_brand","embeddable":true,"href":"https:\/\/www.trend-networks.com\/de\/wp-json\/wp\/v2\/product_brand?post=29665"},{"taxonomy":"product_cat","embeddable":true,"href":"https:\/\/www.trend-networks.com\/de\/wp-json\/wp\/v2\/product_cat?post=29665"},{"taxonomy":"product_tag","embeddable":true,"href":"https:\/\/www.trend-networks.com\/de\/wp-json\/wp\/v2\/product_tag?post=29665"},{"taxonomy":"woo-feed-brand","embeddable":true,"href":"https:\/\/www.trend-networks.com\/de\/wp-json\/wp\/v2\/woo-feed-brand?post=29665"}],"curies":[{"name":"wp","href":"https:\/\/api.w.org\/{rel}","templated":true}]}}