{"id":29566,"date":"2019-04-30T12:02:56","date_gmt":"2019-04-30T11:02:56","guid":{"rendered":"https:\/\/www.trend-networks.com\/product\/vff5\/"},"modified":"2026-04-01T14:40:13","modified_gmt":"2026-04-01T13:40:13","slug":"vff5","status":"publish","type":"product","link":"https:\/\/www.trend-networks.com\/de\/produkt\/vff5\/","title":{"rendered":"VFF5 &#8211; OPTISCHE LASERQUELLE"},"content":{"rendered":"<p>Der VFF5 ist ein handliches, batteriebetriebenes Werkzeug, das ein weit sichtbares Rotlicht in eine Glasfaser einkoppelt. Er wird verwendet, um den Durchgang von Kabeln zwischen zwei Endpunkten zu kontrollieren und an Splei\u00dfen und Anschlusspunkten Kr\u00fcmmungen oder Br\u00fcche in Fasern zu lokalisieren.<\/p>\n<p>Der VFF5 kann \u00fcber eine Entfernung von etwa 5 km bei Multimode- und Singlemode-Fasern eingesetzt werden. Es bietet sich als eigenst\u00e4ndiges Fehlersuchwerkzeug sowie als Erg\u00e4nzung zu einem OTDR f\u00fcr die Fehlerlokalisierung an. Faserbr\u00fcche sind anhand deutlich rot leuchtender oder blinkender Bereiche (bei 3 mm oder d\u00fcnneren Kabeln) erkennbar.<\/p>\n<p>Der VFF5 ist mit einer leistungsstarken, bei Tageslicht sichtbaren Laserdiode mit einer Wellenl\u00e4nge von 650 nm ausgestattet, die im Dauer- oder Blinkmodus betrieben werden kann. Das praktische Design verhindert, dass sich die Batterien durch ein versehentliches Anschalten in der Tasche entladen.<\/p>\n<p>Zwei AA-Batterien gew\u00e4hrleisten mehr als 30 Stunden Betrieb im Dauermodus und 80 Stunden Betrieb im Blinkmodus. Die Laserquelle ist in einem robusten Metallgeh\u00e4use im Taschenformat untergebracht und mit einem 2,5-mm-Universaladapter ausgestattet, an dem ST-, SC- und FC-Steckverbinder angeschlossen werden k\u00f6nnen.<\/p>\n<p><strong>Anwendungen<\/strong><\/p>\n<p>Durchgangspr\u00fcfung an Glasfasern und Lokalisierung von Kr\u00fcmmungen und Br\u00fcchen in kleinen Glasfaserverkabelungen.<\/p>\n","protected":false},"excerpt":{"rendered":"<h3>Einfache Identifizierung und Lokalisierung von Fehlern in der Glasfaserverkabelung mit VFF5<\/h3>\n<p>Die VFF5 optische Laserquelle koppelt ein weit sichtbares Rotlicht in eine Glasfaser ein. Dies wird verwendet, um Bruchstellen zu lokalisieren, fehlerhafte Splei\u00dfe und besch\u00e4digte Steckverbinder.<\/p>\n<p><strong>Sicher vernetzt in den fr\u00fchling: top-angebote auf spleisstechnik und diagnose-tools f\u00fcr maximale ausfallsicherheit. <a href=\"https:\/\/www.trend-networks.com\/wp-content\/uploads\/2026\/04\/Spring-Savings_DE-2026.pdf\">Klicken Sie hier.<\/a><\/strong><\/p>\n<ul>\n<li>Visuelle Identifikation und Lokalisierung von Fehlern in Glasfasern<\/li>\n<li>Universaladapter (2,5 mm) f\u00fcr alle ST-, SC- und FC-Steckverbinder<\/li>\n<li>Reichweite von 5 km<\/li>\n<li>Betriebsdauer von bis zu 80 Stunden<\/li>\n<li>Robustes Aluminiumgeh\u00e4use<\/li>\n<\/ul>\n","protected":false},"featured_media":152251,"template":"","meta":{"_acf_changed":false,"inline_featured_image":false,"_glsr_average":0,"_glsr_ranking":0,"_glsr_reviews":0},"product_brand":[],"product_cat":[492,2846],"product_tag":[2289],"woo-feed-brand":[],"class_list":{"0":"post-29566","1":"product","2":"type-product","3":"status-publish","4":"has-post-thumbnail","6":"product_cat-glasfaser-messgeraete","7":"product_cat-vorgestellten-aktionen","8":"product_tag-vff5-de","10":"first","11":"instock","12":"sale","13":"taxable","14":"shipping-taxable","15":"purchasable","16":"product-type-simple","17":"add-to-wishlist-before_image"},"acf":[],"_links":{"self":[{"href":"https:\/\/www.trend-networks.com\/de\/wp-json\/wp\/v2\/product\/29566","targetHints":{"allow":["GET"]}}],"collection":[{"href":"https:\/\/www.trend-networks.com\/de\/wp-json\/wp\/v2\/product"}],"about":[{"href":"https:\/\/www.trend-networks.com\/de\/wp-json\/wp\/v2\/types\/product"}],"wp:featuredmedia":[{"embeddable":true,"href":"https:\/\/www.trend-networks.com\/de\/wp-json\/wp\/v2\/media\/152251"}],"wp:attachment":[{"href":"https:\/\/www.trend-networks.com\/de\/wp-json\/wp\/v2\/media?parent=29566"}],"wp:term":[{"taxonomy":"product_brand","embeddable":true,"href":"https:\/\/www.trend-networks.com\/de\/wp-json\/wp\/v2\/product_brand?post=29566"},{"taxonomy":"product_cat","embeddable":true,"href":"https:\/\/www.trend-networks.com\/de\/wp-json\/wp\/v2\/product_cat?post=29566"},{"taxonomy":"product_tag","embeddable":true,"href":"https:\/\/www.trend-networks.com\/de\/wp-json\/wp\/v2\/product_tag?post=29566"},{"taxonomy":"woo-feed-brand","embeddable":true,"href":"https:\/\/www.trend-networks.com\/de\/wp-json\/wp\/v2\/woo-feed-brand?post=29566"}],"curies":[{"name":"wp","href":"https:\/\/api.w.org\/{rel}","templated":true}]}}