{"id":29442,"date":"2019-04-26T17:35:37","date_gmt":"2019-04-26T16:35:37","guid":{"rendered":"https:\/\/www.trend-networks.com\/product\/signaltek-nt\/"},"modified":"2024-02-01T12:21:50","modified_gmt":"2024-02-01T12:21:50","slug":"signaltek-nt","status":"publish","type":"product","link":"https:\/\/www.trend-networks.com\/de\/produkt\/signaltek-nt\/","title":{"rendered":"SIGNALTEK NT &#8211; Netzwerk Transmission-Tester &#8211; Aktiv und passiv"},"content":{"rendered":"<p><img decoding=\"async\" class=\"size-full wp-image-11426 alignnone\" src=\"https:\/\/www.trend-networks.com\/wp-content\/uploads\/2019\/04\/stnt_touchscreen_de474by338.jpg\" alt=\"\" width=\"474\" height=\"338\" title=\"\" srcset=\"https:\/\/www.trend-networks.com\/wp-content\/uploads\/2019\/04\/stnt_touchscreen_de474by338.jpg 474w, https:\/\/www.trend-networks.com\/wp-content\/uploads\/2019\/04\/stnt_touchscreen_de474by338-300x214.jpg 300w, https:\/\/www.trend-networks.com\/wp-content\/uploads\/2019\/04\/stnt_touchscreen_de474by338-400x284.jpg 400w\" sizes=\"(max-width: 474px) 100vw, 474px\" \/><\/p>\n<p><img decoding=\"async\" class=\"wp-image-63298 size-full alignnone\" src=\"https:\/\/www.trend-networks.com\/wp-content\/uploads\/2019\/04\/signaltekct_de_page3-1.jpg\" alt=\"\" width=\"600\" height=\"489\" title=\"\" srcset=\"https:\/\/www.trend-networks.com\/wp-content\/uploads\/2019\/04\/signaltekct_de_page3-1.jpg 600w, https:\/\/www.trend-networks.com\/wp-content\/uploads\/2019\/04\/signaltekct_de_page3-1-480x391.jpg 480w\" sizes=\"(max-width: 600px) 100vw, 600px\" \/><\/p>\n<p><strong>Testen der Installation<\/strong><\/p>\n<p><strong>Verkabelung:<\/strong><\/p>\n<ul>\n<li>Testen der Leistungsparameter des Netzwerks auf Kupferkabel und Glasfaser gem\u00e4\u00df IEEE802.3ab<\/li>\n<li>Verdrahtungstest auf Unterbrechungen, Kurzschl\u00fcsse, Fehlbeschaltungen und Split-Pair gem\u00e4\u00df TIA-568<\/li>\n<li>\u00dcberpr\u00fcfung der Gigabit-\u00dcbertragungsstrecke auf Kupferkabel und Glasfaser<\/li>\n<\/ul>\n<p><strong>Aktive Netzwerke:<\/strong><\/p>\n<ul>\n<li>Netzwerk-Lasttest durch Switche hinweg mit Simulation des CCTV\/IPTV\/VoIP\/Web-Verkehrs<\/li>\n<li>PoE\/PoE+-Pr\u00fcfung mit Anzeige der am Ger\u00e4t verf\u00fcgbare Spannung und belegte Pins<\/li>\n<li>Ethernet-Durchgangspr\u00fcfung am Ger\u00e4t bis 10\/100\/1000 Mbit\/s<\/li>\n<li>Kontrolle der Netzwerkkonfiguration (Ger\u00e4te-IP-\/Gateway-Adresse\/Subnetzmaske)<\/li>\n<li>Identifikation des Switch-Ports \u00fcber LLDP\/CDP-Protokolle<\/li>\n<\/ul>\n<p><strong>Fehlerdiagnose\/St\u00f6rungsbehebung<\/strong><\/p>\n<p><strong>Verkabelung:<\/strong><\/p>\n<ul>\n<li>Ermittlung der Entfernung zum Fehler mit TDR-Technologie (nur Kupferkabel).<\/li>\n<li>Integrierter Tongenerator erm\u00f6glicht die Identifikation und Suche von Kabeln mit einem kompatiblen induktiven Empf\u00e4nger (62-164)<\/li>\n<li>Laufzeit und Verz\u00f6gerung \u2013 Skew (ns)<\/li>\n<li>Anzeige des optischen Leistungspegels (mit kompatiblen SFP-Modulen)<\/li>\n<\/ul>\n<p><strong>Aktive Netzwerke:<\/strong><\/p>\n<ul>\n<li>Netzwerk-Lasttest durch Switche hinweg mit Simulation des CCTV\/IPTV\/VoIP\/Web-Verkehrs<\/li>\n<li>Belastungstest des Netzwerks vor der Installation von bandbreitenintensiven Ger\u00e4ten<\/li>\n<li>Port-Blinken zur optischen Verfolgung des Kabels von der Datendose im Arbeitsbereich bis zum Netzwerk-Switch<\/li>\n<li>Anzeige der Port-ID von LLDP\/CDP-Switchen, um eine manuelle Kabelsuche zu vermeiden<\/li>\n<li>Identifikation von Netzwerkverbindungsproblemen als Ger\u00e4te-, Netzwerk- oder Konfigurationsfehler<\/li>\n<li>Ping-Test an lokale Netzwerkger\u00e4te und Internet-URLs<\/li>\n<li>Z\u00e4hlung der Anzahl der Knoten (Hop) zwischen Netzwerkpunkten mit Traceroute-Tests<\/li>\n<li>Testen der PoE-Last, um nachzuweisen, dass die verf\u00fcgbare Leistung den Anforderungen des PoE-Ger\u00e4tes entspricht<\/li>\n<\/ul>\n<p><strong>Anwendungen<\/strong><\/p>\n<ul>\n<li>SignalTEK NT wird verwendet, um nachzuweisen, dass das Ethernet nach der Installation in Kabelsystemen wie SOHO oder Wohnungen, in denen aus Kostengr\u00fcnden keine Kabelzertifizierung erfolgt oder der Endkunde die Gew\u00e4hrleistungsprogramme der Kabelhersteller nicht ben\u00f6tigt, korrekt funktioniert<\/li>\n<li>Wenn Workstations und Laptops einen extrem langsamen Netzwerkzugang haben, kann mit SignalTEK NT ein vereinfachter Transmission-Test ausgef\u00fchrt werden, um die Netzwerkleistung zu pr\u00fcfen<\/li>\n<li>Wenn ein 100-Mbit\/s-LAN auf 1 Gbit\/s aufger\u00fcstet werden soll, kann SignalTEK NT pr\u00fcfen, ob die vorhandene (alte) Verkabelung die Ethernet-\u00dcbertragung bis 1 Gbit\/s unterst\u00fctzt<\/li>\n<li>Wenn eine vorhandene LAN-Installation auf VoIP aufger\u00fcstet werden soll, kann SignalTEK NT pr\u00fcfen, ob die Verkabelung und die aktiven Komponenten den VoIP-Datenverkehr unterst\u00fctzen<\/li>\n<li>Nach Umsetzungen, Erg\u00e4nzungen und Ver\u00e4nderungen aktiver Ger\u00e4te kann SignalTEK NT kontrollieren, ob die mindestens notwendige Bandbreite zur Verf\u00fcgung gestellt wird<\/li>\n<li>In industriellen Ethernet-Umgebungen kann mit SignalTEK NT gepr\u00fcft werden, ob die Verkabelung 100 Mbit\/s- und Gigabit-Ethernet unterst\u00fctzt<\/li>\n<li>SignalTEK NT erlaubt, den Durchsatz von Industrial-Ethernet-LANs zu testen<\/li>\n<\/ul>\n","protected":false},"excerpt":{"rendered":"<h3>Testen der Leistungsparameter des Netzwerks gem\u00e4\u00df den 1 Gb IEEE-Standards.<\/h3>\n<p>SignalTEK NT zum Nachweis der korrekten Installation von Kupfer- und Glasfaserkabeln sowie f\u00fcr die Ausf\u00fchrung von Wartungsmessungen \u00fcber aktive und passive Infrastrukturen.<\/p>\n<ul>\n<li>Jetzt mit Touchscreen<\/li>\n<li>Gigabit-Leistungsmessung an passiver Verkabelung und aktiven Netzwerken<\/li>\n<li>PDF Testberichte nach Norm IEEE 802.3ab<\/li>\n<li>Simulation von VoIP\/CCTV\/Web\/IP-Video-Datenverkehr<\/li>\n<li>Testen der Verbindungsrate, Port-ID, Ping, Traceroute, IPv4\/IPv6<\/li>\n<li>Unterst\u00fctzt TREND AnyWARE App<\/li>\n<\/ul>\n","protected":false},"featured_media":125522,"template":"","meta":{"_acf_changed":false,"inline_featured_image":false,"_glsr_average":0,"_glsr_ranking":0,"_glsr_reviews":0},"product_brand":[],"product_cat":[468,2899],"product_tag":[2317],"woo-feed-brand":[],"class_list":{"0":"post-29442","1":"product","2":"type-product","3":"status-publish","4":"has-post-thumbnail","6":"product_cat-cctv-lan-netzwerk-industrie","7":"product_cat-netzwerk-messgeraete","8":"product_tag-signaltek-nt-de","10":"first","11":"instock","12":"taxable","13":"shipping-taxable","14":"product-type-grouped","15":"add-to-wishlist-before_image"},"acf":[],"_links":{"self":[{"href":"https:\/\/www.trend-networks.com\/de\/wp-json\/wp\/v2\/product\/29442","targetHints":{"allow":["GET"]}}],"collection":[{"href":"https:\/\/www.trend-networks.com\/de\/wp-json\/wp\/v2\/product"}],"about":[{"href":"https:\/\/www.trend-networks.com\/de\/wp-json\/wp\/v2\/types\/product"}],"wp:featuredmedia":[{"embeddable":true,"href":"https:\/\/www.trend-networks.com\/de\/wp-json\/wp\/v2\/media\/125522"}],"wp:attachment":[{"href":"https:\/\/www.trend-networks.com\/de\/wp-json\/wp\/v2\/media?parent=29442"}],"wp:term":[{"taxonomy":"product_brand","embeddable":true,"href":"https:\/\/www.trend-networks.com\/de\/wp-json\/wp\/v2\/product_brand?post=29442"},{"taxonomy":"product_cat","embeddable":true,"href":"https:\/\/www.trend-networks.com\/de\/wp-json\/wp\/v2\/product_cat?post=29442"},{"taxonomy":"product_tag","embeddable":true,"href":"https:\/\/www.trend-networks.com\/de\/wp-json\/wp\/v2\/product_tag?post=29442"},{"taxonomy":"woo-feed-brand","embeddable":true,"href":"https:\/\/www.trend-networks.com\/de\/wp-json\/wp\/v2\/woo-feed-brand?post=29442"}],"curies":[{"name":"wp","href":"https:\/\/api.w.org\/{rel}","templated":true}]}}