{"id":29441,"date":"2019-04-26T17:35:22","date_gmt":"2019-04-30T09:03:16","guid":{"rendered":"https:\/\/www.trend-networks.com\/product\/navitek-ie\/"},"modified":"2022-04-20T12:19:35","modified_gmt":"2022-04-20T11:19:35","slug":"navitek-ie","status":"publish","type":"product","link":"https:\/\/www.trend-networks.com\/de\/produkt\/navitek-ie\/","title":{"rendered":"NaviTEK IE Profinet-Tester"},"content":{"rendered":"<p><strong>Was kann der NaviTEK IE?<\/strong><\/p>\n<div class=\"product-text\">\n<p>\u2714 <strong>Lokalisierung von Defekten<\/strong> an Kupfer- und Glasfaserkabeln<br \/>\n\u2714 <strong>Einfache Konfiguration der Netzwerkknoten<\/strong> zur Behebung von Verbindungsst\u00f6rungen<br \/>\n\u2714 <strong>Vermeidung von Netzwerkausf\u00e4llen<\/strong> durch aussagekr\u00e4ftige SystemstatusPr\u00fcfungen<br \/>\n\u2714 <strong>Lokalisierung von verborgenen Ger\u00e4ten<\/strong> durch Blink-Funktion<br \/>\n\u2714 <strong>Auffinden von falsch konfigurierten Ger\u00e4ten<\/strong> durch den NetMAP-Vergleich<br \/>\n\u2714 <strong>Aufsp\u00fcren von defekten Ger\u00e4ten<\/strong> \u00fcber das bis zu 48 Stunden-Ereignisprotokoll<br \/>\n\u2714 <strong>Erstellung professioneller PDF-Berichte<\/strong> zum Nachweis<br \/>\n\u2714 <strong>Standortunabh\u00e4ngige \u00dcbermittlung von Testberichten<\/strong> mit der kostenlosen App TREND AnyWARE<\/p>\n<p>&nbsp;<\/p>\n<\/div>\n<p><!--more--><\/p>\n<p><strong>Lokalisierung defekter Kabel und Vermeidung von Netzwerkausf\u00e4llen<\/strong><\/p>\n<p>Eine der Hauptursachen von Netzwerkausf\u00e4llen sind defekte Kabel. Der NaviTEK IE h\u00e4lt zahlreiche, modernste Verdrahtungstest-Funktionen f\u00fcr PROFINET- und Ethernet-IP-Standardverkabelungen bereit.<\/p>\n<p><strong>Kupferkabel<\/strong><\/p>\n<p>Durch die integrierten RJ45- und M12-Anschl\u00fcsse k\u00f6nnen mit dem NaviTEK IE diverse Verdrahtungstests durchgef\u00fchrt werden, die speziell f\u00fcr Industrial- Ethernet PROFINET-Netzwerke und Ethernet-Standardnetzwerke entwickelt wurden.<\/p>\n<ul>\n<li>Anzeige der korrekten Leiterfarben f\u00fcr die verwendeten Protokolle.<\/li>\n<li>Unterst\u00fctzung von 4 verdrillten Adern, 2 verdrillten Adernpaaren und 4 verdrillten Aderpaaren.<\/li>\n<li>Messung der Kabell\u00e4nge.<\/li>\n<li>Ermittlung der Fehlerstelle und Fehlerursache am Kabel, wie Split-Pair, Unterbrechungen, Kurzschl\u00fcsse oder Fehlbeschaltungen.<\/li>\n<\/ul>\n<p><img decoding=\"async\" class=\"size-full wp-image-10994 alignnone\" src=\"https:\/\/www.trend-networks.com\/wp-content\/uploads\/2019\/04\/de-image-1.jpg\" alt=\"\" width=\"993\" height=\"321\" title=\"\" srcset=\"https:\/\/www.trend-networks.com\/wp-content\/uploads\/2019\/04\/de-image-1.jpg 993w, https:\/\/www.trend-networks.com\/wp-content\/uploads\/2019\/04\/de-image-1-600x194.jpg 600w, https:\/\/www.trend-networks.com\/wp-content\/uploads\/2019\/04\/de-image-1-300x97.jpg 300w, https:\/\/www.trend-networks.com\/wp-content\/uploads\/2019\/04\/de-image-1-768x248.jpg 768w\" sizes=\"(max-width: 993px) 100vw, 993px\" \/><\/p>\n<p><strong>Glasfaserkabel<\/strong><\/p>\n<p>Mit dem optionalen SFP-Modul misst der NaviTEK IE den optischen Leistungspegel und zeigt die Qualit\u00e4t der Empfangsleistung in drei Stufen als gut, ausreichend oder schlecht an.<\/p>\n<ul>\n<li>Eine mangelhafte Empfangsleistung ist h\u00e4ufig ein Hinweis auf verschmutzte Steckverbinder und geknickte oder besch\u00e4digte Kabel.<\/li>\n<li>Zum Zugriff auf optische \u00dcbertragungsstrecken von 100 Mbit\/s steht ein optionaler SFPMedienkonverter f\u00fcr 100 Mbit\/s zur Verf\u00fcgung (Art. R151060).<\/li>\n<\/ul>\n<p><img decoding=\"async\" class=\"size-full wp-image-11003 alignnone\" src=\"https:\/\/www.trend-networks.com\/wp-content\/uploads\/2019\/04\/de-image-2.jpg\" alt=\"\" width=\"742\" height=\"131\" title=\"\" srcset=\"https:\/\/www.trend-networks.com\/wp-content\/uploads\/2019\/04\/de-image-2.jpg 742w, https:\/\/www.trend-networks.com\/wp-content\/uploads\/2019\/04\/de-image-2-600x106.jpg 600w, https:\/\/www.trend-networks.com\/wp-content\/uploads\/2019\/04\/de-image-2-300x53.jpg 300w\" sizes=\"(max-width: 742px) 100vw, 742px\" \/><\/p>\n<p><strong>Warum \u00fcbertrifft der NaviTEK IE andere Kabeltester?<\/strong><\/p>\n<ul>\n<li><strong>Ermittlung der Fehlerentfernung<\/strong> mit TDR-Reflektometer.<\/li>\n<li><strong>Testet jeden Leiter im Kabel, nicht nur die Paare<\/strong> und erkennt so St\u00f6rungen, die anderen Testern verborgen bleiben<\/li>\n<li><strong>Unterst\u00fctzt Standard- und NichtstandardVerkabelung<\/strong>, da der Verdrahtungsplan an spezifische Anforderungen anpassbar ist.<\/li>\n<\/ul>\n<p><img decoding=\"async\" class=\"size-full wp-image-11012 alignnone\" src=\"https:\/\/www.trend-networks.com\/wp-content\/uploads\/2019\/04\/de-image-3.jpg\" alt=\"\" width=\"497\" height=\"322\" title=\"\" srcset=\"https:\/\/www.trend-networks.com\/wp-content\/uploads\/2019\/04\/de-image-3.jpg 497w, https:\/\/www.trend-networks.com\/wp-content\/uploads\/2019\/04\/de-image-3-300x194.jpg 300w\" sizes=\"(max-width: 497px) 100vw, 497px\" \/><\/p>\n<p><strong>Behebung von Netzwerkst\u00f6rungen durch Erkennungs- und Konfigurationsfunktionen<\/strong><br \/>\nNaviTEK IE erkennt zuverl\u00e4ssig folgende Fehler:<\/p>\n<ul>\n<li>Unkorrekte Ger\u00e4tebezeichnungen<\/li>\n<li>Doppelte IP-Adressen<\/li>\n<li>Paketverluste<\/li>\n<\/ul>\n<p>Befinden sich falsch konfigurierte Knoten im Netz, k\u00f6nnen diese mit der komfortabel zu bedienenden Konfigurationsfunktion berichtigt werden.<\/p>\n<p><img decoding=\"async\" class=\"size-full wp-image-11129 alignnone\" src=\"https:\/\/www.trend-networks.com\/wp-content\/uploads\/2019\/04\/easset_upload_file61034_126881_e.jpg\" alt=\"\" width=\"502\" height=\"325\" title=\"\" srcset=\"https:\/\/www.trend-networks.com\/wp-content\/uploads\/2019\/04\/easset_upload_file61034_126881_e.jpg 502w, https:\/\/www.trend-networks.com\/wp-content\/uploads\/2019\/04\/easset_upload_file61034_126881_e-300x194.jpg 300w\" sizes=\"(max-width: 502px) 100vw, 502px\" \/><\/p>\n<p><strong>Lokalisieren falsch konfigurierter Ger\u00e4te, die Netzwerkst\u00f6rungen verursachen k\u00f6nnen.<\/strong><\/p>\n<p>NaviTEK IE scannt mit der NETMAP-Funktion das gesamte Netzwerk, identifiziert alle aktiven Ger\u00e4te und speichert diesen Netzwerkplan ab. Wird diese NETMAP mit nachfolgenden Scans verglichen, k\u00f6nnen Ver\u00e4nderungen im Netzwerk m\u00fchelos erkannt werden. Dies k\u00f6nnen neu hinzugekommene oder entfernte, flasch konfigurierte Ger\u00e4te oder neue Konfigurationen durch automatische Firmwareupdates sein.<\/p>\n<p><img decoding=\"async\" class=\"size-full wp-image-11021 alignnone\" src=\"https:\/\/www.trend-networks.com\/wp-content\/uploads\/2019\/04\/de-image-5.jpg\" alt=\"\" width=\"501\" height=\"326\" title=\"\" srcset=\"https:\/\/www.trend-networks.com\/wp-content\/uploads\/2019\/04\/de-image-5.jpg 501w, https:\/\/www.trend-networks.com\/wp-content\/uploads\/2019\/04\/de-image-5-300x195.jpg 300w\" sizes=\"(max-width: 501px) 100vw, 501px\" \/><\/p>\n<p><strong>Auffinden sporadisch auftretender St\u00f6rungen mit LangzeitEreignisprotokoll<\/strong><\/p>\n<p>NaviTEK IE zeichnet nachfolgend genannte Netzwerksituationen von bis zu 48 Stunden auf:<\/p>\n<ul>\n<li>Ger\u00e4testatus<\/li>\n<li>Eingabe-\/Ausgabefehler<\/li>\n<\/ul>\n<p>Das Ergebnisprotokoll vereinfacht die Fehlereingrenzung auf das Kabel, den Knoten, die SPS oder die Netzwerkkonfiguration.<\/p>\n<p><img decoding=\"async\" class=\"size-full wp-image-11030 alignnone\" src=\"https:\/\/www.trend-networks.com\/wp-content\/uploads\/2019\/04\/de-image-6.jpg\" alt=\"\" width=\"500\" height=\"322\" title=\"\" srcset=\"https:\/\/www.trend-networks.com\/wp-content\/uploads\/2019\/04\/de-image-6.jpg 500w, https:\/\/www.trend-networks.com\/wp-content\/uploads\/2019\/04\/de-image-6-300x193.jpg 300w\" sizes=\"(max-width: 500px) 100vw, 500px\" \/><\/p>\n<p><strong>Schnelle Anzeige und Validierung der Netzwerkknoten<\/strong><\/p>\n<p>NaviTEK IE unterst\u00fctzt folgende Protokolle, um die wichtigsten Parameter der Netzwerkknoten anzuzeigen:<\/p>\n<ul>\n<li>Discovery and Control Protocol (DCP)<\/li>\n<li>Simple Network Management Protocol (SNMP)<\/li>\n<li>Link Layer Discovery Protocol (LLDP)<\/li>\n<\/ul>\n<p><img decoding=\"async\" class=\"size-full wp-image-11039 alignnone\" src=\"https:\/\/www.trend-networks.com\/wp-content\/uploads\/2019\/04\/de-image-7.jpg\" alt=\"\" width=\"502\" height=\"322\" title=\"\" srcset=\"https:\/\/www.trend-networks.com\/wp-content\/uploads\/2019\/04\/de-image-7.jpg 502w, https:\/\/www.trend-networks.com\/wp-content\/uploads\/2019\/04\/de-image-7-300x192.jpg 300w\" sizes=\"(max-width: 502px) 100vw, 502px\" \/><\/p>\n<p><strong>Mit der System-Statuspr\u00fcfung St\u00f6rungen vor dem Netzwerkausfall erkennen<\/strong><\/p>\n<p>Die System-Statuspr\u00fcfung zeigt mit plakativen Ampelfarben auf einen Blick wie jedes Ger\u00e4t im Netzwerk funktioniert. Durch einen einzigen Klick auf das gew\u00e4hlte Ger\u00e4t werden dazu genauere Angaben geliefert, so dass etwaige erforderliche Ma\u00dfnahmen eingeleitet werden k\u00f6nnen, um das Netzwerk stabil zu halten.<\/p>\n<p><img decoding=\"async\" class=\"size-full wp-image-33095 alignnone\" src=\"https:\/\/www.trend-networks.com\/wp-content\/uploads\/2019\/04\/de-image-8.jpg\" alt=\"\" width=\"697\" height=\"588\" title=\"\" srcset=\"https:\/\/www.trend-networks.com\/wp-content\/uploads\/2019\/04\/de-image-8.jpg 697w, https:\/\/www.trend-networks.com\/wp-content\/uploads\/2019\/04\/de-image-8-600x506.jpg 600w, https:\/\/www.trend-networks.com\/wp-content\/uploads\/2019\/04\/de-image-8-300x253.jpg 300w\" sizes=\"(max-width: 697px) 100vw, 697px\" \/><\/p>\n<p><img decoding=\"async\" class=\"size-full wp-image-11048 alignnone\" src=\"https:\/\/www.trend-networks.com\/wp-content\/uploads\/2019\/04\/de-image-9.jpg\" alt=\"\" width=\"506\" height=\"328\" title=\"\" srcset=\"https:\/\/www.trend-networks.com\/wp-content\/uploads\/2019\/04\/de-image-9.jpg 506w, https:\/\/www.trend-networks.com\/wp-content\/uploads\/2019\/04\/de-image-9-300x194.jpg 300w\" sizes=\"(max-width: 506px) 100vw, 506px\" \/><\/p>\n<p><strong>Lokalisierung verborgener oder schlecht gekennzeichneter Ger\u00e4te<\/strong><\/p>\n<p>Schnelle Identifizierung von Ger\u00e4ten mit dem NaviTEK IE durch LED-Blinken.<\/p>\n<p><img decoding=\"async\" class=\"size-full wp-image-11057 alignnone\" src=\"https:\/\/www.trend-networks.com\/wp-content\/uploads\/2019\/04\/de-image-10.jpg\" alt=\"\" width=\"1038\" height=\"563\" title=\"\" srcset=\"https:\/\/www.trend-networks.com\/wp-content\/uploads\/2019\/04\/de-image-10.jpg 1038w, https:\/\/www.trend-networks.com\/wp-content\/uploads\/2019\/04\/de-image-10-600x325.jpg 600w, https:\/\/www.trend-networks.com\/wp-content\/uploads\/2019\/04\/de-image-10-300x163.jpg 300w, https:\/\/www.trend-networks.com\/wp-content\/uploads\/2019\/04\/de-image-10-768x417.jpg 768w, https:\/\/www.trend-networks.com\/wp-content\/uploads\/2019\/04\/de-image-10-1024x555.jpg 1024w\" sizes=\"(max-width: 1038px) 100vw, 1038px\" \/><\/p>\n<p><img decoding=\"async\" class=\"wp-image-63353 size-full alignnone\" src=\"https:\/\/www.trend-networks.com\/wp-content\/uploads\/2019\/04\/NaviTEK-IE-DE.jpg\" alt=\"\" width=\"860\" height=\"664\" title=\"\" srcset=\"https:\/\/www.trend-networks.com\/wp-content\/uploads\/2019\/04\/NaviTEK-IE-DE.jpg 860w, https:\/\/www.trend-networks.com\/wp-content\/uploads\/2019\/04\/NaviTEK-IE-DE-600x463.jpg 600w, https:\/\/www.trend-networks.com\/wp-content\/uploads\/2019\/04\/NaviTEK-IE-DE-768x593.jpg 768w, https:\/\/www.trend-networks.com\/wp-content\/uploads\/2019\/04\/NaviTEK-IE-DE-480x371.jpg 480w\" sizes=\"(max-width: 860px) 100vw, 860px\" \/><\/p>\n<p><strong>Individuelle Testberichte<\/strong><\/p>\n<p>NaviTEK IE generiert automatisch Testberichte im PDF- oder CSV-Format.<\/p>\n<p>Die Seite mit der Zusammenfassung jedes Berichts kann angepasst werden. Beispielsweise mit dem Firmenlogo und Firmen- oder Betreiberangaben. W\u00e4hlen Sie zwischen 3 verschiedenen Auspr\u00e4gungen, die entweder bestanden, nicht bestanden oder alle Testergebnisse anzeigen<\/p>\n<ul>\n<li>\u00dcberblick<\/li>\n<li>Kurz<\/li>\n<li>Voll<\/li>\n<\/ul>\n<p><img decoding=\"async\" class=\"size-full wp-image-11075 alignnone\" src=\"https:\/\/www.trend-networks.com\/wp-content\/uploads\/2019\/04\/de-image-12.jpg\" alt=\"\" width=\"1355\" height=\"491\" title=\"\" srcset=\"https:\/\/www.trend-networks.com\/wp-content\/uploads\/2019\/04\/de-image-12.jpg 1355w, https:\/\/www.trend-networks.com\/wp-content\/uploads\/2019\/04\/de-image-12-600x217.jpg 600w, https:\/\/www.trend-networks.com\/wp-content\/uploads\/2019\/04\/de-image-12-300x109.jpg 300w, https:\/\/www.trend-networks.com\/wp-content\/uploads\/2019\/04\/de-image-12-768x278.jpg 768w, https:\/\/www.trend-networks.com\/wp-content\/uploads\/2019\/04\/de-image-12-1024x371.jpg 1024w, https:\/\/www.trend-networks.com\/wp-content\/uploads\/2019\/04\/de-image-12-1080x391.jpg 1080w\" sizes=\"(max-width: 1355px) 100vw, 1355px\" \/><\/p>\n<p><img decoding=\"async\" class=\"wp-image-63298 size-full alignnone\" src=\"https:\/\/www.trend-networks.com\/wp-content\/uploads\/2019\/04\/signaltekct_de_page3-1.jpg\" alt=\"\" width=\"600\" height=\"489\" title=\"\" srcset=\"https:\/\/www.trend-networks.com\/wp-content\/uploads\/2019\/04\/signaltekct_de_page3-1.jpg 600w, https:\/\/www.trend-networks.com\/wp-content\/uploads\/2019\/04\/signaltekct_de_page3-1-480x391.jpg 480w\" sizes=\"(max-width: 600px) 100vw, 600px\" \/><\/p>\n<p><strong>NaviTEK NT Pro<\/strong><\/p>\n<ul>\n<li>Anzeige der Netzwerkkonfiguration &#8211; IPv4 \/IPv6-kompatibel<\/li>\n<li>Graphisch detaillierter Verdrahtungstest mit Fehlerlokalisierung, Split-Pair, Unterbrechungen und Kurzschl\u00fcssen<\/li>\n<li>Angabe der Entfernung zu Unterbrechungen und Kurzschl\u00fcssen (TDR)<\/li>\n<li>PoE\/PoE+-Erkennung und Lasttest<\/li>\n<li>Tongenerierung zur Kabelsuche<\/li>\n<li>Autotest-Taste f\u00fcr Pin- und TracerouteTests im Netzwerkmodus<\/li>\n<li>Hub-Blinken zur Port-Identifikation<\/li>\n<li>DHCP-Client<\/li>\n<li>Switch-Erkennung: 10\/100\/1000 Mbit\/s<\/li>\n<li>Vom Anwender austauschbare RJ45-Eins\u00e4tze<\/li>\n<li>Unterst\u00fctzung von bis zu 12 Remoteadaptern f\u00fcr Verdrahtungstests<\/li>\n<li>Farbbildschirm mit Hintergrundbeleuchtung<\/li>\n<li>Autotest-Taste zum Ausf\u00fchren einer Netzwerk-Testreihe: InternetVerbindung (Ping, DNS, Gateway, Traceroute) und NetScan<\/li>\n<li>Netzwerk-Scanner-Anzeige (NET TEST) mit detaillierten Angaben zu Ports und zum Netzwerk<\/li>\n<li>Port-Identifikation mit EDP\/ CDP\/LLDP-Protokollen<\/li>\n<li>VLAN-Unterst\u00fctzung<\/li>\n<li>Netzwerklast-Balkenanzeige<\/li>\n<li>Generierung von Testberichten (PDF oder CSV)<\/li>\n<li>\u00dcbermittlung von Testberichten vom Mobilger\u00e4t mit der kostenlosen TREND AnyWARE App<\/li>\n<li>Anmeldung \u00fcber 802.1x-Protokoll<\/li>\n<li>Anzeige des Leistungspegels und des Ok-\/Fehler-Ergebnisses \u00fcber SFP-Modul<\/li>\n<li>Schleifenmodus f\u00fcr TransmissionTests an Kupfer und Glasfaser<\/li>\n<li>Kundenspezifischer Verdrahtungstest<\/li>\n<li>Touchscreen<\/li>\n<\/ul>\n<p><strong>NaviTEK IE<\/strong><\/p>\n<p>Gleiche Leistungsmerkmale wie der NaviTEK NT Pro zuz\u00fcglich:<\/p>\n<ul>\n<li>Statuspr\u00fcfung des Netzwerks mit Ampelfarben<\/li>\n<li>Anzeige aller Knotenparameter des Netzwerks, wie IP-Adresse, Anbieter, Softwareversion<\/li>\n<li>Vergleichende NETMAP zum Erkennen von \u00c4nderungen im Netzwerk<\/li>\n<li>Zur\u00fccksetzen des Ger\u00e4tes auf Werkeinstellungen<\/li>\n<li>Aufsp\u00fcren von defekten Ger\u00e4ten \u00fcber das bis zu 48-StundenEreignisprotokoll<\/li>\n<li>Testen von M12-PROFINET-Kabeln<\/li>\n<li>Testen von PROFINETGlasfaserkabeln<\/li>\n<li>Konfigurieren von KnotenEinstellungen ohne Laptop<\/li>\n<li>Blinkende Ger\u00e4te-LED zur einfacheren Identifizierung<\/li>\n<li>Erkennen von Ger\u00e4te-Alarmen\/ Fehlern \u2022 Professionelle Industrial-EthernetPDF-Berichte<\/li>\n<\/ul>\n<p><strong>NaviTEK IE<\/strong><\/p>\n<p>Tester f\u00fcr PROFINET-Netzwerke und Ethernet-IP-Standardnetzwerke<\/p>\n<p><strong>Bestellangaben<\/strong><\/p>\n<p><img decoding=\"async\" class=\"size-full wp-image-11093 alignnone\" src=\"https:\/\/www.trend-networks.com\/wp-content\/uploads\/2019\/04\/de-image-14.jpg\" alt=\"\" width=\"752\" height=\"234\" title=\"\" srcset=\"https:\/\/www.trend-networks.com\/wp-content\/uploads\/2019\/04\/de-image-14.jpg 752w, https:\/\/www.trend-networks.com\/wp-content\/uploads\/2019\/04\/de-image-14-600x187.jpg 600w, https:\/\/www.trend-networks.com\/wp-content\/uploads\/2019\/04\/de-image-14-300x93.jpg 300w\" sizes=\"(max-width: 752px) 100vw, 752px\" \/><\/p>\n<p><strong>Zubeh\u00f6r<\/strong><\/p>\n<p><img decoding=\"async\" class=\"size-full wp-image-11102 alignnone\" src=\"https:\/\/www.trend-networks.com\/wp-content\/uploads\/2019\/04\/de-image-15.jpg\" alt=\"\" width=\"754\" height=\"520\" title=\"\" srcset=\"https:\/\/www.trend-networks.com\/wp-content\/uploads\/2019\/04\/de-image-15.jpg 754w, https:\/\/www.trend-networks.com\/wp-content\/uploads\/2019\/04\/de-image-15-600x414.jpg 600w, https:\/\/www.trend-networks.com\/wp-content\/uploads\/2019\/04\/de-image-15-300x207.jpg 300w\" sizes=\"(max-width: 754px) 100vw, 754px\" \/><\/p>\n<p>F\u00fcr Ersatzzubeh\u00f6r besuchen Sie bitte unsere Webseite www.idealnetworks.net.<\/p>\n<p><strong>Technische Daten<\/strong><\/p>\n<p><img decoding=\"async\" class=\"size-full wp-image-11111 alignnone\" src=\"https:\/\/www.trend-networks.com\/wp-content\/uploads\/2019\/04\/de-image-16.jpg\" alt=\"\" width=\"751\" height=\"154\" title=\"\" srcset=\"https:\/\/www.trend-networks.com\/wp-content\/uploads\/2019\/04\/de-image-16.jpg 751w, https:\/\/www.trend-networks.com\/wp-content\/uploads\/2019\/04\/de-image-16-600x123.jpg 600w, https:\/\/www.trend-networks.com\/wp-content\/uploads\/2019\/04\/de-image-16-300x62.jpg 300w\" sizes=\"(max-width: 751px) 100vw, 751px\" \/><\/p>\n<p>Technische Daten finden Sie auf unserer Webseite unter www.idealnetworks.net.<\/p>\n<p><strong>Wie kann der NaviTEK IE im Netzwerk eingesetzt werden?<\/strong><\/p>\n<p><img decoding=\"async\" class=\"size-full wp-image-11120 alignnone\" src=\"https:\/\/www.trend-networks.com\/wp-content\/uploads\/2019\/04\/de-image-17.jpg\" alt=\"\" width=\"777\" height=\"550\" title=\"\" srcset=\"https:\/\/www.trend-networks.com\/wp-content\/uploads\/2019\/04\/de-image-17.jpg 777w, https:\/\/www.trend-networks.com\/wp-content\/uploads\/2019\/04\/de-image-17-600x425.jpg 600w, https:\/\/www.trend-networks.com\/wp-content\/uploads\/2019\/04\/de-image-17-300x212.jpg 300w, https:\/\/www.trend-networks.com\/wp-content\/uploads\/2019\/04\/de-image-17-768x544.jpg 768w, https:\/\/www.trend-networks.com\/wp-content\/uploads\/2019\/04\/de-image-17-400x284.jpg 400w\" sizes=\"(max-width: 777px) 100vw, 777px\" \/><\/p>\n","protected":false},"excerpt":{"rendered":"<h3>Profinet-Tester zur Fehlerdiagnose f\u00fcr Industrial-Ethernet-Netzwerke<\/h3>\n<p>NaviTEK IE Profinet-Tester zur Inbetriebnahme, pr\u00e4ventiven Wartung und Fehlerdiagnose f\u00fcr Industrial-Ethernet-Netzwerke sowie Ethernet-IP-Standardnetzwerke.<\/p>\n<ul>\n<li>Lokalisierung von Defekten<\/li>\n<li>Einfache Konfiguration der Netzwerkknoten<\/li>\n<li>Vermeidung von Netzwerkausf\u00e4llen<\/li>\n<li>Lokalisierung von verborgenen Ger\u00e4ten<\/li>\n<li>Auffinden von falsch konfigurierten Ger\u00e4ten<\/li>\n<li>Aufsp\u00fcren von defekten Ger\u00e4ten<\/li>\n<li>Erstellung professioneller PDF-Berichte<\/li>\n<li>Standortunabh\u00e4ngige \u00dcbermittlung von Testberichten<\/li>\n<\/ul>\n","protected":false},"featured_media":59996,"template":"","meta":{"_acf_changed":false,"inline_featured_image":false,"_glsr_average":0,"_glsr_ranking":0,"_glsr_reviews":0},"product_brand":[],"product_cat":[468,2899],"product_tag":[2310],"woo-feed-brand":[],"class_list":{"0":"post-29441","1":"product","2":"type-product","3":"status-publish","4":"has-post-thumbnail","6":"product_cat-cctv-lan-netzwerk-industrie","7":"product_cat-netzwerk-messgeraete","8":"product_tag-navitek-ie-de","10":"first","11":"instock","12":"taxable","13":"shipping-taxable","14":"purchasable","15":"product-type-simple","16":"add-to-wishlist-before_image"},"acf":[],"_links":{"self":[{"href":"https:\/\/www.trend-networks.com\/de\/wp-json\/wp\/v2\/product\/29441","targetHints":{"allow":["GET"]}}],"collection":[{"href":"https:\/\/www.trend-networks.com\/de\/wp-json\/wp\/v2\/product"}],"about":[{"href":"https:\/\/www.trend-networks.com\/de\/wp-json\/wp\/v2\/types\/product"}],"wp:featuredmedia":[{"embeddable":true,"href":"https:\/\/www.trend-networks.com\/de\/wp-json\/wp\/v2\/media\/59996"}],"wp:attachment":[{"href":"https:\/\/www.trend-networks.com\/de\/wp-json\/wp\/v2\/media?parent=29441"}],"wp:term":[{"taxonomy":"product_brand","embeddable":true,"href":"https:\/\/www.trend-networks.com\/de\/wp-json\/wp\/v2\/product_brand?post=29441"},{"taxonomy":"product_cat","embeddable":true,"href":"https:\/\/www.trend-networks.com\/de\/wp-json\/wp\/v2\/product_cat?post=29441"},{"taxonomy":"product_tag","embeddable":true,"href":"https:\/\/www.trend-networks.com\/de\/wp-json\/wp\/v2\/product_tag?post=29441"},{"taxonomy":"woo-feed-brand","embeddable":true,"href":"https:\/\/www.trend-networks.com\/de\/wp-json\/wp\/v2\/woo-feed-brand?post=29441"}],"curies":[{"name":"wp","href":"https:\/\/api.w.org\/{rel}","templated":true}]}}