{"id":29440,"date":"2019-04-26T17:35:22","date_gmt":"2019-04-26T16:35:22","guid":{"rendered":"https:\/\/www.trend-networks.com\/product\/securitest-ip\/"},"modified":"2022-06-09T21:17:51","modified_gmt":"2022-06-09T20:17:51","slug":"cctv-kameratester-securitest-ip","status":"publish","type":"product","link":"https:\/\/www.trend-networks.com\/de\/produkt\/cctv-kameratester-securitest-ip\/","title":{"rendered":"CCTV-KAMERATESTER SECURITEST IP"},"content":{"rendered":"<p><strong>Anschluss<\/strong><\/p>\n<p>Verbinden Sie die analoge oder IP-Kamera \u00fcber den RJ45- oder BNC-Anschluss oder \u00fcber WLAN mit dem Tester.<\/p>\n<p><img decoding=\"async\" class=\"size-full wp-image-11246 alignnone\" src=\"https:\/\/www.trend-networks.com\/wp-content\/uploads\/2019\/04\/anschluss_400.jpg\" alt=\"\" width=\"400\" height=\"226\" title=\"\" srcset=\"https:\/\/www.trend-networks.com\/wp-content\/uploads\/2019\/04\/anschluss_400.jpg 400w, https:\/\/www.trend-networks.com\/wp-content\/uploads\/2019\/04\/anschluss_400-300x170.jpg 300w\" sizes=\"(max-width: 400px) 100vw, 400px\" \/><\/p>\n<p><strong>Stromversorgung<\/strong><\/p>\n<p>Ganz gleich, ob Sie Kameras installieren oder eine Fehlerdiagnose durchf\u00fchren m\u00f6chten, der SecuriTEST IP wird allen Anforderungen, die analoge und IP-Kameras an die Stromversorgung stellen, gerecht.<\/p>\n<p>Ohne zus\u00e4tzlichen PoE+-Injektoren: Der SecuriTEST IP bietet die folgenden Stromausg\u00e4nge:<\/p>\n<p><img decoding=\"async\" class=\"size-full wp-image-11318 alignnone\" src=\"https:\/\/www.trend-networks.com\/wp-content\/uploads\/2019\/04\/strohm1_400.jpg\" alt=\"\" width=\"400\" height=\"226\" title=\"\" srcset=\"https:\/\/www.trend-networks.com\/wp-content\/uploads\/2019\/04\/strohm1_400.jpg 400w, https:\/\/www.trend-networks.com\/wp-content\/uploads\/2019\/04\/strohm1_400-300x170.jpg 300w\" sizes=\"(max-width: 400px) 100vw, 400px\" \/><\/p>\n<p><img decoding=\"async\" class=\"size-full wp-image-11327 alignnone\" src=\"https:\/\/www.trend-networks.com\/wp-content\/uploads\/2019\/04\/strohm2_400.jpg\" alt=\"\" width=\"400\" height=\"226\" title=\"\" srcset=\"https:\/\/www.trend-networks.com\/wp-content\/uploads\/2019\/04\/strohm2_400.jpg 400w, https:\/\/www.trend-networks.com\/wp-content\/uploads\/2019\/04\/strohm2_400-300x170.jpg 300w\" sizes=\"(max-width: 400px) 100vw, 400px\" \/><\/p>\n<p><img decoding=\"async\" class=\"size-full wp-image-11336 alignnone\" src=\"https:\/\/www.trend-networks.com\/wp-content\/uploads\/2019\/04\/strohm3_400.jpg\" alt=\"\" width=\"400\" height=\"226\" title=\"\" srcset=\"https:\/\/www.trend-networks.com\/wp-content\/uploads\/2019\/04\/strohm3_400.jpg 400w, https:\/\/www.trend-networks.com\/wp-content\/uploads\/2019\/04\/strohm3_400-300x170.jpg 300w\" sizes=\"(max-width: 400px) 100vw, 400px\" \/><\/p>\n<p><strong>Identifikation und Anmeldung<\/strong><\/p>\n<p>QuickIP\u2122 automatisiert den Verbindungsaufbau zu den IP-Kameras. Damit sind auch weniger erfahrene Techniker in der Lage, IP-Kameras genauso m\u00fchelos wie analoge Kameras einzurichten. Wenn die Kamera beispielsweise eine dynamische IP-Adresse ben\u00f6tigt, erleichtert der SecuriTEST IP mit seinem integrierten DHCP-Server die Konfiguration. Es wird also keine zus\u00e4tzliche Hardware f\u00fcr das Netzwerk ben\u00f6tigt. Zur Eingrenzung und Behebung von Verbindungsproblemen im Netzwerk stehen mehrere Fehlerdiagnose-Funktionen zur Verf\u00fcgung:<\/p>\n<ul>\n<li>Anzeige der Netzwerk-Konfiguration<\/li>\n<li>Ping \/ TraceRoute<\/li>\n<li>Hub-Blinken zur Port-Identifikation<\/li>\n<li>IP-Netzwerk-Scan zum Pr\u00fcfen von IP-Adressen<\/li>\n<\/ul>\n<p><img decoding=\"async\" class=\"size-full wp-image-11255 alignnone\" src=\"https:\/\/www.trend-networks.com\/wp-content\/uploads\/2019\/04\/cameraid_400.jpg\" alt=\"\" width=\"400\" height=\"226\" title=\"\" srcset=\"https:\/\/www.trend-networks.com\/wp-content\/uploads\/2019\/04\/cameraid_400.jpg 400w, https:\/\/www.trend-networks.com\/wp-content\/uploads\/2019\/04\/cameraid_400-300x170.jpg 300w\" sizes=\"(max-width: 400px) 100vw, 400px\" \/><\/p>\n<p><strong>Konfiguration von IP-Kameras<\/strong><\/p>\n<p>Der SecuriTEST IP bietet eine l\u00fcckenloses Palette an Funktionen zum korrekten<br \/>\nEinrichten von ONVIF- und NON-ONVIF-Kameras:<\/p>\n<p><img decoding=\"async\" class=\"size-full wp-image-11273 alignnone\" src=\"https:\/\/www.trend-networks.com\/wp-content\/uploads\/2019\/04\/ipsetup_1_400.jpg\" alt=\"\" width=\"400\" height=\"226\" title=\"\" srcset=\"https:\/\/www.trend-networks.com\/wp-content\/uploads\/2019\/04\/ipsetup_1_400.jpg 400w, https:\/\/www.trend-networks.com\/wp-content\/uploads\/2019\/04\/ipsetup_1_400-300x170.jpg 300w\" sizes=\"(max-width: 400px) 100vw, 400px\" \/><\/p>\n<p><img decoding=\"async\" class=\"size-full wp-image-11282 alignnone\" src=\"https:\/\/www.trend-networks.com\/wp-content\/uploads\/2019\/04\/ipsetup_2_400.jpg\" alt=\"\" width=\"400\" height=\"226\" title=\"\" srcset=\"https:\/\/www.trend-networks.com\/wp-content\/uploads\/2019\/04\/ipsetup_2_400.jpg 400w, https:\/\/www.trend-networks.com\/wp-content\/uploads\/2019\/04\/ipsetup_2_400-300x170.jpg 300w\" sizes=\"(max-width: 400px) 100vw, 400px\" \/><\/p>\n<ol>\n<li>Kamera konfigurieren: Aktualisierung der Kameraparameter und Netzwerkeinstellungen.<\/li>\n<li>Ausrichten und fokussieren: Mit dem hochaufl\u00f6senden Touchscreen oder den Tasten (auch bei der Arbeit mit Handschuhen).<\/li>\n<li>Voreinstellungen f\u00fcr PTZ-Kameras programmieren: Festlegen der Werte zum Schwenken\/Neigen\/Zoomen, damit der Anwender automatisch zuvor festgelegte Bereiche kontrollieren kann.<\/li>\n<li>Schnappsch\u00fcsse erstellen: Speichern von Kamerabildern, einschlie\u00dflich voreingestellter Standorte, f\u00fcr den Installationsbericht.<\/li>\n<li>Videoclips aufnehmen: Aufzeichnen von Videoclips zum Nachweis der l\u00fcckenlosen Abdeckung des Bereiches durch die PTZ-Kamera.<\/li>\n<\/ol>\n<p><strong>Konfiguration von analogen und HD-Kameras<\/strong><\/p>\n<p>Das Einrichten analoger Kameras ist denkbar einfach.<\/p>\n<p><img decoding=\"async\" class=\"size-full wp-image-11237 alignnone\" src=\"https:\/\/www.trend-networks.com\/wp-content\/uploads\/2019\/04\/analoque1_400.jpg\" alt=\"\" width=\"400\" height=\"226\" title=\"\" srcset=\"https:\/\/www.trend-networks.com\/wp-content\/uploads\/2019\/04\/analoque1_400.jpg 400w, https:\/\/www.trend-networks.com\/wp-content\/uploads\/2019\/04\/analoque1_400-300x170.jpg 300w\" sizes=\"(max-width: 400px) 100vw, 400px\" \/><\/p>\n<p>Video-Einstellung<\/p>\n<p><img decoding=\"async\" class=\"size-full wp-image-11219 alignnone\" src=\"https:\/\/www.trend-networks.com\/wp-content\/uploads\/2019\/04\/analogue2_400.jpg\" alt=\"\" width=\"400\" height=\"226\" title=\"\" srcset=\"https:\/\/www.trend-networks.com\/wp-content\/uploads\/2019\/04\/analogue2_400.jpg 400w, https:\/\/www.trend-networks.com\/wp-content\/uploads\/2019\/04\/analogue2_400-300x170.jpg 300w\" sizes=\"(max-width: 400px) 100vw, 400px\" \/><\/p>\n<p>PTZ-Protokollparameter<\/p>\n<p><img decoding=\"async\" class=\"size-full wp-image-11228 alignnone\" src=\"https:\/\/www.trend-networks.com\/wp-content\/uploads\/2019\/04\/analogue3_400.jpg\" alt=\"\" width=\"400\" height=\"226\" title=\"\" srcset=\"https:\/\/www.trend-networks.com\/wp-content\/uploads\/2019\/04\/analogue3_400.jpg 400w, https:\/\/www.trend-networks.com\/wp-content\/uploads\/2019\/04\/analogue3_400-300x170.jpg 300w\" sizes=\"(max-width: 400px) 100vw, 400px\" \/><\/p>\n<p>Testmuster-Generator zum Einstellen des Bildschirms<\/p>\n<p><strong>Professionelle Berichte*<\/strong><\/p>\n<ul>\n<li>Einfache \u00dcbertragung der Berichte vom Einsatzort: \u00dcber das integrierteWLAN und den Webbrowser k\u00f6nnen die Berichte per E-Mail oder einen Filesharing-Dienst direkt vom Tester \u00fcbertragen oder auf eine microSDKarte exportiert werden.<\/li>\n<li>Kostenfreie Reklamationen werden zu abrechenbaren Leistungen: Professionelle PDF-Berichte erlauben, dem Kunden gegen\u00fcber die einwandfreie Installation nachzuweisen.<\/li>\n<li>Keine Excel-Tabellen mehr: Heute verschwenden Sicherheitstechniker viel Zeit, weil sie Excel-Dokumente von Hand ausf\u00fcllen, um Testberichte zu erstellen. Der SecuriTEST IP ist der erste Kamera-Tester, der die Kamerabilder und die Netzwerkkonfiguration aufzeichnet sowie die Dokumentation automatisiert.<\/li>\n<li>Schnellere Fehlerdiagnose \u2013 Berichte erfassen die tats\u00e4chliche Konfiguration und beschleunigen die Fehlerdiagnose bei sp\u00e4teren Reklamationen.<\/li>\n<li>18 GB Gesamtspeicher: 10 GB interner Speicher und 8 GB auf der zum Lieferumfang geh\u00f6renden SD-Speicherkarte.<\/li>\n<\/ul>\n<p>* Nur bei Verwendung des ONVIF-Protokolls<\/p>\n<p><strong>Beispielbericht<\/strong><\/p>\n<p><img decoding=\"async\" class=\"size-full wp-image-11291 alignnone\" src=\"https:\/\/www.trend-networks.com\/wp-content\/uploads\/2019\/04\/report_400.jpg\" alt=\"\" width=\"400\" height=\"536\" title=\"\" srcset=\"https:\/\/www.trend-networks.com\/wp-content\/uploads\/2019\/04\/report_400.jpg 400w, https:\/\/www.trend-networks.com\/wp-content\/uploads\/2019\/04\/report_400-224x300.jpg 224w\" sizes=\"(max-width: 400px) 100vw, 400px\" \/><\/p>\n<p><strong>Datenkabel-Test (UTP): Verdrahtungsplan<\/strong><\/p>\n<p>Aussagekr\u00e4ftige Fehlerdiagnose an Kabeln: In Verbindung mit dem Kabellokalisierer erlaubt der SecuriTEST IP, Verdrahtungsfehler, wie gekreuzte Kabel, Fehlbeschaltungen, Kurzschl\u00fcsse und Unterbrechungen, zu erkennen. Auch die Kabell\u00e4nge wird angezeigt.<\/p>\n<p>Erkennen von Wassereintritt in Datenleitungen: Viele Kabel werden im Freien oder in unterirdischen Leitungsrohren verlegt und sind daher der Feuchtigkeit ausgesetzt. Ein von au\u00dfen nicht erkennbarer Wassereintritt durch den Kabelmantel beeintr\u00e4chtigt die \u00dcbertragungsleistung.<\/p>\n<p><img decoding=\"async\" class=\"size-full wp-image-11345 alignnone\" src=\"https:\/\/www.trend-networks.com\/wp-content\/uploads\/2019\/04\/wiremap_400.jpg\" alt=\"\" width=\"400\" height=\"226\" title=\"\" srcset=\"https:\/\/www.trend-networks.com\/wp-content\/uploads\/2019\/04\/wiremap_400.jpg 400w, https:\/\/www.trend-networks.com\/wp-content\/uploads\/2019\/04\/wiremap_400-300x170.jpg 300w\" sizes=\"(max-width: 400px) 100vw, 400px\" \/><\/p>\n<p><strong>Kabellokalisierung<\/strong><\/p>\n<p>In Verbindung mit dem digitalen Tongenerator und dem separaten Cable Tracer (Kabellokalisierer) erlaubt der SecuriTEST IP, Kabel zu identifizieren und zu lokalisieren. Es stehen vier modulierte Tonsignale sowie verschiedene Empfindlichkeitsstufen zur Verf\u00fcgung, um entweder den Verlauf eines Kabelb\u00fcndels zu verfolgen oder ein einzelnes Kabel in einem B\u00fcndel zu lokalisieren.<\/p>\n<p><strong>Frontansicht<\/strong><\/p>\n<p><img decoding=\"async\" class=\"size-full wp-image-11264 alignnone\" src=\"https:\/\/www.trend-networks.com\/wp-content\/uploads\/2019\/04\/frontview_de.jpg\" alt=\"\" width=\"650\" height=\"781\" title=\"\" srcset=\"https:\/\/www.trend-networks.com\/wp-content\/uploads\/2019\/04\/frontview_de.jpg 650w, https:\/\/www.trend-networks.com\/wp-content\/uploads\/2019\/04\/frontview_de-600x721.jpg 600w, https:\/\/www.trend-networks.com\/wp-content\/uploads\/2019\/04\/frontview_de-250x300.jpg 250w\" sizes=\"(max-width: 650px) 100vw, 650px\" \/><\/p>\n<p><strong>Seitenansicht<\/strong><\/p>\n<p><img decoding=\"async\" class=\"size-full wp-image-11300 alignnone\" src=\"https:\/\/www.trend-networks.com\/wp-content\/uploads\/2019\/04\/sideview1_de.jpg\" alt=\"\" width=\"650\" height=\"490\" title=\"\" srcset=\"https:\/\/www.trend-networks.com\/wp-content\/uploads\/2019\/04\/sideview1_de.jpg 650w, https:\/\/www.trend-networks.com\/wp-content\/uploads\/2019\/04\/sideview1_de-600x452.jpg 600w, https:\/\/www.trend-networks.com\/wp-content\/uploads\/2019\/04\/sideview1_de-300x226.jpg 300w\" sizes=\"(max-width: 650px) 100vw, 650px\" \/><\/p>\n<p><img decoding=\"async\" class=\"size-full wp-image-11309 alignnone\" src=\"https:\/\/www.trend-networks.com\/wp-content\/uploads\/2019\/04\/sideview2_de.jpg\" alt=\"\" width=\"650\" height=\"479\" title=\"\" srcset=\"https:\/\/www.trend-networks.com\/wp-content\/uploads\/2019\/04\/sideview2_de.jpg 650w, https:\/\/www.trend-networks.com\/wp-content\/uploads\/2019\/04\/sideview2_de-600x442.jpg 600w, https:\/\/www.trend-networks.com\/wp-content\/uploads\/2019\/04\/sideview2_de-300x221.jpg 300w\" sizes=\"(max-width: 650px) 100vw, 650px\" \/><\/p>\n","protected":false},"excerpt":{"rendered":"<h3><strong>Ein kompakter Tester, mit dem Sie die \u00dcberwachungskameras auch konfigurieren, dokumentieren und sogar mit Strom versorgen k\u00f6nnen.<\/strong><\/h3>\n<p>Der SecuriTEST IP ist ein CCTV-Tester zur Installation und Fehlerdiagnose f\u00fcr digitale\/IP-, HD-Koaxial und analoge \u00dcberwachungskamerasysteme.<\/p>\n<ul>\n<li>Anschluss an vielf\u00e4ltige Kameras<\/li>\n<li>Stromversorgung \u00fcber den Lithium-Ionen-Akku oder PoE+<\/li>\n<li>Schneller Kameraverbindungsaufbau<\/li>\n<li>Vollst\u00e4ndige Kamera-Konfiguration mit Ausrichten, Fokussieren &amp; PTZ-Voreinstellungen<\/li>\n<li>Installationsnachweis mit PDF-Berichten<\/li>\n<li>Aussagekr\u00e4ftige Testergebnisse und Netzwerk-Fehlerdiagnose<\/li>\n<\/ul>\n","protected":false},"featured_media":102222,"template":"","meta":{"_acf_changed":false,"inline_featured_image":false,"_glsr_average":4,"_glsr_ranking":3.5833333333333001746723311953246593475341796875,"_glsr_reviews":2},"product_brand":[],"product_cat":[468],"product_tag":[2213],"woo-feed-brand":[],"class_list":{"0":"post-29440","1":"product","2":"type-product","3":"status-publish","4":"has-post-thumbnail","6":"product_cat-cctv-lan-netzwerk-industrie","7":"product_tag-securitest-ip-de","9":"first","10":"instock","11":"taxable","12":"shipping-taxable","13":"purchasable","14":"product-type-simple","15":"add-to-wishlist-before_image"},"acf":[],"_links":{"self":[{"href":"https:\/\/www.trend-networks.com\/de\/wp-json\/wp\/v2\/product\/29440","targetHints":{"allow":["GET"]}}],"collection":[{"href":"https:\/\/www.trend-networks.com\/de\/wp-json\/wp\/v2\/product"}],"about":[{"href":"https:\/\/www.trend-networks.com\/de\/wp-json\/wp\/v2\/types\/product"}],"wp:featuredmedia":[{"embeddable":true,"href":"https:\/\/www.trend-networks.com\/de\/wp-json\/wp\/v2\/media\/102222"}],"wp:attachment":[{"href":"https:\/\/www.trend-networks.com\/de\/wp-json\/wp\/v2\/media?parent=29440"}],"wp:term":[{"taxonomy":"product_brand","embeddable":true,"href":"https:\/\/www.trend-networks.com\/de\/wp-json\/wp\/v2\/product_brand?post=29440"},{"taxonomy":"product_cat","embeddable":true,"href":"https:\/\/www.trend-networks.com\/de\/wp-json\/wp\/v2\/product_cat?post=29440"},{"taxonomy":"product_tag","embeddable":true,"href":"https:\/\/www.trend-networks.com\/de\/wp-json\/wp\/v2\/product_tag?post=29440"},{"taxonomy":"woo-feed-brand","embeddable":true,"href":"https:\/\/www.trend-networks.com\/de\/wp-json\/wp\/v2\/woo-feed-brand?post=29440"}],"curies":[{"name":"wp","href":"https:\/\/api.w.org\/{rel}","templated":true}]}}