{"id":29373,"date":"2019-03-26T15:04:29","date_gmt":"2019-04-30T07:56:54","guid":{"rendered":"https:\/\/www.trend-networks.com\/?post_type=product&#038;p=29373"},"modified":"2019-06-28T15:17:51","modified_gmt":"2019-06-28T14:17:51","slug":"unipro-mgig1-series","status":"publish","type":"product","link":"https:\/\/www.trend-networks.com\/de\/produkt\/unipro-mgig1-series\/","title":{"rendered":"UniPRO MGig1 Series"},"content":{"rendered":"<p><b>Verringerung des Konfigurationsaufwands durch unabh\u00e4ngig voneinander einstellbare Parameter f\u00fcr Ger\u00e4te, Dienste und Tests<\/b><\/p>\n<div style=\"width: 70%; padding: 0 30px 0 0; float: left;\">\n<p>Im Unterschied zu konventionellen Ethernet-\u00dcbertragungstestern mit ihrer kombinierten Konfiguration f\u00fcr Ger\u00e4te, Dienste und Tests unterteilt der UniPRO MGig1 diese Einstellungen in drei eigenst\u00e4ndige und \u00fcbersichtliche Prozesse.<\/p>\n<p><b>Ausf\u00fchrung mehrerer Tests auf Tastendruck \u2013 unbeaufsichtigt! <\/b><\/p>\n<p>Der Autotest auf Tastendruck startet eine Testfolge, die die vom Anwender definierten Einzeltests f\u00fcr eine spezifische Anwendung, wie die Installation einer Funkstrecke, automatisch ausf\u00fchrt.<\/p>\n<p><b>Wirtschaftlichster Tester f\u00fcr RFC2544\/Y.1564 auf dem Markt<\/b><\/p>\n<p>Der UniPRO MGig1 f\u00fchrt bidirektionale Tests und Schleifenpr\u00fcfungen nach Y.1564 und RFC2544 aus. Darin eingeschlossen ist ein Jitter-Teiltest mit Ausgabe einer aussagekr\u00e4ftigen Gut\/Schlecht-Kurve.<\/p>\n<p>Bidirektionale Tests der zugesicherten CIR-Rate (Committed Information Rate), der zus\u00e4tzlich bereitgestellten EIR-Rate (Excess Information Rate) sowie Policing-Tests mit Farbcodierung erlauben mit diesem Ethernet-Streckentest eine Simulation von Multi-Stream-Netzwerkverkehr, die eher den realen Bedingungen des Netzwerks entsprechen als Tests nach RFC2544.<\/p>\n<\/div>\n<p><img decoding=\"async\" class=\"alignnone wp-image-2504 size-full\" src=\"https:\/\/www.trend-networks.com\/wp-content\/uploads\/2019\/03\/uniprosel1_mfeatures_diagram1.jpg\" alt=\"\" width=\"300\" height=\"258\" title=\"\"><\/p>\n<p>&nbsp;<\/p>\n<p><!--more--><\/p>\n<p><b>SLA-Tick (Dienstg\u00fctevereinbarung)<\/b><\/p>\n<p>Der UniPRO MGig1 erm\u00f6glicht den Endanwendern, die tats\u00e4chliche Bandbreite und \u00dcbertragungsg\u00fcte im Vergleich zu dem mit dem Service-Provider vereinbarten Leistungsumfang wesentlich schneller als mit Tests nach RFC2544 und Y.1564 zu \u00fcberwachen. Der SLA-Tick-Test fasst die Ermittlung der Multi-Service-Datenrate, des Rahmenverlusts, von Jitter, Laufzeit und der Dienstunterbrechungszeit (SDT) zu einem Kompletttest zusammen.<\/p>\n<p><b>Messung der Bitfehlerrate (BERT) <\/b><\/p>\n<p>Der BERT testet die Ethernet-Rahmennutzlast von Layer 1 bis Layer 4 auf Ethernet-Strecken und vergleicht das Fehlerverh\u00e4ltnis bzw. die Bitfehlerz\u00e4hlung mit vordefinierten Grenzwerten, um eine fehlerfreie \u00dcbertragung bei der spezifizierten Bandbreite sicherzustellen.<\/p>\n<p><b>Multi-Service-(Stream)-Test<\/b><\/p>\n<p>Hier werden mit dem SLA-Tick und Y.1564 (NetSAM) Test bis zu acht Dienstparameter gleichzeitig gemessen. Damit ist es m\u00f6glich, Dienste-Priorit\u00e4ten im Netzwerk, wie Video, Daten und VoIP zu kontrollieren, sowie das Mobile-Backhaul f\u00fcr 3G\/4G zu testen. (Bild auf PDF Seite 15 oben nach Erg\u00e4nzungen hinzuf\u00fcgen).<\/p>\n<p><img decoding=\"async\" class=\"size-full wp-image-11462 alignnone\" src=\"https:\/\/www.trend-networks.com\/wp-content\/uploads\/2019\/04\/uniprosel1_mfeatures_diagram2.jpg\" alt=\"\" width=\"300\" height=\"258\" title=\"\"><\/p>\n<p><b>Mehrere VLAN-Ebenen (QinQ) und MPLS<\/b><\/p>\n<p>Der Tester unterst\u00fctzt bis zu acht VLAN-Ebenen in der VLAN-Verschachtelung f\u00fcr RFC2544-, Y.1564- (NetSAM), BERT- und SLA-Tick-Tests. Bei MPLS-\u00dcbertragungsstrecken kann der UniPRO MGig1 PRO f\u00fcr jeden Dienst bis zu drei Ebenen mit Label, Klasse und TTL testen.<\/p>\n<p><b>Umfassende Inline-\u00dcberwachung des Netzwerks<\/b><\/p>\n<p>Messung der gesamten Bandbreitenbelegung (Senden und Empfangen).<\/p>\n<p>Ermittelt werden die zehn gr\u00f6\u00dften Bandbreitennutzer sortiert nach Quell- und Zieladresse (IP- oder MAC-Adresse) oder bis zu drei VLAN-ID-Ebenen (VLAN-Tag).<\/p>\n<p>PoE\/PoE+-Tests \u00fcberwachen die von einem Ger\u00e4t verbrauchte elektrische Leistung und pr\u00fcfen die Strombelastung, um die an einem Port maximal zur Verf\u00fcgung stehende Leistung zu ermitteln.<\/p>\n<p>Die \u00dcberwachungsstatistik umfasst Multicast, Unicast, Broadcast, Rahmengr\u00f6\u00dfe, Rahmenfehlerz\u00e4hlung (FCS-Fehler), Netzwerkauslastung und LLDP-Protokollerkennung.<\/p>\n<p><b>Simultane Unterst\u00fctzung von IPv4 und IPv6<\/b><\/p>\n<p>Die Unterst\u00fctzung von IPv4- und IPv6-Internetadressen macht die Investition in den UniPRO MGig1 zukunftssicher.<\/p>\n<p><strong>Anwendungen<\/strong><\/p>\n<ul>\n<li>Einrichten von Diensten \u00fcber Kupferkabel und Glasfaser f\u00fcr WAN, Enterprise- und Metro-Ethernet-Zugangsnetze<\/li>\n<li>Installation und Wartung von Festnetz- und Mobile-Backhaul<\/li>\n<li>Installation und Wartung von Glasfaser-, Kupferkabel- und Richtfunk-Strecken<\/li>\n<li>Pr\u00fcfung des Durchsatzes von Mobilfunk-Mikrozellen oder \u00f6ffentlichen WLAN-Zugangspunkten<\/li>\n<li>Kontrolle der Bandbreite und weiterer Parameter auf Einhaltung der SLA-Vereinbarung<\/li>\n<\/ul>\n","protected":false},"excerpt":{"rendered":"<ul>\n<li>Ethernet-\u00dcbertragungstester f\u00fcr Netzbetreiber und Firmennetze<\/li>\n<li>Umfassende Inline-\u00dcberwachung des Netzwerks<\/li>\n<li>Einfaches Einrichten von Ger\u00e4ten, Diensten und Tests<\/li>\n<li>RFC2544, BERT, SLA-Tick and Y.1564 (NetSAM)<\/li>\n<li>Simultanes Testen mehrerer Dienste<\/li>\n<li>Testen der Dienstg\u00fcte (QoS): mehrere VLAN (QinQ), MPLS, ToS und DSCP<\/li>\n<\/ul>\n","protected":false},"featured_media":48655,"template":"","meta":{"_acf_changed":false,"inline_featured_image":false,"_glsr_average":0,"_glsr_ranking":0,"_glsr_reviews":0},"product_brand":[],"product_cat":[468,2899],"product_tag":[2261],"woo-feed-brand":[],"class_list":{"0":"post-29373","1":"product","2":"type-product","3":"status-publish","4":"has-post-thumbnail","6":"product_cat-cctv-lan-netzwerk-industrie","7":"product_cat-netzwerk-messgeraete","8":"product_tag-unipro-mgig1-de","10":"first","11":"instock","12":"taxable","13":"shipping-taxable","14":"product-type-grouped","15":"add-to-wishlist-before_image"},"acf":[],"_links":{"self":[{"href":"https:\/\/www.trend-networks.com\/de\/wp-json\/wp\/v2\/product\/29373","targetHints":{"allow":["GET"]}}],"collection":[{"href":"https:\/\/www.trend-networks.com\/de\/wp-json\/wp\/v2\/product"}],"about":[{"href":"https:\/\/www.trend-networks.com\/de\/wp-json\/wp\/v2\/types\/product"}],"wp:featuredmedia":[{"embeddable":true,"href":"https:\/\/www.trend-networks.com\/de\/wp-json\/wp\/v2\/media\/48655"}],"wp:attachment":[{"href":"https:\/\/www.trend-networks.com\/de\/wp-json\/wp\/v2\/media?parent=29373"}],"wp:term":[{"taxonomy":"product_brand","embeddable":true,"href":"https:\/\/www.trend-networks.com\/de\/wp-json\/wp\/v2\/product_brand?post=29373"},{"taxonomy":"product_cat","embeddable":true,"href":"https:\/\/www.trend-networks.com\/de\/wp-json\/wp\/v2\/product_cat?post=29373"},{"taxonomy":"product_tag","embeddable":true,"href":"https:\/\/www.trend-networks.com\/de\/wp-json\/wp\/v2\/product_tag?post=29373"},{"taxonomy":"woo-feed-brand","embeddable":true,"href":"https:\/\/www.trend-networks.com\/de\/wp-json\/wp\/v2\/woo-feed-brand?post=29373"}],"curies":[{"name":"wp","href":"https:\/\/api.w.org\/{rel}","templated":true}]}}