{"id":29365,"date":"2019-03-20T10:03:09","date_gmt":"2019-04-29T15:13:01","guid":{"rendered":"https:\/\/www.trend-networks.com\/?post_type=product&#038;p=29365"},"modified":"2021-02-24T09:09:30","modified_gmt":"2021-02-24T09:09:30","slug":"fibermaster-series-copy","status":"publish","type":"product","link":"https:\/\/www.trend-networks.com\/de\/produkt\/fibermaster-series-copy\/","title":{"rendered":"FiberMASTER Series"},"content":{"rendered":"<ul>\n<li>fiveFehlerdiagnose an Komponenten von Glasfasernetzen mit optischem Pegelmesser<\/li>\n<li>Anzeige der D\u00e4mpfung in dB mit Referenzwert-Funktion<\/li>\n<li>\u00c4u\u00dferst praktische Formgebung zur m\u00fchelosen Aufbewahrung der Lichtquelle ohne Einschr\u00e4nkung der Einsatzbereitschaft von Pegelmesser und Lichtquelle<\/li>\n<li>Messung der optischen Leistung in Milliwatt (mW) und Dezibel-Milliwatt (dBm) zur Fehlerdiagnose<\/li>\n<\/ul>\n<p><!--more--><\/p>\n<p><strong>Pegelmesser:<\/strong><\/p>\n<ul>\n<li>Messungen bei 850, 1300, 1310, 1490 und 1550 nm<\/li>\n<li>Pegelmessung in dBm und mW, D\u00e4mpfungsanzeige in dB<\/li>\n<li>Automatische Abschaltung<\/li>\n<li>Universal-Adapter (2,5 mm) und fixierter FC-Adapter im Lieferumfang<\/li>\n<li>Betrieb mit drei AAA-Standardbatterien<\/li>\n<\/ul>\n<p><strong>Lichtquelle:<\/strong><\/p>\n<ul>\n<li>850 nm (LED): 33-928 MM-Kit<\/li>\n<li>850\/1300 nm (LED), 1310\/1550 nm (Laser): 33-931 MM\/SM-Kit<\/li>\n<li>ST-, SC- und FC-Adapter im Lieferumfang<\/li>\n<li>Praktische Aufbewahrung im Boden des Pegelmessers<\/li>\n<li>Betrieb mit drei AAA-Standardbatterien<\/li>\n<li>Batteriewarnung<\/li>\n<\/ul>\n<p><strong>Anwendungen<\/strong><br \/>\nZertifizierung und Fehlerdiagnose an Glasfaserkabeln<\/p>\n<ul>\n<li>Tier-1-Zertifzierung der Kabelleistung nach ISO 11801 und TIA 568-C<\/li>\n<li>Einhaltung der von den Technikern, Planern und Kunden geforderten Verkabelungsspezifikationen<\/li>\n<li>Vermeidung von Reklamationen, da St\u00f6rungen noch vor Ort erkannt werden<\/li>\n<li>Gew\u00e4hrleistung, dass die Kabeld\u00e4mpfung das f\u00fcr die Netzwerkkomponenten zul\u00e4ssige Leistungsbudget einh\u00e4lt<\/li>\n<li>Fehlerdiagnose an Komponenten von Glasfasernetzen durch Messung der Ausgangsleistung<\/li>\n<\/ul>\n","protected":false},"excerpt":{"rendered":"<ul>\n<li>Schnelle Messung der Kabeld\u00e4mpfung (dB) mit Nullabgleich.<\/li>\n<li>Messung des Faserleistungspegels zur Fehlerdiagnose.<\/li>\n<li>Pegelmesser mit Universal-\/FC-Anschluss.<\/li>\n<li>Lichtquelle mit austauschbaren SC\/ST\/FC-Adaptern.<\/li>\n<li>Optionen f\u00fcr Multimode- und Singlemode-Fasern.<\/li>\n<\/ul>\n","protected":false},"featured_media":57670,"template":"","meta":{"_acf_changed":false,"inline_featured_image":false,"_glsr_average":0,"_glsr_ranking":0,"_glsr_reviews":0},"product_brand":[],"product_cat":[492],"product_tag":[2185],"woo-feed-brand":[],"class_list":{"0":"post-29365","1":"product","2":"type-product","3":"status-publish","4":"has-post-thumbnail","6":"product_cat-glasfaser-messgeraete","7":"product_tag-fibermaster-de","9":"first","10":"instock","11":"taxable","12":"shipping-taxable","13":"product-type-grouped","14":"add-to-wishlist-before_image"},"acf":[],"_links":{"self":[{"href":"https:\/\/www.trend-networks.com\/de\/wp-json\/wp\/v2\/product\/29365","targetHints":{"allow":["GET"]}}],"collection":[{"href":"https:\/\/www.trend-networks.com\/de\/wp-json\/wp\/v2\/product"}],"about":[{"href":"https:\/\/www.trend-networks.com\/de\/wp-json\/wp\/v2\/types\/product"}],"wp:featuredmedia":[{"embeddable":true,"href":"https:\/\/www.trend-networks.com\/de\/wp-json\/wp\/v2\/media\/57670"}],"wp:attachment":[{"href":"https:\/\/www.trend-networks.com\/de\/wp-json\/wp\/v2\/media?parent=29365"}],"wp:term":[{"taxonomy":"product_brand","embeddable":true,"href":"https:\/\/www.trend-networks.com\/de\/wp-json\/wp\/v2\/product_brand?post=29365"},{"taxonomy":"product_cat","embeddable":true,"href":"https:\/\/www.trend-networks.com\/de\/wp-json\/wp\/v2\/product_cat?post=29365"},{"taxonomy":"product_tag","embeddable":true,"href":"https:\/\/www.trend-networks.com\/de\/wp-json\/wp\/v2\/product_tag?post=29365"},{"taxonomy":"woo-feed-brand","embeddable":true,"href":"https:\/\/www.trend-networks.com\/de\/wp-json\/wp\/v2\/woo-feed-brand?post=29365"}],"curies":[{"name":"wp","href":"https:\/\/api.w.org\/{rel}","templated":true}]}}