{"id":29361,"date":"2019-03-15T11:47:32","date_gmt":"2019-03-15T11:47:32","guid":{"rendered":"https:\/\/www.trend-networks.com\/?post_type=product&#038;p=29361"},"modified":"2026-04-01T16:11:43","modified_gmt":"2026-04-01T15:11:43","slug":"vdv-ii-series","status":"publish","type":"product","link":"https:\/\/www.trend-networks.com\/de\/produkt\/vdv-ii-series\/","title":{"rendered":"VDV II Series"},"content":{"rendered":"<p><img decoding=\"async\" class=\"alignnone wp-image-122117\" src=\"https:\/\/www.trend-networks.com\/wp-content\/uploads\/2019\/03\/DE_01-600x350.jpg\" alt=\"\" width=\"651\" height=\"380\" title=\"\" srcset=\"https:\/\/www.trend-networks.com\/wp-content\/uploads\/2019\/03\/DE_01-600x350.jpg 600w, https:\/\/www.trend-networks.com\/wp-content\/uploads\/2019\/03\/DE_01-1024x598.jpg 1024w, https:\/\/www.trend-networks.com\/wp-content\/uploads\/2019\/03\/DE_01-768x449.jpg 768w, https:\/\/www.trend-networks.com\/wp-content\/uploads\/2019\/03\/DE_01.jpg 1356w\" sizes=\"(max-width: 651px) 100vw, 651px\" \/><\/p>\n<p><!--more--><\/p>\n<p><strong><img decoding=\"async\" class=\"alignnone wp-image-122126\" src=\"https:\/\/www.trend-networks.com\/wp-content\/uploads\/2019\/03\/DE_02-600x442.jpg\" alt=\"\" width=\"652\" height=\"480\" title=\"\" srcset=\"https:\/\/www.trend-networks.com\/wp-content\/uploads\/2019\/03\/DE_02-600x442.jpg 600w, https:\/\/www.trend-networks.com\/wp-content\/uploads\/2019\/03\/DE_02-1024x755.jpg 1024w, https:\/\/www.trend-networks.com\/wp-content\/uploads\/2019\/03\/DE_02-768x566.jpg 768w, https:\/\/www.trend-networks.com\/wp-content\/uploads\/2019\/03\/DE_02.jpg 1175w\" sizes=\"(max-width: 652px) 100vw, 652px\" \/><\/strong><\/p>\n<p><img decoding=\"async\" class=\"alignnone wp-image-122135\" src=\"https:\/\/www.trend-networks.com\/wp-content\/uploads\/2019\/03\/DE_03-600x536.jpg\" alt=\"\" width=\"647\" height=\"578\" title=\"\" srcset=\"https:\/\/www.trend-networks.com\/wp-content\/uploads\/2019\/03\/DE_03-600x536.jpg 600w, https:\/\/www.trend-networks.com\/wp-content\/uploads\/2019\/03\/DE_03-768x685.jpg 768w, https:\/\/www.trend-networks.com\/wp-content\/uploads\/2019\/03\/DE_03.jpg 996w\" sizes=\"(max-width: 647px) 100vw, 647px\" \/><\/p>\n<h4><strong>Testausf\u00fchrung und Berichterstellung in drei einfachen Schritten.<\/strong><\/h4>\n<p><strong>Vorteile von AnyWARE Cloud:<\/strong><\/p>\n<ul>\n<li>Standardisieren Sie Ihren Arbeitsablauf mit umfassenden Tests und Dokumentation<\/li>\n<li>Umstieg von Checklisten und Excel-Tabellen auf professionellen Pr\u00fcfberichten<\/li>\n<li>Kostenloser, unbegrenzter Datenspeicher<\/li>\n<li>Keine Investitionen in IT-Hardware f\u00fcr selbst gehosteten Cloud-Zugang erforderlich<\/li>\n<li>L\u00e4uft in einem Webbrowser, kompatibel mit PC, Mac, Linux, Android und iOS<\/li>\n<li>Keine Datenverluste durch kontinuierliche Backups<\/li>\n<li>Sparen Sie Zeit durch effizientes Projektmanagement von Teams an mehreren Standorten<\/li>\n<\/ul>\n<p><img decoding=\"async\" class=\"alignnone wp-image-122144\" src=\"https:\/\/www.trend-networks.com\/wp-content\/uploads\/2019\/03\/DE_04-457x600.jpg\" alt=\"\" width=\"647\" height=\"849\" title=\"\" srcset=\"https:\/\/www.trend-networks.com\/wp-content\/uploads\/2019\/03\/DE_04-457x600.jpg 457w, https:\/\/www.trend-networks.com\/wp-content\/uploads\/2019\/03\/DE_04-600x788.jpg 600w, https:\/\/www.trend-networks.com\/wp-content\/uploads\/2019\/03\/DE_04.jpg 676w\" sizes=\"(max-width: 647px) 100vw, 647px\" \/><\/p>\n<p><strong>Genauigkeit<\/strong><\/p>\n<div style=\"width: 70%; padding: 0 30px 0 0; float: left;\">\n<p>Das Premium-Modell VDV II Pro nutzt die TDR-Funktion zur pr\u00e4zisen Ermittlung der Kabell\u00e4nge und Angabe der Entfernung bis zum Fehler. Ein Reflektometer speist ein Signal in ein Kabel ein und misst, wie lange es dauert, bis das Signal wieder zum Ger\u00e4t zur\u00fcck reflektiert wird.<\/p>\n<p>Auf seinem Weg durch das Kabel wird das Signal durch impedanzver\u00e4nderungen ver\u00e4ndert, die durch Besch\u00e4digungen, Unterbrechungen oder Kurzschl\u00fcsse verursacht wurden.<\/p>\n<p>Die gemessene Laufzeit des Signals wird in exakte Entfernungsangaben umgerechnet. Die TDR-Funktion hilft, die Position von Verkabelungsfehlern zu ermitteln. Damit beschleunigt sich die Fehlerlokalisierung genauso wie der Eingriff um m\u00f6gliche Besch\u00e4digungen von Kabelhalterungen weitestgehend zu vermeiden.<\/p>\n<\/div>\n<p><img decoding=\"async\" class=\"alignnone size-full wp-image-945\" src=\"https:\/\/www.trend-networks.com\/wp-content\/uploads\/2019\/03\/vdvii_features_accuracy.jpg\" alt=\"\" width=\"300\" height=\"230\" title=\"\"><\/p>\n<p><strong>Geschwindigkeit<\/strong><\/p>\n<div style=\"width: 70%; padding: 0 30px 0 0; float: left;\">Auf Grundlage der Angaben zu Fehlerstellen, wie Unterbrechungen, Kurzschl\u00fcssen, \u00dcberkreuzungen und Split-Pairs, kann der VDV II Verdrahtungsfehler sofort erkennen. Die integrierten RJ11\/RJ12 (Sprache), RJ45 (Daten) und Koax-F (Video) Anschl\u00fcsse beschleunigen das Testen der meisten Niederspannungsleitungen, da der Techniker nicht mehr mehrere verschiedene Ger\u00e4te oder Adapter zum Einsatzort mitnehmen muss.<\/div>\n<p><img decoding=\"async\" class=\"alignnone wp-image-963 size-full\" src=\"https:\/\/www.trend-networks.com\/wp-content\/uploads\/2019\/03\/vdvii_features_speed.jpg\" alt=\"\" width=\"300\" height=\"234\" title=\"\"><\/p>\n<p><strong>Intelligenz<\/strong><\/p>\n<div style=\"width: 70%; padding: 0 30px 0 0; float: left;\">Da Verbindungsprobleme nicht immer auf Kabelfehler zur\u00fcckzuf\u00fchren sind, ist der VDV II Pro auch in der Lage, St\u00f6rungen an den \u00fcbertragenen Diensten zu identifizieren. Der Tester erkennt anliegende Spannungen und pr\u00fcft die Polarit\u00e4t. Daher kann er umgehend bestimmen, welcher Mediendienst, wie ISDN, PBX und PoE (Power over Ethernet), \u00fcber das Kabel \u00fcbertragen wird, was die Fehlerdiagnose wesentlich erleichtert. Auch die St\u00f6rungsbehebung an aktiven Ethernet-Netzen wird vereinfacht, da der Tester \u00fcber eine integrierte Netzwerkerkennung verf\u00fcgt, die die Datenrate und den Duplex-Status anzeigt. Zudem erkennt der VDV II, ob er an eine spannungsf\u00fchrende Leitung angeschlossen wurde, so dass eine potenziell kostenintensive Besch\u00e4digung des Testers vermieden wird.<\/div>\n<p><img decoding=\"async\" class=\"alignnone wp-image-972 size-full\" src=\"https:\/\/www.trend-networks.com\/wp-content\/uploads\/2019\/03\/vdvii_features_intelligence.jpg\" alt=\"\" width=\"300\" height=\"233\" title=\"\"><\/p>\n<p><strong>Sprache<\/strong><\/p>\n<div style=\"width: 70%; padding: 0 30px 0 0; float: left;\">Unterst\u00fctzt die \u00dcberpr\u00fcfung von 1-, 2- oder 3-paarigen RJ11\/12-Telefonleitungen.<\/div>\n<p><img decoding=\"async\" class=\"alignnone wp-image-1017 size-full\" src=\"https:\/\/www.trend-networks.com\/wp-content\/uploads\/2019\/03\/asset_upload_file185_55076.jpg\" alt=\"\" width=\"300\" height=\"194\" title=\"\"><\/p>\n<p><strong>Daten<\/strong><\/p>\n<div style=\"width: 70%; padding: 0 30px 0 0; float: left;\">\u00dcberpr\u00fcfung von geschirmten und ungeschirmten Kat 5\/5e\/6\/6A\/7 LAN-Kabeln.<\/div>\n<p><img decoding=\"async\" class=\"alignnone wp-image-1026 size-full\" src=\"https:\/\/www.trend-networks.com\/wp-content\/uploads\/2019\/03\/asset_upload_file246_55076.jpg\" alt=\"\" width=\"300\" height=\"194\" title=\"\"><\/p>\n<p><strong>Video<\/strong><\/p>\n<div style=\"width: 70%; padding: 0 30px 0 0; float: left;\">Testet Koaxkabeln \u00fcber F-Stecker-Anschluss.<\/div>\n<p><img decoding=\"async\" class=\"alignnone wp-image-1035 size-full\" src=\"https:\/\/www.trend-networks.com\/wp-content\/uploads\/2019\/03\/asset_upload_file512_55076.jpg\" alt=\"\" width=\"300\" height=\"194\" title=\"\"><\/p>\n","protected":false},"excerpt":{"rendered":"<h3>Kupferkabeltester \/ Verifizierer, die die Verdrahtungspr\u00fcfung vereinfachen<\/h3>\n<p>VDV II-Kabeltester \/ Verifizierer f\u00fcr die \u00dcberpr\u00fcfung der Integrit\u00e4t von Kupferkabeln, die h\u00e4ufig in Sprach-, Daten- oder Videoinstallationen zu finden sind, einschlie\u00dflich Telefonverkabelung, Datennetzwerken und Video- \/ Sicherheitsverkabelung.<\/p>\n<p><strong>Sicher vernetzt in den fr\u00fchling: top-angebote auf spleisstechnik und diagnose-tools f\u00fcr maximale ausfallsicherheit. <a href=\"https:\/\/www.trend-networks.com\/wp-content\/uploads\/2026\/04\/Spring-Savings_DE-2026.pdf\">Klicken Sie hier.<\/a><\/strong><\/p>\n<ul>\n<li>AnyWARE Cloud-Konnektivit\u00e4t und Reporting \u00fcber die AnyWARE App<\/li>\n<li>Ermittelt Kabell\u00e4nge<\/li>\n<li>Angabe der Entfernung bis zum Fehler (TDR)<\/li>\n<li>Sofortige Fehlererkennung<\/li>\n<li>Erkennung der \u00fcbertragenen Dienste (ISDN, PBX und PoE).<\/li>\n<li>Koaxial-, RJ11\/12-, RJ45-Buchsen<\/li>\n<\/ul>\n","protected":false},"featured_media":153109,"template":"","meta":{"_acf_changed":false,"inline_featured_image":false,"_glsr_average":5,"_glsr_ranking":3.75,"_glsr_reviews":2},"product_brand":[],"product_cat":[2944,479,2846],"product_tag":[2275],"woo-feed-brand":[],"class_list":{"0":"post-29361","1":"product","2":"type-product","3":"status-publish","4":"has-post-thumbnail","6":"product_cat-anyware-cloud-de","7":"product_cat-kupfer-messgeraete","8":"product_cat-vorgestellten-aktionen","9":"product_tag-vdv-ii-de","11":"first","12":"instock","13":"taxable","14":"shipping-taxable","15":"product-type-grouped","16":"add-to-wishlist-before_image"},"acf":[],"_links":{"self":[{"href":"https:\/\/www.trend-networks.com\/de\/wp-json\/wp\/v2\/product\/29361","targetHints":{"allow":["GET"]}}],"collection":[{"href":"https:\/\/www.trend-networks.com\/de\/wp-json\/wp\/v2\/product"}],"about":[{"href":"https:\/\/www.trend-networks.com\/de\/wp-json\/wp\/v2\/types\/product"}],"wp:featuredmedia":[{"embeddable":true,"href":"https:\/\/www.trend-networks.com\/de\/wp-json\/wp\/v2\/media\/153109"}],"wp:attachment":[{"href":"https:\/\/www.trend-networks.com\/de\/wp-json\/wp\/v2\/media?parent=29361"}],"wp:term":[{"taxonomy":"product_brand","embeddable":true,"href":"https:\/\/www.trend-networks.com\/de\/wp-json\/wp\/v2\/product_brand?post=29361"},{"taxonomy":"product_cat","embeddable":true,"href":"https:\/\/www.trend-networks.com\/de\/wp-json\/wp\/v2\/product_cat?post=29361"},{"taxonomy":"product_tag","embeddable":true,"href":"https:\/\/www.trend-networks.com\/de\/wp-json\/wp\/v2\/product_tag?post=29361"},{"taxonomy":"woo-feed-brand","embeddable":true,"href":"https:\/\/www.trend-networks.com\/de\/wp-json\/wp\/v2\/woo-feed-brand?post=29361"}],"curies":[{"name":"wp","href":"https:\/\/api.w.org\/{rel}","templated":true}]}}