{"id":29009,"date":"2019-04-26T15:20:09","date_gmt":"2019-04-26T14:20:09","guid":{"rendered":"https:\/\/www.trend-networks.com\/product\/saphir-servicevertrag-3-jahre-10-rabatt\/"},"modified":"2026-01-20T16:53:08","modified_gmt":"2026-01-20T16:53:08","slug":"saphir-servicevertrag-3-jahre-10-rabatt","status":"publish","type":"product","link":"https:\/\/www.trend-networks.com\/de\/produkt\/saphir-servicevertrag-3-jahre-10-rabatt\/","title":{"rendered":"Saphir Servicevertrag 3 Jahre &#8211; 10 % Rabatt"},"content":{"rendered":"<p>3 Jahre &#8211; Wenn Sie Ihren Saphir Servicevertrag innerhalb von 60 Tagen nach dem Erwerb des LanTEK II\/III\/IV kaufen, erhalten Sie 10 % Rabatt.<\/p>\n","protected":false},"excerpt":{"rendered":"<p>Saphir Servicevertrag &#8211; Komplettschutz f\u00fcr Ihren Kabelzertifizierer LanTEK\u00ae II\/III\/IV<\/p>\n<p>3 Jahre &#8211; Wenn Sie Ihren Saphir Servicevertrag innerhalb von 60 Tagen nach dem Erwerb des LanTEK II\/III\/IV kaufen, erhalten Sie 10 % Rabatt.<\/p>\n<p>Kostenlose Reparaturen, kostenlose j\u00e4hrliche Kalibrierung, kostenloses Leihger\u00e4t bei Reparatur und Kalibrierung, kostenloser Versand und kostenlos austauschbare Verschlei\u00dfteile. Bitte klicken Sie hier f\u00fcr mehr Informationen.<\/p>\n","protected":false},"featured_media":50941,"template":"","meta":{"_acf_changed":false,"inline_featured_image":false,"_glsr_average":0,"_glsr_ranking":0,"_glsr_reviews":0},"product_brand":[],"product_cat":[2906,459],"product_tag":[2579],"woo-feed-brand":[],"class_list":{"0":"post-29009","1":"product","2":"type-product","3":"status-publish","4":"has-post-thumbnail","6":"product_cat-saphir-servicevertrag","7":"product_cat-zubehor","8":"product_tag-lantek-iv-de","10":"first","11":"instock","12":"taxable","13":"shipping-taxable","14":"purchasable","15":"product-type-simple","16":"add-to-wishlist-before_image"},"acf":[],"_links":{"self":[{"href":"https:\/\/www.trend-networks.com\/de\/wp-json\/wp\/v2\/product\/29009","targetHints":{"allow":["GET"]}}],"collection":[{"href":"https:\/\/www.trend-networks.com\/de\/wp-json\/wp\/v2\/product"}],"about":[{"href":"https:\/\/www.trend-networks.com\/de\/wp-json\/wp\/v2\/types\/product"}],"wp:featuredmedia":[{"embeddable":true,"href":"https:\/\/www.trend-networks.com\/de\/wp-json\/wp\/v2\/media\/50941"}],"wp:attachment":[{"href":"https:\/\/www.trend-networks.com\/de\/wp-json\/wp\/v2\/media?parent=29009"}],"wp:term":[{"taxonomy":"product_brand","embeddable":true,"href":"https:\/\/www.trend-networks.com\/de\/wp-json\/wp\/v2\/product_brand?post=29009"},{"taxonomy":"product_cat","embeddable":true,"href":"https:\/\/www.trend-networks.com\/de\/wp-json\/wp\/v2\/product_cat?post=29009"},{"taxonomy":"product_tag","embeddable":true,"href":"https:\/\/www.trend-networks.com\/de\/wp-json\/wp\/v2\/product_tag?post=29009"},{"taxonomy":"woo-feed-brand","embeddable":true,"href":"https:\/\/www.trend-networks.com\/de\/wp-json\/wp\/v2\/woo-feed-brand?post=29009"}],"curies":[{"name":"wp","href":"https:\/\/api.w.org\/{rel}","templated":true}]}}