{"id":29007,"date":"2019-04-26T15:20:09","date_gmt":"2019-04-26T14:20:09","guid":{"rendered":"https:\/\/www.trend-networks.com\/product\/saphir-servicevertrag-1-jahr-10-rabatt\/"},"modified":"2026-01-21T09:12:35","modified_gmt":"2026-01-21T09:12:35","slug":"saphir-servicevertrag-1-jahr-10-rabatt","status":"publish","type":"product","link":"https:\/\/www.trend-networks.com\/de\/produkt\/saphir-servicevertrag-1-jahr-10-rabatt\/","title":{"rendered":"Saphir Servicevertrag 1 Jahr &#8211; 10 % Rabatt"},"content":{"rendered":"<p>1 Jahr &#8211; Wenn Sie Ihren Saphir Servicevertrag innerhalb von 60 Tagen nach dem Erwerb des LanTEK IV kaufen, erhalten Sie 10 % Rabatt.<\/p>\n","protected":false},"excerpt":{"rendered":"<p>Saphir Servicevertrag &#8211; Komplettschutz f\u00fcr Ihren Kabelzertifizierer LanTEK\u00ae II\/III\/IV<\/p>\n<p>1 Jahr &#8211; Wenn Sie Ihren Saphir Servicevertrag innerhalb von 60 Tagen nach dem Erwerb des LanTEK II\/III\/IV kaufen, erhalten Sie 10 % Rabatt.<\/p>\n<p>Kostenlose Reparaturen, kostenlose j\u00e4hrliche Kalibrierung, kostenloses Leihger\u00e4t bei Reparatur und Kalibrierung, kostenloser Versand und kostenlos austauschbare Verschlei\u00dfteile. <a href=\"https:\/\/www.trend-networks.com\/de\/support\/saphir-servicevertrag\/\">Bitte klicken<\/a> Sie hier f\u00fcr mehr Informationen.<\/p>\n","protected":false},"featured_media":50950,"template":"","meta":{"_acf_changed":false,"inline_featured_image":false,"_glsr_average":0,"_glsr_ranking":0,"_glsr_reviews":0},"product_brand":[],"product_cat":[2906,459],"product_tag":[2238,2224,2579,2213],"woo-feed-brand":[],"class_list":{"0":"post-29007","1":"product","2":"type-product","3":"status-publish","4":"has-post-thumbnail","6":"product_cat-saphir-servicevertrag","7":"product_cat-zubehor","8":"product_tag-lantek-ii-de","9":"product_tag-lantek-iii-de","10":"product_tag-lantek-iv-de","11":"product_tag-securitest-ip-de","13":"first","14":"instock","15":"taxable","16":"shipping-taxable","17":"purchasable","18":"product-type-simple","19":"add-to-wishlist-before_image"},"acf":[],"_links":{"self":[{"href":"https:\/\/www.trend-networks.com\/de\/wp-json\/wp\/v2\/product\/29007","targetHints":{"allow":["GET"]}}],"collection":[{"href":"https:\/\/www.trend-networks.com\/de\/wp-json\/wp\/v2\/product"}],"about":[{"href":"https:\/\/www.trend-networks.com\/de\/wp-json\/wp\/v2\/types\/product"}],"wp:featuredmedia":[{"embeddable":true,"href":"https:\/\/www.trend-networks.com\/de\/wp-json\/wp\/v2\/media\/50950"}],"wp:attachment":[{"href":"https:\/\/www.trend-networks.com\/de\/wp-json\/wp\/v2\/media?parent=29007"}],"wp:term":[{"taxonomy":"product_brand","embeddable":true,"href":"https:\/\/www.trend-networks.com\/de\/wp-json\/wp\/v2\/product_brand?post=29007"},{"taxonomy":"product_cat","embeddable":true,"href":"https:\/\/www.trend-networks.com\/de\/wp-json\/wp\/v2\/product_cat?post=29007"},{"taxonomy":"product_tag","embeddable":true,"href":"https:\/\/www.trend-networks.com\/de\/wp-json\/wp\/v2\/product_tag?post=29007"},{"taxonomy":"woo-feed-brand","embeddable":true,"href":"https:\/\/www.trend-networks.com\/de\/wp-json\/wp\/v2\/woo-feed-brand?post=29007"}],"curies":[{"name":"wp","href":"https:\/\/api.w.org\/{rel}","templated":true}]}}