{"id":29001,"date":"2019-04-26T15:20:09","date_gmt":"2019-04-26T15:48:20","guid":{"rendered":"https:\/\/www.trend-networks.com\/product\/universal-patchcord-prufspitze-fur-125-mm-ferrulen-fur-videomikroskop\/"},"modified":"2019-11-21T16:32:13","modified_gmt":"2019-11-21T16:32:13","slug":"universal-patchcord-prufspitze-fur-125-mm-ferrulen-fur-videomikroskop","status":"publish","type":"product","link":"https:\/\/www.trend-networks.com\/de\/produkt\/universal-patchcord-prufspitze-fur-125-mm-ferrulen-fur-videomikroskop\/","title":{"rendered":"Universal-Patchcord-Pr\u00fcfspitze f\u00fcr 1,25-mm-Ferrulen f\u00fcr Videomikroskop"},"content":{"rendered":"<p>Universal-Patchcord-Pr\u00fcfspitze f\u00fcr 1,25-mm-Ferrulen f\u00fcr Videomikroskop (R230002)<\/p>\n","protected":false},"excerpt":{"rendered":"<p>Universal-Patchcord-Pr\u00fcfspitze f\u00fcr 1,25-mm-Ferrulen f\u00fcr Videomikroskop (R230002)<\/p>\n","protected":false},"featured_media":47653,"template":"","meta":{"_acf_changed":false,"inline_featured_image":false,"_glsr_average":0,"_glsr_ranking":0,"_glsr_reviews":0},"product_brand":[],"product_cat":[459],"product_tag":[2181],"woo-feed-brand":[],"class_list":{"0":"post-29001","1":"product","2":"type-product","3":"status-publish","4":"has-post-thumbnail","6":"product_cat-zubehor","7":"product_tag-fibre-inspection-probe-de","9":"first","10":"instock","11":"taxable","12":"shipping-taxable","13":"purchasable","14":"product-type-simple","15":"add-to-wishlist-before_image"},"acf":[],"_links":{"self":[{"href":"https:\/\/www.trend-networks.com\/de\/wp-json\/wp\/v2\/product\/29001","targetHints":{"allow":["GET"]}}],"collection":[{"href":"https:\/\/www.trend-networks.com\/de\/wp-json\/wp\/v2\/product"}],"about":[{"href":"https:\/\/www.trend-networks.com\/de\/wp-json\/wp\/v2\/types\/product"}],"wp:featuredmedia":[{"embeddable":true,"href":"https:\/\/www.trend-networks.com\/de\/wp-json\/wp\/v2\/media\/47653"}],"wp:attachment":[{"href":"https:\/\/www.trend-networks.com\/de\/wp-json\/wp\/v2\/media?parent=29001"}],"wp:term":[{"taxonomy":"product_brand","embeddable":true,"href":"https:\/\/www.trend-networks.com\/de\/wp-json\/wp\/v2\/product_brand?post=29001"},{"taxonomy":"product_cat","embeddable":true,"href":"https:\/\/www.trend-networks.com\/de\/wp-json\/wp\/v2\/product_cat?post=29001"},{"taxonomy":"product_tag","embeddable":true,"href":"https:\/\/www.trend-networks.com\/de\/wp-json\/wp\/v2\/product_tag?post=29001"},{"taxonomy":"woo-feed-brand","embeddable":true,"href":"https:\/\/www.trend-networks.com\/de\/wp-json\/wp\/v2\/woo-feed-brand?post=29001"}],"curies":[{"name":"wp","href":"https:\/\/api.w.org\/{rel}","templated":true}]}}