{"id":28980,"date":"2019-04-26T15:19:21","date_gmt":"2019-04-26T14:19:21","guid":{"rendered":"https:\/\/www.trend-networks.com\/product\/lc-rx-adapter-jeweils-fur-mm-und-sm\/"},"modified":"2019-11-21T13:57:35","modified_gmt":"2019-11-21T13:57:35","slug":"lc-rx-adapter-jeweils-fur-mm-und-sm","status":"publish","type":"product","link":"https:\/\/www.trend-networks.com\/de\/produkt\/lc-rx-adapter-jeweils-fur-mm-und-sm\/","title":{"rendered":"FT III\/IV &#8211; Adapter LC RX f\u00fcr MM\/SM (St\u00fcck)"},"content":{"rendered":"<p>FT III\/IV &#8211; Adapter LC RX f\u00fcr MM\/SM (St\u00fcck)<\/p>\n<p>LC-Rx-Adapter jeweils f\u00fcr MM und SM.<\/p>\n<p>Lieferumfang: 1 x LC-Empf\u00e4ngeradapter mit Schutzmanschette. Es werden 2 St\u00fcck zum Messen ben\u00f6tigt.<\/p>\n","protected":false},"excerpt":{"rendered":"<p>LC-Rx-Adapter jeweils f\u00fcr MM und SM.<\/p>\n<p>Lieferumfang: 1 x LC-Empf\u00e4ngeradapter mit Schutzmanschette. Es werden 2 St\u00fcck zum Messen ben\u00f6tigt.<\/p>\n","protected":false},"featured_media":47517,"template":"","meta":{"_acf_changed":false,"inline_featured_image":false,"_glsr_average":0,"_glsr_ranking":0,"_glsr_reviews":0},"product_brand":[],"product_cat":[459],"product_tag":[2218],"woo-feed-brand":[],"class_list":{"0":"post-28980","1":"product","2":"type-product","3":"status-publish","4":"has-post-thumbnail","6":"product_cat-zubehor","7":"product_tag-fibertek-iii-de","9":"first","10":"instock","11":"taxable","12":"shipping-taxable","13":"purchasable","14":"product-type-simple","15":"add-to-wishlist-before_image"},"acf":[],"_links":{"self":[{"href":"https:\/\/www.trend-networks.com\/de\/wp-json\/wp\/v2\/product\/28980","targetHints":{"allow":["GET"]}}],"collection":[{"href":"https:\/\/www.trend-networks.com\/de\/wp-json\/wp\/v2\/product"}],"about":[{"href":"https:\/\/www.trend-networks.com\/de\/wp-json\/wp\/v2\/types\/product"}],"wp:featuredmedia":[{"embeddable":true,"href":"https:\/\/www.trend-networks.com\/de\/wp-json\/wp\/v2\/media\/47517"}],"wp:attachment":[{"href":"https:\/\/www.trend-networks.com\/de\/wp-json\/wp\/v2\/media?parent=28980"}],"wp:term":[{"taxonomy":"product_brand","embeddable":true,"href":"https:\/\/www.trend-networks.com\/de\/wp-json\/wp\/v2\/product_brand?post=28980"},{"taxonomy":"product_cat","embeddable":true,"href":"https:\/\/www.trend-networks.com\/de\/wp-json\/wp\/v2\/product_cat?post=28980"},{"taxonomy":"product_tag","embeddable":true,"href":"https:\/\/www.trend-networks.com\/de\/wp-json\/wp\/v2\/product_tag?post=28980"},{"taxonomy":"woo-feed-brand","embeddable":true,"href":"https:\/\/www.trend-networks.com\/de\/wp-json\/wp\/v2\/woo-feed-brand?post=28980"}],"curies":[{"name":"wp","href":"https:\/\/api.w.org\/{rel}","templated":true}]}}